{"id":5,"date":"2014-04-23T15:11:22","date_gmt":"2014-04-23T15:11:22","guid":{"rendered":"\/?page_id=5"},"modified":"2025-09-05T09:35:04","modified_gmt":"2025-09-05T08:35:04","slug":"keynotes","status":"publish","type":"page","link":"https:\/\/lig-membres.imag.fr\/amery\/keynotes\/","title":{"rendered":"Keynotes and Talks"},"content":{"rendered":"<h2>2022<\/h2>\n<p>&nbsp;<\/p>\n<ul>\n<li style=\"list-style-type: none;\">\n<ul>\n<li>Towards AI-Powered Data-Driven Education. VLDB, Septembre 2022.<\/li>\n<li>Fairness on Online Labor Markets. Conference on Social Responsibility of Algorithms,<br \/>\nJuin 2022.<\/li>\n<li>Discriminations Algorithmiques sur les Plateformes de Travail en Ligne. Biblioth\u00e8que<br \/>\nKateb Yacine, Grenoble, Mai 2022.<\/li>\n<li>Should We Store Or Retrain ML Models For Data Exploration ? Qatar Computing Re-<br \/>\nsearch Institute (invited speaker webinar), Mars 2022.<\/li>\n<li>Fairness on Online Labor Markets. Distinguished Speaker Series, 1st Greek ACM-W<br \/>\nChapter Winter School Fairness in AI, F\u00e9vrier 2022.<\/li>\n<li>Fairness on Online Labor Markets. Distinguished Speaker Series, Politecnico di Milano,<br \/>\nF\u00e9vrier 2022.<\/li>\n<li>Humans in Online Job Markets. Ecole EGC, Janvier 2022.<\/li>\n<li>Beyond Recommendations, Chair : Bridging AI and Economics. Evaluation Institut MIAI,<br \/>\nJanvier 2022.<\/li>\n<li>AI-Powered Data-Driven Education. VLDB Keynote, Septembre 2022.<\/li>\n<li>Data-Driven Education. Rencontres UGA-McMaster University, Juillet 2022.<\/li>\n<li>Syst\u00e8mes et Algorithmes pour le Behavior Analytics. Programme Carnot ANR, Juin 2022.<\/li>\n<li>Should We Store Or Retrain ML Models For Data Exploration ? GdR MADICS, Juillet<br \/>\n2022.<\/li>\n<\/ul>\n<\/li>\n<\/ul>\n<h2>2021<\/h2>\n<p>&nbsp;<\/p>\n<ul>\n<li style=\"list-style-type: none;\">\n<ul>\n<li>Should We Store Or Retrain ML Models For Data Exploration ? POLY workshop, VLDB,<br \/>\nAo\u00fbt 2021.<\/li>\n<li>Comment algorithmes et humains collaboreront sur les plateformes ? CNRS direction,<br \/>\nJuin 2021.<\/li>\n<li>Humans in Online Labor Markets. Invited talk ATHENA Institute (Webinar), Apr. 2021.<\/li>\n<li>Humans in Online Labor Markets. Invited talk Hong Kong University of Science and Technology (Webinar), Mar. 2021.<\/li>\n<\/ul>\n<\/li>\n<\/ul>\n<h2>Before 2020<\/h2>\n<p>&nbsp;<\/p>\n<ul>\n<li>Humans in Online Labor Markets. Invited talk Simon Fraser University (Webinar), Nov. 2020.<\/li>\n<li>Fairness in Online Labor Markets. Keynote SRDS Women in Computing, Oct. 2019.<\/li>\n<li>Human Factors in Data Science. Keynote ACM WomENcourage, Sep. 2019.<\/li>\n<li>Publication Strategies for New Researchers. New Researcher Symposium, ACM SIGMOD, July 2019.<\/li>\n<li>Fairness in Online Labor Markets. SNF NRP 75 Workshop, May 2019.<\/li>\n<li>Fairness in Online Labor Markets. Big Data Workshop @ HKU, Apr. 2019.<\/li>\n<li>Human Factors are the Next Disruption in Virtual Marketplaces. Keynote Women in Data Science, Mar. 2019.<\/li>\n<li>Facteurs humains dans les march\u00e9s virtuels. Colloque les sciences de l\u2019information en interaction avec l&#8217;humain pour les 80 ans du CNRS. Feb. 2019.<\/li>\n<li>The Role of Human Factors in Virtual Marketplaces. KAUST, Jan. 2019.<\/li>\n<li>The Role of Human Factors in Virtual Marketplaces. Invited Distinguished Lecturer Peter Wall Institute, University of British Columbia, Nov. 2018.<\/li>\n<li>The Role of Human Factors in Virtual Marketplaces. LICIA, Sep. 2018.<\/li>\n<li>Evolution of Database Research. Keynote PhD Workshop Panel@VLDB, Aug. 2018.<\/li>\n<li>Human Factors in Data Science. UFRGS (Porto Alegre), Aug. 2018.<\/li>\n<li>Citizens for Urban Innovation: Fairness Matters. Invited Talk BiDU Workshop@VLDB, Aug. 2018.<\/li>\n<li>People on the Web: Challenges and Opportunities. ECE and INSEEC, Paris July 2018.<\/li>\n<li>Algorithmic Crowdsourcing meets Social Science. Invited Talk NSF-sponsored Workshop on the Convergence of Human and Technical Perspectives in the Future of Work, May 2018.<\/li>\n<li>Human-in-the-loop Personalization. Keynote SoAPS, Feb. 2018.<\/li>\n<li>Human-in-the-loop Personalization. A special event in honor of Georg Gottlob&#8217;s influential and long-lasting research contributions, Feb. 2018.<\/li>\n<li>Human Factors in Data Science. Keynote ICDE 2018: 1-12.<\/li>\n<li>Travailleurs du Web : Opportunit\u00e9s et Dangers. Chambre des M\u00e9tiers et de l&#8217;Artisanat de Grenoble, Jan. 2018.<\/li>\n<li>A Holistic View of Human Factors in Crowdsourcing, Invited talk at The American University in Beirut, Lebanon, Nov 2017.<\/li>\n<li>A Holistic View of Human Factors in Crowdsourcing, Keynote at Brazilian Symposium on Databases, SBBD, Oct 2017.<\/li>\n<li>Toward Interactive User Data Analytics, Keynote at British International Conference on Databases, BICOD, July 2017.<\/li>\n<li>A Holistic View of Human Factors in Crowdsourcing, Keynote at WAIM\/APWEB, June 2017.<\/li>\n<li>Is Crowdsourcing Yet Another Distributed System? Invited Talk at the Data Science Meetup, Grenoble, April 2017.<\/li>\n<li>Why Does Crowdsourcing Need (More) Match? Journ\u00e9es nationales 2017, GDR Informatique Math\u00e9matique, Mar 2017.<\/li>\n<li>Is Crowdsourcing Yet Another Distributed System? Keynote at GDR RSD\/ASF Winter School on Distributed Systems and Networks, Mar 2017.<\/li>\n<li>Peut-on \u00ab crowdsourcer \u00bb le travail ? Invited talk at Festival des id\u00e9es, Paris Descartes, Nov 2016.<\/li>\n<li>Putting people to work on the Web, Keynote at The 15th International Symposium on Intelligent Data Analysis (IDA), Stockholm, Oct 2016.<\/li>\n<li>Putting people to work on the Web, Invited talk at Midi Minatec, Grenoble, Oct 2016.<\/li>\n<li>Some Perspectives in (Big) Social Data Exploration, Invited talk at Tsukuba University campus in Tokyo, Japan, Oct 2016.<\/li>\n<li>Some Perspectives in (Big) Social Data Exploration, Invited talk at IIT Delhi, India, Sep 2016.<\/li>\n<li>Worker-Centricity Could Be Today&#8217;s Disruptive Innovation in Crowdsourcing, Keynote talk at 10\u00e8mes Journ\u00e9es de l&#8217;Intelligence Artificielle Fondamentale (JIAF), Montpellier, Jun 2016.<\/li>\n<li>Some Perspectives in (Big) Social Data Exploration, Invited Talk at the Data Science Meetup, Grenoble, April 2017.<\/li>\n<li>Enjeux des Big Data IoT, Invited talk at Soci\u00e9t\u00e9 Informatique de France (SIF), Mar 2016.<\/li>\n<li>Worker-Centricity Could Be Today&#8217;s Disruptive Innovation in Crowdsourcing, Invited talk at Paris Big Data, Mar 2016.<\/li>\n<li>Worker-Centricity Could Be Today&#8217;s Disruptive Innovation in Crowdsourcing, Invited talk at TU Berlin, Mar 2016.<\/li>\n<li>Putting people to work on the Web, Invited talk at Women In Computing (WICAC), Algiers, Mar 2016.<\/li>\n<li>Worker-Centricity Could Be Today&#8217;s Disruptive Innovation in Crowdsourcing, Keynote talk at Atelier Donn\u00e9es Participatives et Sociales at EGC, Jan 2016.<\/li>\n<li>Worker-Centricity Could Be Today&#8217;s Disruptive Innovation in Crowdsourcing, Invited talk at Aarhus University, Denmark, Jan 2016.<\/li>\n<li>Segmentation des utilisateurs: passage \u00e0 l\u2019\u00e9chelle du Web, keynote at Convention Big Data Paris Saclay, Nov 2015.<\/li>\n<li>Task Assignment in Crowdsourcing and its Relationship to Composite Item Retrieval and Team Formation, keynote at IDEAS 2015.<\/li>\n<li>Task Assignment Optimization in Crowdsourcing (and its applications to disaster management), keynote at SAGEO 2014.<\/li>\n<li>Task Assignment Optimization in Crowdsourcing, MASTODONS LIRMM 2014.<\/li>\n<li>Task Assignment Optimization in Crowdsourcing (and its applications to political campaigns), keynote at PEPS POLIWEB 2014.<\/li>\n<li>Social Data Exploration, Paris LIP6, Big Data and Combinatorial Optimization, SPOC 2014.<\/li>\n<li>Task Assignment Optimization in Crowdsourcing (and its applications to collaborative document editing), keynote at SAGEO 2014.<\/li>\n<li>Mise \u00e0 contribution des humains sur le Web social &#8211; Quels retours pour la science ? Bordeaux, Journ\u00e9es num\u00e9riques 2014.<\/li>\n<li>Task Assignment Optimization in Crowdsourcing (and its applications to crisis management), Toulouse, ISCRAM MED 2014.<\/li>\n<li>Some Perspectives in (Big) Social Data Exploration, Toulouse, Recontres Big Data 2014.<\/li>\n<li>Big (User) (Health) Data Management, Lille, Big Data and Visualization Workshop 2014.<\/li>\n<li>New Perspectives in Social Data Management, B\u00e9jaia, COSI 2014.<\/li>\n<li>New Perspectives in Social Data Management, Tsukuba, Japan 2014.<\/li>\n<li>User Activity Analytics on the Social Web of News. 18th International Conference on Management of Data (COMAD), Dec. 2012.<\/li>\n<li>Crowd-Sourcing Literature Review in SUNFLOWER. 1st International Workshop on Crowdsourcing Web Search (CrowdSearch) in conjunction with WWW, Apr. 2012.<\/li>\n<li>User and Topic Analytis of the Social Web of News. 5th International Conference on Information Systems and Economic Intelligence (SIIE), Feb. 2012.<\/li>\n<li>I am structured: Cluster Me, Don\u2019t Just Rank me. 2nd International Workshop on Business intelli- gencE and the WEB (BEWEB) in conjunction with EDBT, Mar. 2011.<\/li>\n<li>Data Management for the Masses. Workshop on Large Scale Data Processing (Telecom ParisTech), Nov. 2010.<\/li>\n<li>Composite Retrieval of Stars and Chains. Bases de Donnees Avancees (BDA), Oct. 2010.<\/li>\n<li>Social Content Distribution and Recommendation. International Workshop on Social Networks and Distributed Systems (SNDS) in conjunction with PODC, July 2010.<\/li>\n<li>I\u2019ll Have What She\u2019s Having: Recommendations in Social Content Sites. Yahoo! Sponsored Seminar and Women in Computer Science at UC Irvine, Nov. 2009.<\/li>\n<li>Information Presentation of Ranked Datasets. 10th Anniversary celebration of the W3C office in Greece, Sep. 2009.<\/li>\n<li>Information Presentation in Social Content Sites. In the SIGMOD PhD Workshop (IDAR), June 2009.<\/li>\n<li>Jelly: A Language for Building Community-Centric Information Exploration Applications With Cong Yu. In the International Workshop on Modeling, Managing and Mining of Evolving Social Networks (M3SN), Apr. 2009.<\/li>\n<li>Information Exploration in Social Content Sites. With Cong Yu. In the International Workshop on Database Technologies for Handling XML Information on the Web (DataX), Mar. 2009.<\/li>\n<li>A Database Solution to Search 2.0. In the International Workshop on the Web and Databases(WebDB), June 2007.<\/li>\n<li>The Power of Structured Data on the Web. In the International Workshop on Web Information and Data Management (WIDM), Oct. 2006.<\/li>\n<li>Lessons from a PhD in Paris and a Postdoc in the USA, Japanese Students Workshop in Hakodate, Mar. 2002.<\/li>\n<\/ul>\n<div id=\"ir-ext-ui\" style=\"color: #000000; font-size: 16px; line-height: 16px; background-color: #f7f7f7; border: 1px solid #999999; border-radius: 1px; top: 1px; left: 1px;\">\n<div class=\"ir-ext-dimensions\"><span class=\"ir-ext-rendered\" title=\"Rendered image dimensions (after any scaling\/resizing has been applied)\"> x <\/span> <span class=\"ir-ext-natural\" title=\"Natural image dimensions (without applying any scaling\/resizing)\"> (x) <\/span><\/div>\n<div class=\"ir-ext-filesize\"><\/div>\n<\/div>\n","protected":false},"excerpt":{"rendered":"<p>2022 &nbsp; Towards AI-Powered Data-Driven Education. VLDB, Septembre 2022. Fairness on Online Labor Markets. Conference on Social Responsibility of Algorithms, Juin 2022. Discriminations Algorithmiques sur les Plateformes de Travail en Ligne. Biblioth\u00e8que Kateb Yacine, Grenoble, Mai 2022. Should We Store &hellip;<\/p>\n<p class=\"read-more\"> <a class=\"more-link\" href=\"https:\/\/lig-membres.imag.fr\/amery\/keynotes\/\"> <span class=\"screen-reader-text\">Keynotes and Talks<\/span> Read More &raquo;<\/a><\/p>\n","protected":false},"author":149,"featured_media":0,"parent":0,"menu_order":0,"comment_status":"closed","ping_status":"closed","template":"","meta":{"footnotes":""},"class_list":["post-5","page","type-page","status-publish","hentry"],"_links":{"self":[{"href":"https:\/\/lig-membres.imag.fr\/amery\/wp-json\/wp\/v2\/pages\/5","targetHints":{"allow":["GET"]}}],"collection":[{"href":"https:\/\/lig-membres.imag.fr\/amery\/wp-json\/wp\/v2\/pages"}],"about":[{"href":"https:\/\/lig-membres.imag.fr\/amery\/wp-json\/wp\/v2\/types\/page"}],"author":[{"embeddable":true,"href":"https:\/\/lig-membres.imag.fr\/amery\/wp-json\/wp\/v2\/users\/149"}],"replies":[{"embeddable":true,"href":"https:\/\/lig-membres.imag.fr\/amery\/wp-json\/wp\/v2\/comments?post=5"}],"version-history":[{"count":36,"href":"https:\/\/lig-membres.imag.fr\/amery\/wp-json\/wp\/v2\/pages\/5\/revisions"}],"predecessor-version":[{"id":403,"href":"https:\/\/lig-membres.imag.fr\/amery\/wp-json\/wp\/v2\/pages\/5\/revisions\/403"}],"wp:attachment":[{"href":"https:\/\/lig-membres.imag.fr\/amery\/wp-json\/wp\/v2\/media?parent=5"}],"curies":[{"name":"wp","href":"https:\/\/api.w.org\/{rel}","templated":true}]}}