{"id":348,"date":"2019-12-16T20:32:50","date_gmt":"2019-12-16T19:32:50","guid":{"rendered":"http:\/\/lig-membres.imag.fr\/bernardc\/?page_id=348"},"modified":"2025-04-05T06:31:29","modified_gmt":"2025-04-05T05:31:29","slug":"lectures","status":"publish","type":"page","link":"https:\/\/lig-membres.imag.fr\/bernardc\/accueil\/lectures\/","title":{"rendered":"Lectures"},"content":{"rendered":"<h2>Associate Professor, Masters Management des Syst\u00e8mes d&#8217;Information, Grenoble IAE, since 2020 :<\/h2>\n<ul>\n<li><strong>M1 MSI educational leader (30 to 40 students)<\/strong><\/li>\n<li>Teachings for which I am responsible:\n<ul>\n<li>Introduction \u00e0 technologies Web (M1 MSI)<\/li>\n<li>Bases de donn\u00e9es niveau avanc\u00e9 (M1 MSI)<\/li>\n<li>Introduction \u00e0 la data science (M2 Intelligence des donn\u00e9es &#8211; ID)<\/li>\n<li>Entrep\u00f4ts de donn\u00e9es et reporting (M2 ID)<\/li>\n<li>Big Data (M2 ID)<\/li>\n<li>Machine Learing (M2 ID)<\/li>\n<li>Projet Data Innovant &#8211; Hackathon (M2 ID)<\/li>\n<\/ul>\n<\/li>\n<\/ul>\n<h2>ATER IUT2 Grenoble D\u00e9partement Information-Communication et D\u00e9partement Techniques de Commercialisation, 2019<\/h2>\n<p>&nbsp;<\/p>\n","protected":false},"excerpt":{"rendered":"<p>Associate Professor, Masters Management des Syst\u00e8mes d&#8217;Information, Grenoble IAE, since 2020 : M1 MSI educational leader (30 to 40 students) Teachings for which I am responsible: Introduction \u00e0 technologies Web (M1 MSI) Bases de donn\u00e9es niveau avanc\u00e9 (M1 MSI) Introduction &hellip; <a href=\"https:\/\/lig-membres.imag.fr\/bernardc\/accueil\/lectures\/\">Continue reading <span class=\"meta-nav\">&rarr;<\/span><\/a><\/p>\n","protected":false},"author":251,"featured_media":0,"parent":2,"menu_order":0,"comment_status":"closed","ping_status":"closed","template":"","meta":{"footnotes":""},"class_list":["post-348","page","type-page","status-publish","hentry"],"_links":{"self":[{"href":"https:\/\/lig-membres.imag.fr\/bernardc\/wp-json\/wp\/v2\/pages\/348","targetHints":{"allow":["GET"]}}],"collection":[{"href":"https:\/\/lig-membres.imag.fr\/bernardc\/wp-json\/wp\/v2\/pages"}],"about":[{"href":"https:\/\/lig-membres.imag.fr\/bernardc\/wp-json\/wp\/v2\/types\/page"}],"author":[{"embeddable":true,"href":"https:\/\/lig-membres.imag.fr\/bernardc\/wp-json\/wp\/v2\/users\/251"}],"replies":[{"embeddable":true,"href":"https:\/\/lig-membres.imag.fr\/bernardc\/wp-json\/wp\/v2\/comments?post=348"}],"version-history":[{"count":12,"href":"https:\/\/lig-membres.imag.fr\/bernardc\/wp-json\/wp\/v2\/pages\/348\/revisions"}],"predecessor-version":[{"id":548,"href":"https:\/\/lig-membres.imag.fr\/bernardc\/wp-json\/wp\/v2\/pages\/348\/revisions\/548"}],"up":[{"embeddable":true,"href":"https:\/\/lig-membres.imag.fr\/bernardc\/wp-json\/wp\/v2\/pages\/2"}],"wp:attachment":[{"href":"https:\/\/lig-membres.imag.fr\/bernardc\/wp-json\/wp\/v2\/media?parent=348"}],"curies":[{"name":"wp","href":"https:\/\/api.w.org\/{rel}","templated":true}]}}