{"id":446,"date":"2021-01-12T11:11:00","date_gmt":"2021-01-12T10:11:00","guid":{"rendered":"http:\/\/lig-membres.imag.fr\/bernardc\/?page_id=446"},"modified":"2021-01-14T12:33:34","modified_gmt":"2021-01-14T11:33:34","slug":"offre-demploi-geochange","status":"publish","type":"page","link":"https:\/\/lig-membres.imag.fr\/bernardc\/offre-demploi-geochange\/","title":{"rendered":"Offre d&#8217;emploi GeoChange"},"content":{"rendered":"<h1>Offre d\u2019emploi 1er mars 2021 : Ing\u00e9nieur(e) d\u2019\u00e9tude en d\u00e9veloppement et d\u00e9ploiement d\u2019applications H\/F &#8211; CDD 12 mois<\/h1>\n<h3>UNIVERSIT\u00c9 GRENOBLE ALPES \u2013 LABORATOIRE D\u2019INFORMATIQUE DE GRENOBLE<\/h3>\n<p>T\u00e9l\u00e9charger le descriptif de l&#8217;offre : <a href=\"http:\/\/lig-membres.imag.fr\/bernardc\/wp-content\/uploads\/sites\/208\/2021\/01\/geochange-offre-emploi.pdf\">geochange-offre-emploi<\/a><\/p>\n<p>&nbsp;<\/p>\n<p><img loading=\"lazy\" decoding=\"async\" class=\"alignnone wp-image-461 size-large\" src=\"http:\/\/lig-membres.imag.fr\/bernardc\/wp-content\/uploads\/sites\/208\/2021\/01\/geochange-offre-emploi-724x1024.png\" alt=\"\" width=\"640\" height=\"905\" srcset=\"https:\/\/lig-membres.imag.fr\/bernardc\/wp-content\/uploads\/sites\/208\/2021\/01\/geochange-offre-emploi-724x1024.png 724w, https:\/\/lig-membres.imag.fr\/bernardc\/wp-content\/uploads\/sites\/208\/2021\/01\/geochange-offre-emploi-212x300.png 212w, https:\/\/lig-membres.imag.fr\/bernardc\/wp-content\/uploads\/sites\/208\/2021\/01\/geochange-offre-emploi-768x1086.png 768w, https:\/\/lig-membres.imag.fr\/bernardc\/wp-content\/uploads\/sites\/208\/2021\/01\/geochange-offre-emploi.png 1653w\" sizes=\"auto, (max-width: 640px) 100vw, 640px\" \/><\/p>\n<p>&nbsp;<\/p>\n<p>&nbsp;<\/p>\n<p><strong>Profil recherch\u00e9 :<\/strong> D\u00e9veloppeur Java\/Python ayant des connaissances en Web s\u00e9mantique et en Information G\u00e9ographique (SIG).<\/p>\n<table width=\"96%\">\n<tbody>\n<tr>\n<td width=\"34%\">Lieu de travail<\/p>\n<p>Type de contrat<\/p>\n<p>Dur\u00e9e du contrat<\/p>\n<p>Date d\u2019embauche pr\u00e9vue<\/p>\n<p>Quotit\u00e9 de travail<\/p>\n<p>R\u00e9mun\u00e9ration<\/p>\n<p>Niveau d\u2019\u00e9tude souhait\u00e9<\/p>\n<p>Exp\u00e9rience souhait\u00e9e<\/td>\n<td width=\"56%\">Campus de Saint-Martin-d\u2019H\u00e8res, Is\u00e8re, France<\/p>\n<p>CDD<\/p>\n<p>12 mois<\/p>\n<p>1<sup>er<\/sup> mars 2021<\/p>\n<p>Temps complet<\/p>\n<p>De 2000 \u00e0 3000 euros net par mois, selon l\u2019exp\u00e9rience<\/p>\n<p>Dipl\u00f4me d\u2019ing\u00e9nieur \/ Master en informatique<\/p>\n<p>2 \u00e0 3 ans<\/td>\n<\/tr>\n<\/tbody>\n<\/table>\n<h3 style=\"text-align: justify\">Contexte g\u00e9n\u00e9ral<\/h3>\n<p>Dans le cadre du projet <strong>GeoChange<\/strong> (laur\u00e9at du challenge Out of Labs de la SATT <a href=\"https:\/\/www.linksium.fr\/\"><strong>Linksium<\/strong><\/a>), l\u2019\u00e9quipe de recherche \u00a0<a href=\"http:\/\/steamer.imag.fr\/\">STeamer<\/a> du <a href=\"https:\/\/www.liglab.fr\/\">Laboratoire d\u2019Informatique de Grenoble<\/a> recrute un d\u00e9veloppeur afin de concevoir<strong> une interface d\u2019administration et de g\u00e9o-visualisation de donn\u00e9es d\u00e9crivant des changements g\u00e9ographiques au cours du temps. <\/strong>Le d\u00e9veloppeur accompagnera l&#8217;\u00e9quipe dans la maturation du projet GeoChange et la <strong>cr\u00e9ation d\u2019une start-up.<\/strong> L\u2019interface d\u2019administration devant \u00eatre d\u00e9velopp\u00e9e servira \u00e0 param\u00e9trer, actionner et rendre plus robuste un code existant cr\u00e9\u00e9 au sein de l\u2019\u00e9quipe (<a href=\"http:\/\/purl.org\/steamer\/tsndoc\">http:\/\/purl.org\/steamer\/tsndoc<\/a>). Ce programme, d\u00e9velopp\u00e9 sous la forme de diff\u00e9rents modules logiciels, est capable de d\u00e9tecter automatiquement plusieurs types de changements subis au cours du temps par divers maillages territoriaux (r\u00e9gions, communes, cartes scolaires, etc.). L\u2019interface de visualisation permettra \u00e0 travers diff\u00e9rents composants graphiques de visualiser et d\u2019analyser les r\u00e9sultats (c\u2019est-\u00e0-dire les changements d\u00e9tect\u00e9s) via une interface Web cartographique, interactive et dynamique.<\/p>\n<h3>Missions<\/h3>\n<p>Conception et impl\u00e9mentation d\u2019une interface d\u2019administration et de g\u00e9ovisualisation visant \u00e0 automatiser une cha\u00eene de traitements de donn\u00e9es g\u00e9ographiques (de la description des territoires \u00e9tudi\u00e9s, jusqu\u2019\u00e0 la g\u00e9ovisualisation de leur \u00e9volution au cours du temps).<\/p>\n<h3>Comp\u00e9tences<\/h3>\n<p>Vous \u00eates titulaire d&#8217;un dipl\u00f4me d\u2019ing\u00e9nieur ou de master en informatique et avez une solide exp\u00e9rience en d\u00e9veloppement logiciel. Vous \u00eates dot\u00e9(e) d\u2019un bon relationnel et avez le go\u00fbt du travail en \u00e9quipe. <strong>Vous avez l\u2019esprit d\u2019initiative et une v\u00e9ritable capacit\u00e9 d\u2019adaptation et l\u2019envie de prendre part \u00e0 la cr\u00e9ation d\u2019une startup.<\/strong> Le candidat devra, en outre, d\u00e9montrer des qualit\u00e9s relatives \u00e0 la prise de d\u00e9cisions techniques au sein du projet et savoir justifier ces choix.<\/p>\n<p>Vous disposez de comp\u00e9tences dans la plupart des aspects suivants\u00a0:<\/p>\n<ul>\n<li>Bonnes comp\u00e9tences techniques en d\u00e9veloppement Java ou Python, et notamment en d\u00e9veloppement d\u2019interfaces ;<\/li>\n<li>Des connaissances des normes et des technologies du Web s\u00e9mantique (RDF, OWL, Apache Jena, SparQL)\u00a0sont souhait\u00e9es ;<\/li>\n<li>Une exp\u00e9rience de d\u00e9veloppement avec des donn\u00e9es g\u00e9ographiques serait un plus (Syst\u00e8mes d\u2019Information G\u00e9ographique, Bases de Donn\u00e9es spatiales\u2026)\u00a0;<\/li>\n<li>Int\u00e9r\u00eat pour la visualisation de donn\u00e9es et le Web s\u00e9mantique + d\u00e9veloppement Web et Web Mapping\u00a0;<\/li>\n<li>Exp\u00e9rience de l\u2019outil gestionnaire de code Git et comp\u00e9tences en documentation Wiki.<\/li>\n<\/ul>\n<h3>Contexte de travail<\/h3>\n<p>Le candidat rejoindra le laboratoire de recherche en informatique LIG \u00e0 Grenoble et travaillera dans l&#8217;\u00e9quipe STeamer sous la direction de Camille Bernard, Marl\u00e8ne Villanova-Oliver et J\u00e9r\u00f4me Gensel, enseignants-chercheurs et membres de l\u2019\u00e9quipe STeamer. STeamer est une \u00e9quipe de recherche en informatique, sp\u00e9cialis\u00e9e dans le traitement et la visualisation de donn\u00e9es spatio-temporelles.<\/p>\n<h3>Informations compl\u00e9mentaires<\/h3>\n<p>Gr\u00e2ce au soutien de <strong>Linksium<\/strong>, SATT (Soci\u00e9t\u00e9 d&#8217;Acc\u00e9l\u00e9ration du Transfert de Technologies) Grenoble Alpes, financeur de ces d\u00e9veloppements, le projet GeoChange entre en phase de maturation pr\u00e9c\u00e9dent la cr\u00e9ation d\u2019une <strong>start-up<\/strong>. Le candidat sera, tout au long de ces d\u00e9veloppements, form\u00e9 par la SATT \u00e0 diff\u00e9rentes d\u00e9marches en ce sens et pourrait, \u00e0 terme, poursuivre ses activit\u00e9s au sein de la start-up qui serait cr\u00e9\u00e9e.<\/p>\n<p>Geochange <strong>vise une nouvelle gamme de produits logiciels pour le suivi de l\u2019\u00e9volution de donn\u00e9es g\u00e9ographiques au cours du temps<\/strong>. Bas\u00e9e sur les technologies du Web 3.0, cette gamme de produits sera d\u00e9clin\u00e9e en plusieurs applications m\u00e9tiers adapt\u00e9es, par exemple, au suivi de l\u2019\u00e9volution des maillages territoriaux \u00a0administratifs \u00a0ou \u00e9lectoraux, des secteurs de sant\u00e9, des parcelles cadastrales, ou environnementales li\u00e9es \u00e0 l&#8217;occupation du sol, etc.<\/p>\n","protected":false},"excerpt":{"rendered":"<p>Offre d\u2019emploi 1er mars 2021 : Ing\u00e9nieur(e) d\u2019\u00e9tude en d\u00e9veloppement et d\u00e9ploiement d\u2019applications H\/F &#8211; CDD 12 mois UNIVERSIT\u00c9 GRENOBLE ALPES \u2013 LABORATOIRE D\u2019INFORMATIQUE DE GRENOBLE T\u00e9l\u00e9charger le descriptif de l&#8217;offre : geochange-offre-emploi &nbsp; &nbsp; &nbsp; Profil recherch\u00e9 : D\u00e9veloppeur &hellip; <a href=\"https:\/\/lig-membres.imag.fr\/bernardc\/offre-demploi-geochange\/\">Continue reading <span class=\"meta-nav\">&rarr;<\/span><\/a><\/p>\n","protected":false},"author":251,"featured_media":0,"parent":0,"menu_order":0,"comment_status":"closed","ping_status":"closed","template":"","meta":{"footnotes":""},"class_list":["post-446","page","type-page","status-publish","hentry"],"_links":{"self":[{"href":"https:\/\/lig-membres.imag.fr\/bernardc\/wp-json\/wp\/v2\/pages\/446","targetHints":{"allow":["GET"]}}],"collection":[{"href":"https:\/\/lig-membres.imag.fr\/bernardc\/wp-json\/wp\/v2\/pages"}],"about":[{"href":"https:\/\/lig-membres.imag.fr\/bernardc\/wp-json\/wp\/v2\/types\/page"}],"author":[{"embeddable":true,"href":"https:\/\/lig-membres.imag.fr\/bernardc\/wp-json\/wp\/v2\/users\/251"}],"replies":[{"embeddable":true,"href":"https:\/\/lig-membres.imag.fr\/bernardc\/wp-json\/wp\/v2\/comments?post=446"}],"version-history":[{"count":8,"href":"https:\/\/lig-membres.imag.fr\/bernardc\/wp-json\/wp\/v2\/pages\/446\/revisions"}],"predecessor-version":[{"id":449,"href":"https:\/\/lig-membres.imag.fr\/bernardc\/wp-json\/wp\/v2\/pages\/446\/revisions\/449"}],"wp:attachment":[{"href":"https:\/\/lig-membres.imag.fr\/bernardc\/wp-json\/wp\/v2\/media?parent=446"}],"curies":[{"name":"wp","href":"https:\/\/api.w.org\/{rel}","templated":true}]}}