{"id":4,"date":"2014-02-10T14:51:05","date_gmt":"2014-02-10T14:51:05","guid":{"rendered":"\/?page_id=4"},"modified":"2025-02-07T11:21:30","modified_gmt":"2025-02-07T10:21:30","slug":"teaching","status":"publish","type":"page","link":"https:\/\/lig-membres.imag.fr\/chollet\/teaching\/","title":{"rendered":"Enseignement"},"content":{"rendered":"<p><span style=\"color: #800080;\"><strong>2015-2016 :<\/strong><\/span><\/p>\n<table border=\"1\">\n<tbody>\n<tr>\n<td>CS 512-518<\/td>\n<td>Applications et syst\u00e8mes r\u00e9partis<\/td>\n<\/tr>\n<tr>\n<td>CS 511<\/td>\n<td>Applications pervasives<\/td>\n<\/tr>\n<tr>\n<td>CS 441<\/td>\n<td>G\u00e9nie logiciel<\/td>\n<\/tr>\n<tr>\n<td>CS 443<\/td>\n<td>Base de donn\u00e9es<\/td>\n<\/tr>\n<tr>\n<td>NE 442<\/td>\n<td>Programmation r\u00e9partie<\/td>\n<\/tr>\n<\/tbody>\n<\/table>\n<p><span style=\"color: #800080;\"><strong>2014-2015 :<\/strong><\/span><\/p>\n<table border=\"1\">\n<tbody>\n<tr>\n<td>CS 523<\/td>\n<td>Architecture logicielle : Approche par composants<\/td>\n<\/tr>\n<tr>\n<td>CS 522<\/td>\n<td>S\u00e9curit\u00e9 logicielle<\/td>\n<\/tr>\n<tr>\n<td>CS 535<\/td>\n<td>Syst\u00e8mes r\u00e9partis<\/td>\n<\/tr>\n<tr>\n<td>CS 422<\/td>\n<td>G\u00e9nie logiciel<\/td>\n<\/tr>\n<tr>\n<td>CS 420<\/td>\n<td>Base de donn\u00e9es<\/td>\n<\/tr>\n<tr>\n<td>CS 336<\/td>\n<td>Syst\u00e8me d&#8217;exploitation<\/td>\n<\/tr>\n<tr>\n<td>CS 330<\/td>\n<td>Syst\u00e8me d&#8217;exploitation<\/td>\n<\/tr>\n<tr>\n<td>CS 314<\/td>\n<td>Langage C<\/td>\n<\/tr>\n<\/tbody>\n<\/table>\n<p><strong><span style=\"color: #800080;\">2013-2014 :<\/span><\/strong><\/p>\n<table border=\"1\">\n<tbody>\n<tr>\n<td>CS 523<\/td>\n<td>Architecture logicielle : Approche par composants<\/td>\n<\/tr>\n<tr>\n<td>CS 522<\/td>\n<td>S\u00e9curit\u00e9 logicielle<\/td>\n<\/tr>\n<tr>\n<td>CS 535<\/td>\n<td>Syst\u00e8mes r\u00e9partis<\/td>\n<\/tr>\n<tr>\n<td>CS 422<\/td>\n<td>G\u00e9nie logiciel<\/td>\n<\/tr>\n<tr>\n<td>CS 420<\/td>\n<td>Base de donn\u00e9es<\/td>\n<\/tr>\n<tr>\n<td>CS 336<\/td>\n<td>Syst\u00e8me d&#8217;exploitation<\/td>\n<\/tr>\n<tr>\n<td>CS 314<\/td>\n<td>Langage C<\/td>\n<\/tr>\n<\/tbody>\n<\/table>\n<p>2013-2014 :<\/p>\n<table border=\"1\">\n<tbody>\n<tr>\n<td>CS 523<\/td>\n<td>Software Architecture: Component-based Approach<\/td>\n<\/tr>\n<tr>\n<td>CS 522<\/td>\n<td>Software Security<\/td>\n<\/tr>\n<tr>\n<td>CS 535<\/td>\n<td>Distributed Systems<\/td>\n<\/tr>\n<tr>\n<td>CS 422<\/td>\n<td>Software Engineering<\/td>\n<\/tr>\n<tr>\n<td>CS 420<\/td>\n<td>Databases<\/td>\n<\/tr>\n<tr>\n<td>CS 336<\/td>\n<td>Operating System<\/td>\n<\/tr>\n<tr>\n<td>CS 314<\/td>\n<td>Language C<\/td>\n<\/tr>\n<\/tbody>\n<\/table>\n<p>&nbsp;<\/p>\n<div id=\"ir-ext-ui\" style=\"color: #000000; font-size: 16px; line-height: 16px; background-color: #f7f7f7; border: 1px solid #999999; border-radius: 1px; top: 1px; left: 1px;\">\n<div class=\"ir-ext-dimensions\"><span class=\"ir-ext-rendered\" title=\"Rendered image dimensions (after any scaling\/resizing has been applied)\"> x <\/span> <span class=\"ir-ext-natural\" title=\"Natural image dimensions (without applying any scaling\/resizing)\"> (x) <\/span><\/div>\n<div class=\"ir-ext-filesize\"><\/div>\n<\/div>\n","protected":false},"excerpt":{"rendered":"<p>2015-2016 : CS 512-518 Applications et syst\u00e8mes r\u00e9partis CS 511 Applications pervasives CS 441 G\u00e9nie logiciel CS 443 Base de donn\u00e9es NE 442 Programmation r\u00e9partie 2014-2015 : CS 523 Architecture logicielle : Approche par composants CS 522 S\u00e9curit\u00e9 logicielle CS &hellip; <a href=\"https:\/\/lig-membres.imag.fr\/chollet\/teaching\/\">Continue reading <span class=\"meta-nav\">&rarr;<\/span><\/a><\/p>\n","protected":false},"author":105,"featured_media":0,"parent":0,"menu_order":0,"comment_status":"closed","ping_status":"closed","template":"","meta":{"footnotes":""},"class_list":["post-4","page","type-page","status-publish","hentry"],"_links":{"self":[{"href":"https:\/\/lig-membres.imag.fr\/chollet\/wp-json\/wp\/v2\/pages\/4","targetHints":{"allow":["GET"]}}],"collection":[{"href":"https:\/\/lig-membres.imag.fr\/chollet\/wp-json\/wp\/v2\/pages"}],"about":[{"href":"https:\/\/lig-membres.imag.fr\/chollet\/wp-json\/wp\/v2\/types\/page"}],"author":[{"embeddable":true,"href":"https:\/\/lig-membres.imag.fr\/chollet\/wp-json\/wp\/v2\/users\/105"}],"replies":[{"embeddable":true,"href":"https:\/\/lig-membres.imag.fr\/chollet\/wp-json\/wp\/v2\/comments?post=4"}],"version-history":[{"count":7,"href":"https:\/\/lig-membres.imag.fr\/chollet\/wp-json\/wp\/v2\/pages\/4\/revisions"}],"predecessor-version":[{"id":130,"href":"https:\/\/lig-membres.imag.fr\/chollet\/wp-json\/wp\/v2\/pages\/4\/revisions\/130"}],"wp:attachment":[{"href":"https:\/\/lig-membres.imag.fr\/chollet\/wp-json\/wp\/v2\/media?parent=4"}],"curies":[{"name":"wp","href":"https:\/\/api.w.org\/{rel}","templated":true}]}}