{"id":7,"date":"2014-02-20T10:39:22","date_gmt":"2014-02-20T09:39:22","guid":{"rendered":"http:\/\/lig-membres.imag.fr\/chollet\/?page_id=7"},"modified":"2025-02-07T11:22:08","modified_gmt":"2025-02-07T10:22:08","slug":"publications","status":"publish","type":"page","link":"https:\/\/lig-membres.imag.fr\/chollet\/publications\/","title":{"rendered":"Publications"},"content":{"rendered":"<p>Liens: <a href=\"http:\/\/www.informatik.uni-trier.de\/~ley\/pers\/hd\/c\/Chollet:St=eacute=phanie.html\">DBLP<\/a> <a href=\"http:\/\/scholar.google.com\/citations?user=RLzlOBMAAAAJ&amp;hl=en\">Google scholar<\/a><\/p>\n<h1 style=\"text-align: left;\">Chapitres de livre<\/h1>\n<ol style=\"text-align: justify;\">\n<li>Aur\u00e9lien\u00a0Faravelon, <span style=\"text-decoration: underline;\">St\u00e9phanie\u00a0Chollet<\/span>. <b>Access Control in Service Compositions: Challenges and Solution Architecture<\/b> dans <i>Service-Driven Approaches to Architecture and Enterprise Integration<\/i>, publi\u00e9 par IGI Global, \u00e9dit\u00e9 par Raja Ramanathan et Kirtana Raja, June 2013, p. 165-187.<\/li>\n<li><span style=\"text-decoration: underline;\">St\u00e9phanie\u00a0Chollet<\/span>, Philippe\u00a0Lalanda. <b>A Model-Driven Approach to Service Composition with Security Properties<\/b> dans <i>Service Life Cycle Tools and Technologies: Methods, Trends and Advances<\/i>, publi\u00e9 par IGI Global, \u00e9dit\u00e9 par Pr.\u00a0Jonathan\u00a0Lee, Pr.\u00a0Shang-pin\u00a0Ma et Pr.\u00a0Alan\u00a0Liu, November 2011, p.154-174.<\/li>\n<li><span style=\"text-decoration: underline;\">St\u00e9phanie\u00a0Chollet<\/span>, Philippe\u00a0Lalanda, Jonathan\u00a0Bardin. <b>Service-Oriented Computing: from Web Services to Service-Oriented Components<\/b> dans <i>Service Life Cycle Tools and Technologies: Methods, Trends and Advances<\/i>, publi\u00e9 par IGI Global, \u00e9dit\u00e9 par Pr.\u00a0Jonathan\u00a0Lee, Pr.\u00a0Shang-pin\u00a0Ma et Pr.\u00a0Alan\u00a0Liu, November 2011, p. 1-20.<\/li>\n<li>Philippe\u00a0Lalanda, Johann\u00a0Bourcier, Jonathan\u00a0Bardin, <span style=\"text-decoration: underline;\">St\u00e9phanie\u00a0Chollet<\/span>. <b>Smart home Systems<\/b> dans <i>Smart home Systems<\/i>, chapitre\u00a0I, publi\u00e9 par Intech, \u00e9dit\u00e9 par Mahmoud\u00a0A.\u00a0Al-Qutayri, February 2010. <a href=\"http:\/\/sciyo.com\/articles\/show\/title\/smart-home-systems\">http:\/\/sciyo.com\/articles\/show\/title\/smart-home-systems<\/a> ISBN\u00a0: 978-953-307-050-6<\/li>\n<\/ol>\n<h1 style=\"text-align: left;\">Revues nationales<\/h1>\n<ol style=\"text-align: justify;\">\n<li><span style=\"text-decoration: underline;\">St\u00e9phanie\u00a0Chollet<\/span>, Vincent Lestideau, Denis Morand, Yoann Maurel, Philippe Lalanda. <b>Auto-r\u00e9paration et auto-optimisation des applications pervasives \u2013 Un gestionnaire de s\u00e9lection de d\u00e9pendances de services bas\u00e9 sur l\u2019Analyse de Concepts Formels.<\/b> <i>Technique et Science Informatique<\/i> 33(1-2): 7-30 (2014).<\/li>\n<li><span style=\"text-decoration: underline;\">St\u00e9phanie\u00a0Chollet<\/span>, Philippe Lalanda. <b>Orchestration de services h\u00e9t\u00e9rog\u00e8nes et s\u00e9curis\u00e9s dans un environnement dynamique \u2013 Une approche dirig\u00e9e par les mod\u00e8les.<\/b> <i>Ing\u00e9nierie des Syst\u00e8mes d\u2019Information<\/i> 16(2): 127-150 (2011), \u00e9dit\u00e9 par Philippe Ramadour.<\/li>\n<\/ol>\n<h1 style=\"text-align: left;\">Conf\u00e9rences internationales et nationales<\/h1>\n<p style=\"text-align: left;\"><i>Avec comit\u00e9 de s\u00e9lection et publication des actes<\/i><\/p>\n<ol style=\"text-align: justify;\">\n<li><span style=\"text-decoration: underline;\">St\u00e9phanie\u00a0Chollet<\/span>, Philippe\u00a0Lalanda. <strong>Extension of Service-Oriented Component Models for Dynamic Environment.<\/strong> In <em>Proceedings of the 12<sup>th<\/sup> IEEE International Conference on Services Computing (SCC)<\/em>, June 27- July 2, 2015, New York, NY, USA, IEEE Computer Society.<\/li>\n<li><span style=\"text-decoration: underline;\">St\u00e9phanie Chollet<\/span>. <strong>Self-Adaptation of Service Bindings based on Formal Concept Analysis.<\/strong> In <em>Proceedings of the 12<sup>th<\/sup> IEEE International Conference on Autonomic Computing (ICAC)<\/em>, July 07-10, 2015, Grenoble France.<\/li>\n<li><span style=\"text-decoration: underline;\">St\u00e9phanie\u00a0Chollet<\/span>, Philippe\u00a0Lalanda, Catherine Hamon.\u00a0<strong>Maintien de la coh\u00e9rence entre les\u00a0architectures pour une gestion autonomique\u00a0de syst\u00e8mes pervasifs &#8211; Approche bas\u00e9e sur les m\u00e9ta-mod\u00e8les des architectures de conception et de l&#8217;ex\u00e9cution.<\/strong> <em>Actes du 33\u00e8me Congr\u00e8s INFORSID<\/em>, Biarritz, France, 26-29 mai 2015.<\/li>\n<li>Philippe Lalanda, <span style=\"text-decoration: underline;\">St\u00e9phanie Chollet<\/span>, Cl\u00e9ment Escoffier, Denis Morand. <b>Dynamic Collection of Data in Complex, Physical Environment.<\/b> In <i>Proceedings of the 19<sup>th<\/sup> IEEE International Conference on Emerging Technology and Factory Automation (ETFA)<\/i>, September 16-19, 2014, Barcelona, Spain.<\/li>\n<li>Cl\u00e9ment\u00a0Escoffier, <span style=\"text-decoration: underline;\">St\u00e9phanie\u00a0Chollet<\/span>, Philippe\u00a0Lalanda. <b>Lessons Learned in Building Pervasive Platforms.<\/b> In <i>Proceedings of the 11<sup>th<\/sup> Consumer Communications and Networking Conference (CCNC)<\/i>, p. 203-208, January 10-13, 2014, Las Vegas, NV, USA, IEEE Computer Society.<br \/>\n<span style=\"color: red;\"><b>Best Conference Paper Award<\/b><\/span><\/li>\n<li>Aur\u00e9lien\u00a0Faravelon, <span style=\"text-decoration: underline;\">St\u00e9phanie\u00a0Chollet<\/span>, Christine\u00a0Verdier, Agn\u00e8s\u00a0Front. <b>Configuring Private Data Management as Access Restrictions\u00a0: From Design to Enforcement.<\/b> In <i>Proceedings of the 10<sup>th<\/sup> International Conference on Service Oriented Computing (ICSOC 2012)<\/i>, p.344-358, November 12-16, 2012, Shanghai, China, Springer, Lecture Notes in Computer Science.<\/li>\n<li>Yoann\u00a0Maurel, <span style=\"text-decoration: underline;\">St\u00e9phanie\u00a0Chollet<\/span>, Vincent\u00a0Lestideau, Jonathan\u00a0Bardin, Philippe\u00a0Lalanda, Andr\u00e9\u00a0Bottaro. <b>fANFARE\u00a0: Autonomic Framework for Service-based Pervasive Environment.<\/b> In <i>Proceedings of the 2012 IEEE International Conference on Services Computing (SCC 2012)<\/i>, p. 65-72, June 24-29, 2012, Honolulu, HI, USA, IEEE Computer Society.<\/li>\n<li><span style=\"text-decoration: underline;\">St\u00e9phanie\u00a0Chollet<\/span>, Vincent\u00a0Lestideau, Yoann\u00a0Maurel, Etienne\u00a0Gandrille, Philippe\u00a0Lalanda, Olivier\u00a0Raynaud. <b>Practical Use of Formal Concept Analysis in Service-Oriented Computing.<\/b> In <i>Proceedings of the 10<sup>th<\/sup> International Conference on Formal Concept Analysis (ICFCA 2012),<\/i> p. 61-76, May 6-10, 2012, Leuven, Belgium, Springer, Lecture Notes in Computer Science.<\/li>\n<li><span style=\"text-decoration: underline;\">St\u00e9phanie\u00a0Chollet<\/span>, Vincent\u00a0Lestideau, Philippe\u00a0Lalanda, Yoann\u00a0Maurel, Pierre\u00a0Colomb, Olivier\u00a0Raynaud. <b>Building FCA-Based Decision Trees for the Selection of Heterogeneous Services.<\/b> In <i>Proceedings of the 2011 IEEE International Conference on Services Computing (SCC 2011)<\/i>, p.616-623, July 4-9, 2011, Washington, DC, USA, IEEE Computer Society.<\/li>\n<li><span style=\"text-decoration: underline;\">St\u00e9phanie\u00a0Chollet<\/span>, Philippe\u00a0Lalanda. <b>An Extensible Abstract Service Orchestration Framework.<\/b> In <i>Proceedings of the 2009 IEEE International Conference on Web Services (ICWS 2009)<\/i>, p. 831-838, July 6-10, 2009, Los Angeles, CA, USA, IEEE Computer Society.<\/li>\n<li><span style=\"text-decoration: underline;\">St\u00e9phanie\u00a0Chollet<\/span>, Philippe\u00a0Lalanda. <b>Security Specification at Process Level.<\/b> In <i>Proceedings of the 2008 IEEE International Conference on Services Computing \u2013 Volume 1 (SCC 2008)<\/i>, p. 165-172, July 8-11, 2008, Honolulu, HI, USA, IEEE Computer Society.<\/li>\n<li>Jianqi\u00a0Yu, Philippe\u00a0Lalanda, <span style=\"text-decoration: underline;\">St\u00e9phanie\u00a0Chollet<\/span>. <b>Development tool for service-oriented applications in smart homes.<\/b> In <i>Proceedings of the 2008 IEEE Internation Conference on Services Computing \u2013 Volume 2 (SCC 2008)<\/i>, p. 239-246, July 8-11, 2008, Honolulu, HI, USA, IEEE Computer Society.<\/li>\n<\/ol>\n<h1 style=\"text-align: left;\">Workshops internationaux<\/h1>\n<p style=\"text-align: left;\"><i>Avec comit\u00e9 de s\u00e9lection et publication des actes<\/i><\/p>\n<ol style=\"text-align: justify;\">\n<li>Philippe Lalanda, <span style=\"text-decoration: underline;\">St\u00e9phanie Chollet<\/span>, Aygalinc Colin, Gerbert-Gaillard Eva.<b>Service-Based Architecture and Frameworks for Pervasive Health Applications<\/b> In <i>Proceedings of the 9th International Workshop on Service Oriented Cyber-Physical Systems in Converging Networked Environments (SOCNE)<\/i>, pages 35-42, September 9, 2015, Luxembourg, Luxembourg.<\/li>\n<li>Philippe Lalanda, <span style=\"text-decoration: underline;\">St\u00e9phanie Chollet<\/span>, Etienne Gandrille, Catherine Hamon. <b>Maintaining Traceability Links between Design and Runtime Architectures to support Autonomic Management.<\/b> In <i>Proceedings of the 8th International Workshop on Service Oriented Cyber-Physical Systems in Converging Networked Environments (SOCNE)<\/i>, pages 19-24, September 16, 2014, Barcelona, Spain.<\/li>\n<li>Aur\u00e9lien\u00a0Faravelon, <span style=\"text-decoration: underline;\">St\u00e9phanie\u00a0Chollet<\/span>, Christine\u00a0Verdier, Agn\u00e8s\u00a0Front. <b>Enforcing privacy as access control in a pervasive context<\/b>. In <i>Proceedings of 2012 IEEE Consumer Communications and Networking Conference<\/i> (CCNC) \u2013 <i>2nd\u00a0 IEEE International Workshop on Consumer eHealth Platforms, Services and Applications<\/i> (CeHPSA), pages 380-384, January 14-17, 2012, Las Vegas, NV, USA.<\/li>\n<li><span style=\"text-decoration: underline;\">St\u00e9phanie\u00a0Chollet<\/span>, Vincent\u00a0Lestideau, Philippe\u00a0Lalanda, Diana\u00a0Moreno-Garcia, Pierre\u00a0Colomb. <b>Heterogeneous Service Selection based on Formal Concept Analysis<\/b>. In <i>2010 6th World Congress on Services (SERVICES 2010)<\/i>, pages 367-374, Washington, DC, USA, July 2010. IEEE Computer Society. DOI\u00a0: <a href=\"http:\/\/doi.ieeecomputersociety.org\/10.1109\/SERVICES.2010.35\">http:\/\/doi.ieeecomputersociety.org\/10.1109\/SERVICES.2010.35<\/a><\/li>\n<li><span style=\"text-decoration: underline;\">St\u00e9phanie\u00a0Chollet<\/span>, Philippe\u00a0Lalanda, Gabriel\u00a0Pedraza. <b>Secure Integration of Service-Oriented Application<\/b> \u2013 In <i>International Workshop on the Future Internet Things and Services \u2013 Embedded Web Services for Pervasive Devices<\/i>, September 1-3, 2009, Berlin, Germany.<\/li>\n<li><span style=\"text-decoration: underline;\">St\u00e9phanie\u00a0Chollet<\/span>, Philippe\u00a0Lalanda, Andr\u00e9\u00a0Bottaro. <b>Transparently Adding Security Properties to Service Orchestration<\/b> \u2013 In <i>Proceedings of the 22<sup>nd<\/sup> International Conference on Advanced Information Networking and Applications (<\/i>AINA<i>) \u2013 Workshops: Service Oriented Architecture in Converging Networked Environments (<\/i>SOCNE 08<i>)<\/i>, pages 1363-1368, Washington, DC, USA, March 2008. IEEE Computer Society. DOI\u00a0: <a href=\"http:\/\/dx.doi.org\/10.1109\/WAINA.2008.70\">http:\/\/dx.doi.org\/10.1109\/WAINA.2008.70<\/a><br \/>\n<span style=\"color: red;\"><b>Best Paper Award<\/b><\/span><\/li>\n<\/ol>\n<p>Links: <a href=\"http:\/\/www.informatik.uni-trier.de\/~ley\/pers\/hd\/c\/Chollet:St=eacute=phanie.html\">DBLP<\/a> <a href=\"http:\/\/scholar.google.com\/citations?user=RLzlOBMAAAAJ&amp;hl=en\">Google scholar<\/a><\/p>\n<h1 style=\"text-align: left;\">Book Chapters<\/h1>\n<ol style=\"text-align: justify;\">\n<li>Aur\u00e9lien\u00a0Faravelon, <span style=\"text-decoration: underline;\">St\u00e9phanie\u00a0Chollet<\/span>. <b>Access Control in Service Compositions: Challenges and Solution Architecture<\/b> in <i>Service-Driven Approaches to Architecture and Enterprise Integration<\/i>, published by IGI Global, edited by Raja Ramanathan and Kirtana Raja, June 2013, p. 165-187.<\/li>\n<li><span style=\"text-decoration: underline;\">St\u00e9phanie\u00a0Chollet<\/span>, Philippe\u00a0Lalanda. <b>A Model-Driven Approach to Service Composition with Security Properties<\/b> in <i>Service Life Cycle Tools and Technologies: Methods, Trends and Advances<\/i>, published by IGI Global, edited by Pr.\u00a0Jonathan\u00a0Lee, Pr.\u00a0Shang-pin\u00a0Ma and Pr.\u00a0Alan\u00a0Liu, November 2011, p.154-174.<\/li>\n<li><span style=\"text-decoration: underline;\">St\u00e9phanie\u00a0Chollet<\/span>, Philippe\u00a0Lalanda, Jonathan\u00a0Bardin. <b>Service-Oriented Computing: from Web Services to Service-Oriented Components<\/b> in <i>Service Life Cycle Tools and Technologies: Methods, Trends and Advances<\/i>, published by IGI Global, edited by Pr.\u00a0Jonathan\u00a0Lee, Pr.\u00a0Shang-pin\u00a0Ma and Pr.\u00a0Alan\u00a0Liu, November 2011, p. 1-20.<\/li>\n<li>Philippe\u00a0Lalanda, Johann\u00a0Bourcier, Jonathan\u00a0Bardin, <span style=\"text-decoration: underline;\">St\u00e9phanie\u00a0Chollet<\/span>. <b>Smart home Systems<\/b> in <i>Smart home Systems<\/i>, chapiter\u00a0I, published by Intech, edited by Mahmoud\u00a0A.\u00a0Al-Qutayri, February 2010. <a href=\"http:\/\/sciyo.com\/articles\/show\/title\/smart-home-systems\">http:\/\/sciyo.com\/articles\/show\/title\/smart-home-systems<\/a> ISBN\u00a0: 978-953-307-050-6<\/li>\n<\/ol>\n<h1 style=\"text-align: left;\">National Journals<\/h1>\n<ol style=\"text-align: justify;\">\n<li><span style=\"text-decoration: underline;\">St\u00e9phanie\u00a0Chollet<\/span>, Vincent Lestideau, Denis Morand, Yoann Maurel, Philippe Lalanda. <b>Auto-r\u00e9paration et auto-optimisation des applications pervasives \u2013 Un gestionnaire de s\u00e9lection de d\u00e9pendances de services bas\u00e9 sur l\u2019Analyse de Concepts Formels.<\/b> <i>Technique et Science Informatique<\/i> 33(1-2): 7-30 (2014).<\/li>\n<li><span style=\"text-decoration: underline;\">St\u00e9phanie\u00a0Chollet<\/span>, Philippe Lalanda. <b>Orchestration de services h\u00e9t\u00e9rog\u00e8nes et s\u00e9curis\u00e9s dans un environnement dynamique \u2013 Une approche dirig\u00e9e par les mod\u00e8les.<\/b> <i>Ing\u00e9nierie des Syst\u00e8mes d\u2019Information<\/i> 16(2): 127-150 (2011), \u00e9dit\u00e9 par Philippe Ramadour.<\/li>\n<\/ol>\n<h1 style=\"text-align: left;\">International Conferences<\/h1>\n<p style=\"text-align: left;\"><i>With proceeding committee and publication<\/i><\/p>\n<ol style=\"text-align: justify;\">\n<li><span style=\"text-decoration: underline;\">St\u00e9phanie\u00a0Chollet<\/span>, Philippe\u00a0Lalanda. <strong>Extension of Service-Oriented Component Models for Dynamic Environment.<\/strong> In <em>Proceedings of the 12<sup>th<\/sup> IEEE International Conference on Services Computing (SCC)<\/em>, June 27- July 2, 2015, New York, NY, USA, IEEE Computer Society.<\/li>\n<li><span style=\"text-decoration: underline;\">St\u00e9phanie Chollet<\/span>. <strong>Self-Adaptation of Service Bindings based on Formal Concept Analysis.<\/strong> In <em>Proceedings of the 12<sup>th<\/sup> IEEE International Conference on Autonomic Computing (ICAC)<\/em>, July 07-10, 2015, Grenoble France.<\/li>\n<li>Philippe Lalanda, <span style=\"text-decoration: underline;\">St\u00e9phanie Chollet<\/span>, Cl\u00e9ment Escoffier, Denis Morand. <b>Dynamic Collection of Data in Complex, Physical Environment.<\/b> In <i>Proceedings of the 19<sup>th<\/sup> IEEE International Conference on Emerging Technology and Factory Automation (ETFA)<\/i>, September 16-19, 2014, Barcelona, Spain.<\/li>\n<li>Cl\u00e9ment\u00a0Escoffier, <span style=\"text-decoration: underline;\">St\u00e9phanie\u00a0Chollet<\/span>, Philippe\u00a0Lalanda. <b>Lessons Learned in Building Pervasive Platforms.<\/b> In <i>Proceedings of the 11<sup>th<\/sup> Consumer Communications and Networking Conference (CCNC)<\/i>, p. 203-208, January 10-13, 2014, Las Vegas, NV, USA, IEEE Computer Society.<br \/>\n<span style=\"color: red;\"><b>Best Conference Paper Award<\/b><\/span><\/li>\n<li>Aur\u00e9lien\u00a0Faravelon, <span style=\"text-decoration: underline;\">St\u00e9phanie\u00a0Chollet<\/span>, Christine\u00a0Verdier, Agn\u00e8s\u00a0Front. <b>Configuring Private Data Management as Access Restrictions\u00a0: From Design to Enforcement.<\/b> In <i>Proceedings of the 10<sup>th<\/sup> International Conference on Service Oriented Computing (ICSOC 2012)<\/i>, p.344-358, November 12-16, 2012, Shanghai, China, Springer, Lecture Notes in Computer Science.<\/li>\n<li>Yoann\u00a0Maurel, <span style=\"text-decoration: underline;\">St\u00e9phanie\u00a0Chollet<\/span>, Vincent\u00a0Lestideau, Jonathan\u00a0Bardin, Philippe\u00a0Lalanda, Andr\u00e9\u00a0Bottaro. <b>fANFARE\u00a0: Autonomic Framework for Service-based Pervasive Environment.<\/b> In <i>Proceedings of the 2012 IEEE International Conference on Services Computing (SCC 2012)<\/i>, p. 65-72, June 24-29, 2012, Honolulu, HI, USA, IEEE Computer Society.<\/li>\n<li><span style=\"text-decoration: underline;\">St\u00e9phanie\u00a0Chollet<\/span>, Vincent\u00a0Lestideau, Yoann\u00a0Maurel, Etienne\u00a0Gandrille, Philippe\u00a0Lalanda, Olivier\u00a0Raynaud. <b>Practical Use of Formal Concept Analysis in Service-Oriented Computing.<\/b> In <i>Proceedings of the 10<sup>th<\/sup> International Conference on Formal Concept Analysis (ICFCA 2012),<\/i> p. 61-76, May 6-10, 2012, Leuven, Belgium, Springer, Lecture Notes in Computer Science.<\/li>\n<li><span style=\"text-decoration: underline;\">St\u00e9phanie\u00a0Chollet<\/span>, Vincent\u00a0Lestideau, Philippe\u00a0Lalanda, Yoann\u00a0Maurel, Pierre\u00a0Colomb, Olivier\u00a0Raynaud. <b>Building FCA-Based Decision Trees for the Selection of Heterogeneous Services.<\/b> In <i>Proceedings of the 2011 IEEE International Conference on Services Computing (SCC 2011)<\/i>, p.616-623, July 4-9, 2011, Washington, DC, USA, IEEE Computer Society.<\/li>\n<li><span style=\"text-decoration: underline;\">St\u00e9phanie\u00a0Chollet<\/span>, Philippe\u00a0Lalanda. <b>An Extensible Abstract Service Orchestration Framework.<\/b> In <i>Proceedings of the 2009 IEEE International Conference on Web Services (ICWS 2009)<\/i>, p. 831-838, July 6-10, 2009, Los Angeles, CA, USA, IEEE Computer Society.<\/li>\n<li><span style=\"text-decoration: underline;\">St\u00e9phanie\u00a0Chollet<\/span>, Philippe\u00a0Lalanda. <b>Security Specification at Process Level.<\/b> In <i>Proceedings of the 2008 IEEE International Conference on Services Computing \u2013 Volume 1 (SCC 2008)<\/i>, p. 165-172, July 8-11, 2008, Honolulu, HI, USA, IEEE Computer Society.<\/li>\n<li>Jianqi\u00a0Yu, Philippe\u00a0Lalanda, <span style=\"text-decoration: underline;\">St\u00e9phanie\u00a0Chollet<\/span>. <b>Development tool for service-oriented applications in smart homes.<\/b> In <i>Proceedings of the 2008 IEEE Internation Conference on Services Computing \u2013 Volume 2 (SCC 2008)<\/i>, p. 239-246, July 8-11, 2008, Honolulu, HI, USA, IEEE Computer Society.<\/li>\n<\/ol>\n<h1 style=\"text-align: left;\">International Workshops<\/h1>\n<p style=\"text-align: left;\"><i>With proceeding committee and publication<\/i><\/p>\n<ol style=\"text-align: justify;\">\n<li>Philippe Lalanda, <span style=\"text-decoration: underline;\">St\u00e9phanie Chollet<\/span>, Aygalinc Colin, Gerbert-Gaillard Eva.<b>Service-Based Architecture and Frameworks for Pervasive Health Applications<\/b> In <i>Proceedings of the 9th International Workshop on Service Oriented Cyber-Physical Systems in Converging Networked Environments (SOCNE)<\/i>, pages 35-42, September 9, 2015, Luxembourg, Luxembourg.<\/li>\n<li>Philippe Lalanda, <span style=\"text-decoration: underline;\">St\u00e9phanie Chollet<\/span>, Etienne Gandrille, Catherine Hamon. <b>Maintaining Traceability Links between Design and Runtime Architectures to support Autonomic Management.<\/b> In <i>Proceedings of the 8th International Workshop on Service Oriented Cyber-Physical Systems in Converging Networked Environments (SOCNE)<\/i>, pages 19-24, September 16, 2014, Barcelona, Spain.<\/li>\n<li>Aur\u00e9lien\u00a0Faravelon, <span style=\"text-decoration: underline;\">St\u00e9phanie\u00a0Chollet<\/span>, Christine\u00a0Verdier, Agn\u00e8s\u00a0Front. <b>Enforcing privacy as access control in a pervasive context<\/b>. In <i>Proceedings of 2012 IEEE Consumer Communications and Networking Conference<\/i> (CCNC) \u2013 <i>2nd\u00a0 IEEE International Workshop on Consumer eHealth Platforms, Services and Applications<\/i> (CeHPSA), pages 380-384, January 14-17, 2012, Las Vegas, NV, USA.<\/li>\n<li><span style=\"text-decoration: underline;\">St\u00e9phanie\u00a0Chollet<\/span>, Vincent\u00a0Lestideau, Philippe\u00a0Lalanda, Diana\u00a0Moreno-Garcia, Pierre\u00a0Colomb. <b>Heterogeneous Service Selection based on Formal Concept Analysis<\/b>. In <i>2010 6th World Congress on Services (SERVICES 2010)<\/i>, pages 367-374, Washington, DC, USA, July 2010. IEEE Computer Society. DOI\u00a0: <a href=\"http:\/\/doi.ieeecomputersociety.org\/10.1109\/SERVICES.2010.35\">http:\/\/doi.ieeecomputersociety.org\/10.1109\/SERVICES.2010.35<\/a><\/li>\n<li><span style=\"text-decoration: underline;\">St\u00e9phanie\u00a0Chollet<\/span>, Philippe\u00a0Lalanda, Gabriel\u00a0Pedraza. <b>Secure Integration of Service-Oriented Application<\/b> \u2013 In <i>International Workshop on the Future Internet Things and Services \u2013 Embedded Web Services for Pervasive Devices<\/i>, September 1-3, 2009, Berlin, Germany.<\/li>\n<li><span style=\"text-decoration: underline;\">St\u00e9phanie\u00a0Chollet<\/span>, Philippe\u00a0Lalanda, Andr\u00e9\u00a0Bottaro. <b>Transparently Adding Security Properties to Service Orchestration<\/b> \u2013 In <i>Proceedings of the 22<sup>nd<\/sup> International Conference on Advanced Information Networking and Applications (<\/i>AINA<i>) \u2013 Workshops: Service Oriented Architecture in Converging Networked Environments (<\/i>SOCNE 08<i>)<\/i>, pages 1363-1368, Washington, DC, USA, March 2008. IEEE Computer Society. DOI\u00a0: <a href=\"http:\/\/dx.doi.org\/10.1109\/WAINA.2008.70\">http:\/\/dx.doi.org\/10.1109\/WAINA.2008.70<\/a><br \/>\n<span style=\"color: red;\"><b>Best Paper Award<\/b><\/span><\/li>\n<\/ol>\n<div id=\"ir-ext-ui\" style=\"color: #000000; font-size: 16px; line-height: 16px; background-color: #f7f7f7; border: 1px solid #999999; border-radius: 1px; top: 1px; left: 1px;\">\n<div class=\"ir-ext-dimensions\"><span class=\"ir-ext-rendered\" title=\"Rendered image dimensions (after any scaling\/resizing has been applied)\"> x <\/span> <span class=\"ir-ext-natural\" title=\"Natural image dimensions (without applying any scaling\/resizing)\"> (x) <\/span><\/div>\n<div class=\"ir-ext-filesize\"><\/div>\n<\/div>\n","protected":false},"excerpt":{"rendered":"<p>Liens: DBLP Google scholar Chapitres de livre Aur\u00e9lien\u00a0Faravelon, St\u00e9phanie\u00a0Chollet. Access Control in Service Compositions: Challenges and Solution Architecture dans Service-Driven Approaches to Architecture and Enterprise Integration, publi\u00e9 par IGI Global, \u00e9dit\u00e9 par Raja Ramanathan et Kirtana Raja, June 2013, p. &hellip; <a href=\"https:\/\/lig-membres.imag.fr\/chollet\/publications\/\">Continue reading <span class=\"meta-nav\">&rarr;<\/span><\/a><\/p>\n","protected":false},"author":105,"featured_media":0,"parent":0,"menu_order":0,"comment_status":"closed","ping_status":"closed","template":"","meta":{"footnotes":""},"class_list":["post-7","page","type-page","status-publish","hentry"],"_links":{"self":[{"href":"https:\/\/lig-membres.imag.fr\/chollet\/wp-json\/wp\/v2\/pages\/7","targetHints":{"allow":["GET"]}}],"collection":[{"href":"https:\/\/lig-membres.imag.fr\/chollet\/wp-json\/wp\/v2\/pages"}],"about":[{"href":"https:\/\/lig-membres.imag.fr\/chollet\/wp-json\/wp\/v2\/types\/page"}],"author":[{"embeddable":true,"href":"https:\/\/lig-membres.imag.fr\/chollet\/wp-json\/wp\/v2\/users\/105"}],"replies":[{"embeddable":true,"href":"https:\/\/lig-membres.imag.fr\/chollet\/wp-json\/wp\/v2\/comments?post=7"}],"version-history":[{"count":38,"href":"https:\/\/lig-membres.imag.fr\/chollet\/wp-json\/wp\/v2\/pages\/7\/revisions"}],"predecessor-version":[{"id":131,"href":"https:\/\/lig-membres.imag.fr\/chollet\/wp-json\/wp\/v2\/pages\/7\/revisions\/131"}],"wp:attachment":[{"href":"https:\/\/lig-membres.imag.fr\/chollet\/wp-json\/wp\/v2\/media?parent=7"}],"curies":[{"name":"wp","href":"https:\/\/api.w.org\/{rel}","templated":true}]}}