{"id":228,"date":"2012-02-18T14:21:39","date_gmt":"2012-02-18T14:21:39","guid":{"rendered":"http:\/\/bdenisb.wordpress.com\/?page_id=2"},"modified":"2014-02-05T11:30:00","modified_gmt":"2014-02-05T10:30:00","slug":"about","status":"publish","type":"page","link":"https:\/\/lig-membres.imag.fr\/denisb\/about\/","title":{"rendered":"About"},"content":{"rendered":"<p><!--:fr-->Nom : Denis Bouhineau<a href=\"http:\/\/lig-membres.imag.fr\/denisb\/wp-content\/uploads\/sites\/41\/2012\/02\/DenisB2011.jpg\"><img loading=\"lazy\" decoding=\"async\" class=\"size-full wp-image-519 alignright\" alt=\"DenisB2011\" src=\"http:\/\/lig-membres.imag.fr\/denisb\/wp-content\/uploads\/sites\/41\/2012\/02\/DenisB2011.jpg\" width=\"196\" height=\"251\" \/><\/a><br \/>\nFonction : Enseignant-Chercheur<\/p>\n<p>Enseignement : l&#8217;informatique, l&#8217;algorithmique, les ordinateurs &#8230;<br \/>\nRecherche : l&#8217;enseignement avec l&#8217;aide d&#8217;ordinateurs, enseignement de l&#8217;alg\u00e8bre, de la g\u00e9om\u00e9trie, de l&#8217;informatique &#8230;<\/p>\n<p>n.b.: &#8211; ne pas confondre l&#8217;enseignement de l&#8217;informatique (pour moi, cot\u00e9 enseignement, \u00e9ventuellement sans informatique mais avec un bon vieux tableau noir et des craies) et l&#8217;informatique de l&#8217;enseignement (pour moi cot\u00e9 recherche, avec \u00e9ventuellement de l&#8217;informatique de l&#8217;enseignement de l&#8217;informatique)<br \/>\n&#8211; quant \u00e0 l&#8217;informatique de l&#8217;enseignement de l&#8217;informatique de l&#8217;enseignement (un EIAH pour un hypoth\u00e9tique M2R EIAH) et l&#8217;enseignement de l&#8217;informatique de l&#8217;enseignement de l&#8217;informatique (hypoth\u00e9tique module de M2R EIAH pour le domaine de l&#8217;informatique), cela existe peut-\u00eatre, mais pour ce qui me concerne, je n&#8217;y participe pas. Idem pour l&#8217;informatique de l&#8217;enseignement de l&#8217;informatique de l&#8217;enseignement de l&#8217;informatique&#8230;. enfin bref, en algorithmique, il y a quelque chose du c\u00f4t\u00e9 de la r\u00e9cursivit\u00e9 qui me plait pas mal.<!--:--><!--:en-->Nom : Denis Bouhineau<a href=\"http:\/\/lig-membres.imag.fr\/denisb\/wp-content\/uploads\/sites\/41\/2012\/05\/img_9890b.jpg\"><img loading=\"lazy\" decoding=\"async\" class=\"alignright size-full wp-image-201\" style=\"border:1px solid black;margin:20px 30px\" title=\"IMG_9890b\" src=\"http:\/\/lig-membres.imag.fr\/denisb\/wp-content\/uploads\/sites\/41\/2012\/05\/img_9890b.jpg\" alt=\"\" width=\"200\" height=\"247\" \/><\/a><br \/>\nFonction : Enseignant-Chercheur<\/p>\n<p>Enseignement : l&#8217;informatique, l&#8217;algorithmique, les ordinateurs &#8230;<br \/>\nRecherche : l&#8217;enseignement avec l&#8217;aide d&#8217;ordinateurs, enseignement de l&#8217;alg\u00e8bre, de la g\u00e9om\u00e9trie, de l&#8217;informatique &#8230;<\/p>\n<p>n.b.: &#8211; ne pas confondre l&#8217;enseignement de l&#8217;informatique (pour moi, cot\u00e9 enseignement, \u00e9ventuellement sans informatique mais avec un bon vieux tableau noir et des craies) et l&#8217;informatique de l&#8217;enseignement (pour moi cot\u00e9 recherche, avec \u00e9ventuellement de l&#8217;informatique de l&#8217;enseignement de l&#8217;informatique)<br \/>\n&#8211; quant \u00e0 l&#8217;informatique de l&#8217;enseignement de l&#8217;informatique de l&#8217;enseignement (un EIAH pour un hypoth\u00e9tique M2R EIAH) et l&#8217;enseignement de l&#8217;informatique de l&#8217;enseignement de l&#8217;informatique (hypoth\u00e9tique module de M2R EIAH pour le domaine de l&#8217;informatique), cela existe peut-\u00eatre, mais pour ce qui me concerne, je n&#8217;y participe pas. Idem pour l&#8217;informatique de l&#8217;enseignement de l&#8217;informatique de l&#8217;enseignement de l&#8217;informatique&#8230;. enfin bref, en algorithmique, il y a quelque chose du c\u00f4t\u00e9 de la r\u00e9cursivit\u00e9 qui me plait pas mal.<!--:--><\/p>\n","protected":false},"excerpt":{"rendered":"<p>Nom : Denis Bouhineau Fonction : Enseignant-Chercheur Enseignement : l&#8217;informatique, l&#8217;algorithmique, les ordinateurs &#8230; Recherche : l&#8217;enseignement avec l&#8217;aide d&#8217;ordinateurs, [&hellip;]<\/p>\n","protected":false},"author":42,"featured_media":0,"parent":0,"menu_order":0,"comment_status":"open","ping_status":"open","template":"","meta":{"site-sidebar-layout":"default","site-content-layout":"","ast-site-content-layout":"","site-content-style":"default","site-sidebar-style":"default","ast-global-header-display":"","ast-banner-title-visibility":"","ast-main-header-display":"","ast-hfb-above-header-display":"","ast-hfb-below-header-display":"","ast-hfb-mobile-header-display":"","site-post-title":"","ast-breadcrumbs-content":"","ast-featured-img":"","footer-sml-layout":"","theme-transparent-header-meta":"","adv-header-id-meta":"","stick-header-meta":"","header-above-stick-meta":"","header-main-stick-meta":"","header-below-stick-meta":"","astra-migrate-meta-layouts":"default","ast-page-background-enabled":"default","ast-page-background-meta":{"desktop":{"background-color":"var(--ast-global-color-5)","background-image":"","background-repeat":"repeat","background-position":"center center","background-size":"auto","background-attachment":"scroll","background-type":"","background-media":"","overlay-type":"","overlay-color":"","overlay-opacity":"","overlay-gradient":""},"tablet":{"background-color":"","background-image":"","background-repeat":"repeat","background-position":"center center","background-size":"auto","background-attachment":"scroll","background-type":"","background-media":"","overlay-type":"","overlay-color":"","overlay-opacity":"","overlay-gradient":""},"mobile":{"background-color":"","background-image":"","background-repeat":"repeat","background-position":"center center","background-size":"auto","background-attachment":"scroll","background-type":"","background-media":"","overlay-type":"","overlay-color":"","overlay-opacity":"","overlay-gradient":""}},"ast-content-background-meta":{"desktop":{"background-color":"var(--ast-global-color-4)","background-image":"","background-repeat":"repeat","background-position":"center center","background-size":"auto","background-attachment":"scroll","background-type":"","background-media":"","overlay-type":"","overlay-color":"","overlay-opacity":"","overlay-gradient":""},"tablet":{"background-color":"var(--ast-global-color-4)","background-image":"","background-repeat":"repeat","background-position":"center center","background-size":"auto","background-attachment":"scroll","background-type":"","background-media":"","overlay-type":"","overlay-color":"","overlay-opacity":"","overlay-gradient":""},"mobile":{"background-color":"var(--ast-global-color-4)","background-image":"","background-repeat":"repeat","background-position":"center center","background-size":"auto","background-attachment":"scroll","background-type":"","background-media":"","overlay-type":"","overlay-color":"","overlay-opacity":"","overlay-gradient":""}},"footnotes":""},"class_list":["post-228","page","type-page","status-publish","hentry"],"_links":{"self":[{"href":"https:\/\/lig-membres.imag.fr\/denisb\/wp-json\/wp\/v2\/pages\/228","targetHints":{"allow":["GET"]}}],"collection":[{"href":"https:\/\/lig-membres.imag.fr\/denisb\/wp-json\/wp\/v2\/pages"}],"about":[{"href":"https:\/\/lig-membres.imag.fr\/denisb\/wp-json\/wp\/v2\/types\/page"}],"author":[{"embeddable":true,"href":"https:\/\/lig-membres.imag.fr\/denisb\/wp-json\/wp\/v2\/users\/42"}],"replies":[{"embeddable":true,"href":"https:\/\/lig-membres.imag.fr\/denisb\/wp-json\/wp\/v2\/comments?post=228"}],"version-history":[{"count":2,"href":"https:\/\/lig-membres.imag.fr\/denisb\/wp-json\/wp\/v2\/pages\/228\/revisions"}],"predecessor-version":[{"id":520,"href":"https:\/\/lig-membres.imag.fr\/denisb\/wp-json\/wp\/v2\/pages\/228\/revisions\/520"}],"wp:attachment":[{"href":"https:\/\/lig-membres.imag.fr\/denisb\/wp-json\/wp\/v2\/media?parent=228"}],"curies":[{"name":"wp","href":"https:\/\/api.w.org\/{rel}","templated":true}]}}