{"id":24,"date":"2013-11-20T13:43:36","date_gmt":"2013-11-20T12:43:36","guid":{"rendered":"http:\/\/lig-membres.imag.fr\/denisb\/?page_id=24"},"modified":"2013-11-20T13:43:36","modified_gmt":"2013-11-20T12:43:36","slug":"administration","status":"publish","type":"page","link":"https:\/\/lig-membres.imag.fr\/denisb\/administration\/","title":{"rendered":"<!--:fr-->Administration<!--:-->"},"content":{"rendered":"<p><!--:fr--><\/p>\n<div id=\"bloc-container\">\n<div id=\"bloc-cv\">\n<div id=\"idBlocTexteACotePhoto\" align=\"justify\">\n<p><b><em id=\"idTitreBloc\">Statut<\/em><\/b><\/p>\n<p><img decoding=\"async\" id=\"bloc-photo\" style=\"float: right\" title=\"pour voir la fin, cliquer\" alt=\"\" src=\"http:\/\/membres-lig.imag.fr\/bouhineau\/92-01-Ct.gif\" \/>\u00a0\u00a0\u00a0 Ma\u00eetre de conf\u00e9rences en informatique \u00e0 l&#8217;Universit\u00e9 Joseph Fourier &#8211; Grenoble I (UJF)<\/p>\n<p>Chercheur en informatique dans l&#8217;\u00e9quipe Mod\u00e8le et Technologies pour l&#8217;Apprentissage Humain (METAH) du Laboratoire d&#8217;Informatique de Grenoble (LIG)<\/p>\n<p><b><em id=\"idTitreBloc\"><br \/>\n<\/em><\/b><\/p>\n<p><b><em id=\"idTitreBloc\">Contact\u00a0<\/em><\/b><\/p>\n<p>Adresse postale<\/p>\n<blockquote><p>Laboratoire LIG, Batiment Amp\u00e8re, ENSE<sup>3<\/sup><br \/>\n961 rue de la Houille Blanche,<br \/>\nBP 46 &#8211; 38402 Domaine Universitaire de Saint-Martin d&#8217;H\u00e8res Cedex<br \/>\nFRANCE<\/p><\/blockquote>\n<p>T\u00e9l\u00e9phone (fr:0\/int:33) 4 76 57 43 32<\/p>\n<p>Adresse de courriel<\/p>\n<address><a href=\"mailto:Denis.Bouhineau@imag.fr\"><b>\u00a0\u00a0\u00a0 \u00a0\u00a0\u00a0 Denis.Bouhineau@imag.fr<\/b><\/a><\/address>\n<p>Sites<\/p>\n<p>Site administratif, <a href=\"http:\/\/membres-lig.imag.fr\/bouhineau\/\">http:\/\/membres-lig.imag.fr\/bouhineau\/<\/a> (ici)<br \/>\nSite historique, <a href=\"http:\/\/www.noe-kaleidoscope.org\/people\/DenisB\/\">http:\/\/www.noe-kaleidoscope.org\/people\/DenisB\/<\/a><br \/>\nBlog (et + ?), <a href=\"http:\/\/bdenisb.wordpress.com\/\">http:\/\/bdenisb.wordpress.com\/<\/a><\/p>\n<p><b><em id=\"idTitreBloc\">Responsabilit\u00e9s<\/em><\/b><\/p>\n<ul>\n<li>Cot\u00e9 Recherche\n<ul>\n<li>Repr\u00e9sentant de MeTAH \u00e0 la Commission des Utilisateurs des Moyens Informatiques du LIG (CUMI-LIG, 2006-&#8230;)<\/li>\n<li>Membre de la mission web du LIG (2011-&#8230;)<\/li>\n<li>Webmestre de l&#8217;\u00e9quipe MeTAH (2006-2011)<\/li>\n<li>Repr\u00e9sentant de MeTAH pour TeLearn (2007-2012)<\/li>\n<\/ul>\n<\/li>\n<li>Cot\u00e9 Enseignement\n<ul>\n<li>Membre du Conseil des Etudes et de la Vie Etudiante (CEVU) de l&#8217;UJF (2011-&#8230;)<\/li>\n<li>Membre du Conseil de l&#8217;UFR IMAG (2003-2011)<\/li>\n<li>Responsable de la L3-Miage de l&#8217;UFR IM\u00b2AG (2007-&#8230;)<\/li>\n<\/ul>\n<ul>\n<li>Repr\u00e9sentant de l&#8217;UFR IM\u00b2AG \u00e0 la Commission d&#8217;\u00e9valuation des enseignements \u00e0 l&#8217;UJF (2004-2012)<\/li>\n<li>Webmestre de l&#8217;UFR-IM\u00b2AG (2010-&#8230;)<\/li>\n<\/ul>\n<\/li>\n<\/ul>\n<\/div>\n<\/div>\n<\/div>\n<p><!--:--><\/p>\n","protected":false},"excerpt":{"rendered":"<p>Statut \u00a0\u00a0\u00a0 Ma\u00eetre de conf\u00e9rences en informatique \u00e0 l&#8217;Universit\u00e9 Joseph Fourier &#8211; Grenoble I (UJF) Chercheur en informatique dans l&#8217;\u00e9quipe [&hellip;]<\/p>\n","protected":false},"author":42,"featured_media":0,"parent":0,"menu_order":0,"comment_status":"open","ping_status":"open","template":"","meta":{"site-sidebar-layout":"default","site-content-layout":"","ast-site-content-layout":"","site-content-style":"default","site-sidebar-style":"default","ast-global-header-display":"","ast-banner-title-visibility":"","ast-main-header-display":"","ast-hfb-above-header-display":"","ast-hfb-below-header-display":"","ast-hfb-mobile-header-display":"","site-post-title":"","ast-breadcrumbs-content":"","ast-featured-img":"","footer-sml-layout":"","theme-transparent-header-meta":"","adv-header-id-meta":"","stick-header-meta":"","header-above-stick-meta":"","header-main-stick-meta":"","header-below-stick-meta":"","astra-migrate-meta-layouts":"default","ast-page-background-enabled":"default","ast-page-background-meta":{"desktop":{"background-color":"var(--ast-global-color-5)","background-image":"","background-repeat":"repeat","background-position":"center center","background-size":"auto","background-attachment":"scroll","background-type":"","background-media":"","overlay-type":"","overlay-color":"","overlay-opacity":"","overlay-gradient":""},"tablet":{"background-color":"","background-image":"","background-repeat":"repeat","background-position":"center center","background-size":"auto","background-attachment":"scroll","background-type":"","background-media":"","overlay-type":"","overlay-color":"","overlay-opacity":"","overlay-gradient":""},"mobile":{"background-color":"","background-image":"","background-repeat":"repeat","background-position":"center center","background-size":"auto","background-attachment":"scroll","background-type":"","background-media":"","overlay-type":"","overlay-color":"","overlay-opacity":"","overlay-gradient":""}},"ast-content-background-meta":{"desktop":{"background-color":"var(--ast-global-color-4)","background-image":"","background-repeat":"repeat","background-position":"center center","background-size":"auto","background-attachment":"scroll","background-type":"","background-media":"","overlay-type":"","overlay-color":"","overlay-opacity":"","overlay-gradient":""},"tablet":{"background-color":"var(--ast-global-color-4)","background-image":"","background-repeat":"repeat","background-position":"center center","background-size":"auto","background-attachment":"scroll","background-type":"","background-media":"","overlay-type":"","overlay-color":"","overlay-opacity":"","overlay-gradient":""},"mobile":{"background-color":"var(--ast-global-color-4)","background-image":"","background-repeat":"repeat","background-position":"center center","background-size":"auto","background-attachment":"scroll","background-type":"","background-media":"","overlay-type":"","overlay-color":"","overlay-opacity":"","overlay-gradient":""}},"footnotes":""},"class_list":["post-24","page","type-page","status-publish","hentry"],"_links":{"self":[{"href":"https:\/\/lig-membres.imag.fr\/denisb\/wp-json\/wp\/v2\/pages\/24","targetHints":{"allow":["GET"]}}],"collection":[{"href":"https:\/\/lig-membres.imag.fr\/denisb\/wp-json\/wp\/v2\/pages"}],"about":[{"href":"https:\/\/lig-membres.imag.fr\/denisb\/wp-json\/wp\/v2\/types\/page"}],"author":[{"embeddable":true,"href":"https:\/\/lig-membres.imag.fr\/denisb\/wp-json\/wp\/v2\/users\/42"}],"replies":[{"embeddable":true,"href":"https:\/\/lig-membres.imag.fr\/denisb\/wp-json\/wp\/v2\/comments?post=24"}],"version-history":[{"count":1,"href":"https:\/\/lig-membres.imag.fr\/denisb\/wp-json\/wp\/v2\/pages\/24\/revisions"}],"predecessor-version":[{"id":25,"href":"https:\/\/lig-membres.imag.fr\/denisb\/wp-json\/wp\/v2\/pages\/24\/revisions\/25"}],"wp:attachment":[{"href":"https:\/\/lig-membres.imag.fr\/denisb\/wp-json\/wp\/v2\/media?parent=24"}],"curies":[{"name":"wp","href":"https:\/\/api.w.org\/{rel}","templated":true}]}}