{"id":8,"date":"2013-11-18T16:28:37","date_gmt":"2013-11-18T15:28:37","guid":{"rendered":"http:\/\/lig-membres.imag.fr\/denisb\/?page_id=8"},"modified":"2021-11-25T10:32:08","modified_gmt":"2021-11-25T09:32:08","slug":"accueil","status":"publish","type":"page","link":"https:\/\/lig-membres.imag.fr\/denisb\/","title":{"rendered":"<!--:fr-->Accueil<!--:-->"},"content":{"rendered":"<p><!--:fr--><\/p>\n<h2 style=\"text-align: center\">Denis Bouhineau<\/h2>\n<p><b><em id=\"idTitreBloc\">\u00a0\u00a0\u00a0 CV abr\u00e9g\u00e9 <\/em>:<\/b> Ancien \u00e9l\u00e8ve de l&#8217;ENS-Lyon, Agr\u00e9g\u00e9 de Math\u00e9matiques (!?!), Docteur en informatique (!) et enfin Ma\u00eetre de Conf\u00e9rences en informatique (!!), respectivement, \u00e0 Lyon, Grenoble (bis), Nantes puis \u00e0 nouveau \u00e0 Grenoble.<\/p>\n<h4>Au d\u00e9part<\/h4>\n<p>Initialement, mon domaine de recherche \u00e9tait la programmation logique avec contraintes (PLC), les applications pratiques associ\u00e9es \u00e0 mon travail concernaient l&#8217;enseignement de la g\u00e9om\u00e9trie. Progressivement, je suis pass\u00e9 de la PLC \u00e0 l&#8217;enseignement assist\u00e9e par ordinateur (EAO, puis EIAO, puis EIAH : Environnements Informatiques pour l&#8217;Apprentissage Humain). Ainsi mon parcours m&#8217;a permis de participer aux projets Cabri, Aplusix et de me lancer dans le projet EDBA (en cours), respectivement pour l&#8217;enseignement de la g\u00e9om\u00e9trie, de l&#8217;alg\u00e8bre et de l&#8217;algorithmique. En parall\u00e8le, j&#8217;ai un peu explor\u00e9 la g\u00e9om\u00e9trie, l&#8217;alg\u00e8bre et l&#8217;algorithmique (car l&#8217;informatisation d&#8217;une mati\u00e8re \u00e0 enseigner -transposition informatique- am\u00e8ne vite \u00e0 des probl\u00e9matiques qui sortent des sentiers battus) Sur le versant enseignement, mon premier TD portait sur les circuits logiques, j&#8217;enseigne encore l&#8217;architecture des ordinateurs &#8230; j&#8217;ai aussi, r\u00e9guli\u00e8rement mis \u00e0 contribution mes comp\u00e9tences en PLC, et, selon les ann\u00e9es, j&#8217;ai fait parti d&#8217;\u00e9quipes enseignantes d&#8217;algorithmique, de syst\u00e8me, de r\u00e9seau, de projet, de compilation, d&#8217;outils math\u00e9matiques pour l&#8217;informatique et j&#8217;en oublie probablement. Du cot\u00e9 de la vie universitaire institutionnelle, j&#8217;ai \u00e9t\u00e9 \u00e9lu au conseil de mon UFR en informatique, au CEVU de mon universit\u00e9 (en passe de d\u00e9venir Conseil Acad\u00e9mique), j&#8217;ai \u00e9t\u00e9 responsable de la mention de licence \u00e0 laquelle j&#8217;appartiens, d&#8217;une fili\u00e8re et de plusieurs UE, j&#8217;ai \u00e9t\u00e9 le correspondant de mon UFR pour l&#8217;\u00e9valuation des enseignements par les \u00e9tudiants et webmestre pour diverses UFR ou \u00e9quipes de recherche, enfin, j&#8217;ai particip\u00e9 \u00e0 l&#8217;\u00e9criture ou l&#8217;\u00e9dition de plusieurs livres et \u00e0 l&#8217;organisation de plusieurs manifestations scientifiques (entre autres).<\/p>\n<h4><b><em id=\"idTitreBloc\">Situations<\/em><\/b> (recherche)<\/h4>\n<p>2008-2018 j&#8217;ai engag\u00e9 il y quelques ann\u00e9e un travail d&#8217;exploration et de r\u00e9alisation d&#8217;un environnement d&#8217;enseignement de l&#8217;algorithmique avec de nombreux objectifs :<\/p>\n<ul>\n<li>Objectifs p\u00e9dagogiques : revisiter la distinction enseignant\/apprenant et se baser plut\u00f4t sur un continuum entre apprenants, enseignants et experts pour mettre en place un forme de travail collaboratif au sein d&#8217;une communaut\u00e9 (\u00e9ventuellement r\u00e9duite \u00e0 l&#8217;effectif des groupes universitaires usuels d&#8217;une UE), favoriser dans cette communaut\u00e9 l&#8217;enrichissement de l&#8217;environnement par de nouveaux exercices, des indications de r\u00e9solution, de l&#8217;aide \u00e0 la validation de solution (un m\u00e9canisme de test \u00e0 base de jeux d&#8217;essais \u00e9tant natif), la r\u00e9utilisation des parcours d&#8217;apprentissages r\u00e9ussis<\/li>\n<li>Objectifs technologiques : utiliser javascript plut\u00f4t que java, php, C, &#8230; pour d\u00e9finir une architecture r\u00e9utilisable d&#8217;application monopage int\u00e9grable dans un CMS (Moodle) avec -pas loin- une bd (via le r\u00e9seau) mais relativement capable de fonctionner en l&#8217;absence de r\u00e9seau et d&#8217;acc\u00e8s \u00e0 la base de donn\u00e9e tout en gardant les facilit\u00e9s de d\u00e9veloppement d&#8217;un gros projet s&#8217;\u00e9talant sur plusieurs ann\u00e9es : edi, test, documentation, versionning, version prod\/dvpt\/branch, internationalisation, param\u00e9trisation<\/li>\n<li>Objectifs algorithmiques (pour l&#8217;enseignement) : s&#8217;abstraire de la diversit\u00e9 des langages de programmation, de la difficult\u00e9 de valider un algorithme, avancer vers une ontologie du domaine, mettre en valeur la notion de jeux d&#8217;essai, revisiter la programmation litt\u00e9raire, aider la r\u00e9daction d&#8217;algorithme partant de la page blanche, leur ex\u00e9cution m\u00eame en pr\u00e9sence d&#8217;erreur, capitaliser les traces des activit\u00e9s de r\u00e9daction et de test d&#8217;algorithmes et partir \u00e0 la recherche d&#8217;informations dans ces traces.<\/li>\n<\/ul>\n<p>Certains de ces objectifs ont \u00e9t\u00e9 atteints et ont donn\u00e9 lieu \u00e0 la r\u00e9alisation d&#8217;EDBA (<a href=\"http:\/\/edba.imag.fr\">http:\/\/edba.imag.fr<\/a>) :<\/p>\n<div align=\"center\"><img decoding=\"async\" title=\"EDBA\" src=\"http:\/\/lig-membres.imag.fr\/denisb\/wp-content\/uploads\/sites\/41\/2014\/02\/logoedba.jpg\" alt=\"\" \/><\/div>\n<div style=\"text-align: left\" align=\"center\"><\/div>\n<div style=\"text-align: center\" align=\"center\"><\/div>\n<div align=\"center\"><\/div>\n<div style=\"text-align: left\" align=\"center\"><\/div>\n<div align=\"center\"><\/div>\n<div style=\"text-align: left\" align=\"center\">De 2010 \u00e0 2020, l&#8217;\u00e9quipe <a href=\"http:\/\/metah.imag.fr\">Metah <\/a>a travaill\u00e9 \u00e0 une plateforme de partage de donn\u00e9es, op\u00e9rateurs et processus de traitements de donn\u00e9es issues d&#8217;interactions avec un EIAH : c&#8217;\u00e9tait le projet UnderTracks (<a href=\"https:\/\/undertracks.imag.fr\/\">https:\/\/undertracks.imag.fr\/<\/a>) auquel j&#8217;ai particip\u00e9 activement, puis le projet Sakura (plus large) de plusieurs \u00e9quipes du laboratoire dont Metah (<a href=\"https:\/\/sakura-platform.liglab.fr\/\">https:\/\/sakura-platform.liglab.fr\/<\/a>)<\/div>\n<div align=\"center\"><\/div>\n<div style=\"text-align: left\" align=\"center\"><\/div>\n<div align=\"center\"><\/div>\n<div align=\"center\"><\/div>\n<div style=\"text-align: left\" align=\"center\"><strong>Plus r\u00e9cent<\/strong><\/div>\n<div align=\"center\">\n<p style=\"text-align: left\">En 2017-2018, j\u2019ai eu le plaisir de d\u00e9couvrir<\/p>\n<ul style=\"text-align: left\">\n<li>jupyter<\/li>\n<li>moodle\/vpl<\/li>\n<\/ul>\n<p style=\"text-align: left\">depuis, les promesses se sont confirm\u00e9es : ce sont des outils de grande qualit\u00e9 pour l\u2019enseignement et la recherche. En particulier Moodle\/VPL qui est utilis\u00e9 sur la plateforme Caseine (<a href=\"https:\/\/moodle.caseine.org\/\">https:\/\/moodle.caseine.org\/<\/a>) sur laquelle je d\u00e9ploie une grande partie de mon travail (enseignement [visible] et recherche [moins visible, mais bien pr\u00e9sent]).<\/p>\n<p>&nbsp;<\/p>\n<p style=\"text-align: left\">En savoir plus sur <a href=\"https:\/\/lig-membres.imag.fr\/denisb\/validation-dexercices-sur-les-circuits\/\">ce billet<\/a>.<\/p>\n<\/div>\n<p>&nbsp;<\/p>\n<p>(Pour mes activit\u00e9s d&#8217;enseignements, voir <a href=\"https:\/\/lig-membres.imag.fr\/denisb\/fiche-de-service\/\">ici<\/a>.)<\/p>\n<p><!--:--><\/p>\n","protected":false},"excerpt":{"rendered":"<p>Denis Bouhineau \u00a0\u00a0\u00a0 CV abr\u00e9g\u00e9 : Ancien \u00e9l\u00e8ve de l&#8217;ENS-Lyon, Agr\u00e9g\u00e9 de Math\u00e9matiques (!?!), Docteur en informatique (!) et enfin [&hellip;]<\/p>\n","protected":false},"author":42,"featured_media":0,"parent":0,"menu_order":0,"comment_status":"open","ping_status":"open","template":"","meta":{"site-sidebar-layout":"default","site-content-layout":"","ast-site-content-layout":"","site-content-style":"default","site-sidebar-style":"default","ast-global-header-display":"","ast-banner-title-visibility":"","ast-main-header-display":"","ast-hfb-above-header-display":"","ast-hfb-below-header-display":"","ast-hfb-mobile-header-display":"","site-post-title":"","ast-breadcrumbs-content":"","ast-featured-img":"","footer-sml-layout":"","theme-transparent-header-meta":"","adv-header-id-meta":"","stick-header-meta":"","header-above-stick-meta":"","header-main-stick-meta":"","header-below-stick-meta":"","astra-migrate-meta-layouts":"default","ast-page-background-enabled":"default","ast-page-background-meta":{"desktop":{"background-color":"var(--ast-global-color-5)","background-image":"","background-repeat":"repeat","background-position":"center center","background-size":"auto","background-attachment":"scroll","background-type":"","background-media":"","overlay-type":"","overlay-color":"","overlay-opacity":"","overlay-gradient":""},"tablet":{"background-color":"","background-image":"","background-repeat":"repeat","background-position":"center center","background-size":"auto","background-attachment":"scroll","background-type":"","background-media":"","overlay-type":"","overlay-color":"","overlay-opacity":"","overlay-gradient":""},"mobile":{"background-color":"","background-image":"","background-repeat":"repeat","background-position":"center center","background-size":"auto","background-attachment":"scroll","background-type":"","background-media":"","overlay-type":"","overlay-color":"","overlay-opacity":"","overlay-gradient":""}},"ast-content-background-meta":{"desktop":{"background-color":"var(--ast-global-color-4)","background-image":"","background-repeat":"repeat","background-position":"center center","background-size":"auto","background-attachment":"scroll","background-type":"","background-media":"","overlay-type":"","overlay-color":"","overlay-opacity":"","overlay-gradient":""},"tablet":{"background-color":"var(--ast-global-color-4)","background-image":"","background-repeat":"repeat","background-position":"center center","background-size":"auto","background-attachment":"scroll","background-type":"","background-media":"","overlay-type":"","overlay-color":"","overlay-opacity":"","overlay-gradient":""},"mobile":{"background-color":"var(--ast-global-color-4)","background-image":"","background-repeat":"repeat","background-position":"center center","background-size":"auto","background-attachment":"scroll","background-type":"","background-media":"","overlay-type":"","overlay-color":"","overlay-opacity":"","overlay-gradient":""}},"footnotes":""},"class_list":["post-8","page","type-page","status-publish","hentry"],"_links":{"self":[{"href":"https:\/\/lig-membres.imag.fr\/denisb\/wp-json\/wp\/v2\/pages\/8","targetHints":{"allow":["GET"]}}],"collection":[{"href":"https:\/\/lig-membres.imag.fr\/denisb\/wp-json\/wp\/v2\/pages"}],"about":[{"href":"https:\/\/lig-membres.imag.fr\/denisb\/wp-json\/wp\/v2\/types\/page"}],"author":[{"embeddable":true,"href":"https:\/\/lig-membres.imag.fr\/denisb\/wp-json\/wp\/v2\/users\/42"}],"replies":[{"embeddable":true,"href":"https:\/\/lig-membres.imag.fr\/denisb\/wp-json\/wp\/v2\/comments?post=8"}],"version-history":[{"count":21,"href":"https:\/\/lig-membres.imag.fr\/denisb\/wp-json\/wp\/v2\/pages\/8\/revisions"}],"predecessor-version":[{"id":598,"href":"https:\/\/lig-membres.imag.fr\/denisb\/wp-json\/wp\/v2\/pages\/8\/revisions\/598"}],"wp:attachment":[{"href":"https:\/\/lig-membres.imag.fr\/denisb\/wp-json\/wp\/v2\/media?parent=8"}],"curies":[{"name":"wp","href":"https:\/\/api.w.org\/{rel}","templated":true}]}}