{"id":105,"date":"2022-08-06T16:45:53","date_gmt":"2022-08-06T15:45:53","guid":{"rendered":"https:\/\/lig-membres.imag.fr\/dugdale\/?page_id=105"},"modified":"2022-08-10T08:07:51","modified_gmt":"2022-08-10T07:07:51","slug":"teaching","status":"publish","type":"page","link":"https:\/\/lig-membres.imag.fr\/dugdale\/general-information\/teaching\/","title":{"rendered":"Teaching"},"content":{"rendered":"<p><img loading=\"lazy\" decoding=\"async\" class=\"size-medium wp-image-178 alignleft\" src=\"http:\/\/lig-membres.imag.fr\/dugdale\/wp-content\/uploads\/sites\/270\/2022\/08\/Logo_Universite\u0301_Grenoble-Alpes_2020-300x184.jpg\" alt=\"\" width=\"300\" height=\"184\" srcset=\"https:\/\/lig-membres.imag.fr\/dugdale\/wp-content\/uploads\/sites\/270\/2022\/08\/Logo_Universite\u0301_Grenoble-Alpes_2020-300x184.jpg 300w, https:\/\/lig-membres.imag.fr\/dugdale\/wp-content\/uploads\/sites\/270\/2022\/08\/Logo_Universite\u0301_Grenoble-Alpes_2020-768x471.jpg 768w, https:\/\/lig-membres.imag.fr\/dugdale\/wp-content\/uploads\/sites\/270\/2022\/08\/Logo_Universite\u0301_Grenoble-Alpes_2020-1024x628.jpg 1024w, https:\/\/lig-membres.imag.fr\/dugdale\/wp-content\/uploads\/sites\/270\/2022\/08\/Logo_Universite\u0301_Grenoble-Alpes_2020.jpg 1920w\" sizes=\"auto, (max-width: 300px) 100vw, 300px\" \/>From 2022 my teaching is at the <a href=\"https:\/\/iut2.univ-grenoble-alpes.fr\/l-iut2\/qui-sommes-nous-\/les-departements-de-l-iut2\/informatique-info-\/\">Computer Science Department of IUT2<\/a>, University Grenoble Alps. I teach on the following courses on the <a href=\"https:\/\/iut2.univ-grenoble-alpes.fr\/formations\/but\/\">BUT (Bachelor Universitaire de Technologie)<\/a> programme:<\/p>\n<ul>\n<li>R1.05 Introduction aux bases des donn\u00e9es et SQL<\/li>\n<li>R1.02 D\u00e9veloppement d&#8217;interfaces Web<\/li>\n<li>R2.06 Exploitation d&#8217;une base de donn\u00e9es<\/li>\n<li>R2.02 D\u00e9veloppement d&#8217;applications avec IHM<\/li>\n<li>R0.4 Bases de donn\u00e9es<\/li>\n<\/ul>\n<p>Previously, from 2006 to 2022 I taught in the MIASHS (Mathematics and Computer Science Applied to Human and Social Sciences) Department at the UFR SHS, University Grenoble Alps. There I taught the following courses to Master and Undergraduate students. The Master&#8217;s courses were taught in English (with slides etc. in French). The Undergraduate course was taught in French.<\/p>\n<ul>\n<li>Artificial Intelligence and Multi-Agent Systems (M1)<\/li>\n<li>Artificial Intelligence for Complex Systems (M2)<\/li>\n<li>Langages Formels et Calculabilit\u00e9 (L2)<\/li>\n<li>Software Engineering (M1)<\/li>\n<\/ul>\n<p>I also previously taught:<\/p>\n<ul>\n<li>Human-Machine Interaction (M1)<\/li>\n<li>Databases (M1 and L2)<\/li>\n<li>Computational Cognitive Modelling (M2)<\/li>\n<\/ul>\n<p>&nbsp;<\/p>\n","protected":false},"excerpt":{"rendered":"<p>From 2022 my teaching is at the Computer Science Department of IUT2, University Grenoble Alps. I teach on the following courses on the BUT (Bachelor Universitaire de Technologie) programme: R1.05 Introduction aux bases des donn\u00e9es et SQL R1.02 D\u00e9veloppement d&#8217;interfaces Web R2.06 Exploitation d&#8217;une base de donn\u00e9es R2.02 D\u00e9veloppement d&#8217;applications avec IHM R0.4 Bases de [&hellip;]<\/p>\n","protected":false},"author":896,"featured_media":0,"parent":73,"menu_order":0,"comment_status":"closed","ping_status":"closed","template":"template-full.php","meta":{"footnotes":""},"class_list":["post-105","page","type-page","status-publish","hentry"],"_links":{"self":[{"href":"https:\/\/lig-membres.imag.fr\/dugdale\/wp-json\/wp\/v2\/pages\/105","targetHints":{"allow":["GET"]}}],"collection":[{"href":"https:\/\/lig-membres.imag.fr\/dugdale\/wp-json\/wp\/v2\/pages"}],"about":[{"href":"https:\/\/lig-membres.imag.fr\/dugdale\/wp-json\/wp\/v2\/types\/page"}],"author":[{"embeddable":true,"href":"https:\/\/lig-membres.imag.fr\/dugdale\/wp-json\/wp\/v2\/users\/896"}],"replies":[{"embeddable":true,"href":"https:\/\/lig-membres.imag.fr\/dugdale\/wp-json\/wp\/v2\/comments?post=105"}],"version-history":[{"count":7,"href":"https:\/\/lig-membres.imag.fr\/dugdale\/wp-json\/wp\/v2\/pages\/105\/revisions"}],"predecessor-version":[{"id":186,"href":"https:\/\/lig-membres.imag.fr\/dugdale\/wp-json\/wp\/v2\/pages\/105\/revisions\/186"}],"up":[{"embeddable":true,"href":"https:\/\/lig-membres.imag.fr\/dugdale\/wp-json\/wp\/v2\/pages\/73"}],"wp:attachment":[{"href":"https:\/\/lig-membres.imag.fr\/dugdale\/wp-json\/wp\/v2\/media?parent=105"}],"curies":[{"name":"wp","href":"https:\/\/api.w.org\/{rel}","templated":true}]}}