{"id":160,"date":"2022-08-08T09:23:48","date_gmt":"2022-08-08T08:23:48","guid":{"rendered":"https:\/\/lig-membres.imag.fr\/dugdale\/?page_id=160"},"modified":"2025-12-12T14:15:31","modified_gmt":"2025-12-12T13:15:31","slug":"phd-defense-juries","status":"publish","type":"page","link":"https:\/\/lig-membres.imag.fr\/dugdale\/general-information\/other-academic-activities\/phd-defense-juries\/","title":{"rendered":"PhD Defense Juries"},"content":{"rendered":"<ul>\n<li>Maria Paula Corr\u00eaa Angeloni (Universit\u00e9 Polytechnique Hauts-de-France et INA Hauts-de-France). Quality in use evaluation of smart environment applications by agent-based simulation. December 2025 (Rapporteur).<\/li>\n<li>Arthur Brugi\u00e8re (L\u2019universit\u00e9 Sorbonne). Couplage dynamique et passage \u00e0 l\u2019\u00e9chelle de mod\u00e8les socio-environnementaux complexes. December 2025 (Rapporteur).<\/li>\n<li>Huu Tu Dang (Universit\u00e9 de Toulouse). Simulation and prediction of dense crowd dynamics. January 2025 (Rapporteur).<\/li>\n<li>Andrea Kalaitzakis (Universit\u00e9 Grenoble Alpes). Cultural evolution of knowledge within cognitively-restricted agents: accuracy, specialization and benefits. December 2024 (Examiner).<\/li>\n<li>No\u00e9 Carles (Avignon Universit\u00e9). De l\u2019alerte tsunami \u00e0 la mise en s\u00e9curit\u00e9 des populations en m\u00e9diterran\u00e9e fran\u00e7aise : d\u2019une approche par sc\u00e9nario \u00e0 un mod\u00e8le \u00e0 base d\u2019agents. December 2024 (Rapporteur).<\/li>\n<li>Andrea Kalaitzakis (University Grenoble Alps). Cultural evolution of knowledge within cognitively-restricted agents: accuracy, specialization and benefits. December 2024 (Examiner).<\/li>\n<li>Olivier Gillet (Universit\u00e9 de Rouen). Mod\u00e9lisation et simulation des \u00e9vacuations de la population basse-terrienne lors d\u2019une crise \u00e9ruptive de La Soufri\u00e8re de Guadeloupe. February 2024.<\/li>\n<li>Benoit Renault (INSA Lyon). Navigation Among Movable Obstacles (NAMO) Extended to Social and Multi-Robot Constraints. December 2023 (Examiner).<\/li>\n<li>Lysa Gramoli (INSA Rennes). Simulating Autonomous Agent in Connected Virtual Environments. September 2023 (Rapporteur).<\/li>\n<li>Yasser Bourahla (Universit\u00e9 Grenoble Alpes). Multi-agent simulation of cultural ontology evolution through interaction. July 2023 (Examiner).<\/li>\n<li>Yol\u00e8ne Berrou (Universit\u00e9 de Technologie de Troyes ). N\u0153uds socio-\u00e9nerg\u00e9tiques et complexes simpliciaux orient\u00e9s donn\u00e9es pour l\u2019exploration de communaut\u00e9s d\u2019\u00e9nergie. June 2023 (Rapporteur).<\/li>\n<li>Tristan de Blauwe (Universit\u00e9 de technologie de Compi\u00e8gne). &#8220;G\u00e9n\u00e9ration de comportements variables induits par des mod\u00e8les cognitifs modulaires, appliqu\u00e9 \u00e0 une \u00e9quipe virtuelle en situation de crise, dans un contexte de formation<i>&#8220;. <\/i>March 2023 (Examiner).<i><br \/>\n<\/i><\/li>\n<li>Therese Anne M. Rollan (Swinburne University, Australia). &#8220;An Adaptive Building Evacuation Simulation and Decision Support Framework\u200b&#8221;. <span dir=\"ltr\" role=\"presentation\">March 2023. (Overseas Examiner, equivalent to rapporteur).<\/span><\/li>\n<li>Nilani Algiriyage (Massey University, New Zealand). &#8220;<span dir=\"ltr\" role=\"presentation\"> \u201c<\/span><span dir=\"ltr\" role=\"presentation\">M<\/span><span dir=\"ltr\" role=\"presentation\">ulti<\/span><span dir=\"ltr\" role=\"presentation\">&#8211;<\/span><span dir=\"ltr\" role=\"presentation\">source multi<\/span><span dir=\"ltr\" role=\"presentation\">&#8211;<\/span><span dir=\"ltr\" role=\"presentation\">modal deep learnin<\/span><span dir=\"ltr\" role=\"presentation\">g to <\/span><span dir=\"ltr\" role=\"presentation\">improve situation awareness: an application of emergency traffic <\/span><span dir=\"ltr\" role=\"presentation\">management<\/span><span dir=\"ltr\" role=\"presentation\">\u201d. March 2023 (Overseas Examiner, equivalent to rapporteur).<\/span><\/li>\n<li>Ujjwal Pratap (Universit\u00e9 Grenoble Alpes). &#8220;Estimation and control for resilience in large-scale network systems&#8221;. September 2022 (Examiner).<\/li>\n<li>Thomas Alves (l\u2019Universit\u00e9 de Bretagne occidentale). &#8220;Visualisation et Interactions avec une colonie d&#8217;abeilles virtuelles Simulation, complexit\u00e9 et p\u00e9dagogie&#8221;. December 2021 (Examiner).<\/li>\n<li>Bruno Perez (l\u2019Universit\u00e9 de Bourgogne\/Franche-Comt\u00e9). &#8220;Pr\u00e9diction de l\u2019\u00e9volution d\u2019un syst\u00e8me complexe dans un contexte non d\u00e9terministe : architecture bas\u00e9e sur le couplage SMA\/R\u00e0PCet la clusterisation&#8221;. September 2021 (Rapporteur).<\/li>\n<li>Robin Batard (T\u00e9l\u00e9com Paris &#8211; Institut Polytechnique de Paris). &#8220;Int\u00e9grer les contributions citoyennes aux dispositifs de gestion de crise : l\u2019apport des m\u00e9dias sociaux&#8221;. June 2021 (Examiner).<\/li>\n<li>Hanane Ariouat (Universit\u00e9 de Toulouse 1 Capitole). &#8220;Contribution \u00e0 la recommendation social et comportementale pour la coordination en gestion de crise&#8221;. March 2021 (Examiner).<\/li>\n<li>Reem Abubakr Abbas (Auckland University of Technology). &#8220;Cross-Agency Communication and Information Exchange in Disaster Healthcare&#8221;. February 2021 (Overseas Examiner, equivalent to rapporteur).<\/li>\n<li>Ibtissem Daoudi (Aix-Marseille Universit\u00e9 (LIS) \/ Universit\u00e9 de la Manouba (ENSI\/LARIA). \u201cDe l\u2019\u00e9valuation \u00e0 l\u2019adaptation d\u2019un environnement de jeu s\u00e9rieux : application \u00e0 la gestion de crise&#8221;. December 2020 (Examiner).<\/li>\n<li>Marion Lara Tan (Massey University, New Zealand). \u201cUsability of disaster apps: Understanding the perspectives of the public as end-users\u201d. March 2021 (Overseas Examiner, equivalent to rapporteur).<\/li>\n<li>Maude Arru (Universit\u00e9 Paris-Dauphine, France). &#8220;Introduction de connaissances relatives aux comportements des populations dans les syst\u00e8mes d&#8217;alerte pr\u00e9coce&#8221;. November, 2019 (Rapporteur).<\/li>\n<li>Simon Pageaud (Universit\u00e9 Claude Bernard Lyon 1, France). &#8220;Architecture g\u00e9n\u00e9rique pour la co-construction de politiques urbaines bas\u00e9e sur l&#8217;apprentissage par renforcement multi-agent&#8221;. September 2019 (Examiner).<\/li>\n<li>Justin-Herve M. Noubissi (Universit\u00e9 Pierre et Marie Curie, France). &#8220;Mod\u00e9lisation et Simulation spatio-temporelles de syst\u00e8mes dynamics complexes &#8211; application en Epid\u00e9miologie : cas du Paludisme&#8221;. March 2019 (Examiner).<\/li>\n<li>Galateia Terti (Universit\u00e9 Grenoble-Alpes, France). &#8220;Forecasting of flash-flood human impacts integrating the social vulnerability dynamics&#8221;. March 2017 (Examiner).<\/li>\n<li>Nguyen-Tuan-Thanh LE (Universit\u00e9 de Toulouse, France). &#8220;Coordination Models for Crisis Resolution: Discovery, Analysis and Assessment&#8221;. December 2016 (Rapporteur)<\/li>\n<li>Jason Chapman. (University of Nottingham, UK.). &#8220;Multi-agent Stochastic Simulation of Occupants in Buildings&#8221;. November 2016 (Overseas Examiner, equivalent to rapporteur).<\/li>\n<li>Thomas Huraux, (Universit\u00e9 Pierre et Marie Curie, France). &#8220;Simulation multi-agent d\u2019un syst\u00e8me complexe : combiner des domaines d\u2019expertise par une approche multi-niveau &#8211; Le cas de la consommation \u00e9lectrique r\u00e9sidentielle.&#8221;. October 2015 (Rapporteur).<\/li>\n<li>Guillaume Mac\u00e9-Ram\u00e8te, (Universit\u00e9 de Toulouse, d\u00e9livr\u00e9 par l&#8217;Ecole Nationale Sup\u00e9rieure des Mines d&#8217;Albi-Carmaux, France). &#8220;Syst\u00e8me d\u2019Information de M\u00e9diation pour le pilotage r\u00e9actif et anticipatif de la r\u00e9ponse \u00e0 une situation de crise : application aux perturbations sur les r\u00e9seaux routiers&#8221;. April 2015 (Rapporteur).<\/li>\n<li>Minh Thai TRUONG, (Universit\u00e9 de Toulouse 1 Capitole, France) &#8220;To develop a database management tool for multi-agent simulation platform&#8221;. February 2015. (Rapporteur).<\/li>\n<li>Dimitri Masso, (Universit\u00e9 de Grenoble, France) &#8220;Inspirez ! Explorez ! Soutien \u00e0 la cr\u00e9ativit\u00e9 en conception d\u2019interfaces homme-machine&#8221;. September 2014 (Examiner).<\/li>\n<li>Duncan Wilson (Durham University, UK.) &#8220;Online optimisation of casualty processing in major incident response&#8221;. September 2014. (Overseas Examiner, equivalent to rapporteur).<\/li>\n<li>M&#8217;hammed Ali Oulhaci (Universit\u00e9 d&#8217;Aix-Marseille, France) &#8220;Evaluation individuelle et collective dans les jeux s\u00e9rieux collaboratifs : Application \u00e0 la gestion de crise\u201d. June 2014. (Examiner).<\/li>\n<li>Santiago Ruano Rincon (T\u00e9l\u00e9com Bretagne\/Universit\u00e9 de Bretagne-Sud, France) &#8220;Integrating Cultural Factors in User-Interface Design&#8221;. February 2013. (Examiner).<\/li>\n<li>J\u00f6rn Franke (LORIA\/INRIA\/Universit\u00e9 de Nancy, France) \u201cCoordination of Activities in Dynamic Situations &#8211; The Case of Inter-organizational Crisis Management\u201d. October 2011. (Examiner).<\/li>\n<li>Thanh-Quang Chu (Paris 6, France) \u201cUsing Agent based models and machine learning to enhance Spatial Decision-Support Systems\u201d. July 2011. (Examiner).<\/li>\n<\/ul>\n<p>&nbsp;<\/p>\n","protected":false},"excerpt":{"rendered":"<p>Maria Paula Corr\u00eaa Angeloni (Universit\u00e9 Polytechnique Hauts-de-France et INA Hauts-de-France). Quality in use evaluation of smart environment applications by agent-based simulation. December 2025 (Rapporteur). Arthur Brugi\u00e8re (L\u2019universit\u00e9 Sorbonne). Couplage dynamique et passage \u00e0 l\u2019\u00e9chelle de mod\u00e8les socio-environnementaux complexes. December 2025 (Rapporteur). Huu Tu Dang (Universit\u00e9 de Toulouse). Simulation and prediction of dense crowd dynamics. January [&hellip;]<\/p>\n","protected":false},"author":896,"featured_media":0,"parent":109,"menu_order":0,"comment_status":"closed","ping_status":"closed","template":"","meta":{"footnotes":""},"class_list":["post-160","page","type-page","status-publish","hentry"],"_links":{"self":[{"href":"https:\/\/lig-membres.imag.fr\/dugdale\/wp-json\/wp\/v2\/pages\/160","targetHints":{"allow":["GET"]}}],"collection":[{"href":"https:\/\/lig-membres.imag.fr\/dugdale\/wp-json\/wp\/v2\/pages"}],"about":[{"href":"https:\/\/lig-membres.imag.fr\/dugdale\/wp-json\/wp\/v2\/types\/page"}],"author":[{"embeddable":true,"href":"https:\/\/lig-membres.imag.fr\/dugdale\/wp-json\/wp\/v2\/users\/896"}],"replies":[{"embeddable":true,"href":"https:\/\/lig-membres.imag.fr\/dugdale\/wp-json\/wp\/v2\/comments?post=160"}],"version-history":[{"count":17,"href":"https:\/\/lig-membres.imag.fr\/dugdale\/wp-json\/wp\/v2\/pages\/160\/revisions"}],"predecessor-version":[{"id":305,"href":"https:\/\/lig-membres.imag.fr\/dugdale\/wp-json\/wp\/v2\/pages\/160\/revisions\/305"}],"up":[{"embeddable":true,"href":"https:\/\/lig-membres.imag.fr\/dugdale\/wp-json\/wp\/v2\/pages\/109"}],"wp:attachment":[{"href":"https:\/\/lig-membres.imag.fr\/dugdale\/wp-json\/wp\/v2\/media?parent=160"}],"curies":[{"name":"wp","href":"https:\/\/api.w.org\/{rel}","templated":true}]}}