{"id":169,"date":"2022-08-08T10:34:08","date_gmt":"2022-08-08T09:34:08","guid":{"rendered":"https:\/\/lig-membres.imag.fr\/dugdale\/?page_id=169"},"modified":"2024-01-04T09:56:59","modified_gmt":"2024-01-04T08:56:59","slug":"responsibilities","status":"publish","type":"page","link":"https:\/\/lig-membres.imag.fr\/dugdale\/general-information\/other-academic-activities\/responsibilities\/","title":{"rendered":"Responsibilities"},"content":{"rendered":"<h4>Teaching<\/h4>\n<ul>\n<li>Responsible for the Remediation Semester R0, IUT2 Computing department 2023 &#8211; present.<\/li>\n<li>Responsible for academic student International Relations BUT3, IUT2 Computing department 2022 &#8211; present.<\/li>\n<li>Responsible for the MIASHS Master UFR SHS 2014-2016<\/li>\n<li>Responsible for the M2 MIASHS Master UFR SHS 2006-2011, 2013-2014, and 2020-2022.<\/li>\n<li>Responsible for Student International Exchanges (Under and Post graduate) for the MIASHS department, UFR SHS from 2006 to 2022<\/li>\n<li>Member of Associate Professor Selection Committees (Computer Science, section 27): Universit\u00e9 Grenoble Alpes, 2023, l\u2019Universit\u00e9 de Dijon, 2022; Universit\u00e9 Toulouse 1, 2010, 2013, 2019; \u00a0Universit\u00e9 Claude Bernard Lyon 1, 2012 et 2015; Universit\u00e9 de Technologie de Troyes, 2013; Universit\u00e9 Pierre-Mend\u00e8s France, 2013, Agder University, Norway, 2011.<\/li>\n<\/ul>\n<h4>Institutional Membership<\/h4>\n<ul>\n<li>Honorary Member ISCRAM (Information Systems for Crisis Response and Management) Association <a href=\"https:\/\/iscram.org\/\">https:\/\/iscram.org\/<\/a><\/li>\n<li>Vice Chair IFIP Work Group 5.15 Information Technology in Disaster Risk Reduction<\/li>\n<li>Member of MAPS Network (R\u00e9seau th\u00e9matique de mod\u00e9lisation multi-agents appliqu\u00e9e aux ph\u00e9nom\u00e8nes spatialis\u00e9s<\/li>\n<li>Member of the ASSESS (Agent-based Simulation for sustainable Socio-Environmental SystemS) network<\/li>\n<li>Member of INSTICC (Institute for Systems and Technologies of Information, Control and Communication)<\/li>\n<li>Member IEEE<\/li>\n<li>Member ACM<\/li>\n<li>Member of The International Association for Fire Safety \u2013 Large Outdoor Fires and the Built Environment Working Group.<\/li>\n<li>Member of NSTICC (Institute for Systems and Technologies of Information, Control and Communication)<\/li>\n<\/ul>\n<h4>Council Membership<\/h4>\n<ul>\n<li>Member of the Scientific Commission Council for the Institute for Research and Development (IRD) CSS5. 2016-2021<\/li>\n<li>Departmental representative on the UFR council from 2018 to 2022)<\/li>\n<\/ul>\n<h4>Research Lab Responsabilities<\/h4>\n<ul>\n<li>Co-Responsible for International Relations for LIG since 2022<\/li>\n<li>HAwAI (Human Aware Artificial Intelligence) Research Team Leader (formally MAGMA) 2011-2021<\/li>\n<\/ul>\n","protected":false},"excerpt":{"rendered":"<p>Teaching Responsible for the Remediation Semester R0, IUT2 Computing department 2023 &#8211; present. Responsible for academic student International Relations BUT3, IUT2 Computing department 2022 &#8211; present. Responsible for the MIASHS Master UFR SHS 2014-2016 Responsible for the M2 MIASHS Master UFR SHS 2006-2011, 2013-2014, and 2020-2022. Responsible for Student International Exchanges (Under and Post graduate) [&hellip;]<\/p>\n","protected":false},"author":896,"featured_media":0,"parent":109,"menu_order":0,"comment_status":"closed","ping_status":"closed","template":"template-full.php","meta":{"footnotes":""},"class_list":["post-169","page","type-page","status-publish","hentry"],"_links":{"self":[{"href":"https:\/\/lig-membres.imag.fr\/dugdale\/wp-json\/wp\/v2\/pages\/169","targetHints":{"allow":["GET"]}}],"collection":[{"href":"https:\/\/lig-membres.imag.fr\/dugdale\/wp-json\/wp\/v2\/pages"}],"about":[{"href":"https:\/\/lig-membres.imag.fr\/dugdale\/wp-json\/wp\/v2\/types\/page"}],"author":[{"embeddable":true,"href":"https:\/\/lig-membres.imag.fr\/dugdale\/wp-json\/wp\/v2\/users\/896"}],"replies":[{"embeddable":true,"href":"https:\/\/lig-membres.imag.fr\/dugdale\/wp-json\/wp\/v2\/comments?post=169"}],"version-history":[{"count":4,"href":"https:\/\/lig-membres.imag.fr\/dugdale\/wp-json\/wp\/v2\/pages\/169\/revisions"}],"predecessor-version":[{"id":232,"href":"https:\/\/lig-membres.imag.fr\/dugdale\/wp-json\/wp\/v2\/pages\/169\/revisions\/232"}],"up":[{"embeddable":true,"href":"https:\/\/lig-membres.imag.fr\/dugdale\/wp-json\/wp\/v2\/pages\/109"}],"wp:attachment":[{"href":"https:\/\/lig-membres.imag.fr\/dugdale\/wp-json\/wp\/v2\/media?parent=169"}],"curies":[{"name":"wp","href":"https:\/\/api.w.org\/{rel}","templated":true}]}}