{"id":11,"date":"2016-09-12T15:13:14","date_gmt":"2016-09-12T14:13:14","guid":{"rendered":"http:\/\/lig-membres.imag.fr\/fbrunet\/?page_id=11"},"modified":"2020-11-13T09:04:23","modified_gmt":"2020-11-13T08:04:23","slug":"home","status":"publish","type":"page","link":"https:\/\/lig-membres.imag.fr\/fbrunet\/","title":{"rendered":"Home"},"content":{"rendered":"<p><img loading=\"lazy\" decoding=\"async\" class=\"wp-image-29 alignleft\" src=\"http:\/\/lig-membres.imag.fr\/fbrunet\/wp-content\/uploads\/sites\/216\/2016\/09\/49549_697337318_4320_n.jpg\" alt=\"49549_697337318_4320_n\" width=\"119\" height=\"158\" \/>Je suis Ma\u00eetre de Conf\u00e9rences au sein du D\u00e9partement Informatique de l&#8217;IUT-2 de l&#8217;Universit\u00e9 Grenoble\u00a0Alpes, mon activit\u00e9 de recherche se d\u00e9roule au sein de l&#8217;\u00e9quipe GETALP (Groupe d&#8217;\u00c9tude en Traduction Automatique\/Traitement Automatis\u00e9 des Langues et de la Parole) du laboratoire LIG (Laboratoire d&#8217;Informatique de Grenoble).<\/p>\n<p>Mes centres d&#8217;int\u00e9r\u00eats sont :<\/p>\n<ul class=\"square\">\n<li>De\u0301veloppement d&#8217;outil pour l\u2019annotation collaborative d\u2019erreurs ;<\/li>\n<li>Etude sur les processus automatiques et interactifs de clarification du sens.<\/li>\n<\/ul>\n","protected":false},"excerpt":{"rendered":"<p>Je suis Ma\u00eetre de Conf\u00e9rences au sein du D\u00e9partement Informatique de l&#8217;IUT-2 de l&#8217;Universit\u00e9 Grenoble\u00a0Alpes, mon activit\u00e9 de recherche se d\u00e9roule au sein de l&#8217;\u00e9quipe GETALP (Groupe d&#8217;\u00c9tude en Traduction Automatique\/Traitement Automatis\u00e9 des Langues et de la Parole) du laboratoire LIG (Laboratoire d&#8217;Informatique de Grenoble). Mes centres d&#8217;int\u00e9r\u00eats sont : De\u0301veloppement d&#8217;outil pour l\u2019annotation collaborative [&hellip;]<\/p>\n","protected":false},"author":832,"featured_media":0,"parent":0,"menu_order":0,"comment_status":"closed","ping_status":"closed","template":"full-width-page.php","meta":{"footnotes":""},"class_list":["post-11","page","type-page","status-publish","hentry"],"_links":{"self":[{"href":"https:\/\/lig-membres.imag.fr\/fbrunet\/wp-json\/wp\/v2\/pages\/11","targetHints":{"allow":["GET"]}}],"collection":[{"href":"https:\/\/lig-membres.imag.fr\/fbrunet\/wp-json\/wp\/v2\/pages"}],"about":[{"href":"https:\/\/lig-membres.imag.fr\/fbrunet\/wp-json\/wp\/v2\/types\/page"}],"author":[{"embeddable":true,"href":"https:\/\/lig-membres.imag.fr\/fbrunet\/wp-json\/wp\/v2\/users\/832"}],"replies":[{"embeddable":true,"href":"https:\/\/lig-membres.imag.fr\/fbrunet\/wp-json\/wp\/v2\/comments?post=11"}],"version-history":[{"count":9,"href":"https:\/\/lig-membres.imag.fr\/fbrunet\/wp-json\/wp\/v2\/pages\/11\/revisions"}],"predecessor-version":[{"id":164,"href":"https:\/\/lig-membres.imag.fr\/fbrunet\/wp-json\/wp\/v2\/pages\/11\/revisions\/164"}],"wp:attachment":[{"href":"https:\/\/lig-membres.imag.fr\/fbrunet\/wp-json\/wp\/v2\/media?parent=11"}],"curies":[{"name":"wp","href":"https:\/\/api.w.org\/{rel}","templated":true}]}}