{"id":22,"date":"2016-09-12T15:24:05","date_gmt":"2016-09-12T14:24:05","guid":{"rendered":"http:\/\/lig-membres.imag.fr\/fbrunet\/?page_id=22"},"modified":"2020-11-13T09:16:30","modified_gmt":"2020-11-13T08:16:30","slug":"contact","status":"publish","type":"page","link":"https:\/\/lig-membres.imag.fr\/fbrunet\/contact\/","title":{"rendered":"Contact"},"content":{"rendered":"<div class=\"stacks_div stacks_left\">\n<div id=\"stacks_out_88_page0\" class=\"stacks_out\">\n<div id=\"stacks_in_88_page0\" class=\"stacks_in\">\n<div id=\"stacks_out_90_page0\" class=\"stacks_out\">\n<div id=\"stacks_in_90_page0\" class=\"stacks_in\">\n<h3>Laboratoire LIG \u2013 \u00c9quipe GETALP<\/h3>\n<\/div>\n<\/div>\n<div id=\"stacks_out_92_page0\" class=\"stacks_out\">\n<div id=\"stacks_in_92_page0\" class=\"stacks_in\">\n<p><span class=\"fn\">Laboratoire LIG &#8211; B\u00e2timent IMAG<\/span><\/p>\n<div class=\"additional\">Universit\u00e9 Grenoble Alpes<\/div>\n<div class=\"street-address\">CS 40700<\/div>\n<div class=\"postal-code\">38058 <span class=\"locality\">GRENOBLE CEDEX 9<\/span><\/div>\n<p>Bureau : 337<br \/>\nT\u00e9l\u00e9phone : +33 (0)4 76 51 43 59<\/p>\n<\/div>\n<\/div>\n<\/div>\n<\/div>\n<\/div>\n<div class=\"stacks_div stacks_right\">\n<div id=\"stacks_out_95_page0\" class=\"stacks_out\">\n<div id=\"stacks_in_95_page0\" class=\"stacks_in\">\n<div id=\"stacks_out_97_page0\" class=\"stacks_out\">\n<div id=\"stacks_in_97_page0\" class=\"stacks_in\">\n<h3>Universit\u00e9 Pierre Mend\u00e8s France \u2013 IUT 2 \u2013 D\u00e9partement Informatique<\/h3>\n<\/div>\n<\/div>\n<div id=\"stacks_out_99_page0\" class=\"stacks_out\">\n<div id=\"stacks_in_99_page0\" class=\"stacks_in\">2 Place Doyen Gosse<br \/>\n38031 Grenoble Cedex<br \/>\nBureau : 105<br \/>\nT\u00e9l\u00e9phone :+33 (0)4 76 28 45 69<\/div>\n<\/div>\n<\/div>\n<\/div>\n<\/div>\n","protected":false},"excerpt":{"rendered":"<p>Laboratoire LIG \u2013 \u00c9quipe GETALP Laboratoire LIG &#8211; B\u00e2timent IMAG Universit\u00e9 Grenoble Alpes CS 40700 38058 GRENOBLE CEDEX 9 Bureau : 337 T\u00e9l\u00e9phone : +33 (0)4 76 51 43 59 Universit\u00e9 Pierre Mend\u00e8s France \u2013 IUT 2 \u2013 D\u00e9partement Informatique 2 Place Doyen Gosse 38031 Grenoble Cedex Bureau : 105 T\u00e9l\u00e9phone :+33 (0)4 76 28 [&hellip;]<\/p>\n","protected":false},"author":832,"featured_media":0,"parent":0,"menu_order":0,"comment_status":"closed","ping_status":"closed","template":"full-width-page.php","meta":{"footnotes":""},"class_list":["post-22","page","type-page","status-publish","hentry"],"_links":{"self":[{"href":"https:\/\/lig-membres.imag.fr\/fbrunet\/wp-json\/wp\/v2\/pages\/22","targetHints":{"allow":["GET"]}}],"collection":[{"href":"https:\/\/lig-membres.imag.fr\/fbrunet\/wp-json\/wp\/v2\/pages"}],"about":[{"href":"https:\/\/lig-membres.imag.fr\/fbrunet\/wp-json\/wp\/v2\/types\/page"}],"author":[{"embeddable":true,"href":"https:\/\/lig-membres.imag.fr\/fbrunet\/wp-json\/wp\/v2\/users\/832"}],"replies":[{"embeddable":true,"href":"https:\/\/lig-membres.imag.fr\/fbrunet\/wp-json\/wp\/v2\/comments?post=22"}],"version-history":[{"count":7,"href":"https:\/\/lig-membres.imag.fr\/fbrunet\/wp-json\/wp\/v2\/pages\/22\/revisions"}],"predecessor-version":[{"id":172,"href":"https:\/\/lig-membres.imag.fr\/fbrunet\/wp-json\/wp\/v2\/pages\/22\/revisions\/172"}],"wp:attachment":[{"href":"https:\/\/lig-membres.imag.fr\/fbrunet\/wp-json\/wp\/v2\/media?parent=22"}],"curies":[{"name":"wp","href":"https:\/\/api.w.org\/{rel}","templated":true}]}}