{"id":89,"date":"2017-10-13T09:51:27","date_gmt":"2017-10-13T08:51:27","guid":{"rendered":"http:\/\/lig-membres.imag.fr\/fbrunet\/?page_id=89"},"modified":"2020-11-13T09:15:57","modified_gmt":"2020-11-13T08:15:57","slug":"fontegaia-these-elina-leblanc","status":"publish","type":"page","link":"https:\/\/lig-membres.imag.fr\/fbrunet\/fontegaia-these-elina-leblanc\/","title":{"rendered":"Biblioth\u00e8que enrichies : les utilisateurs et leurs interfaces (Th\u00e8se Elina Leblanc &#8211; projet\u00a0FonteGaia)"},"content":{"rendered":"<h2>Biblioth\u00e8que enrichies : les utilisateurs et leurs interfaces<\/h2>\n<h3>Th\u00e8se <a href=\"https:\/\/www.linkedin.com\/in\/elina-leblanc-964893100\/\">Elina Leblanc<\/a> \u2013 projet\u00a0FonteGaia<\/h3>\n<p><span style=\"text-decoration: underline\">Encadrants<\/span><i>\u00a0<\/i>:\u00a0<a href=\"http:\/\/luhcie.univ-grenoble-alpes.fr\/membres\/pierazzo-elena\/\">Elena Pierazzo <\/a>(LUHCIE) et <a href=\"http:\/\/www-clips.imag.fr\/geta\/User\/herve.blanchon\/\">Herv\u00e9 Blanchon<\/a> (UGA-LIG)<\/p>\n<p><span style=\"text-decoration: underline\">Th\u00e8mes de recherche<\/span> : humanit\u00e9s num\u00e9riques, biblioth\u00e8ques num\u00e9riques, \u00e9tudes utilisateurs, web collaboratif<\/p>\n<p><span style=\"text-decoration: underline\">La biblioth\u00e8que<\/span> : http:\/\/www.fontegaia.eu\/<\/p>\n<p><span style=\"text-decoration: underline\">Le blog<\/span> : https:\/\/fontegaia.hypotheses.org\/<\/p>\n","protected":false},"excerpt":{"rendered":"<p>Biblioth\u00e8que enrichies : les utilisateurs et leurs interfaces Th\u00e8se Elina Leblanc \u2013 projet\u00a0FonteGaia Encadrants\u00a0:\u00a0Elena Pierazzo (LUHCIE) et Herv\u00e9 Blanchon (UGA-LIG) Th\u00e8mes de recherche : humanit\u00e9s num\u00e9riques, biblioth\u00e8ques num\u00e9riques, \u00e9tudes utilisateurs, web collaboratif La biblioth\u00e8que : http:\/\/www.fontegaia.eu\/ Le blog : https:\/\/fontegaia.hypotheses.org\/<\/p>\n","protected":false},"author":832,"featured_media":0,"parent":0,"menu_order":0,"comment_status":"closed","ping_status":"closed","template":"full-width-page.php","meta":{"footnotes":""},"class_list":["post-89","page","type-page","status-publish","hentry"],"_links":{"self":[{"href":"https:\/\/lig-membres.imag.fr\/fbrunet\/wp-json\/wp\/v2\/pages\/89","targetHints":{"allow":["GET"]}}],"collection":[{"href":"https:\/\/lig-membres.imag.fr\/fbrunet\/wp-json\/wp\/v2\/pages"}],"about":[{"href":"https:\/\/lig-membres.imag.fr\/fbrunet\/wp-json\/wp\/v2\/types\/page"}],"author":[{"embeddable":true,"href":"https:\/\/lig-membres.imag.fr\/fbrunet\/wp-json\/wp\/v2\/users\/832"}],"replies":[{"embeddable":true,"href":"https:\/\/lig-membres.imag.fr\/fbrunet\/wp-json\/wp\/v2\/comments?post=89"}],"version-history":[{"count":5,"href":"https:\/\/lig-membres.imag.fr\/fbrunet\/wp-json\/wp\/v2\/pages\/89\/revisions"}],"predecessor-version":[{"id":170,"href":"https:\/\/lig-membres.imag.fr\/fbrunet\/wp-json\/wp\/v2\/pages\/89\/revisions\/170"}],"wp:attachment":[{"href":"https:\/\/lig-membres.imag.fr\/fbrunet\/wp-json\/wp\/v2\/media?parent=89"}],"curies":[{"name":"wp","href":"https:\/\/api.w.org\/{rel}","templated":true}]}}