{"id":1248,"date":"2022-04-22T10:57:21","date_gmt":"2022-04-22T09:57:21","guid":{"rendered":"http:\/\/lig-membres.imag.fr\/gensel\/?page_id=1248"},"modified":"2025-04-02T11:09:29","modified_gmt":"2025-04-02T10:09:29","slug":"brevets","status":"publish","type":"page","link":"https:\/\/lig-membres.imag.fr\/gensel\/recherche\/publications\/brevets\/","title":{"rendered":"Brevets"},"content":{"rendered":"<ul>\n<li>Logiciel GeoChange Generator, d\u00e9pos\u00e9 \u00e0 l\u2019APP en d\u00e9cembre 2020 (IDDN1 .FR2 .0013 .5100464 .0005 .S6 .P7 .20208 .0009 .2090010)<\/li>\n<li>Base de donn\u00e9es GeoChange Database, d\u00e9pos\u00e9 \u00e0 l\u2019APP en d\u00e9cembre 2020 (IDDN1 .FR2 .0013 .5100434 .0005 .S6 .C7 .20208 .0009 .2090010)<\/li>\n<li>Logiciel AROM, licence LGPL d\u00e9pos\u00e9e en 1999 (un des 8 co-auteurs)<\/li>\n<\/ul>\n","protected":false},"excerpt":{"rendered":"<p>Logiciel GeoChange Generator, d\u00e9pos\u00e9 \u00e0 l\u2019APP en d\u00e9cembre 2020 (IDDN1 .FR2 .0013 .5100464 .0005 .S6 .P7 .20208 .0009 .2090010) Base de donn\u00e9es GeoChange Database, d\u00e9pos\u00e9 \u00e0 l\u2019APP en d\u00e9cembre 2020 (IDDN1 .FR2 .0013 .5100434 .0005 .S6 .C7 .20208 .0009 .2090010) &hellip; <a href=\"https:\/\/lig-membres.imag.fr\/gensel\/recherche\/publications\/brevets\/\">Continue reading <span class=\"meta-nav\">&rarr;<\/span><\/a><\/p>\n","protected":false},"author":86,"featured_media":0,"parent":140,"menu_order":7,"comment_status":"closed","ping_status":"closed","template":"sidebar-page.php","meta":{"footnotes":""},"class_list":["post-1248","page","type-page","status-publish","hentry"],"_links":{"self":[{"href":"https:\/\/lig-membres.imag.fr\/gensel\/wp-json\/wp\/v2\/pages\/1248","targetHints":{"allow":["GET"]}}],"collection":[{"href":"https:\/\/lig-membres.imag.fr\/gensel\/wp-json\/wp\/v2\/pages"}],"about":[{"href":"https:\/\/lig-membres.imag.fr\/gensel\/wp-json\/wp\/v2\/types\/page"}],"author":[{"embeddable":true,"href":"https:\/\/lig-membres.imag.fr\/gensel\/wp-json\/wp\/v2\/users\/86"}],"replies":[{"embeddable":true,"href":"https:\/\/lig-membres.imag.fr\/gensel\/wp-json\/wp\/v2\/comments?post=1248"}],"version-history":[{"count":4,"href":"https:\/\/lig-membres.imag.fr\/gensel\/wp-json\/wp\/v2\/pages\/1248\/revisions"}],"predecessor-version":[{"id":1832,"href":"https:\/\/lig-membres.imag.fr\/gensel\/wp-json\/wp\/v2\/pages\/1248\/revisions\/1832"}],"up":[{"embeddable":true,"href":"https:\/\/lig-membres.imag.fr\/gensel\/wp-json\/wp\/v2\/pages\/140"}],"wp:attachment":[{"href":"https:\/\/lig-membres.imag.fr\/gensel\/wp-json\/wp\/v2\/media?parent=1248"}],"curies":[{"name":"wp","href":"https:\/\/api.w.org\/{rel}","templated":true}]}}