{"id":1274,"date":"2022-04-22T11:46:22","date_gmt":"2022-04-22T10:46:22","guid":{"rendered":"http:\/\/lig-membres.imag.fr\/gensel\/?page_id=1274"},"modified":"2025-04-02T12:26:14","modified_gmt":"2025-04-02T11:26:14","slug":"projets-transfrontaliers","status":"publish","type":"page","link":"https:\/\/lig-membres.imag.fr\/gensel\/recherche\/projets-scientifiques\/projets-transfrontaliers\/","title":{"rendered":"Projets transfrontaliers"},"content":{"rendered":"<ul>\n<li>De 2021 \u00e0 2022, porteur et coordinateur du projet <span style=\"color: #0000ff\">TERRISCOPE<\/span> obtenu dans le cadre de l\u2019appel \u00e0 projets <span style=\"color: #0000ff\">Alliance Campus Rhodanien 2021<\/span> lanc\u00e9 par l\u2019Universit\u00e9 Grenoble Alpes, la Haute \u00c9cole Sp\u00e9cialis\u00e9e de Suisse Occidentale, l\u2019Universit\u00e9 de Lausanne, l\u2019Universit\u00e9 de Lyon et l\u2019Universit\u00e9 Savoie Mont Blanc. Les partenaires sont l\u2019\u00e9quipe STeamer et l\u2019Institut des Sciences de l\u2019Environnement de l\u2019Universit\u00e9 de Gen\u00e8ve. D\u2019une dur\u00e9e d\u2019un an et financ\u00e9 \u00e0 hauteur de 15k\u20ac, ce projet consiste \u00e0 produire une carte communales franco-suisse de l\u2019\u00e9volution de l\u2019occupation des sols \u00e0 partir de donn\u00e9es de type <em>Corine Land Cover<\/em>.<\/li>\n<\/ul>\n","protected":false},"excerpt":{"rendered":"<p>De 2021 \u00e0 2022, porteur et coordinateur du projet TERRISCOPE obtenu dans le cadre de l\u2019appel \u00e0 projets Alliance Campus Rhodanien 2021 lanc\u00e9 par l\u2019Universit\u00e9 Grenoble Alpes, la Haute \u00c9cole Sp\u00e9cialis\u00e9e de Suisse Occidentale, l\u2019Universit\u00e9 de Lausanne, l\u2019Universit\u00e9 de Lyon &hellip; <a href=\"https:\/\/lig-membres.imag.fr\/gensel\/recherche\/projets-scientifiques\/projets-transfrontaliers\/\">Continue reading <span class=\"meta-nav\">&rarr;<\/span><\/a><\/p>\n","protected":false},"author":86,"featured_media":0,"parent":213,"menu_order":2,"comment_status":"closed","ping_status":"closed","template":"","meta":{"footnotes":""},"class_list":["post-1274","page","type-page","status-publish","hentry"],"_links":{"self":[{"href":"https:\/\/lig-membres.imag.fr\/gensel\/wp-json\/wp\/v2\/pages\/1274","targetHints":{"allow":["GET"]}}],"collection":[{"href":"https:\/\/lig-membres.imag.fr\/gensel\/wp-json\/wp\/v2\/pages"}],"about":[{"href":"https:\/\/lig-membres.imag.fr\/gensel\/wp-json\/wp\/v2\/types\/page"}],"author":[{"embeddable":true,"href":"https:\/\/lig-membres.imag.fr\/gensel\/wp-json\/wp\/v2\/users\/86"}],"replies":[{"embeddable":true,"href":"https:\/\/lig-membres.imag.fr\/gensel\/wp-json\/wp\/v2\/comments?post=1274"}],"version-history":[{"count":6,"href":"https:\/\/lig-membres.imag.fr\/gensel\/wp-json\/wp\/v2\/pages\/1274\/revisions"}],"predecessor-version":[{"id":1867,"href":"https:\/\/lig-membres.imag.fr\/gensel\/wp-json\/wp\/v2\/pages\/1274\/revisions\/1867"}],"up":[{"embeddable":true,"href":"https:\/\/lig-membres.imag.fr\/gensel\/wp-json\/wp\/v2\/pages\/213"}],"wp:attachment":[{"href":"https:\/\/lig-membres.imag.fr\/gensel\/wp-json\/wp\/v2\/media?parent=1274"}],"curies":[{"name":"wp","href":"https:\/\/api.w.org\/{rel}","templated":true}]}}