{"id":1289,"date":"2022-04-22T12:22:07","date_gmt":"2022-04-22T11:22:07","guid":{"rendered":"http:\/\/lig-membres.imag.fr\/gensel\/?page_id=1289"},"modified":"2026-02-14T12:05:32","modified_gmt":"2026-02-14T11:05:32","slug":"comites-de-programme-2","status":"publish","type":"page","link":"https:\/\/lig-membres.imag.fr\/gensel\/recherche\/autres-activites-scientifiques\/comites-de-programme-2\/","title":{"rendered":"Comit\u00e9s de programme"},"content":{"rendered":"<p><u>Comit\u00e9s de programme de conf\u00e9rences internationales<\/u><\/p>\n<ul>\n<li>actuellement, membre du comit\u00e9 de programme des conf\u00e9rences internationales\u00a0 : Data Science, Technology and Applications (DATA) depuis 2016, European Conference on Geographic Information Science (AGILE) depuis 2012, Open Source Geospatial Research and Education Symposium (OGRS) depuis 2012, Web and Wireless Geographic Information System (W2GIS) depuis 2011, International Conference on Computational Science and its Applications (ICCSA) depuis 2009.<\/li>\n<li>membre du comit\u00e9 de programme des conf\u00e9rences internationales : European Conference on Advances in Databases and Information Systems (ADBIS) en 2015, Advances in Spatio-Temporal Analytics (ST-Analytics) en 2015 et 2014, International Conference on Networking and Advanced Systems en 2015 et 2013, International Cartographic Conference (ICC) en 2013 et 2011, WebMedia en 2013 et 2012, Usage, Usability, and Utility of 3D City models (3u3d) en 2012, Americas Conference on Information Systems (AMCIS) en 2005.<\/li>\n<\/ul>\n<p><u>Comit\u00e9s de programme de conf\u00e9rences nationales<\/u><\/p>\n<ul>\n<li>Depuis 2024, je suis membre du Comit\u00e9 de Pilotage de la Conf\u00e9rence EGC (Extraction et Gestion de Connaissances)<\/li>\n<li>Pr\u00e9sident du Comit\u00e9 De Programme de la Conf\u00e9rence EGC (Extraction et Gestion de Connaissances) 2024, Dijon, du 22 au 26 janvier 2024.<\/li>\n<li>actuellement, membre du comit\u00e9 de programme de la conf\u00e9rence nationale de la g\u00e9omatique et de l\u2019information spatiale (SAGEO) depuis 2012<\/li>\n<li>membre du comit\u00e9 de programme des conf\u00e9rences nationales\u00a0 : INFORSID en 2021 et 2019, et de 2006 \u00e0 2010, Applications Pratiques de l\u2019Intelligence Artificielle (APIA) en 2016 et 2015, XVII Brazilian Symposium on Multimedia and the Web (WebMedia) en 2011, Langages et Mod\u00e8les \u00e0 Objets (LMO) en 2010, Bases de Donn\u00e9es Avanc\u00e9es (BDA) en 2010 et 2008, Journ\u00e9es francophones Mobilit\u00e9 et Ubiquit\u00e9 (Ubimob) en 2006.<\/li>\n<\/ul>\n<p><u>Comit\u00e9s de programme de workshops internationaux<\/u><\/p>\n<ul>\n<li>actuellement, membre du comit\u00e9 de programme des <em>workshops <\/em>internationaux : GIA@SAC (GeoInformation Analysis workshop of the SAC Conference), depuis 2019, Agricultural and Environmental Information and Decision Support Systems depuis 2013<\/li>\n<li>membre du comit\u00e9 de programme des <em>workshops <\/em>internationaux : Agricultural and Environmental Big Data Analytics en 2017, Knowledge representation and applied models and metadata in computational science de 2011 \u00e0 2013, Interoperability of User Profiles in Multi-Application Web Environments en 2012, Web Intelligence &amp; Virtual Entreprise (WIVE) en 2010, Personalized and Semantic Geospatial Web (PSGW) en 2008, et International Workshop on Groupware (CRIWG) en 2003<\/li>\n<\/ul>\n<p><u>Comit\u00e9s de programme de workshops nationaux<\/u><\/p>\n<ul>\n<li>Depuis 2015 membre du Comit\u00e9 de Lecture de l\u2019atelier Gestion et l&#8217;Analyse de donn\u00e9es Spatiales et Temporelles (GAST) de la conf\u00e9rence EGC.<\/li>\n<li>membre du comit\u00e9 de programme des <em>workshops <\/em>nationaux suivants\u00a0: Raisonnement sur le Temps et l\u2019Espace (RTE) de 2008 \u00e0 2013, Ontologies G\u00e9ographiques (G\u00e9o-Onto) en 2010, Syst\u00e8mes d&#8217;Information et de D\u00e9cision pour l&#8217;Environnement (SIDE) en 2010, Prise en Compte de l&#8217;Utilisateur dans les Syst\u00e8mes d&#8217;Information (PECUSI) de 2008 \u00e0 2010, Environnements Mobiles et Apprentissage Pervasif (EMAP) en 2008.<\/li>\n<\/ul>\n","protected":false},"excerpt":{"rendered":"<p>Comit\u00e9s de programme de conf\u00e9rences internationales actuellement, membre du comit\u00e9 de programme des conf\u00e9rences internationales\u00a0 : Data Science, Technology and Applications (DATA) depuis 2016, European Conference on Geographic Information Science (AGILE) depuis 2012, Open Source Geospatial Research and Education Symposium &hellip; <a href=\"https:\/\/lig-membres.imag.fr\/gensel\/recherche\/autres-activites-scientifiques\/comites-de-programme-2\/\">Continue reading <span class=\"meta-nav\">&rarr;<\/span><\/a><\/p>\n","protected":false},"author":86,"featured_media":0,"parent":242,"menu_order":3,"comment_status":"closed","ping_status":"closed","template":"sidebar-page.php","meta":{"footnotes":""},"class_list":["post-1289","page","type-page","status-publish","hentry"],"_links":{"self":[{"href":"https:\/\/lig-membres.imag.fr\/gensel\/wp-json\/wp\/v2\/pages\/1289","targetHints":{"allow":["GET"]}}],"collection":[{"href":"https:\/\/lig-membres.imag.fr\/gensel\/wp-json\/wp\/v2\/pages"}],"about":[{"href":"https:\/\/lig-membres.imag.fr\/gensel\/wp-json\/wp\/v2\/types\/page"}],"author":[{"embeddable":true,"href":"https:\/\/lig-membres.imag.fr\/gensel\/wp-json\/wp\/v2\/users\/86"}],"replies":[{"embeddable":true,"href":"https:\/\/lig-membres.imag.fr\/gensel\/wp-json\/wp\/v2\/comments?post=1289"}],"version-history":[{"count":12,"href":"https:\/\/lig-membres.imag.fr\/gensel\/wp-json\/wp\/v2\/pages\/1289\/revisions"}],"predecessor-version":[{"id":2102,"href":"https:\/\/lig-membres.imag.fr\/gensel\/wp-json\/wp\/v2\/pages\/1289\/revisions\/2102"}],"up":[{"embeddable":true,"href":"https:\/\/lig-membres.imag.fr\/gensel\/wp-json\/wp\/v2\/pages\/242"}],"wp:attachment":[{"href":"https:\/\/lig-membres.imag.fr\/gensel\/wp-json\/wp\/v2\/media?parent=1289"}],"curies":[{"name":"wp","href":"https:\/\/api.w.org\/{rel}","templated":true}]}}