{"id":1328,"date":"2022-04-22T15:35:06","date_gmt":"2022-04-22T14:35:06","guid":{"rendered":"http:\/\/lig-membres.imag.fr\/gensel\/?page_id=1328"},"modified":"2025-04-02T15:04:36","modified_gmt":"2025-04-02T14:04:36","slug":"resume","status":"publish","type":"page","link":"https:\/\/lig-membres.imag.fr\/gensel\/recherche\/resume\/","title":{"rendered":"R\u00e9sum\u00e9"},"content":{"rendered":"<p>Je suis membre et<span style=\"color: #0000ff\"> responsable de l\u2019\u00e9quipe Stories<\/span> (pour Semantic Trajectories) du Laboratoire d\u2019Informatique de Grenoble, cr\u00e9\u00e9e le 1<sup>er<\/sup> janvier 2025. Les recherches de l\u2019\u00e9quipe Stories sont centr\u00e9es sur le concept de <span style=\"color: #800080\">trajectoire s\u00e9mantique<\/span>, d\u00e9di\u00e9 \u00e0 la repr\u00e9sentation et \u00e0 l\u2019analyse de l\u2019\u00e9volution d\u2019objets ou de ph\u00e9nom\u00e8nes.<\/p>\n<p>Plus particuli\u00e8rement, mes recherches adressent essentiellement les probl\u00e9matiques li\u00e9es aux <span style=\"color: #008000\">trajectoires s\u00e9mantiques \u00e0 la fois des territoires<\/span> (trajectoires politiques, administratives, socio-\u00e9conomiques, etc.) <span style=\"color: #008000\">et des individus<\/span> (trajectoires familiales, r\u00e9sidentielles, professionnelles, sanitaires, etc.).<\/p>\n<p>Pour \u00e9tudier ces objets spatio-temporels composites et complexes, je m\u2019appuie sur les outils de repr\u00e9sentation et d\u2019analyse du Web s\u00e9mantique et du <em>Machine Learning<\/em>.<\/p>\n<p>En termes de <span style=\"color: #008000\"><span style=\"color: #ff0000\">mod\u00e9lisation<\/span>,<\/span> les langages \u00e0 ontologies et les vocabulaires standards existants permettent de rendre compte de l\u2019aspect multidimensionnel (temporel, spatial et multith\u00e9matique) des trajectoires s\u00e9mantiques.<\/p>\n<p>En termes d\u2019<span style=\"color: #ff0000\">analyse<\/span>, ces trajectoires s\u00e9mantiques sont appr\u00e9hend\u00e9es comme des s\u00e9quences temporelles de donn\u00e9es multidimensionnelles et h\u00e9t\u00e9rog\u00e8nes. Les axes d\u2019analyse concernent principalement la classification et la recherche de motifs r\u00e9currents. Les d\u00e9fis sous-jacents sont la conception de mesures de similarit\u00e9 adapt\u00e9es et la r\u00e9duction de la dimensionnalit\u00e9 \u00e9lev\u00e9e de ces s\u00e9quences de donn\u00e9es.<\/p>\n","protected":false},"excerpt":{"rendered":"<p>Je suis membre et responsable de l\u2019\u00e9quipe Stories (pour Semantic Trajectories) du Laboratoire d\u2019Informatique de Grenoble, cr\u00e9\u00e9e le 1er janvier 2025. Les recherches de l\u2019\u00e9quipe Stories sont centr\u00e9es sur le concept de trajectoire s\u00e9mantique, d\u00e9di\u00e9 \u00e0 la repr\u00e9sentation et \u00e0 &hellip; <a href=\"https:\/\/lig-membres.imag.fr\/gensel\/recherche\/resume\/\">Continue reading <span class=\"meta-nav\">&rarr;<\/span><\/a><\/p>\n","protected":false},"author":86,"featured_media":0,"parent":65,"menu_order":0,"comment_status":"closed","ping_status":"closed","template":"sidebar-page.php","meta":{"footnotes":""},"class_list":["post-1328","page","type-page","status-publish","hentry"],"_links":{"self":[{"href":"https:\/\/lig-membres.imag.fr\/gensel\/wp-json\/wp\/v2\/pages\/1328","targetHints":{"allow":["GET"]}}],"collection":[{"href":"https:\/\/lig-membres.imag.fr\/gensel\/wp-json\/wp\/v2\/pages"}],"about":[{"href":"https:\/\/lig-membres.imag.fr\/gensel\/wp-json\/wp\/v2\/types\/page"}],"author":[{"embeddable":true,"href":"https:\/\/lig-membres.imag.fr\/gensel\/wp-json\/wp\/v2\/users\/86"}],"replies":[{"embeddable":true,"href":"https:\/\/lig-membres.imag.fr\/gensel\/wp-json\/wp\/v2\/comments?post=1328"}],"version-history":[{"count":11,"href":"https:\/\/lig-membres.imag.fr\/gensel\/wp-json\/wp\/v2\/pages\/1328\/revisions"}],"predecessor-version":[{"id":1988,"href":"https:\/\/lig-membres.imag.fr\/gensel\/wp-json\/wp\/v2\/pages\/1328\/revisions\/1988"}],"up":[{"embeddable":true,"href":"https:\/\/lig-membres.imag.fr\/gensel\/wp-json\/wp\/v2\/pages\/65"}],"wp:attachment":[{"href":"https:\/\/lig-membres.imag.fr\/gensel\/wp-json\/wp\/v2\/media?parent=1328"}],"curies":[{"name":"wp","href":"https:\/\/api.w.org\/{rel}","templated":true}]}}