{"id":1346,"date":"2022-04-22T15:49:49","date_gmt":"2022-04-22T14:49:49","guid":{"rendered":"http:\/\/lig-membres.imag.fr\/gensel\/?page_id=1346"},"modified":"2025-04-02T12:05:58","modified_gmt":"2025-04-02T11:05:58","slug":"realisations-logicielles-et-transfert-technologique","status":"publish","type":"page","link":"https:\/\/lig-membres.imag.fr\/gensel\/recherche\/realisations-logicielles-et-transfert-technologique\/","title":{"rendered":"R\u00e9alisations logicielles et transfert technologique"},"content":{"rendered":"<p><strong>Transfert technologique<\/strong><\/p>\n<ul>\n<li>Depuis 2020, Camille Bernard, Marl\u00e8ne Villanova-Oliver et moi-m\u00eame sommes laur\u00e9ats de la 9\u00e8me \u00e9dition du <span style=\"color: #0000ff\">Challenge Out of Labs<\/span>, port\u00e9 par la <span style=\"color: #0000ff\">SATT Linksium<\/span>, qui vise \u00e0 valoriser des r\u00e9sultats de recherche en vue d&#8217;une cr\u00e9ation de start-up ou d&#8217;un transfert industriel. Le projet <span style=\"color: #0000ff\">GeoChange<\/span> que nous portons est issu des travaux de la th\u00e8se de Camille Bernard que j\u2019ai codirig\u00e9e. Il a \u00e9t\u00e9 financ\u00e9 par la SATT \u00e0 hauteur de 155k\u20ac, et est actuellement en phase de maturation jusqu\u2019\u00e0 fin 2023. Deux d\u00e9p\u00f4ts de logiciels ont \u00e9t\u00e9 effectu\u00e9s en d\u00e9cembre 2020 dans le cadre de ce projet.<\/li>\n<\/ul>\n<p><strong>R\u00e9alisations logicielles<\/strong><\/p>\n<ul>\n<li>De 2001 \u00e0 2015 : j\u2019ai dirig\u00e9 la conception et le d\u00e9veloppement d\u2019un suite d\u2019outils pour l\u2019analyse spatiale et temporelle d\u00e9di\u00e9e \u00e0 l\u2019am\u00e9nagement du territoire, les logiciels <span style=\"color: #0000ff\">HyperAtlas<\/span>, <span style=\"color: #0000ff\">HyperAdmin<\/span> et <span style=\"color: #0000ff\">Espon Data Portal<\/span> ou STeDI, dans le cadre de projets men\u00e9s dans le <span style=\"color: #0000ff\">programme ESPON<\/span> financ\u00e9 par la <span style=\"color: #0000ff\">Commission Europ\u00e9enne<\/span>. Ces logiciels ont \u00e9t\u00e9 con\u00e7us et d\u00e9velopp\u00e9s au sein du <span style=\"color: #0000ff\">groupe de recherche HyperCarte<\/span>, actif de 2001 \u00e0 2015.<\/li>\n<li>De 2010 \u00e0 2015 : j\u2019ai particip\u00e9 \u00e0 la conception et ai codirig\u00e9 avec Marl\u00e8ne Villanova de l\u2019\u00e9quipe STeamer le d\u00e9veloppement de l\u2019application <span style=\"color: #0000ff\">Web BDHI<\/span>. Cet outil en libre acc\u00e8s permet l\u2019alimentation et l\u2019interrogation d\u2019une base de donn\u00e9es pour la gestion de documents ou rapports administratifs archiv\u00e9s dans les Directions R\u00e9gionales de l&#8217;Environnement, de l&#8217;Am\u00e9nagement et du Logement (<span style=\"color: #0000ff\">DREAL<\/span>).<\/li>\n<li>De 2010 \u00e0 2012 : j\u2019ai particip\u00e9 \u00e0 l\u2019\u00e9laboration du cahier des charges de l\u2019application client-serveur<span style=\"color: #0000ff\"> Isibat<\/span>, un outil d\u2019aide \u00e0 la r\u00e9alisation d\u2019inventaires pour l\u2019\u00e9valuation de la vuln\u00e9rabilit\u00e9 sismique du b\u00e2ti existant. J\u2019ai codirig\u00e9 le d\u00e9veloppement de cette application client pour Iphone (<span style=\"color: #0000ff\">Isibat-mobile<\/span>, disponible de 2013 \u00e0 2016 sur l\u2019Apple Store), d\u00e9di\u00e9e \u00e0 l\u2019inventaire, et d\u2019un serveur cartographique (<span style=\"color: #0000ff\">Isibat on line<\/span>) pour l\u2019interrogation et l\u2019analyse des donn\u00e9es collect\u00e9es, dans le cadre du <span style=\"color: #0000ff\">projet ANR URBASIS<\/span>.<\/li>\n<li>De 2007 \u00e0 2010 : j\u2019ai particip\u00e9 \u00e0 la conception du prototype <span style=\"color: #0000ff\">PhotoMap<\/span>, une application client mobile\/serveur d\u00e9velopp\u00e9e lors de la th\u00e8se de <span style=\"color: #0000ff\">Windson Viana de Carvalho<\/span> que j\u2019ai co-encadr\u00e9e, qui exploite les informations contextuelles captur\u00e9es lors de la prise d\u2019une photo, afin de faciliter l\u2019interrogation ult\u00e9rieure des collections de photos. Ce prototype a fait l\u2019objet d\u2019un module d\u00e9velopp\u00e9 ult\u00e9rieurement pour l\u2019application Picasa.<\/li>\n<li>De 2004 \u00e0 2007 : j\u2019ai particip\u00e9 \u00e0 la conception et encadr\u00e9 les d\u00e9veloppements du prototype <span style=\"color: #0000ff\">GenGHIS<\/span>. GenGHIS est un g\u00e9n\u00e9rateur d\u2019interfaces de visualisation d\u2019informations spatio-temporelles pour la pr\u00e9vention des risques naturels, utilis\u00e9 dans le projet SIHREN et dont les sp\u00e9cifications formelles figurent dans la th\u00e8se de <span style=\"color: #0000ff\">Bogdan Moisuc<\/span> que j\u2019ai co-encadr\u00e9e.<\/li>\n<li>De 1997 \u00e0 2000 : j\u2019ai particip\u00e9 au sein du <span style=\"color: #0000ff\">projet SHERPA<\/span> et de l\u2019<span style=\"color: #0000ff\">action ROMANS<\/span> de l\u2019<span style=\"color: #0000ff\">INRIA Rh\u00f4ne-Alpes,<\/span> \u00e0 la conception et au d\u00e9veloppement du Syst\u00e8me de Repr\u00e9sentation de Connaissances par Objets <span style=\"color: #0000ff\">AROM.<\/span> Ce logiciel a fait l\u2019objet d\u2019un d\u00e9p\u00f4t d\u2019une licence GPL dont je suis l\u2019un des 8 co-auteurs.<\/li>\n<\/ul>\n","protected":false},"excerpt":{"rendered":"<p>Transfert technologique Depuis 2020, Camille Bernard, Marl\u00e8ne Villanova-Oliver et moi-m\u00eame sommes laur\u00e9ats de la 9\u00e8me \u00e9dition du Challenge Out of Labs, port\u00e9 par la SATT Linksium, qui vise \u00e0 valoriser des r\u00e9sultats de recherche en vue d&#8217;une cr\u00e9ation de start-up &hellip; <a href=\"https:\/\/lig-membres.imag.fr\/gensel\/recherche\/realisations-logicielles-et-transfert-technologique\/\">Continue reading <span class=\"meta-nav\">&rarr;<\/span><\/a><\/p>\n","protected":false},"author":86,"featured_media":0,"parent":65,"menu_order":4,"comment_status":"closed","ping_status":"closed","template":"sidebar-page.php","meta":{"footnotes":""},"class_list":["post-1346","page","type-page","status-publish","hentry"],"_links":{"self":[{"href":"https:\/\/lig-membres.imag.fr\/gensel\/wp-json\/wp\/v2\/pages\/1346","targetHints":{"allow":["GET"]}}],"collection":[{"href":"https:\/\/lig-membres.imag.fr\/gensel\/wp-json\/wp\/v2\/pages"}],"about":[{"href":"https:\/\/lig-membres.imag.fr\/gensel\/wp-json\/wp\/v2\/types\/page"}],"author":[{"embeddable":true,"href":"https:\/\/lig-membres.imag.fr\/gensel\/wp-json\/wp\/v2\/users\/86"}],"replies":[{"embeddable":true,"href":"https:\/\/lig-membres.imag.fr\/gensel\/wp-json\/wp\/v2\/comments?post=1346"}],"version-history":[{"count":10,"href":"https:\/\/lig-membres.imag.fr\/gensel\/wp-json\/wp\/v2\/pages\/1346\/revisions"}],"predecessor-version":[{"id":1852,"href":"https:\/\/lig-membres.imag.fr\/gensel\/wp-json\/wp\/v2\/pages\/1346\/revisions\/1852"}],"up":[{"embeddable":true,"href":"https:\/\/lig-membres.imag.fr\/gensel\/wp-json\/wp\/v2\/pages\/65"}],"wp:attachment":[{"href":"https:\/\/lig-membres.imag.fr\/gensel\/wp-json\/wp\/v2\/media?parent=1346"}],"curies":[{"name":"wp","href":"https:\/\/api.w.org\/{rel}","templated":true}]}}