{"id":1364,"date":"2022-04-22T16:08:19","date_gmt":"2022-04-22T15:08:19","guid":{"rendered":"http:\/\/lig-membres.imag.fr\/gensel\/?page_id=1364"},"modified":"2025-04-02T13:17:53","modified_gmt":"2025-04-02T12:17:53","slug":"resume","status":"publish","type":"page","link":"https:\/\/lig-membres.imag.fr\/gensel\/enseignement\/resume\/","title":{"rendered":"R\u00e9sum\u00e9"},"content":{"rendered":"<p>De septembre 1996 (date de mon recrutement \u00e0 l\u2019Universit\u00e9) jusqu\u2019en juillet 2014 (d\u00e9but de mon premier mandat de Vice-Pr\u00e9sident, j\u2019ai enseign\u00e9 en premier (<span style=\"color: #0000ff\">DEUG<\/span> puis <span style=\"color: #0000ff\">Licence<\/span>) et second (<span style=\"color: #0000ff\">ma\u00eetrise<\/span>, <span style=\"color: #0000ff\">DESS<\/span>, <span style=\"color: #0000ff\">DEA<\/span> puis <span style=\"color: #0000ff\">Maste<\/span>r) cycles universitaires (\u00e0 l\u2019<span style=\"color: #008000\">Universit\u00e9 Grenoble Alpes<\/span>, anciennement Universit\u00e9 Pierre Mend\u00e8s France \u2013 Grenoble 2), ainsi qu\u2019en \u00e9cole d\u2019ing\u00e9nieurs (<span style=\"color: #008000\">ENSIMAG \u2013 Grenoble INP<\/span>), sous forme de cours, de TD et de TP, un large spectre de mati\u00e8res g\u00e9n\u00e9rales de l\u2019informatique : <span style=\"color: #ff6600\">syst\u00e8mes et r\u00e9seaux, algorithmique, langage de programmation (Scheme, C++, Java\u2026), base de donn\u00e9es, g\u00e9nie logiciel,\u00a0 logique, math\u00e9matiques pour l\u2019informatique, langages du Web<\/span>\u2026, ainsi que des mati\u00e8res plus sp\u00e9cifiques, en lien avec mes th\u00e9matiques de recherche : <span style=\"color: #ff6600\">programmation par contraintes, XML, ontologies et repr\u00e9sentation de connaissances, syst\u00e8mes d\u2019aide \u00e0 la d\u00e9cision, syst\u00e8mes d\u2019information g\u00e9ographique, services web g\u00e9ographiques<\/span>\u2026<\/p>\n<p>Durant cette p\u00e9riode, j\u2019ai exerc\u00e9 diverses coresponsabilit\u00e9s (DCISS, Master de site, Master, Licence Professionnelle\u2026), port\u00e9 plusieurs maquettes p\u00e9dagogiques, et j\u2019ai co-cr\u00e9\u00e9e une Licence Professionnelle.<\/p>\n<p>Mes deux mandats successifs de Vice-Pr\u00e9sident, ont pris fin le 31 d\u00e9cembre 2019. J\u2019ai assur\u00e9 pour le second semestre de l\u2019ann\u00e9e 2019-2020 un demi-service d\u2019enseignement ax\u00e9 sur l\u2019<span style=\"color: #ff6600\">algorithmique, la programmation fonctionnelle, les grammaires et les langages formelles<\/span>. Le CRCT que j\u2019ai obtenu en 2020-2021 m\u2019a exempt\u00e9 de cours.<\/p>\n<p>Depuis septembre 2021, j\u2019ai repris un service \u00e0 temps complet au d\u00e9partement Math\u00e9matiques et Informatique Appliqu\u00e9es aux Sciences Humaines et Sociales. Outre l&#8217;algorithmique et les bases de donn\u00e9es, j&#8217;enseigne \u00e9galement dans 2 UE de repr\u00e9sentations de connaissances pour le Web (<span style=\"color: #ff6600\">XML, RDF, JSON, SPARQL, OWL,\u2026<\/span>) et l\u2019UE <span style=\"color: #ff6600\">Informatique D\u00e9cisionnelle.<br \/>\n<\/span>Je suis co-responsable p\u00e9dagogique des stages en entreprise des \u00e9tudiants de 2\u00e8me ann\u00e9e du parcours DCISS du Maaster MIASHS.<br \/>\nJ\u2019ai \u00e9galement repris la responsabilit\u00e9 de la 2\u00e8me ann\u00e9e du parcours DCISS du Master MIASHS.<\/p>\n","protected":false},"excerpt":{"rendered":"<p>De septembre 1996 (date de mon recrutement \u00e0 l\u2019Universit\u00e9) jusqu\u2019en juillet 2014 (d\u00e9but de mon premier mandat de Vice-Pr\u00e9sident, j\u2019ai enseign\u00e9 en premier (DEUG puis Licence) et second (ma\u00eetrise, DESS, DEA puis Master) cycles universitaires (\u00e0 l\u2019Universit\u00e9 Grenoble Alpes, anciennement &hellip; <a href=\"https:\/\/lig-membres.imag.fr\/gensel\/enseignement\/resume\/\">Continue reading <span class=\"meta-nav\">&rarr;<\/span><\/a><\/p>\n","protected":false},"author":86,"featured_media":0,"parent":293,"menu_order":0,"comment_status":"closed","ping_status":"closed","template":"sidebar-page.php","meta":{"footnotes":""},"class_list":["post-1364","page","type-page","status-publish","hentry"],"_links":{"self":[{"href":"https:\/\/lig-membres.imag.fr\/gensel\/wp-json\/wp\/v2\/pages\/1364","targetHints":{"allow":["GET"]}}],"collection":[{"href":"https:\/\/lig-membres.imag.fr\/gensel\/wp-json\/wp\/v2\/pages"}],"about":[{"href":"https:\/\/lig-membres.imag.fr\/gensel\/wp-json\/wp\/v2\/types\/page"}],"author":[{"embeddable":true,"href":"https:\/\/lig-membres.imag.fr\/gensel\/wp-json\/wp\/v2\/users\/86"}],"replies":[{"embeddable":true,"href":"https:\/\/lig-membres.imag.fr\/gensel\/wp-json\/wp\/v2\/comments?post=1364"}],"version-history":[{"count":10,"href":"https:\/\/lig-membres.imag.fr\/gensel\/wp-json\/wp\/v2\/pages\/1364\/revisions"}],"predecessor-version":[{"id":1926,"href":"https:\/\/lig-membres.imag.fr\/gensel\/wp-json\/wp\/v2\/pages\/1364\/revisions\/1926"}],"up":[{"embeddable":true,"href":"https:\/\/lig-membres.imag.fr\/gensel\/wp-json\/wp\/v2\/pages\/293"}],"wp:attachment":[{"href":"https:\/\/lig-membres.imag.fr\/gensel\/wp-json\/wp\/v2\/media?parent=1364"}],"curies":[{"name":"wp","href":"https:\/\/api.w.org\/{rel}","templated":true}]}}