{"id":1370,"date":"2022-04-22T16:09:30","date_gmt":"2022-04-22T15:09:30","guid":{"rendered":"http:\/\/lig-membres.imag.fr\/gensel\/?page_id=1370"},"modified":"2025-04-02T13:43:45","modified_gmt":"2025-04-02T12:43:45","slug":"activites-internationales","status":"publish","type":"page","link":"https:\/\/lig-membres.imag.fr\/gensel\/enseignement\/activites-internationales\/","title":{"rendered":"Activit\u00e9s internationales"},"content":{"rendered":"<ul>\n<li>En novembre 2012, dans le cadre du<span style=\"color: #0000ff\"> projet europ\u00e9en Tempus 159035 ERAMIS<\/span>, suite du projet Tempus pr\u00e9c\u00e9dent, j\u2019ai donn\u00e9 pendant 1 semaine un cours sur les techniques de satisfaction de contraintes \u00e0 destination d\u2019\u00e9tudiants de niveau Master, \u00e0 l\u2019<span style=\"color: #0000ff\">Universit\u00e9 d\u2019Astrakhan, en Russie<\/span>.<\/li>\n<li>De septembre 2006 \u00e0 septembre 2009, j\u2019ai particip\u00e9 au <span style=\"color: #0000ff\">Projet Europ\u00e9en Tempus CD-JEP26235-2005<\/span>, port\u00e9 par l\u2019Universit\u00e9 Pierre Mend\u00e8s France, r\u00e9unissant des partenaires italiens (Universit\u00e9 de G\u00e8nes), polonais (Universit\u00e9 de Lublin), espagnols (Universit\u00e9 d\u2019Alicante), et fran\u00e7ais (Universit\u00e9 Pierre Mend\u00e8s France), afin de mettre en place \u00e0 l\u2019<span style=\"color: #0000ff\">Universit\u00e9 National Kirghize \u00e0 Bichkek<\/span> (formation de coll\u00e8gues kirghizes), un Master Double Comp\u00e9tence en Informatique et Sciences Sociales, sur la base de la sp\u00e9cialit\u00e9 DCISS du Master IC2A.<\/li>\n<\/ul>\n","protected":false},"excerpt":{"rendered":"<p>En novembre 2012, dans le cadre du projet europ\u00e9en Tempus 159035 ERAMIS, suite du projet Tempus pr\u00e9c\u00e9dent, j\u2019ai donn\u00e9 pendant 1 semaine un cours sur les techniques de satisfaction de contraintes \u00e0 destination d\u2019\u00e9tudiants de niveau Master, \u00e0 l\u2019Universit\u00e9 d\u2019Astrakhan, &hellip; <a href=\"https:\/\/lig-membres.imag.fr\/gensel\/enseignement\/activites-internationales\/\">Continue reading <span class=\"meta-nav\">&rarr;<\/span><\/a><\/p>\n","protected":false},"author":86,"featured_media":0,"parent":293,"menu_order":3,"comment_status":"closed","ping_status":"closed","template":"sidebar-page.php","meta":{"footnotes":""},"class_list":["post-1370","page","type-page","status-publish","hentry"],"_links":{"self":[{"href":"https:\/\/lig-membres.imag.fr\/gensel\/wp-json\/wp\/v2\/pages\/1370","targetHints":{"allow":["GET"]}}],"collection":[{"href":"https:\/\/lig-membres.imag.fr\/gensel\/wp-json\/wp\/v2\/pages"}],"about":[{"href":"https:\/\/lig-membres.imag.fr\/gensel\/wp-json\/wp\/v2\/types\/page"}],"author":[{"embeddable":true,"href":"https:\/\/lig-membres.imag.fr\/gensel\/wp-json\/wp\/v2\/users\/86"}],"replies":[{"embeddable":true,"href":"https:\/\/lig-membres.imag.fr\/gensel\/wp-json\/wp\/v2\/comments?post=1370"}],"version-history":[{"count":8,"href":"https:\/\/lig-membres.imag.fr\/gensel\/wp-json\/wp\/v2\/pages\/1370\/revisions"}],"predecessor-version":[{"id":1940,"href":"https:\/\/lig-membres.imag.fr\/gensel\/wp-json\/wp\/v2\/pages\/1370\/revisions\/1940"}],"up":[{"embeddable":true,"href":"https:\/\/lig-membres.imag.fr\/gensel\/wp-json\/wp\/v2\/pages\/293"}],"wp:attachment":[{"href":"https:\/\/lig-membres.imag.fr\/gensel\/wp-json\/wp\/v2\/media?parent=1370"}],"curies":[{"name":"wp","href":"https:\/\/api.w.org\/{rel}","templated":true}]}}