{"id":1381,"date":"2022-04-22T16:33:28","date_gmt":"2022-04-22T15:33:28","guid":{"rendered":"http:\/\/lig-membres.imag.fr\/gensel\/?page_id=1381"},"modified":"2025-04-02T13:50:47","modified_gmt":"2025-04-02T12:50:47","slug":"responsabilites-administratives","status":"publish","type":"page","link":"https:\/\/lig-membres.imag.fr\/gensel\/mandats-electifs\/responsabilites-administratives\/","title":{"rendered":"Responsabilit\u00e9s administratives"},"content":{"rendered":"<ul>\n<li>de janvier 2016 \u00e0 d\u00e9cembre 2019 : <span style=\"color: #0000ff\">Vice-Pr\u00e9sident en charge des Relations Territoriales et Internationales<\/span> de l\u2019<span style=\"color: #0000ff\">Universit\u00e9 Grenoble Alpes<\/span>.<\/li>\n<li>de juillet 2014 \u00e0 d\u00e9cembre 2015 : <span style=\"color: #0000ff\">Vice-Pr\u00e9sident en charge de la Recherche<\/span> de l\u2019<span style=\"color: #0000ff\">Universit\u00e9 Pierre Mend\u00e8s France<\/span> (Grenoble 2).<\/li>\n<li>de septembre 2015 \u00e0 d\u00e9cembre 2015 : <span style=\"color: #0000ff\">Co-directeur-adjoint du Coll\u00e8ge Doctoral de Site<\/span> en charge des \u00c9coles ALLSHS de l\u2019<span style=\"color: #0000ff\">Universit\u00e9 Grenoble Alpes<\/span>, en qualit\u00e9 de Vice-Pr\u00e9sident en charge de la Recherche avec pour mission de pr\u00e9parer la fusion des 3 universit\u00e9s grenobloises.<\/li>\n<li>de juillet 2014 \u00e0 d\u00e9cembre 2015 : <span style=\"color: #0000ff\">Directeur du Coll\u00e8ge Doctoral<\/span> (compos\u00e9 de 5 \u00c9coles Doctorales) de l\u2019<span style=\"color: #0000ff\">Universit\u00e9 Pierre Mend\u00e8s France<\/span> (Grenoble 2), en qualit\u00e9 de Vice-Pr\u00e9sident en charge de la Recherche.<\/li>\n<li>de 2007 \u00e0 2012 : <span style=\"color: #0000ff\">Directeur du D\u00e9partement Informatique et Math\u00e9matiques en Sciences Sociales<\/span> de l\u2019<span style=\"color: #0000ff\">UFR Sciences de l\u2019Homme et de la Soci\u00e9t\u00e9<\/span>, <span style=\"color: #0000ff\">Universit\u00e9 Pierre Mend\u00e8s France<\/span> (Grenoble2), soit pendant 3 mandats \u00e9lectifs de 2 ans (dur\u00e9e maximale).<\/li>\n<\/ul>\n","protected":false},"excerpt":{"rendered":"<p>de janvier 2016 \u00e0 d\u00e9cembre 2019 : Vice-Pr\u00e9sident en charge des Relations Territoriales et Internationales de l\u2019Universit\u00e9 Grenoble Alpes. de juillet 2014 \u00e0 d\u00e9cembre 2015 : Vice-Pr\u00e9sident en charge de la Recherche de l\u2019Universit\u00e9 Pierre Mend\u00e8s France (Grenoble 2). de &hellip; <a href=\"https:\/\/lig-membres.imag.fr\/gensel\/mandats-electifs\/responsabilites-administratives\/\">Continue reading <span class=\"meta-nav\">&rarr;<\/span><\/a><\/p>\n","protected":false},"author":86,"featured_media":0,"parent":320,"menu_order":0,"comment_status":"closed","ping_status":"closed","template":"sidebar-page.php","meta":{"footnotes":""},"class_list":["post-1381","page","type-page","status-publish","hentry"],"_links":{"self":[{"href":"https:\/\/lig-membres.imag.fr\/gensel\/wp-json\/wp\/v2\/pages\/1381","targetHints":{"allow":["GET"]}}],"collection":[{"href":"https:\/\/lig-membres.imag.fr\/gensel\/wp-json\/wp\/v2\/pages"}],"about":[{"href":"https:\/\/lig-membres.imag.fr\/gensel\/wp-json\/wp\/v2\/types\/page"}],"author":[{"embeddable":true,"href":"https:\/\/lig-membres.imag.fr\/gensel\/wp-json\/wp\/v2\/users\/86"}],"replies":[{"embeddable":true,"href":"https:\/\/lig-membres.imag.fr\/gensel\/wp-json\/wp\/v2\/comments?post=1381"}],"version-history":[{"count":5,"href":"https:\/\/lig-membres.imag.fr\/gensel\/wp-json\/wp\/v2\/pages\/1381\/revisions"}],"predecessor-version":[{"id":1949,"href":"https:\/\/lig-membres.imag.fr\/gensel\/wp-json\/wp\/v2\/pages\/1381\/revisions\/1949"}],"up":[{"embeddable":true,"href":"https:\/\/lig-membres.imag.fr\/gensel\/wp-json\/wp\/v2\/pages\/320"}],"wp:attachment":[{"href":"https:\/\/lig-membres.imag.fr\/gensel\/wp-json\/wp\/v2\/media?parent=1381"}],"curies":[{"name":"wp","href":"https:\/\/api.w.org\/{rel}","templated":true}]}}