{"id":1387,"date":"2022-04-22T16:38:46","date_gmt":"2022-04-22T15:38:46","guid":{"rendered":"http:\/\/lig-membres.imag.fr\/gensel\/?page_id=1387"},"modified":"2025-04-02T13:54:27","modified_gmt":"2025-04-02T12:54:27","slug":"responsabilites-et-mandats-internationaux-ou-nationaux","status":"publish","type":"page","link":"https:\/\/lig-membres.imag.fr\/gensel\/mandats-electifs\/responsabilites-et-mandats-internationaux-ou-nationaux\/","title":{"rendered":"Responsabilit\u00e9s et mandats nationaux"},"content":{"rendered":"<ul>\n<li>depuis 2016 : <span style=\"color: #0000ff\">membre nomm\u00e9 de la<\/span> <span style=\"color: #0000ff\">commission d\u2019\u00e9valuation<\/span> (COMEVAL) des chercheurs du <span style=\"color: #0000ff\">Minist\u00e8re de la Transition \u00c9cologique et Solidaire (Minist\u00e8re de l\u2019Environnement)<\/span>. J\u2019ai \u00e9t\u00e9 nomm\u00e9 en 2015 en qualit\u00e9 de personnalit\u00e9 scientifique ext\u00e9rieure pour une dur\u00e9e de 4 ans. Les chercheurs du d\u00e9veloppement durable sont au nombre de 300 charg\u00e9s de recherche et de 115 directeurs de recherche, affect\u00e9s principalement dans six \u00e9tablissements (CEREMA, ENPC, ENTPE, IGN, METEO-FRANCE, Universit\u00e9 Gustave Eiffel (ex IFSTTAR)), tutelles de laboratoires de recherche o\u00f9 sont d\u00e9velopp\u00e9es des recherches en informatique et en g\u00e9omatique.<\/li>\n<li>de septembre 2013 \u00e0 septembre 2015 : <span style=\"color: #0000ff\">membre \u00e9lu du CNU section 27 (<\/span>appel\u00e9 \u00e0 si\u00e9ger \u00e0 mi-mandat, en tant que suppl\u00e9ant, suite \u00e0 la d\u00e9mission d\u2019un membre). Participation aux campagnes de qualification de 2014 et 2015.<\/li>\n<\/ul>\n","protected":false},"excerpt":{"rendered":"<p>depuis 2016 : membre nomm\u00e9 de la commission d\u2019\u00e9valuation (COMEVAL) des chercheurs du Minist\u00e8re de la Transition \u00c9cologique et Solidaire (Minist\u00e8re de l\u2019Environnement). J\u2019ai \u00e9t\u00e9 nomm\u00e9 en 2015 en qualit\u00e9 de personnalit\u00e9 scientifique ext\u00e9rieure pour une dur\u00e9e de 4 ans. &hellip; <a href=\"https:\/\/lig-membres.imag.fr\/gensel\/mandats-electifs\/responsabilites-et-mandats-internationaux-ou-nationaux\/\">Continue reading <span class=\"meta-nav\">&rarr;<\/span><\/a><\/p>\n","protected":false},"author":86,"featured_media":0,"parent":320,"menu_order":1,"comment_status":"closed","ping_status":"closed","template":"sidebar-page.php","meta":{"footnotes":""},"class_list":["post-1387","page","type-page","status-publish","hentry"],"_links":{"self":[{"href":"https:\/\/lig-membres.imag.fr\/gensel\/wp-json\/wp\/v2\/pages\/1387","targetHints":{"allow":["GET"]}}],"collection":[{"href":"https:\/\/lig-membres.imag.fr\/gensel\/wp-json\/wp\/v2\/pages"}],"about":[{"href":"https:\/\/lig-membres.imag.fr\/gensel\/wp-json\/wp\/v2\/types\/page"}],"author":[{"embeddable":true,"href":"https:\/\/lig-membres.imag.fr\/gensel\/wp-json\/wp\/v2\/users\/86"}],"replies":[{"embeddable":true,"href":"https:\/\/lig-membres.imag.fr\/gensel\/wp-json\/wp\/v2\/comments?post=1387"}],"version-history":[{"count":10,"href":"https:\/\/lig-membres.imag.fr\/gensel\/wp-json\/wp\/v2\/pages\/1387\/revisions"}],"predecessor-version":[{"id":1955,"href":"https:\/\/lig-membres.imag.fr\/gensel\/wp-json\/wp\/v2\/pages\/1387\/revisions\/1955"}],"up":[{"embeddable":true,"href":"https:\/\/lig-membres.imag.fr\/gensel\/wp-json\/wp\/v2\/pages\/320"}],"wp:attachment":[{"href":"https:\/\/lig-membres.imag.fr\/gensel\/wp-json\/wp\/v2\/media?parent=1387"}],"curies":[{"name":"wp","href":"https:\/\/api.w.org\/{rel}","templated":true}]}}