{"id":140,"date":"2011-07-25T22:35:32","date_gmt":"2011-07-25T20:35:32","guid":{"rendered":"http:\/\/lig-membres.imag.fr\/gensel\/?page_id=140"},"modified":"2025-04-02T10:42:40","modified_gmt":"2025-04-02T09:42:40","slug":"publications","status":"publish","type":"page","link":"https:\/\/lig-membres.imag.fr\/gensel\/recherche\/publications\/","title":{"rendered":"Publications"},"content":{"rendered":"<h5><a href=\"http:\/\/www.informatik.uni-trier.de\/%7Eley\/db\/indices\/a-tree\/g\/Gensel:J=eacute=r=ocirc=me.html\">Publications r\u00e9f\u00e9renc\u00e9es par le serveur DBLP<\/a><\/h5>\n<h5>Publications (liste plus compl\u00e8te)<\/h5>\n<h5 style=\"padding-left: 30px\"><span style=\"color: #3366ff\"><a href=\"..\/?page_id=148\"><span style=\"color: #3366ff\"><span style=\"color: #0000ff\"><span style=\"color: #3366ff\">Revues internationales<\/span><\/span><\/span><\/a><a style=\"color: #3366ff\" href=\"..\/?page_id=547\"><br \/>\n<\/a><a style=\"color: #3366ff\" href=\"..\/?page_id=161\">Conf\u00e9rences internationales<\/a><\/span><\/h5>\n<h5 style=\"padding-left: 30px\"><span style=\"color: #3366ff\"><a style=\"color: #3366ff\" href=\"..\/?page_id=152\">Revues nationales<\/a><\/span><\/h5>\n<h5 style=\"padding-left: 30px\"><span style=\"color: #3366ff\"><a style=\"color: #3366ff\" href=\"..\/?page_id=179\">Conf\u00e9rences nationales<\/a><\/span><\/h5>\n<h5 style=\"padding-left: 30px\"><span style=\"color: #3366ff\"><a style=\"color: #3366ff\" href=\"..\/?page_id=547\">Ouvrages<\/a><a style=\"color: #3366ff\" href=\"..\/?page_id=547\"><br \/>\n<\/a><a style=\"color: #3366ff\" href=\"..\/?page_id=144\">Chapitres de livre<\/a><\/span><br \/>\n<span style=\"color: #3366ff\"><a style=\"color: #3366ff\" href=\"..\/?page_id=183\">M\u00e9moires<\/a><\/span><br \/>\n<span style=\"color: #3366ff\"><a style=\"color: #3366ff\" href=\"http:\/\/lig-membres.imag.fr\/gensel\/recherche\/publications\/brevets\/\">Brevets<\/a><\/span><\/h5>\n<h5>Identifiant ORCID :\u00a00000-0003-1398-7118<\/h5>\n","protected":false},"excerpt":{"rendered":"<p>Publications r\u00e9f\u00e9renc\u00e9es par le serveur DBLP Publications (liste plus compl\u00e8te) Revues internationales Conf\u00e9rences internationales Revues nationales Conf\u00e9rences nationales Ouvrages Chapitres de livre M\u00e9moires Brevets Identifiant ORCID :\u00a00000-0003-1398-7118<\/p>\n","protected":false},"author":86,"featured_media":0,"parent":65,"menu_order":1,"comment_status":"closed","ping_status":"closed","template":"sidebar-page.php","meta":{"footnotes":""},"class_list":["post-140","page","type-page","status-publish","hentry"],"_links":{"self":[{"href":"https:\/\/lig-membres.imag.fr\/gensel\/wp-json\/wp\/v2\/pages\/140","targetHints":{"allow":["GET"]}}],"collection":[{"href":"https:\/\/lig-membres.imag.fr\/gensel\/wp-json\/wp\/v2\/pages"}],"about":[{"href":"https:\/\/lig-membres.imag.fr\/gensel\/wp-json\/wp\/v2\/types\/page"}],"author":[{"embeddable":true,"href":"https:\/\/lig-membres.imag.fr\/gensel\/wp-json\/wp\/v2\/users\/86"}],"replies":[{"embeddable":true,"href":"https:\/\/lig-membres.imag.fr\/gensel\/wp-json\/wp\/v2\/comments?post=140"}],"version-history":[{"count":10,"href":"https:\/\/lig-membres.imag.fr\/gensel\/wp-json\/wp\/v2\/pages\/140\/revisions"}],"predecessor-version":[{"id":1796,"href":"https:\/\/lig-membres.imag.fr\/gensel\/wp-json\/wp\/v2\/pages\/140\/revisions\/1796"}],"up":[{"embeddable":true,"href":"https:\/\/lig-membres.imag.fr\/gensel\/wp-json\/wp\/v2\/pages\/65"}],"wp:attachment":[{"href":"https:\/\/lig-membres.imag.fr\/gensel\/wp-json\/wp\/v2\/media?parent=140"}],"curies":[{"name":"wp","href":"https:\/\/api.w.org\/{rel}","templated":true}]}}