{"id":144,"date":"2011-07-25T22:44:43","date_gmt":"2011-07-25T20:44:43","guid":{"rendered":"http:\/\/lig-membres.imag.fr\/gensel\/?page_id=144"},"modified":"2025-04-02T11:01:21","modified_gmt":"2025-04-02T10:01:21","slug":"chapitres-de-livre","status":"publish","type":"page","link":"https:\/\/lig-membres.imag.fr\/gensel\/recherche\/publications\/chapitres-de-livre\/","title":{"rendered":"Chapitres de livre"},"content":{"rendered":"<ul>\n<li>Camille Bernard, Christine Plumejeaud-Perreau, Marl\u00e8ne Villanova-Oliver, J\u00e9r\u00f4me Gensel, Hy Dao, Semantic graphs to reflect the evolution of geographic divisions, in \u201cHandbook of of Big Geospatial Data&#8221;, Edited by M. Werner and Y.Y. Chiang, Springer, 2021.<\/li>\n<li>Marl\u00e8ne Villanova-Oliver, David No\u00ebl, J\u00e9r\u00f4me Gensel, Pierre Le Qu\u00e9au, A framework for describing and analyzing life course trajectories: taking a step towards studying residential migration factors, in &#8220;Local resources, territorial development and well-being&#8221;, Edited by J.-C. Dissart and N. Seigneuret, pp 204-226, Edward Elgar Publishing, 2020.<\/li>\n<li>Gilles Pison, H\u00e9l\u00e8ne Mathian, Christine Plumejeaud, J\u00e9r\u00f4me Gensel, Explorer la dynamique d\u00e9mographique mondiale sur le Web, Fonder les siences du territoire, sous la direction de P. Beckouche, C. Grasland, F. Gu\u00e9rin-Pace, J-Y Moisseron, pp 171-184, Editions Karthala (Paris), 2012.<\/li>\n<li>Ronan Ysebaert, Nicolas Lambert, Claude Grasland, Benoit Le Rubrus, Marl\u00e8ne Villanova-Oliver, J\u00e9r\u00f4me Gensel, Christine Plumejeaud : HyperAtlas, un outil scientifique au service du d\u00e9bat politique &#8211; Application \u00e0 la politique de coh\u00e9sion de l&#8217;Union Europ\u00e9enne, Fonder les siences du territoire, sous la direction de P. Beckouche, C. Grasland, F. Gu\u00e9rin-Pace, J-Y Moisseron, pp 243-266, Editions Karthala (Paris), 2012.<\/li>\n<li>Alina Dia Miron, J\u00e9r\u00f4me Gensel, Marl\u00e8ne Villanova-Oliver: Semantic Analysis for the Geospatial Web, Studies in Computational Intelligence, Volume 292, Advances in Knowledge Discovery and Management, Pages 287-306, 2010.<\/li>\n<li>Sandro Bimonte, M. Villanova-Oliver, J. Gensel. A Multidimensional Model for Correct Aggregation of Geographic Measures. Evolving Application Domains of Data Warehousing and Mining: Trends and Solutions. IGI Global, 2010, 162-183 p.<\/li>\n<li>Christine Plumejeaud, Bogdan Moisuc, Sandro Bimonte, Marl\u00e8ne Villanova-Oliver, J\u00e9r\u00f4me Gensel, An Object-Oriented Model for the Sustainable Management of Evolving Spatio-Temporal Information In: Geocomputation and Urban Planning edited by Beniamino Murgante, Giuseppe Borruso, Alessandra Lapucci. Series: Studies in Computational Intelligence, Vol. 176, Springer, 2009.<\/li>\n<li>Alina Dia Miron, J\u00e9r\u00f4me Gensel, Marl\u00e8ne Villanova-Oliver, Herv\u00e9 Martin,, \u00abRelazioni Spaziali Qualitative per il Web Semantico\u00bb, Chapitre dans L&#8217;informazione geografica a supporto della pianificazione territorial. Chapitre 13, pp 254-263, 2008.<\/li>\n<li>Angela Carrillo-Ramos, Manuele Kirsch-Pinheiro, Marl\u00e8ne Villanova-Oliver, J\u00e9r\u00f4me Gensel, Yolande Berbers, Collaborating Agents for Adaptation to Mobile Users. Chapter in Collaborative and Social Information Retrieval and Access: Techniques for Improved User Modeling (IGI Global), 2009.<\/li>\n<li>Ioan Marius Bilasco, J\u00e9r\u00f4me Gensel, Herv\u00e9 Martin, Marl\u00e8ne Villanova-Oliver, Indexing 3D scenes, in <em>Encyclopedia of Multimedia<\/em>, Editor-in-Chief: Borko Furht, Springer 2005.<\/li>\n<li>Philippe Mulhem, J\u00e9r\u00f4me Gensel and Herv\u00e9 Martin,\u00a0 Adaptive video summarization, Chapter 11, The Handbook of Video Databases Design and Applications, Editors-in-chief: Borko Furht and Oge Marques, pp 279-298, CRC Press, 2003.<\/li>\n<li>J\u00e9r\u00f4me Gensel, Philippe Mulhem and Herv\u00e9 Martin, An Object Approach for Web Multimedia Presentations, in Multimedia Mining: A Highway to Intelligent Multimedia Documents, edited by Chabane Djeraba, book Series: Multimedia Systems and Applications : Volume 22,\u00a0\u00a0\u00a0\u00a0 Chapter 8, pp 161-177, Kluwer Academic Publishers, 2002.<\/li>\n<li>J\u00e9r\u00f4me Gensel, Objets et Contraintes, Editors: Roland Ducournau, J\u00e9r\u00f4me Euzenat, G\u00e9rald Masini and Amedeo Napoli, Langages et mod\u00e8les \u00e0\u00a0 objets. INRIA, Collection Didactique (19). Chapter 9, pp 257-289, 1998 (in French).<\/li>\n<li>J\u00e9r\u00f4me Gensel, Integrating Constraints in an Object-Based Knowledge Representation System, Constraint Processing, Editor: Manfred Meyer, Lecture Notes in Computer Science, No 923, pp 67-77, 1995.<\/li>\n<\/ul>\n","protected":false},"excerpt":{"rendered":"<p>Camille Bernard, Christine Plumejeaud-Perreau, Marl\u00e8ne Villanova-Oliver, J\u00e9r\u00f4me Gensel, Hy Dao, Semantic graphs to reflect the evolution of geographic divisions, in \u201cHandbook of of Big Geospatial Data&#8221;, Edited by M. Werner and Y.Y. Chiang, Springer, 2021. Marl\u00e8ne Villanova-Oliver, David No\u00ebl, J\u00e9r\u00f4me &hellip; <a href=\"https:\/\/lig-membres.imag.fr\/gensel\/recherche\/publications\/chapitres-de-livre\/\">Continue reading <span class=\"meta-nav\">&rarr;<\/span><\/a><\/p>\n","protected":false},"author":86,"featured_media":0,"parent":140,"menu_order":5,"comment_status":"closed","ping_status":"closed","template":"sidebar-page.php","meta":{"footnotes":""},"class_list":["post-144","page","type-page","status-publish","hentry"],"_links":{"self":[{"href":"https:\/\/lig-membres.imag.fr\/gensel\/wp-json\/wp\/v2\/pages\/144","targetHints":{"allow":["GET"]}}],"collection":[{"href":"https:\/\/lig-membres.imag.fr\/gensel\/wp-json\/wp\/v2\/pages"}],"about":[{"href":"https:\/\/lig-membres.imag.fr\/gensel\/wp-json\/wp\/v2\/types\/page"}],"author":[{"embeddable":true,"href":"https:\/\/lig-membres.imag.fr\/gensel\/wp-json\/wp\/v2\/users\/86"}],"replies":[{"embeddable":true,"href":"https:\/\/lig-membres.imag.fr\/gensel\/wp-json\/wp\/v2\/comments?post=144"}],"version-history":[{"count":5,"href":"https:\/\/lig-membres.imag.fr\/gensel\/wp-json\/wp\/v2\/pages\/144\/revisions"}],"predecessor-version":[{"id":1823,"href":"https:\/\/lig-membres.imag.fr\/gensel\/wp-json\/wp\/v2\/pages\/144\/revisions\/1823"}],"up":[{"embeddable":true,"href":"https:\/\/lig-membres.imag.fr\/gensel\/wp-json\/wp\/v2\/pages\/140"}],"wp:attachment":[{"href":"https:\/\/lig-membres.imag.fr\/gensel\/wp-json\/wp\/v2\/media?parent=144"}],"curies":[{"name":"wp","href":"https:\/\/api.w.org\/{rel}","templated":true}]}}