{"id":148,"date":"2011-07-25T22:53:26","date_gmt":"2011-07-25T20:53:26","guid":{"rendered":"http:\/\/lig-membres.imag.fr\/gensel\/?page_id=148"},"modified":"2026-03-20T11:31:00","modified_gmt":"2026-03-20T10:31:00","slug":"revues-internationales","status":"publish","type":"page","link":"https:\/\/lig-membres.imag.fr\/gensel\/recherche\/publications\/revues-internationales\/","title":{"rendered":"Revues internationales"},"content":{"rendered":"<ul>\n<li>Camille Bernard, J\u00e9r\u00f4me Gensel, Daniela F. Milon-Flores, Gregory Giuliani and Marl\u00e8ne Villanova, OFF-SETT: A Semantic Framework for Annotating Trends in Spatiotemporal Data, ISPRS Int. J. Geo-Inf., 15(3), 132; <a href=\"https:\/\/doi.org\/10.3390\/ijgi15030132\">https:\/\/doi.org\/10.3390\/ijgi15030132<\/a>, 2026.<\/li>\n<li>J\u00e9r\u00f4me Gensel, Christophe Cruz, Hocine Ch\u00e9rifi, Advances in Knowledge Discovery and Management, best papers of EGC 2024, preface, Special Issue Advances in Knowledge Discovery and Management, best papers of EGC 2024. Data and Knowledge Engineering, 2025.<\/li>\n<li>Camille Bernard, Marl\u00e8ne Villanova-Oliver, J\u00e9r\u00f4me Gensel, Theseus: A framework for managing knowledge graphs about geographical divisions and their evolution, Transaction in GIS, Vol 26, n\u00b08, pp 3202-3224, 2022.<\/li>\n<li>G\u00e9raldine Del Mondo, Peng Peng, J\u00e9r\u00f4me Gensel, Christophe Claramunt, Feng Lu, Leveraging Spatio-Temporal Graphs and Knowledge Graphs: Perspectives in the Field of Maritime Transportation. ISPRS International Journal of Geo-Information, 10(8), pp 541-566, 2021.<\/li>\n<li>Camille Bernard, Marl\u00e8ne Villanova-Oliver, J\u00e9r\u00f4me Gensel, STeDI: a Spatial Data Infrastructure for managing data flows of Territorial Statistical Information, International Journal of Digital Earth, Vol 10, Issue 3, 2017.<\/li>\n<li>Andr\u00e9 Sales Fonteles, Sylvain Bouveret, J\u00e9r\u00f4me Gensel, Trajectory recommendation for task accomplishment in crowdsourcing \u2013 a model to favour different actors, Journal of Location Based Services, Vol 10, Issue 2, pp125-141, 2016.<\/li>\n<li>Sandro Bimonte, Michela Bertolotto, J\u00e9r\u00f4me Gensel, Omar Boussaid, Spatial OLAP and Map Generalization: Model and Algebra, International Journal of Data Warehousing and Mining (IJDWM), Vol. 8, N\u00b0 1, January-March 2012.<\/li>\n<li>Christine Plumejeaud, H\u00e9l\u00e8ne Mathian, J\u00e9r\u00f4me Gensel, Claude Grasland, Spatio-temporal analysis of territorial changes from a multi-scale perspective, International Journal of Geographical Information Systems. Vol. 25, N\u00b010, \u00a02011.To appear, Spring 2011.<\/li>\n<li>Windson Viana, Alina Dia Miron, Bogdan Moisuc, J\u00e9r\u00f4me Gensel, Marl\u00e8ne Villanova-Oliver, Herv\u00e9 Martin.Towards the semantic and context-aware management of mobile multimedia. Multimedia Tools and Applications, March 24, 2010:1-39, 2010.<\/li>\n<li>Windson Viana, Jos\u00e9 Bringel Filho, J\u00e9r\u00f4me Gensel, Marl\u00e8ne Villanova-Oliver, Herv\u00e9 Martin. PhotoMap: From Location and Time to Context-Aware Photo Annotations. Journal of Location Based Services, v. 2, p. 211-235, 2008.<\/li>\n<li>Ioan Marius Bilasco, J\u00e9r\u00f4me Gensel, Marl\u00e8ne Villanova-Oliver, Herv\u00e9 Martin, Towards geospatial queries in semantic digital library for 3D data, Transactions in GIS, special issue on on The Geospatial Semantic Web, 2007.<\/li>\n<li>Bogdan Moisuc, Paule-Annick Davoine, J\u00e9r\u00f4me Gensel and Herv\u00e9 Martin, Design of Spatio-Temporal Information Systems for Natural Risk Management with an Object-Based Knowledge Representation Approach , GEOMATICA Vol. 59, No. 4, pp. 295 to 311, 2005.<\/li>\n<li>Ioan Marius Bilasco, J\u00e9r\u00f4me Gensel, Marl\u00e8ne Villanova-Oliver, STAMP: a Model for Generating Adaptable Multimedia Presentations. Multimedia Tools and Applications, Vol 25, N\u00b0 3, pp 361-375, March 2005.<\/li>\n<li>Marl\u00e8ne Villanova-Oliver, J\u00e9r\u00f4me Gensel and Herv\u00e9 Martin, A Progressive Access Approach for Web-based Information Systems, Journal of Web Engineering, Volume 2, No.1&amp;2, pp 27-57, 2003.<\/li>\n<\/ul>\n","protected":false},"excerpt":{"rendered":"<p>Camille Bernard, J\u00e9r\u00f4me Gensel, Daniela F. Milon-Flores, Gregory Giuliani and Marl\u00e8ne Villanova, OFF-SETT: A Semantic Framework for Annotating Trends in Spatiotemporal Data, ISPRS Int. J. Geo-Inf., 15(3), 132; https:\/\/doi.org\/10.3390\/ijgi15030132, 2026. J\u00e9r\u00f4me Gensel, Christophe Cruz, Hocine Ch\u00e9rifi, Advances in Knowledge Discovery &hellip; <a href=\"https:\/\/lig-membres.imag.fr\/gensel\/recherche\/publications\/revues-internationales\/\">Continue reading <span class=\"meta-nav\">&rarr;<\/span><\/a><\/p>\n","protected":false},"author":86,"featured_media":0,"parent":140,"menu_order":0,"comment_status":"closed","ping_status":"closed","template":"sidebar-page.php","meta":{"footnotes":""},"class_list":["post-148","page","type-page","status-publish","hentry"],"_links":{"self":[{"href":"https:\/\/lig-membres.imag.fr\/gensel\/wp-json\/wp\/v2\/pages\/148","targetHints":{"allow":["GET"]}}],"collection":[{"href":"https:\/\/lig-membres.imag.fr\/gensel\/wp-json\/wp\/v2\/pages"}],"about":[{"href":"https:\/\/lig-membres.imag.fr\/gensel\/wp-json\/wp\/v2\/types\/page"}],"author":[{"embeddable":true,"href":"https:\/\/lig-membres.imag.fr\/gensel\/wp-json\/wp\/v2\/users\/86"}],"replies":[{"embeddable":true,"href":"https:\/\/lig-membres.imag.fr\/gensel\/wp-json\/wp\/v2\/comments?post=148"}],"version-history":[{"count":16,"href":"https:\/\/lig-membres.imag.fr\/gensel\/wp-json\/wp\/v2\/pages\/148\/revisions"}],"predecessor-version":[{"id":2106,"href":"https:\/\/lig-membres.imag.fr\/gensel\/wp-json\/wp\/v2\/pages\/148\/revisions\/2106"}],"up":[{"embeddable":true,"href":"https:\/\/lig-membres.imag.fr\/gensel\/wp-json\/wp\/v2\/pages\/140"}],"wp:attachment":[{"href":"https:\/\/lig-membres.imag.fr\/gensel\/wp-json\/wp\/v2\/media?parent=148"}],"curies":[{"name":"wp","href":"https:\/\/api.w.org\/{rel}","templated":true}]}}