{"id":152,"date":"2011-07-25T23:00:28","date_gmt":"2011-07-25T21:00:28","guid":{"rendered":"http:\/\/lig-membres.imag.fr\/gensel\/?page_id=152"},"modified":"2025-04-02T10:53:13","modified_gmt":"2025-04-02T09:53:13","slug":"revues-nationales","status":"publish","type":"page","link":"https:\/\/lig-membres.imag.fr\/gensel\/recherche\/publications\/revues-nationales\/","title":{"rendered":"Revues nationales"},"content":{"rendered":"<ul>\n<li>Camille Bernard, Marl\u00e8ne Villanova-Oliver, J\u00e9r\u00f4me Gensel, Hy Dao: Ontologies pour repr\u00e9senter l&#8217;\u00e9volution des d\u00e9coupages territoriaux statistiques. Revue Internationale de G\u00e9omatique 28(4), pp 409-438, 2018.<\/li>\n<li>Anthony Hombiat, Marl\u00e8ne Villanova-Oliver, J\u00e9r\u00f4me Gensel, OF4OSM &#8211; Un m\u00e9ta-mod\u00e8le pour structurer la folksonomie d\u2019OSM en une nouvelle ontologie, Revue Internationale de G\u00e9omatique, 26(4), pp 425- 544, 2016.<\/li>\n<li>David No\u00ebl, Marl\u00e8ne Villanova-Oliver, J\u00e9r\u00f4me Gensel, Pierre Le Qu\u00e9au, Mod\u00e9lisation de trajectoires s\u00e9mantiques int\u00e9grant perspectives multiples et facteurs explicatifs \u2013 Application aux trajectoires de vie, Revue Internationale de G\u00e9omatique, 26(4), pp 491- 510, 2016.<\/li>\n<li>Andr\u00e9 Sales Fonteles, Sylvain Bouveret, J\u00e9r\u00f4me Gensel, Recommandation opportuniste de trajectoires pour l&#8217;accomplissement de t\u00e2ches dans les syst\u00e8mes crowdsourcing. Document Num\u00e9rique 19(1), pp 103-126, 2016.<\/li>\n<li>Ghada Ben Nejma, Philippe Roose, Marc Dalmau,\u00a0J\u00e9r\u00f4me Gensel, Taldea, un outil d\u2019aide \u00e0 la cr\u00e9ation de communaut\u00e9s spontan\u00e9es avec g\u00e9olocalisation- Revue Ing\u00e9nierie et Syst\u00e8mes d\u2019Information, 18, n\u00b0 1\/2013, Social, localisation et mobilit\u00e9 coordonn\u00e9 par T. Delot et F. S\u00e8des, 2013.<\/li>\n<li>Christine Plumejeaud, J\u00e9r\u00f4me Gensel, Marl\u00e8ne Villanova-Oliver, Maher Ben Rebah, Guillaume Vergnaud, Construction d\u2019une g\u00e9n\u00e9alogie des territoires pour la repr\u00e9sentation du changement, CyberGeo, n\u00b0573, 2011.<\/li>\n<li>Christine Plumejeaud, J\u00e9r\u00f4me Gensel, Marl\u00e8ne Villanova-Oliver, Maher Ben Rebah, Guillaume Vergnaud, Mod\u00e9lisation des hi\u00e9rarchies territoriales multiples \u00e9volutives, Revue Internationale de G\u00e9omatique, Vol. 21\/2, pp. 183-201, ed. Herm\u00e8s, 2011.<\/li>\n<li>C\u00e9line Lopez-Velasco, J\u00e9r\u00f4me Gensel, Marl\u00e8ne Villanova-Oliver, Herv\u00e9 Martin, Vers une plate-forme de g\u00e9n\u00e9ration de SIG mobiles adapt\u00e9s au contexte d\u2019utilisation, Revue Internationale de G\u00e9omatique, num\u00e9ro sp\u00e9cial G\u00e9omatique, n\u00b0 2, 2009.<\/li>\n<li>Windson Viana, J\u00e9r\u00f4me Gensel, Marl\u00e8ne Villanova Oliver, Herv\u00e9 Martin, Indexation s\u00e9mantique d\u2019images g\u00e9or\u00e9f\u00e9renc\u00e9es, Revue Internationale de G\u00e9omatique, num\u00e9ro sp\u00e9cial G\u00e9omatique, n\u00b0 2, 2009.<\/li>\n<li>Bogdan Moisuc, J\u00e9r\u00f4me Gensel, Herv\u00e9 Martin, Conception de syst\u00e8mes d\u2019information spatio-temporelle adaptatifs avec ASTIS. Num\u00e9ro sp\u00e9cial de la Revue Nouvelle des Technologies de l\u2019Information, RNTI E-13, pp 63-78, ed. C\u00e9padu\u00e8s, 2008.<\/li>\n<li>Angela Carrillo-Ramos, Marl\u00e8ne Villanova-Oliver, J\u00e9r\u00f4me Gensel, Herv\u00e9 Martin, Perfiles de Usuario Generados de Acuerdo a las Preferencias de Usuario y al Contexto de Uso&#8221;. Revista Avances en Sistemas e Inform\u00e1tica, N\u00famero Especial Vol. 5, 2008.<\/li>\n<li>Christine Plumejeaud, Jean-Marc Vincent, Claude Grasland, J\u00e9r\u00f4me Gensel, H\u00e9l\u00e8ne Mathian, Serge Guelton, Jo\u00ebl Boulier, HyperSmooth : calcul et visualisation de cartes de potentiel interactives, Colloque International de G\u00e9omatique et d&#8217;Analyse Spatiale. Num\u00e9ro sp\u00e9cial de la Revue Nouvelle des Technologies de l\u2019Information, RNTI E-13, pp 19-42, ed\u00a0.C\u00e9padu\u00e8s, 2008.<\/li>\n<li>Angela Carrillo-Ramos, Marl\u00e8ne Villanova-Oliver, J\u00e9r\u00f4me Gensel, Herv\u00e9 Martin, Aumentando las consultas de usuario para prop\u00f3sitos de adaptaci\u00f3n en ambientes n\u00f3madas, Revista Avances en Sistemas e Inform\u00e1tica, vol. 4, n\u00b0 3, 2007.<\/li>\n<li>Ioan Marius Bilasco, Marl\u00e8ne Villanova-Oliver, J\u00e9r\u00f4me Gensel, Herv\u00e9 Martin, S\u00e9mantique et mod\u00e9lisation de sc\u00e8nes 3D, num\u00e9ro sp\u00e9cial M\u00e9tadonn\u00e9es et Nouveaux Syst\u00e8mes d\u2019Information, Revue Ing\u00e9nierie des Syst\u00e8mes d&#8217;Information, vol 12, n\u00b0 2, 2007<\/li>\n<li>Angela Carrillo-Ramos, Marl\u00e8ne Villanova-Oliver, J\u00e9r\u00f4me Gensel, Herv\u00e9 Martin, G\u00e9n\u00e9ration de profils contextuels \u00e0 partir de pr\u00e9f\u00e9rences d\u2019utilisateurs nomades, num\u00e9ro sp\u00e9cial Adaptation et gestion du contexte, Revue Ing\u00e9nierie des Syst\u00e8mes d&#8217;Information, vol 11, n\u00b0 5, 2006.<\/li>\n<li>Paule-Annick Davoine, Bogdan Moisuc, J\u00e9r\u00f4me Gensel, Herv\u00e9 Martin, SIHREN : une plate-forme pour la g\u00e9n\u00e9ration de syst\u00e8mes d\u2019information spatio-temporelle et multim\u00e9dia d\u00e9di\u00e9s aux risques naturels, Revue Internationale de G\u00e9omatique, num\u00e9ro sp\u00e9cial Information g\u00e9ographique et gestion des risques, vol 16, n\u00b0 3-4, pp 377-394, 2006.<\/li>\n<li>Angela Carrillo Ramos, J\u00e9r\u00f4me Gensel, Marl\u00e8ne Villanova-Oliver, Herv\u00e9 Martin, PUMAS: Un Framework que adapta la informaci\u00f3n en ambientes ub\u00edcuos\u201d. Revista Colombiana de Computacion (Colombian Journal of Computation), vol 6, No 2, pp 28-47, d\u00e9c 2005.<\/li>\n<li>C\u00e9line Lopez-Velasco, Marl\u00e8ne Villanova-Oliver, J\u00e9r\u00f4me\u00a0Gensel, Herv\u00e9 Martin, Adaptabilit\u00e9 \u00e0 l\u2019utilisateur dans le contexte de services Web, Extraction des connaissances : \u00e9tat et perspectives, Revue Nouvelle des Technologies de l&#8217;Information, RNTI-E-5, pp 153-158, ed. C\u00e9padu\u00e8s, 2005.<\/li>\n<li>Bogdan Moisuc, Paule-Annick Davoine, J\u00e9r\u00f4me Gensel, Herv\u00e9 Martin, GenGHIS\u00a0: un outil de mod\u00e9lisation spatio-temporelle pour le suivi historique des risques naturels, Ing\u00e9nierie des Syst\u00e8mes d&#8217;Information, (in French), Revue Ing\u00e9nierie des Syst\u00e8mes d&#8217;Information, Vol 10, n\u00b0 4, pp 35-58, 2005.<\/li>\n<li>Marl\u00e8ne Villanova-Oliver, J\u00e9r\u00f4me Gensel, and Herv\u00e9 Martin, Cinq mod\u00e8les pour int\u00e9grer l&#8217;acc\u00e8s progressif dans les syst\u00e8mes d&#8217;information sur le Web, Ing\u00e9nierie des Syst\u00e8mes d&#8217;Information, (in French), Revue Ing\u00e9nierie des Syst\u00e8mes d&#8217;Information, Vol 8, n\u00b0 4, pp 53-82, 2003.<\/li>\n<li>Philippe Mulhem, J\u00e9r\u00f4me Gensel, and Herv\u00e9 Martin, Mod\u00e8les pour r\u00e9sum\u00e9s adaptatifs de vid\u00e9os, Ing\u00e9nierie des Syst\u00e8mes d&#8217;Information, num\u00e9ro sp\u00e9cial &#8220;Bases de Donn\u00e9es et Multim\u00e9dia&#8221;, Volume 7, n\u00b05-6, pp 91-118, Herm\u00e8s, 2002.<\/li>\n<\/ul>\n","protected":false},"excerpt":{"rendered":"<p>Camille Bernard, Marl\u00e8ne Villanova-Oliver, J\u00e9r\u00f4me Gensel, Hy Dao: Ontologies pour repr\u00e9senter l&#8217;\u00e9volution des d\u00e9coupages territoriaux statistiques. Revue Internationale de G\u00e9omatique 28(4), pp 409-438, 2018. Anthony Hombiat, Marl\u00e8ne Villanova-Oliver, J\u00e9r\u00f4me Gensel, OF4OSM &#8211; Un m\u00e9ta-mod\u00e8le pour structurer la folksonomie d\u2019OSM en &hellip; <a href=\"https:\/\/lig-membres.imag.fr\/gensel\/recherche\/publications\/revues-nationales\/\">Continue reading <span class=\"meta-nav\">&rarr;<\/span><\/a><\/p>\n","protected":false},"author":86,"featured_media":0,"parent":140,"menu_order":2,"comment_status":"closed","ping_status":"closed","template":"sidebar-page.php","meta":{"footnotes":""},"class_list":["post-152","page","type-page","status-publish","hentry"],"_links":{"self":[{"href":"https:\/\/lig-membres.imag.fr\/gensel\/wp-json\/wp\/v2\/pages\/152","targetHints":{"allow":["GET"]}}],"collection":[{"href":"https:\/\/lig-membres.imag.fr\/gensel\/wp-json\/wp\/v2\/pages"}],"about":[{"href":"https:\/\/lig-membres.imag.fr\/gensel\/wp-json\/wp\/v2\/types\/page"}],"author":[{"embeddable":true,"href":"https:\/\/lig-membres.imag.fr\/gensel\/wp-json\/wp\/v2\/users\/86"}],"replies":[{"embeddable":true,"href":"https:\/\/lig-membres.imag.fr\/gensel\/wp-json\/wp\/v2\/comments?post=152"}],"version-history":[{"count":7,"href":"https:\/\/lig-membres.imag.fr\/gensel\/wp-json\/wp\/v2\/pages\/152\/revisions"}],"predecessor-version":[{"id":1808,"href":"https:\/\/lig-membres.imag.fr\/gensel\/wp-json\/wp\/v2\/pages\/152\/revisions\/1808"}],"up":[{"embeddable":true,"href":"https:\/\/lig-membres.imag.fr\/gensel\/wp-json\/wp\/v2\/pages\/140"}],"wp:attachment":[{"href":"https:\/\/lig-membres.imag.fr\/gensel\/wp-json\/wp\/v2\/media?parent=152"}],"curies":[{"name":"wp","href":"https:\/\/api.w.org\/{rel}","templated":true}]}}