{"id":1715,"date":"2025-03-31T12:13:42","date_gmt":"2025-03-31T11:13:42","guid":{"rendered":"https:\/\/lig-membres.imag.fr\/gensel\/?page_id=1715"},"modified":"2025-09-28T13:17:53","modified_gmt":"2025-09-28T12:17:53","slug":"career","status":"publish","type":"page","link":"https:\/\/lig-membres.imag.fr\/gensel\/en\/career\/","title":{"rendered":"Career"},"content":{"rendered":"<table width=\"605\">\n<tbody>\n<tr>\n<td width=\"142\">Since September 2007<\/td>\n<td width=\"463\"><span style=\"color: #3366ff\"><strong><em>Full Professor in Computer Science<\/em><\/strong><\/span>, Universit\u00e9 Grenoble Alpes (formerly Universit\u00e9 Pierre Mend\u00e8s France &#8211; Grenoble 2)<br \/>\n<span style=\"text-decoration: underline\"><span style=\"color: #ff0000;text-decoration: underline\">Research:<\/span><\/span> STORIES research group (since January 2025), Laboratory of Informatics of Grenoble (LIG)<br \/>\nSTeamer resarch Group (from 2007 to 2024), Laboratory of Informatics of Grenoble (LIG)<br \/>\n<span style=\"text-decoration: underline\"><span style=\"color: #ff0000;text-decoration: underline\">Teaching:<\/span> <\/span>Department of Mathematics and Computer Science for the Human and Social Sciences (MIASHS), Faculty of Human and Society Sciences (SHS)<\/td>\n<\/tr>\n<tr>\n<td width=\"142\">From September 2020 to August 2021<\/td>\n<td width=\"463\"><span style=\"color: #ff9900\"><strong><em>CRCT (Leave for Research or Thematic Conversion)<\/em><\/strong><\/span>, et the LIG (Computer Science Laboratory in Grenoble): 1 semester granted by the CNU and 1 semester by my institution<br \/>\n<span style=\"text-decoration: underline\"><span style=\"color: #ff0000;text-decoration: underline\">Research:<\/span><\/span> STeamer research group, Laboratory of Informatics of Grenoble (LIG)<\/td>\n<\/tr>\n<tr>\n<td width=\"142\">From January 2016 to December 2019<\/td>\n<td width=\"463\"><span style=\"color: #800080\"><strong><em>Vice-President for International and External Affairs <\/em><\/strong><\/span><em>Grenoble Alpes University<br \/>\n<\/em><\/td>\n<\/tr>\n<tr>\n<td width=\"142\">From July 2014 to December 2015<\/td>\n<td width=\"463\"><span style=\"color: #800080\"><strong><em>Vice-President for Research <\/em><\/strong><\/span><em>Pierre Mend\u00e8s France University (University Grenoble 2)<\/em><\/td>\n<\/tr>\n<tr>\n<td width=\"142\">November 2006<\/td>\n<td width=\"463\"><span style=\"color: #008000\"><strong><em>HDR (Habilitation to Supervise Research)<\/em><\/strong><\/span><u>,<\/u> University Joseph Fourier (University Grenoble 1), Specialty Computer Science specialty, Object-based Knowledge Representation for the modeling and adaptation of multimedia and spatio-temporal information.<\/td>\n<\/tr>\n<tr>\n<td width=\"142\">From September 2005 to February 2007<\/td>\n<td width=\"463\"><span style=\"color: #ff9900\"><strong><em>Delegation at CNRS<\/em><\/strong><\/span>, LSR Laboratory, Grenoble<\/td>\n<\/tr>\n<tr>\n<td width=\"142\">From September 1996 to August 2007<\/td>\n<td width=\"463\"><span style=\"color: #3366ff\"><strong><em>Senior Lecturer in Computer Science<\/em><\/strong><\/span>, Pierre Mend\u00e8s France University (University Grenoble 2) \u2013 promoted 1st Class in 2000<br \/>\n<span style=\"text-decoration: underline\"><span style=\"color: #ff0000;text-decoration: underline\">Research:<\/span><\/span><\/p>\n<ul>\n<li>STeamer research group, Laboratory of Informatics of Grenoble (LIG) since January 2007<\/li>\n<li>SIGMA research group, Laboratory of Software, Systems and Networks (LSR, CNRS UMR 5526), from January 2001 to December 2006<\/li>\n<li>action Romans, INRIA Rh\u00f4ne-Alpes, de janvier 1999 \u00e0 janvier 2001<\/li>\n<li>SHERPA project, INRIA Rh\u00f4ne-Alpes, from September 1996 to December 1998<\/li>\n<\/ul>\n<p><span style=\"text-decoration: underline;color: #ff0000\">Teaching:<\/span> Department of Mathematics and Computer Science for the Human and Social Sciences (MIASHS), Faculty of Human and Society Sciences (SHS)<\/td>\n<\/tr>\n<tr>\n<td width=\"142\">From September 1994 to August 1996<\/td>\n<td width=\"463\"><span style=\"color: #3366ff\"><strong><em>ATER (Temporary Teaching and Research Associate)<\/em><\/strong><\/span>, Pierre Mend\u00e8s France University (University Grenoble 2)<br \/>\n<span style=\"text-decoration: underline\"><span style=\"color: #ff0000;text-decoration: underline\">Research:<\/span><\/span> SHERPA project, INRIA Rh\u00f4ne-Alpes<br \/>\n<span style=\"text-decoration: underline;color: #ff0000\">Teaching: <\/span>Department of Mathematics and Computer Science for the Human and Social Sciences (MIASHS), Faculty of Human and Society Sciences (SHS)<\/td>\n<\/tr>\n<tr>\n<td width=\"142\">October 1995<\/td>\n<td width=\"463\"><strong><em><span style=\"color: #008000\">PhD in Computer Science<\/span>,<\/em><\/strong> Joseph Fourier University (University Grenoble 1),\u00a0Constraints and knowledge representation by objects. Application to the Tropes model.<\/td>\n<\/tr>\n<tr>\n<td width=\"142\">From September 1991 to August 1994<\/td>\n<td width=\"463\"><span style=\"color: #3366ff\"><strong><em>Research Fellow<\/em><\/strong><\/span>, Ministery of Higher Education and Research<br \/>\n<span style=\"color: #3366ff\"><strong><em>Moniteur (Instructor in Higher Education)<\/em><\/strong><\/span>, Joseph Fourier University (University Grenoble 1<br \/>\n<span style=\"text-decoration: underline\"><span style=\"color: #ff0000;text-decoration: underline\">Research:<\/span><\/span> SHERPA project, INRIA Rh\u00f4ne-Alpes<br \/>\n<span style=\"text-decoration: underline\"><span style=\"color: #ff0000;text-decoration: underline\">Teaching:<\/span><\/span> Department of Mathematics and Computer Science for the Human and Social Sciences (MIASHS), Faculty of Human and Society Sciences (SHS)<\/td>\n<\/tr>\n<\/tbody>\n<\/table>\n","protected":false},"excerpt":{"rendered":"<p>Since September 2007 Full Professor in Computer Science, Universit\u00e9 Grenoble Alpes (formerly Universit\u00e9 Pierre Mend\u00e8s France &#8211; Grenoble 2) Research: STORIES research group (since January 2025), Laboratory of Informatics of Grenoble (LIG) STeamer resarch Group (from 2007 to 2024), Laboratory &hellip; <a href=\"https:\/\/lig-membres.imag.fr\/gensel\/en\/career\/\">Continue reading <span class=\"meta-nav\">&rarr;<\/span><\/a><\/p>\n","protected":false},"author":86,"featured_media":0,"parent":0,"menu_order":1,"comment_status":"closed","ping_status":"closed","template":"sidebar-page.php","meta":{"footnotes":""},"class_list":["post-1715","page","type-page","status-publish","hentry"],"_links":{"self":[{"href":"https:\/\/lig-membres.imag.fr\/gensel\/wp-json\/wp\/v2\/pages\/1715","targetHints":{"allow":["GET"]}}],"collection":[{"href":"https:\/\/lig-membres.imag.fr\/gensel\/wp-json\/wp\/v2\/pages"}],"about":[{"href":"https:\/\/lig-membres.imag.fr\/gensel\/wp-json\/wp\/v2\/types\/page"}],"author":[{"embeddable":true,"href":"https:\/\/lig-membres.imag.fr\/gensel\/wp-json\/wp\/v2\/users\/86"}],"replies":[{"embeddable":true,"href":"https:\/\/lig-membres.imag.fr\/gensel\/wp-json\/wp\/v2\/comments?post=1715"}],"version-history":[{"count":5,"href":"https:\/\/lig-membres.imag.fr\/gensel\/wp-json\/wp\/v2\/pages\/1715\/revisions"}],"predecessor-version":[{"id":2039,"href":"https:\/\/lig-membres.imag.fr\/gensel\/wp-json\/wp\/v2\/pages\/1715\/revisions\/2039"}],"wp:attachment":[{"href":"https:\/\/lig-membres.imag.fr\/gensel\/wp-json\/wp\/v2\/media?parent=1715"}],"curies":[{"name":"wp","href":"https:\/\/api.w.org\/{rel}","templated":true}]}}