{"id":179,"date":"2011-07-25T23:33:03","date_gmt":"2011-07-25T21:33:03","guid":{"rendered":"http:\/\/lig-membres.imag.fr\/gensel\/?page_id=179"},"modified":"2025-12-21T11:50:26","modified_gmt":"2025-12-21T10:50:26","slug":"conferences-nationales","status":"publish","type":"page","link":"https:\/\/lig-membres.imag.fr\/gensel\/recherche\/publications\/conferences-nationales\/","title":{"rendered":"Conf\u00e9rences nationales"},"content":{"rendered":"<ul>\n<li>Camille Bernard, J\u00e9r\u00f4me Gensel, <u>Daniela Fernanda Mil\u00f3n Flores<\/u>, Gregory Giuliani, Marl\u00e8ne Villanova, OFF-SETT : un framework pour l&#8217;annotation s\u00e9mantique de tendances dans les s\u00e9ries temporelles de donn\u00e9es territoriales, atelier GAST (Gestion et Analyse de donn\u00e9es Spatiales et Temporelles, EGC 2026, Janvier 2026.<\/li>\n<li>Daniela Fernanda Mil\u00f3n Flores, Camille Bernard, J\u00e9r\u00f4me Gensel, Gregory Giuliani. Semantic Description of, Satellite Earth Observation Time Series, conference Spatial Analysis and Geomatics, SAGEO 2025, mai 2025, Avignon.<\/li>\n<li>Daniela Fernanda Mil\u00f3n Flores, Camille Bernard, J\u00e9r\u00f4me Gensel, Gregory Giuliani. LEODS : un framework pour la publication d\u2019observations satellitaires dans le Web des donn\u00e9es, Atelier GAST (Gestion et Analyse des donn\u00e9es Spatiales et Temporelles), 24\u00e8me conf\u00e9rence francophone sur l&#8217;Extraction et la Gestion des Connaissances, EGC 2024, janvier 2024, Dijon.<\/li>\n<li>J\u00e9r\u00f4me Gensel, Marl\u00e8ne Villanova-Oliver, Pierre Le Qu\u00e9au, David No\u00ebl, Un mod\u00e8le multi points de vue pour repr\u00e9senter les trajectoires de vie, 5\u00e8me colloque international du Coll\u00e8ge International des Sciences du Territoire, Paris, 18-20 novembre 2020.<\/li>\n<li>Camille Bernard, Marl\u00e8ne Villanova-Oliver, J\u00e9r\u00f4me Gensel, Philippe Genoud, Hy Dao : Immersion de divisions territoriales et description de leur \u00e9volution dans le Web s\u00e9mantique. IC 2020, 24-39, juin 2020.<\/li>\n<li>Diana Nurbakova, L\u00e9a Laporte, Sylvie Calabretto, J\u00e9r\u00f4me Gensel : Recommandation de s\u00e9quences d&#8217;activit\u00e9s lors d&#8217;\u00e9v\u00e9nements distribu\u00e9s. CORIA 2018, Rennes, France, 14-18 mai 2018.<\/li>\n<li>Camille Bernard, Marl\u00e8ne Villanova-Oliver, J\u00e9r\u00f4me Gensel, Hy Dao : TSN et TSN-change : ontologies pour repr\u00e9senter l&#8217;\u00e9volution des d\u00e9coupages territoriaux statistiques, Colloque International de G\u00e9omatique et d&#8217;Analyse Spatiale (SAGEO 2017), Rouen, France, 6-9 novembre 2017.<\/li>\n<li>Diana Nurbakova, L\u00e9a Laporte, Sylvie Calabretto, J\u00e9r\u00f4me Gensel: ANASTASIA : recommandation de s\u00e9quences d&#8217;activit\u00e9s spatiotemporelles. CORIA-CIFED, Toulouse, mars 2016.<\/li>\n<li>David No\u00ebl, Marl\u00e8ne Villanova-Oliver, J\u00e9r\u00f4me Gensel, Pierre Le Qu\u00e9au : Mod\u00e9lisation de trajectoires s\u00e9mantiques int\u00e9grant perspectives multiples et facteurs explicatifs, Colloque International de G\u00e9omatique et d&#8217;Analyse Spatiale (SAGEO 2015), Hammamet, Tunisie, novembre 2015.<\/li>\n<li>Anthony Hombiat, J\u00e9r\u00f4me Gensel, Marl\u00e8ne Villanova-Oliver : un nouveau m\u00e9ta-mod\u00e8le pour rapprocher la folksonomie et l\u2019ontologie d\u2019OSM, Colloque International de G\u00e9omatique et d&#8217;Analyse Spatiale (SAGEO 2015), Hammamet, Tunisie, novembre 2015.<\/li>\n<li>Andr\u00e9 Sales Fonteles, Sylvain Bouveret, J\u00e9r\u00f4me Gensel: Recommandation opportuniste de trajectoires pour l&#8217;accomplissement de t\u00e2ches dans les syst\u00e8mes crowdsourcing. INFORSID 2015, pages 201-215, Biarritz, France, 26-29 mai 2015.<\/li>\n<li>Camille Bernard, Benoit Le Rubrus, Marl\u00e8ne Villanova-Oliver, J\u00e9r\u00f4me Gensel, Ronan Ysebaert, Isabelle Salmon, STedi : une infrastructure logicielle pour renforcer la qualit\u00e9 des donn\u00e9es territoriales statistiques, Colloque International de G\u00e9omatique et d&#8217;Analyse Spatiale (SAGEO 2014), Grenoble, France, novembre 2014.<\/li>\n<li>Andr\u00e9 Sales Fonteles, J\u00e9r\u00f4me Gensel, Sylvain Bouveret , Am\u00e9liorer l&#8217;appariement entre t\u00e2ches et ex\u00e9cutants dans les Syst\u00e8mes de March\u00e9 Participatifs Mobiles, Colloque International de G\u00e9omatique et d&#8217;Analyse Spatiale (SAGEO 2014), Grenoble, France, novembre 2014.<\/li>\n<li>Paule-Annick Davoine, Laurent Poulenard, Philippe Gueguen, J\u00e9r\u00f4me Gensel, Jos\u00e9 Bringel-Filho, Dispositif mobile et g\u00e9oweb pour la collecte de donn\u00e9es d\u2019inventaire sismique du b\u00e2ti en milieu urbain : l\u2019application Isibat. Colloque International de G\u00e9omatique et d&#8217;Analyse Spatiale (SAGEO 2013), Brest, France, septembre 2013.<\/li>\n<li>Marl\u00e8ne Villanova-Oliver, Anthony Hombiat, C\u00e9cile Saint-Marc, Paule-Annick Davoine, J\u00e9r\u00f4me Gensel, Capitalisation de l\u2019information g\u00e9o-historique dans le cadre de la Directive Inondation, Principes et d\u00e9veloppements de la Base de Donn\u00e9es Historiques sur les Inondations (BDHI), Colloque International de G\u00e9omatique et d&#8217;Analyse Spatiale (SAGEO 2013), Brest, France, septembre 2013.<\/li>\n<li>Bet\u00fcl Aydin, J\u00e9r\u00f4me Gensel, Philippe Genoud, Sylvie Calabretto, Bruno Tellez, ARCAMA-3D: Une application mobile \u00e0 base de r\u00e9alit\u00e9 augment\u00e9e connect\u00e9e au Web des Donn\u00e9es, Colloque International de G\u00e9omatique et d&#8217;Analyse Spatiale (SAGEO 2013), Brest, France, septembre 2013.<\/li>\n<li>Marl\u00e8ne Villanova-Oliver, Mahfoud Boudis, Anthony Hombiat, J\u00e9r\u00f4me Gensel, Benoit Le Rubrus, Analyse territoriale du bien-\u00eatre avec HyperAtlas, INFORSID 2013, Paris, 29-31 mai 2013.<\/li>\n<li>Ghada Ben Nejma, Philippe Roose, J\u00e9r\u00f4me Gensel, Marc Dalmau, Taldea : une application communautaire avec g\u00e9olocalisation, INFORSID 2013, Paris, 29-31 mai 2013.<\/li>\n<li>Bet\u00fcl Aydin, J\u00e9r\u00f4me Gensel, Sylvie Calabretto, Bruno Tellez. ARCAMA-3D: A 3D Augmented Reality Platform for the Visualization of Context-Aware Information, 8\u00e8mes journ\u00e9es Francophones Mobilit\u00e9 et Ubiquit\u00e9 (UBIMOB&#8217;12), Anglet, France, 2012.<\/li>\n<li>Ghada Ben Nejma, Philippe Roose, Marc Dalmau, et J\u00e9r\u00f4me Gensel, Communaut\u00e9 spontan\u00e9e g\u00e9olocalis\u00e9e, 8\u00e8mes journ\u00e9es Francophones Mobilit\u00e9 et Ubiquit\u00e9 (UBIMOB&#8217;12), Anglet, France, 2012.<\/li>\n<li>Ghada Ben Nejma, Philippe Roose, J\u00e9r\u00f4me Gensel, Marc Dalmau. Communaut\u00e9 spontan\u00e9e g\u00e9olocalis\u00e9e, Inforsid 2012, Montpellier, France, 29-31 mai 2012.<\/li>\n<li>Gilles Pison, H\u00e9l\u00e8ne Mathian, Christine Plumejeaud, J\u00e9r\u00f4me Gensel, Explorer la dynamique d\u00e9mographique mondiale en ligne, congr\u00e8s CIST, pp 368-376, Coll\u00e8ge International des Sciences du Territoire (Paris), novembre 2011.<\/li>\n<li>Ronan Ysebaert, Nicolas Lambert, Claude Grasland, Benoit Le Rubrus, Marl\u00e8ne Villanova-Oliver, J\u00e9r\u00f4me Gensel, Christine Plumejeaud : HyperAtlas, un outil scientifique au service du d\u00e9bat politique &#8211; Application \u00e0 la politique de coh\u00e9sion de l&#8217;Union Europ\u00e9enne, congr\u00e8s CIST, pp 471-478, Coll\u00e8ge International des Sciences du Territoire (Paris), novembre 2011.<\/li>\n<li>Christine Plumejeaud, J\u00e9r\u00f4me Gensel Complexit\u00e9 li\u00e9e \u00e0 la variabilit\u00e9 s\u00e9mantique des statistiques socio-\u00e9conomiques, Atelier Fouille de Donn\u00e9es Complexes (FDC), EGC 2011, Brest, France, 25 janvier,2011.<\/li>\n<li>Christine Plumejeaud, J\u00e9r\u00f4me Gensel, Marl\u00e8ne Villanova-Oliver Op\u00e9rationnalisation d\u2019un profil ISO 19115 pour des m\u00e9tadonn\u00e9es socio-\u00e9conomiques, INFORSID 2010, Marseille, France, 25-28 mai 2010.<\/li>\n<li>Dounia Azzi, Christine Plumejeaud, Marl\u00e8ne Villanova-Oliver, J\u00e9r\u00f4me Gensel. Vers un syst\u00e8me d&#8217;aide \u00e0 l&#8217;\u00e9valuation de la qualit\u00e9 de donn\u00e9es spatio-temporelles. Colloque International de G\u00e9omatique et d&#8217;Analyse Spatiale (SAGEO 2010), novembre 2010.<\/li>\n<li>Christine Plumejeaud, Julie Prud&#8217;homme, Paule-Annick Davoine, J\u00e9r\u00f4me Gensel Etude de m\u00e9thodes de transfert d&#8217;indicateurs associ\u00e9s \u00e0 diff\u00e9rents d\u00e9coupages du territoire &#8211; Application \u00e0 la ville de Grenoble, Colloque International de G\u00e9omatique et d&#8217;Analyse Spatiale (SAGEO 2009), Paris, France, 25-27 novembre 2009.<\/li>\n<li>Christine Plumejeaud, J\u00e9r\u00f4me Gensel, Marl\u00e8ne Villanova-Oliver, Maher Ben Rebah, Guillaume Vergnaud, Mod\u00e9lisation de hi\u00e9rarchies territoriales multiples &#8211; Vers la gestion d&#8217;informations spatio-temporelles \u00e9volutives, Colloque International de G\u00e9omatique et d&#8217;Analyse Spatiale (SAGEO 2009), Paris, France, 25-27 novembre 2009.<\/li>\n<li>Ga\u00ebl Bergeret, Windson Viana, Jos\u00e9 Bringel Filho, Jos\u00e9 Celso Freire, Marl\u00e8ne Villanova-Oliver, J\u00e9r\u00f4me Gensel et Herv\u00e9 Martin : Une architecture sensible au contexte pour le d\u00e9veloppement des syst\u00e8mes d&#8217;administration pour l&#8217;enseignement. 5\u00e8mes journ\u00e9es Francophones Mobilit\u00e9 et Ubiquit\u00e9 (UBIMOB&#8217;09), Lille, France, 7-8 juillet 2009.<\/li>\n<li>Windson Viana, Jos\u00e9 Bringel Filho, Jos\u00e9 Celso F. Junior, Galeno J. de Sena, Edson L. F. Senne, Marl\u00e8ne Villanova Oliver, J\u00e9r\u00f4me Gensel, Herv\u00e9 Martin, CAUS: Uma arquitetura sens\u00edvel ao contexto e orientada a componentes para sistemas de administra\u00e7\u00e3o de ensino, CSBC 2009 &#8211; XXIX Congresso da Sociedade Brasileira de Computa\u00e7\u00e3o, Bento Gon\u00e7alves, RS, Br\u00e9sil, 20-24 juillet, 2009.<\/li>\n<li>Windson Viana, Jos\u00e9 Bringel Filho, J\u00e9r\u00f4me Gensel, Marl\u00e8ne Villanova Oliver, Herv\u00e9 Martin, Aide au d\u00e9veloppement et au d\u00e9ploiement d\u2019applications mobiles et sensibles au contexte : l\u2019architecture CoMMediA, Atelier ERTSI, Inforsid 2009, Toulouse, 26-29 mai, 2009.<\/li>\n<li><a href=\"http:\/\/www.informatik.uni-trier.de\/%7Eley\/db\/indices\/a-tree\/m\/Miron:Alina_Dia.html\">Alina Dia Miron<\/a>, J\u00e9r\u00f4me Gensel, <a href=\"http:\/\/www.informatik.uni-trier.de\/%7Eley\/db\/indices\/a-tree\/v\/Villanova=Oliver:Marl=egrave=ne.html\">Marl\u00e8ne Villanova-Oliver<\/a>: Semantic Analysis for the Geospatial Semantic Web. <a href=\"http:\/\/www.informatik.uni-trier.de\/%7Eley\/db\/conf\/egc\/sci2009.html#MironGV09\">EGC (best of volume) 2009<\/a>: 287-306.<\/li>\n<li>Alina Dia Miron, J\u00e9r\u00f4me Gensel, Marl\u00e8ne Villanova-Oliver: Analytique s\u00e9mantique spatio-temporelle pour les ontologies OWL-DL, EGC 2009, 379-390, 2009.<\/li>\n<li>Angela Carrillo-Ramos, Marl\u00e8ne Villanova-Oliver, J\u00e9r\u00f4me Gensel, Herv\u00e9 Martin, Perfiles de Usuario Generados de Acuerdo a las Preferencias de Usuario y al Contexto de Uso&#8221;. CCC 2008, Congreso Colombiano de Computaci\u00f3n, Medell\u00ecn-Colombia, Abril 2008.<\/li>\n<li>Windson Viana, Marl\u00e8ne Villanova-Oliver, J\u00e9r\u00f4me Gensel, Herv\u00e9 Martin: Annotation contextuelle automatique avec PhotoMap. UbiMob 2008, Saint-Malo, France, 2008.<\/li>\n<li>J\u00e9r\u00f4me Gensel, Marl\u00e8ne Villanova-Oliver, Manuele Kirsch-Pinheiro, Mod\u00e8les de contexte pour l\u2019adaptation \u00e0 l\u2019utilisateur dans des Syst\u00e8mes d\u2019Information Web collaboratifs, Atelier sur la Mod\u00e9lisation Utilisateur et Personalisation d\u2019Interfaces Web, 8\u00e8mes Journ\u00e9es Francophones d\u2019Extraction et Gestion des Connaissances (EGC\u201908), Sophia-Antipolis, France, 2008.<\/li>\n<li>Windson Viana, Jos\u00e9 Bringel, J\u00e9r\u00f4me Gensel, Marl\u00e8ne Villanova-Oliver, Herv\u00e9 Martin, PhotoMap: annotations spatio-temporelles automatiques de photos personnelles pour les utilisateurs nomades, Conf\u00e9rence Qu\u00e9b\u00e9co-Fran\u00e7aise de D\u00e9veloppement de la G\u00e9omatique CQFD-G\u00e9o 2007, Clermont-Ferrand, France, 20 juin 2007.<\/li>\n<li>C\u00e9line Lopez-Velasco, Marl\u00e8ne Villanova-Oliver, J\u00e9r\u00f4me Gensel, Herv\u00e9 Martin, Mobidic : plate-forme de services r\u00e9utilisables pour l\u2019impl\u00e9mentation de SIG mobiles adapt\u00e9s au contexte d\u2019utilisation. La mise en \u0153uvre de la recherche de services de base. Conf\u00e9rence Qu\u00e9b\u00e9co-Fran\u00e7aise de D\u00e9veloppement de la G\u00e9omatique CQFD-G\u00e9o 2007, Clermont-Ferrand, 20 juin 2007.<\/li>\n<li>Christine Plumejeaud, Jean-Marc Vincent, Claude Grasland, J\u00e9r\u00f4me Gensel, H\u00e9l\u00e8ne Mathian, Serge Guelton, Jo\u00ebl Boulier, HyperSmooth : calcul et visualisation de cartes de potentiel interactives, Colloque International de G\u00e9omatique et d&#8217;Analyse Spatiale (SAGEO 2007), Clermont-Ferrand, France, 18-20 juin 2007.<\/li>\n<li>Bogdan Moisuc, J\u00e9r\u00f4me Gensel, Marl\u00e8ne Villanova-Oliver, Herv\u00e9 Martin, Conception de syst\u00e8mes d\u2019information spatiotemporelle adaptatifs avec ASTIS, Colloque International de G\u00e9omatique et d&#8217;Analyse Spatiale (SAGEO 2007), Clermont-Ferrand, France, 18-20 juin 2007.<\/li>\n<li>Alina Dia Miron, J\u00e9r\u00f4me Gensel, Marl\u00e8ne Villanova-Oliver, Herv\u00e9 Martin, Relations spatiales qualitatives dans les ontologies g\u00e9ographiques avec ONTOAST, Colloque International de G\u00e9omatique et d&#8217;Analyse Spatiale (SAGEO 2007), Clermont-Ferrand, France, 18-20 juin 2007.<\/li>\n<li>Alina Dia Miron, J\u00e9r\u00f4me Gensel, Marl\u00e8ne Villanova-Oliver, Herv\u00e9 Martin, Relations spatiales qualitatives dans les ontologies g\u00e9ographiques avec ONTOAST, Atelier &#8220;Repr\u00e9sentation et raisonnement sur le temps et l&#8217;espace&#8221;, plate-forme AFIA 2007, Grenoble, France, 2-6 juin 2007.<\/li>\n<li>C\u00e9line Lopez-Velasco, Marl\u00e8ne Villanova-Oliver, J\u00e9r\u00f4me Gensel, Herv\u00e9 Martin, Registre de services Web pour le d\u00e9veloppement d\u2019applications, INFORSID 2007, Perros-Guirec, France, 22-25 mai 2007.<\/li>\n<li>Alina Dia Miron, C\u00e9cile Capponi, J\u00e9r\u00f4me Gensel, Marl\u00e8ne Villanova-Oliver, Danielle Zi\u00e9belin, Philippe Genoud, Rapprocher AROM de OWL, Langages et Mod\u00e8les \u00e0 Objets (LMO) 2007, Toulouse, France, 27-29 mars 2007.<\/li>\n<li>Bogdan Moisuc, C\u00e9cile Capponi, Philippe Genoud, J\u00e9r\u00f4me Gensel, Danielle Zi\u00e9belin, Mod\u00e9lisation alg\u00e9brique et repr\u00e9sentation de connaissances par objets en AROM, Langages et Mod\u00e8les \u00e0 Objets (LMO) 2007, Toulouse, France, 27-29 mars 2007.<\/li>\n<li>Bogdan Moisuc, Philippe Genoud, Danielle Zi\u00e9belin, J\u00e9r\u00f4me Gensel, C\u00e9cile Capponi, Apports de la mod\u00e9lisation alg\u00e9brique pour la repr\u00e9sentation de connaissances par objets : illustration en AROM, IC 2006, 17e journ\u00e9es francophones d\u2019Ing\u00e9nierie des connaissances, Nantes, 28-30 juin 2006.<\/li>\n<li>Angela Carrillo-Ramos, Marl\u00e8ne Villanova-Oliver, J\u00e9r\u00f4me Gensel, Herv\u00e9 Martin, Gestion des pr\u00e9f\u00e9rences utilisateurs pour les Syst\u00e8mes d\u2019Information ubiquitaires, INFORSID 2006, Hammamet, Tunisie, 1-3 juin 2006.<\/li>\n<li>C\u00e9line Lopez-Velasco, Angela Carrillo-Ramos, Marl\u00e8ne Villanova-Oliver, J\u00e9r\u00f4me Gensel, Herv\u00e9 Martin, S\u00e9lection de services Web adapt\u00e9s au contexte d\u2019utilisation, INFORSID 2006, 1<sup>er<\/sup>-3 juin, Hammamet, Tunisie, 1-3 juin 2006.<\/li>\n<li>Windson Viana, J\u00e9r\u00f4me Gensel, Rossana Andrade, Marl\u00e8ne Villanova-Oliver, Herv\u00e9 Martin, XMobile\u00a0: un environnement pour la g\u00e9n\u00e9ration d\u2019interfaces adapt\u00e9es aux dispositifs mobiles, INFORSID 2006, Hammamet, Tunisie, 1-3 juin 2006.<\/li>\n<li>J\u00e9r\u00f4me Gensel, C\u00e9cile Capponi, Philippe Genoud, Danielle Zi\u00e9belin. Vers une int\u00e9gration des relations Partie-Tout en AROM, Langages et Mod\u00e8les \u00e0 Objets (LMO) 2006, N\u00eemes, France, 22-24 mars 2006.<\/li>\n<li>C\u00e9line Lopez-Velasco, Marl\u00e8ne Villanova-Oliver, J\u00e9r\u00f4me\u00a0Gensel, Herv\u00e9 Martin, Services Web adapt\u00e9s aux utilisateurs nomades, (article court), Deuxi\u00e8mes Journ\u00e9es Francophones: Mobilit\u00e9 et Ubiquit\u00e9 2005 (Ubimob 2005), 31 mai &#8211; 3 juin, 2005.<\/li>\n<li>Manuele Kirsch-Pinheiro, Marl\u00e8ne Villanova-Oliver, J\u00e9r\u00f4me\u00a0Gensel, Herv\u00e9 Martin, Une Repr\u00e9sentation Objet du Contexte pour les\u00a0 Environnements Coop\u00e9ratifs et Nomades, Deuxi\u00e8mes Journ\u00e9es Francophones: Mobilit\u00e9 et Ubiquit\u00e9 2005 (Ubimob 2005), 31 mai &#8211; 3 juin 2005.<\/li>\n<li>C\u00e9line Lopez-Velasco, Marl\u00e8ne Villanova-Oliver, J\u00e9r\u00f4me\u00a0Gensel, Herv\u00e9 Martin, Adaptabilit\u00e9 \u00e0 l\u2019utilisateur dans le contexte de services Web, Atelier M\u00e9ta-donn\u00e9es et Adaptabilit\u00e9 pour les Syst\u00e8mes d\u2019Information sur le Web (MASIW\u201905), conf\u00e9rence EGC\u201905, Paris, janvier, 2005.<\/li>\n<li>Ioan Marius Bilasco, J\u00e9r\u00f4me Gensel, Marl\u00e8ne Villanova-Oliver, G\u00e9n\u00e9rer des pr\u00e9sentations multim\u00e9dia adapt\u00e9es avec STAMP, Conf\u00e9rence Bases de Donn\u00e9es Avanc\u00e9es (BDA&#8217;2004), Montpellier, France, 19-22 octobre 2004.<\/li>\n<li>Bogdan Moisuc, J\u00e9r\u00f4me Gensel, Herv\u00e9 Martin, Repr\u00e9sentation de connaissances par objets pour les SIG \u00e0 repr\u00e9sentations multiples, Conf\u00e9rence CASSINI-SIGMA 2004, G\u00e9omatique et Analyse Spatiale, Grenoble, 2-4 juin, 2004.<\/li>\n<li>Marl\u00e8ne Villanova-Oliver, J\u00e9r\u00f4me Gensel and Herv\u00e9 Martin, Mod\u00e8les pour l&#8217;int\u00e9gration l&#8217;acc\u00e8s progressif dans les syst\u00e8mes d&#8217;information sur le Web, Journ\u00e9es Francophones de la Toile, Tours, France, June 30, 1-2 juillet 2003.<\/li>\n<li>Marl\u00e8ne Villanova-Oliver, J\u00e9r\u00f4me Gensel and Herv\u00e9 Martin, Cinq mod\u00e8les pour int\u00e9grer l&#8217;acc\u00e8s progressif dans les syst\u00e8mes d&#8217;information sur le Web, INFORSID 2003, Nancy, France, June 3-6, 2003 (in French).<\/li>\n<li>Paule-Annick Davoine, Herv\u00e9 Martin and J\u00e9r\u00f4me Gensel, L&#8217;apport des technologies du Web et des syst\u00e8mes d&#8217;information multim\u00e9dia pour la visualisation spatio-temporelle de donn\u00e9es g\u00e9ographiques : application aux risques naturels, 6\u00e8mes rencontres Th\u00e9o Quant : nouvelles approches en g\u00e9ographie th\u00e9orique et quantitative, Besan\u00e7on, France, 20-21 f\u00e9vrier 2003.<\/li>\n<li>Marl\u00e8ne Villanova, J\u00e9r\u00f4me Gensel and Herv\u00e9 Martin, Une approche objet pour l&#8217;acc\u00e8s progressif \u00e0 l&#8217;information, 8\u00e8mes journ\u00e9es &#8220;Langages et Mod\u00e8les \u00e0 Objets 2002&#8221;, Montpellier, France, pp 61-75, 25-27 janvier 2002.<\/li>\n<li>Michel Page, J\u00e9r\u00f4me Gensel, C\u00e9cile Capponi, Christophe Bruley, Philippe Genoud and Danielle Zi\u00e9belin, Repr\u00e9sentation de connaissances au moyen de classes et d&#8217;associations : le syst\u00e8me AROM, 6\u00e8mes journ\u00e9es &#8220;Langages et Mod\u00e8les \u00e0 Objets 2000&#8221;, LMO 2000, pp 91-106, Mont Saint Hilaire, Qu\u00e9bec, Canada, 26-28 janvier 2000.<\/li>\n<li>C\u00e9cile Capponi and J\u00e9r\u00f4me Gensel, Typage souple pour objets contraints, 4i\u00e8mes journ\u00e9es &#8220;Langages et Mod\u00e8les \u00e0 Objets &#8220;, LMO 1997, pp191-206, Roscoff, France, 22-24 octobre 1997.<\/li>\n<li>J\u00e9r\u00f4me Gensel, Pierre Girard and Olivier Schmeltzer, Int\u00e9gration de contraintes, d&#8217;objets composites et de t\u00e2ches dans un mod\u00e8le de repr\u00e9sentation de connaissances par objets, 9i\u00e8me RFIA, pp281-292, Paris, France, 11-14 janvier 1994.<\/li>\n<li>J\u00e9r\u00f4me Gensel, Expression et satisfaction de contraintes dans Tropes, 2i\u00e8mes journ\u00e9es &#8220;Repr\u00e9sentations Par Objets&#8221; (RPO), pp51-62, La Grande Motte, France, 17-18 juin 1993.<\/li>\n<li>J\u00e9r\u00f4me Gensel and Pierre Girard, Expression d&#8217;un mod\u00e8le de t\u00e2ches \u00e0 l&#8217;aide d&#8217;une repr\u00e9sentation par objets, 1\u00e8res journ\u00e9es &#8220;Repr\u00e9sentations Par Objets&#8221; (RPO), pp225-236, La Grande Motte, France, 22_23 juin 1992.<\/li>\n<\/ul>\n","protected":false},"excerpt":{"rendered":"<p>Camille Bernard, J\u00e9r\u00f4me Gensel, Daniela Fernanda Mil\u00f3n Flores, Gregory Giuliani, Marl\u00e8ne Villanova, OFF-SETT : un framework pour l&#8217;annotation s\u00e9mantique de tendances dans les s\u00e9ries temporelles de donn\u00e9es territoriales, atelier GAST (Gestion et Analyse de donn\u00e9es Spatiales et Temporelles, EGC 2026, &hellip; <a href=\"https:\/\/lig-membres.imag.fr\/gensel\/recherche\/publications\/conferences-nationales\/\">Continue reading <span class=\"meta-nav\">&rarr;<\/span><\/a><\/p>\n","protected":false},"author":86,"featured_media":0,"parent":140,"menu_order":3,"comment_status":"closed","ping_status":"closed","template":"sidebar-page.php","meta":{"footnotes":""},"class_list":["post-179","page","type-page","status-publish","hentry"],"_links":{"self":[{"href":"https:\/\/lig-membres.imag.fr\/gensel\/wp-json\/wp\/v2\/pages\/179","targetHints":{"allow":["GET"]}}],"collection":[{"href":"https:\/\/lig-membres.imag.fr\/gensel\/wp-json\/wp\/v2\/pages"}],"about":[{"href":"https:\/\/lig-membres.imag.fr\/gensel\/wp-json\/wp\/v2\/types\/page"}],"author":[{"embeddable":true,"href":"https:\/\/lig-membres.imag.fr\/gensel\/wp-json\/wp\/v2\/users\/86"}],"replies":[{"embeddable":true,"href":"https:\/\/lig-membres.imag.fr\/gensel\/wp-json\/wp\/v2\/comments?post=179"}],"version-history":[{"count":16,"href":"https:\/\/lig-membres.imag.fr\/gensel\/wp-json\/wp\/v2\/pages\/179\/revisions"}],"predecessor-version":[{"id":2056,"href":"https:\/\/lig-membres.imag.fr\/gensel\/wp-json\/wp\/v2\/pages\/179\/revisions\/2056"}],"up":[{"embeddable":true,"href":"https:\/\/lig-membres.imag.fr\/gensel\/wp-json\/wp\/v2\/pages\/140"}],"wp:attachment":[{"href":"https:\/\/lig-membres.imag.fr\/gensel\/wp-json\/wp\/v2\/media?parent=179"}],"curies":[{"name":"wp","href":"https:\/\/api.w.org\/{rel}","templated":true}]}}