{"id":1829,"date":"2025-04-02T11:07:34","date_gmt":"2025-04-02T10:07:34","guid":{"rendered":"https:\/\/lig-membres.imag.fr\/gensel\/?page_id=1829"},"modified":"2025-04-02T11:08:29","modified_gmt":"2025-04-02T10:08:29","slug":"reports-habilitation-ph-d-thesis-ms","status":"publish","type":"page","link":"https:\/\/lig-membres.imag.fr\/gensel\/en\/research\/publications\/reports-habilitation-ph-d-thesis-ms\/","title":{"rendered":"Reports (Habilitation, Ph.D. Thesis, MS)"},"content":{"rendered":"<ul>\n<li>\n<h6>J\u00e9r\u00f4me Gensel. Repr\u00e9sentation de Connaissances par Objets pour la mod\u00e9lisation et l\u2019adaptation d\u2019informations multim\u00e9dias et spatio-temporelles. Habilitation \u00e0 Diriger des Recherches. Universit\u00e9 Joseph Fourier, 29 novembre 2006.<\/h6>\n<\/li>\n<li>\n<h6>J\u00e9r\u00f4me Gensel, Contraintes et repr\u00e9sentation de connaissances par objets : application au mod\u00e8le Tropes, Th\u00e8se d&#8217;informatique (Ph-D dissertation), Universit\u00e9 Joseph Fourier, Grenoble, France, October 26, 1995.<\/h6>\n<\/li>\n<li>\n<h6>J\u00e9r\u00f4me Gensel, Gestion des d\u00e9pendances et des hypoth\u00e8ses dans un mod\u00e8le de connaissances \u00e0 objets, M\u00e9moire de DEA informatique (Master of Sciences), Institut National Polytechnique, Grenoble, France, June 25, 1990.<\/h6>\n<\/li>\n<\/ul>\n","protected":false},"excerpt":{"rendered":"<p>J\u00e9r\u00f4me Gensel. Repr\u00e9sentation de Connaissances par Objets pour la mod\u00e9lisation et l\u2019adaptation d\u2019informations multim\u00e9dias et spatio-temporelles. Habilitation \u00e0 Diriger des Recherches. Universit\u00e9 Joseph Fourier, 29 novembre 2006. J\u00e9r\u00f4me Gensel, Contraintes et repr\u00e9sentation de connaissances par objets : application au mod\u00e8le &hellip; <a href=\"https:\/\/lig-membres.imag.fr\/gensel\/en\/research\/publications\/reports-habilitation-ph-d-thesis-ms\/\">Continue reading <span class=\"meta-nav\">&rarr;<\/span><\/a><\/p>\n","protected":false},"author":86,"featured_media":0,"parent":1797,"menu_order":0,"comment_status":"closed","ping_status":"closed","template":"sidebar-page.php","meta":{"footnotes":""},"class_list":["post-1829","page","type-page","status-publish","hentry"],"_links":{"self":[{"href":"https:\/\/lig-membres.imag.fr\/gensel\/wp-json\/wp\/v2\/pages\/1829","targetHints":{"allow":["GET"]}}],"collection":[{"href":"https:\/\/lig-membres.imag.fr\/gensel\/wp-json\/wp\/v2\/pages"}],"about":[{"href":"https:\/\/lig-membres.imag.fr\/gensel\/wp-json\/wp\/v2\/types\/page"}],"author":[{"embeddable":true,"href":"https:\/\/lig-membres.imag.fr\/gensel\/wp-json\/wp\/v2\/users\/86"}],"replies":[{"embeddable":true,"href":"https:\/\/lig-membres.imag.fr\/gensel\/wp-json\/wp\/v2\/comments?post=1829"}],"version-history":[{"count":2,"href":"https:\/\/lig-membres.imag.fr\/gensel\/wp-json\/wp\/v2\/pages\/1829\/revisions"}],"predecessor-version":[{"id":1831,"href":"https:\/\/lig-membres.imag.fr\/gensel\/wp-json\/wp\/v2\/pages\/1829\/revisions\/1831"}],"up":[{"embeddable":true,"href":"https:\/\/lig-membres.imag.fr\/gensel\/wp-json\/wp\/v2\/pages\/1797"}],"wp:attachment":[{"href":"https:\/\/lig-membres.imag.fr\/gensel\/wp-json\/wp\/v2\/media?parent=1829"}],"curies":[{"name":"wp","href":"https:\/\/api.w.org\/{rel}","templated":true}]}}