{"id":1872,"date":"2025-04-02T12:30:56","date_gmt":"2025-04-02T11:30:56","guid":{"rendered":"https:\/\/lig-membres.imag.fr\/gensel\/?page_id=1872"},"modified":"2025-12-21T12:38:02","modified_gmt":"2025-12-21T11:38:02","slug":"national-projects","status":"publish","type":"page","link":"https:\/\/lig-membres.imag.fr\/gensel\/en\/research\/scientific-projects\/national-projects\/","title":{"rendered":"National Projects"},"content":{"rendered":"<ul>\n<li>From January 2026 to December 2029, member of the <span style=\"color: #0000ff\">ANR TRAVERS\u00c9ES project<\/span> (TRAjectoires de Vie: Enrichissement, Requ\u00eatage S\u00c9mantiques et Exploration Statistique), funded under the <span style=\"color: #0000ff\">ANR&#8217;s 2025 generic call for projects<\/span> led by the STORIES team (led by Marl\u00e8ne Villanova) at the LIG. Co-leader of work package 4 \u2018Semantic Life Trajectory Knowledge Graph Querying in Natural Language\u2019.<\/li>\n<li>From January 2026 to June 2029, member of the <span style=\"color: #0000ff\">ANR GEvoK project<\/span> (Knowledge Graphs for Representing and Exploring Territorial Evolution), funded under the <span style=\"color: #0000ff\">ANR&#8217;s 2025 Young Researcher call for projects<\/span>, led by Camille Bernard from the STORIES team at the LIG.<\/li>\n<li>From December 2021 to November 2025 : leader and coordinator (PI) of the <a href=\"https:\/\/traces-anr-fns.imag.fr\"><span style=\"color: #0000ff\">TRACES Project<\/span><\/a> obtained in the framework of the <span style=\"color: #0000ff\">ANR PRI French-Swiss 2021<\/span> generic call for projects and financed for 42 months with 580k\u20ac. The 4 partners of this bi-national project are: the STeamer team and the Laboratoire d&#8217;Informatique de Bourgogne, the Institut des Sciences de l&#8217;Environnement and the Centre Universitaire d&#8217;Informatique, both of the University of Geneva. The theme of this project is <em>the modeling and analysis of environmental semantic trajectories of territories (see <a href=\"https:\/\/traces-anr-fns.imag.fr\/\">https:\/\/traces-anr-fns.imag.fr\/<\/a>)<\/em>.<\/li>\n<li>From 2017 to 2022: member of the <span style=\"color: #0000ff\">ANR CHOUCAS Project<\/span> obtained in the framework of the 2016 generic call for projects &#8220;<span style=\"color: #0000ff\">Challenge 7: Information and Communication Society<\/span>&#8220;.<\/li>\n<li>from July 2016 to December 2020: member of the <span style=\"color: #0000ff\">ANR ECLATS Project<\/span>, led by the STeamer team and obtained in the framework of the <span style=\"color: #0000ff\">2015 generic call for projects related to the &#8220;Great Societal Challenges<\/span>&#8221; and to the <span style=\"color: #0000ff\">Challenge of all knowledge<\/span>.<\/li>\n<li>in 2014: member of the<span style=\"color: #0000ff\"> MAPA Shared Expertise in the Ordinary City<\/span> project, funded by <span style=\"color: #0000ff\">PUCA (Urbanism Construction Architecture Plan)<\/span>.<\/li>\n<li>in 2013: leader of the <span style=\"color: #0000ff\">HyperAtlas-Welfare project,<\/span> <span style=\"color: #0000ff\">PEPS (Joint Interdisciplinary Project Call &#8220;PRES of Grenoble &#8211; CNRS 2013&#8221;)<\/span>.<\/li>\n<li>in 2013 : member of the <span style=\"color: #0000ff\">CartoDialect project<\/span>, <span style=\"color: #0000ff\">PEPS (Joint call for Interdisciplinary Project &#8221; PRES de Grenoble &#8211; CNRS 2013 &#8220;)<\/span>.<\/li>\n<li>in 2013 : member of the<span style=\"color: #0000ff\"> FABTER project<\/span>, <span style=\"color: #0000ff\">Inter &#8211; SFR project (Innovacs &amp; Territoires en r\u00e9seaux) of the University Pierre Mend\u00e8s France &#8211; &#8220;Towards a &#8220;Fablab Territory&#8221;.<\/span><\/li>\n<li>from 2010 to 2014 : responsible for the activities of the STeamer team within the <span style=\"color: #0000ff\">MOANO project<\/span> of the <span style=\"color: #0000ff\">ANR CONTINT program,<\/span> on the theme of <em>mobility and nomadic applications.<\/em><\/li>\n<li>from 2010 to 2015 : member of the <span style=\"color: #0000ff\">Biblindex project<\/span> of the <span style=\"color: #0000ff\">ANR Blanc SHS<\/span>, on the theme of <em>spatio-temporal management of patristic writings<\/em>.<\/li>\n<li>from 2010 to 2015 : responsible for 2 years and then member of the <span style=\"color: #0000ff\">EPRI\/BDHI project (Historical flood database)<\/span>, funded by the<span style=\"color: #0000ff\"> French Ministry of Ecology, Energy, Sustainable Development and Sea<\/span>.<\/li>\n<li>from 2009 to 2014: workpackage 1 leader of the <span style=\"color: #0000ff\">URBASIS project<\/span> of the <span style=\"color: #0000ff\">ANR Risk<\/span>, on the theme of <em>evaluation of the vulnerability to seismic risk of urban buildings<\/em>.<\/li>\n<li>from 2008 to 2009 : member of the <span style=\"color: #0000ff\">PEPS project MobiQuot<\/span>, funded by the <span style=\"color: #0000ff\">CNRS<\/span>, on the theme &#8220;<em>Quatidian mobility and city rhythm<\/em>&#8220;.<\/li>\n<li>2008 to 2009: coordinator for the STEAMER team of the <span style=\"color: #0000ff\">PEPS MARSIG project<\/span>, funded by the <span style=\"color: #0000ff\">CNRS,<\/span> on the theme of <em>spatio-temporal information systems for the extraction of data related to the planet Mars.<\/em><\/li>\n<li>2008: coordinator for the STEAMER team of the <span style=\"color: #0000ff\">PEPS HyperTerritory project<\/span>, funded by the <span style=\"color: #0000ff\">CNRS<\/span>, on the theme of <em>discrete and continuous multiscalar territorial analysis.<\/em><\/li>\n<li>from 2007 to 2009 : member of the <span style=\"color: #0000ff\">SIRSEG project<\/span> funded by the <span style=\"color: #0000ff\">French Ministry of Environment and Sustainable Development<\/span>, on the theme of <em>seismic vulnerability and economic evaluation related to seismic risk.<\/em><\/li>\n<li>from 2006 to 2009 : coordinator for the STEAMER team of the <span style=\"color: #0000ff\">OHMCV project (Observatoire Hydrom\u00e9t\u00e9orologique M\u00e9diterran\u00e9en C\u00e9vennes-Vivarais)<\/span>, financed by the <span style=\"color: #0000ff\">CNRS<\/span> and the <span style=\"color: #0000ff\">INSU<\/span>, on the theme of <em>spatio-temporal information system for the Cevennes floods.<\/em><\/li>\n<li>\n<h5>from 2003 to 2009 : coordinator for the STEAMER team of the<span style=\"color: #0000ff\"> ISYMOD+ project,<\/span> <span style=\"color: #0000ff\">ACI IMPBio<\/span>, financed by the <span style=\"color: #0000ff\">French Ministry of Research<\/span>, on the theme of <em>knowledge representation by objects and expressions of relations between genes.<\/em><\/h5>\n<\/li>\n<li>\n<h5>from 2002 to 2005 : member of the <span style=\"color: #0000ff\">HyperCarte project<\/span>, <span style=\"color: #0000ff\">ACI Masse de Donn\u00e9es,<\/span> financed by the <span style=\"color: #0000ff\">French Ministry of Research,<\/span> on the theme of <em>discrete multiscalar territorial analysis.<\/em><\/h5>\n<\/li>\n<li>\n<h5>from 2002 to 2005 : member of the <span style=\"color: #0000ff\">SESAM project<\/span>, financed by the <span style=\"color: #0000ff\">CNRS,<\/span> on the theme of <em>design and development of an environment for the study of anthroposystems.<\/em><\/h5>\n<\/li>\n<li>\n<h5>from 2003 to 2004 : coordinator for the STEAMER team of the <span style=\"color: #0000ff\">Action Sp\u00e9cifique Donn\u00e9es Multim\u00e9dias<\/span>, financed by the <span style=\"color: #0000ff\">French Ministry of Research<\/span>, on the theme of <em>multimedia information systems and multimedia information retrieval.<\/em><\/h5>\n<\/li>\n<li>\n<h5>from 2001 to 2004 : member of the <span style=\"color: #0000ff\">SIDIRA project,<\/span> financed by the <span style=\"color: #0000ff\">French Ministry of Territorial Planning and the Environment<\/span>, on the theme of <em>avalanche risk prevention<\/em>.<\/h5>\n<\/li>\n<li>\n<h5>from 1999 to 2000 : member of the <span style=\"color: #0000ff\">G\u00e9nie project,<\/span> a partnership between the Romans action of INRIA Rh\u00f4ne-Alpes and <span style=\"color: #0000ff\">Dassault Aviation<\/span>, on the theme of <em>design and development of a platform for assistance in the choice of aerodynamic calculation codes.<\/em><\/h5>\n<\/li>\n<\/ul>\n","protected":false},"excerpt":{"rendered":"<p>From January 2026 to December 2029, member of the ANR TRAVERS\u00c9ES project (TRAjectoires de Vie: Enrichissement, Requ\u00eatage S\u00c9mantiques et Exploration Statistique), funded under the ANR&#8217;s 2025 generic call for projects led by the STORIES team (led by Marl\u00e8ne Villanova) at &hellip; <a href=\"https:\/\/lig-membres.imag.fr\/gensel\/en\/research\/scientific-projects\/national-projects\/\">Continue reading <span class=\"meta-nav\">&rarr;<\/span><\/a><\/p>\n","protected":false},"author":86,"featured_media":0,"parent":1856,"menu_order":3,"comment_status":"closed","ping_status":"closed","template":"sidebar-page.php","meta":{"footnotes":""},"class_list":["post-1872","page","type-page","status-publish","hentry"],"_links":{"self":[{"href":"https:\/\/lig-membres.imag.fr\/gensel\/wp-json\/wp\/v2\/pages\/1872","targetHints":{"allow":["GET"]}}],"collection":[{"href":"https:\/\/lig-membres.imag.fr\/gensel\/wp-json\/wp\/v2\/pages"}],"about":[{"href":"https:\/\/lig-membres.imag.fr\/gensel\/wp-json\/wp\/v2\/types\/page"}],"author":[{"embeddable":true,"href":"https:\/\/lig-membres.imag.fr\/gensel\/wp-json\/wp\/v2\/users\/86"}],"replies":[{"embeddable":true,"href":"https:\/\/lig-membres.imag.fr\/gensel\/wp-json\/wp\/v2\/comments?post=1872"}],"version-history":[{"count":4,"href":"https:\/\/lig-membres.imag.fr\/gensel\/wp-json\/wp\/v2\/pages\/1872\/revisions"}],"predecessor-version":[{"id":2079,"href":"https:\/\/lig-membres.imag.fr\/gensel\/wp-json\/wp\/v2\/pages\/1872\/revisions\/2079"}],"up":[{"embeddable":true,"href":"https:\/\/lig-membres.imag.fr\/gensel\/wp-json\/wp\/v2\/pages\/1856"}],"wp:attachment":[{"href":"https:\/\/lig-membres.imag.fr\/gensel\/wp-json\/wp\/v2\/media?parent=1872"}],"curies":[{"name":"wp","href":"https:\/\/api.w.org\/{rel}","templated":true}]}}