{"id":1880,"date":"2025-04-02T12:36:20","date_gmt":"2025-04-02T11:36:20","guid":{"rendered":"https:\/\/lig-membres.imag.fr\/gensel\/?page_id=1880"},"modified":"2025-04-02T12:36:20","modified_gmt":"2025-04-02T11:36:20","slug":"other-scientific-activities","status":"publish","type":"page","link":"https:\/\/lig-membres.imag.fr\/gensel\/en\/research\/other-scientific-activities\/","title":{"rendered":"Other Scientific Activities"},"content":{"rendered":"<h5><a title=\"Animation scientifique\" href=\"http:\/\/lig-membres.imag.fr\/gensel\/recherche\/autres-activites-scientifiques\/animation-scientifique\/\"><span style=\"color: #0000ff\">Scientific Animation<\/span><\/a><\/h5>\n<h5><span style=\"color: #0000ff\"><a style=\"color: #0000ff\" title=\"Comit\u00e9s d'organisation\" href=\"http:\/\/lig-membres.imag.fr\/gensel\/recherche\/autres-activites-scientifiques\/comites-dorganisation\/\">Organisations of Conferences \/ Workshops<\/a><\/span><\/h5>\n<h5><a href=\"http:\/\/lig-membres.imag.fr\/gensel\/recherche\/autres-activites-scientifiques\/comites-de-programme\/\"><span style=\"color: #0000ff\">Editorial and Reviewing Activities<\/span><\/a><\/h5>\n<h5><span style=\"color: #0000ff\">P<\/span><span style=\"color: #0000ff\"><a style=\"color: #0000ff\" href=\"http:\/\/lig-membres.imag.fr\/gensel\/recherche\/autres-activites-scientifiques\/comites-de-programme\/\">rogramme Committees<\/a><\/span><\/h5>\n<h5><span style=\"color: #0000ff\"><a style=\"color: #0000ff\" title=\"Jurys de th\u00e8ses et d'HDR\" href=\"http:\/\/lig-membres.imag.fr\/gensel\/recherche\/autres-activites-scientifiques\/jurys-de-theses-et-dhdr\/\">Theses and HDR Juries<\/a><\/span><\/h5>\n<h5><span style=\"color: #0000ff\"><a style=\"color: #0000ff\" title=\"Comit\u00e9s de s\u00e9lection et commissions de sp\u00e9cialistes\" href=\"http:\/\/lig-membres.imag.fr\/gensel\/recherche\/autres-activites-scientifiques\/comites-de-selection-et-commissions-de-specialistes\/\">Selection Committees and Specialist Commissions (Recruitment)<\/a><\/span><\/h5>\n<h5><span style=\"color: #0000ff\"><a style=\"color: #0000ff\" title=\"Expertises\" href=\"http:\/\/lig-membres.imag.fr\/gensel\/recherche\/autres-activites-scientifiques\/expertises\/\">Evaluations and Expertises<\/a><\/span><\/h5>\n","protected":false},"excerpt":{"rendered":"<p>Scientific Animation Organisations of Conferences \/ Workshops Editorial and Reviewing Activities Programme Committees Theses and HDR Juries Selection Committees and Specialist Commissions (Recruitment) Evaluations and Expertises<\/p>\n","protected":false},"author":86,"featured_media":0,"parent":1740,"menu_order":5,"comment_status":"closed","ping_status":"closed","template":"sidebar-page.php","meta":{"footnotes":""},"class_list":["post-1880","page","type-page","status-publish","hentry"],"_links":{"self":[{"href":"https:\/\/lig-membres.imag.fr\/gensel\/wp-json\/wp\/v2\/pages\/1880","targetHints":{"allow":["GET"]}}],"collection":[{"href":"https:\/\/lig-membres.imag.fr\/gensel\/wp-json\/wp\/v2\/pages"}],"about":[{"href":"https:\/\/lig-membres.imag.fr\/gensel\/wp-json\/wp\/v2\/types\/page"}],"author":[{"embeddable":true,"href":"https:\/\/lig-membres.imag.fr\/gensel\/wp-json\/wp\/v2\/users\/86"}],"replies":[{"embeddable":true,"href":"https:\/\/lig-membres.imag.fr\/gensel\/wp-json\/wp\/v2\/comments?post=1880"}],"version-history":[{"count":1,"href":"https:\/\/lig-membres.imag.fr\/gensel\/wp-json\/wp\/v2\/pages\/1880\/revisions"}],"predecessor-version":[{"id":1881,"href":"https:\/\/lig-membres.imag.fr\/gensel\/wp-json\/wp\/v2\/pages\/1880\/revisions\/1881"}],"up":[{"embeddable":true,"href":"https:\/\/lig-membres.imag.fr\/gensel\/wp-json\/wp\/v2\/pages\/1740"}],"wp:attachment":[{"href":"https:\/\/lig-membres.imag.fr\/gensel\/wp-json\/wp\/v2\/media?parent=1880"}],"curies":[{"name":"wp","href":"https:\/\/api.w.org\/{rel}","templated":true}]}}