{"id":1899,"date":"2025-04-02T12:51:23","date_gmt":"2025-04-02T11:51:23","guid":{"rendered":"https:\/\/lig-membres.imag.fr\/gensel\/?page_id=1899"},"modified":"2026-04-08T12:12:23","modified_gmt":"2026-04-08T11:12:23","slug":"phd-theses-and-hdr-juries","status":"publish","type":"page","link":"https:\/\/lig-membres.imag.fr\/gensel\/en\/research\/other-scientific-activities\/phd-theses-and-hdr-juries\/","title":{"rendered":"PhD Theses and HDR Juries"},"content":{"rendered":"<h5><strong>Theses Juries<br \/>\n<\/strong><\/h5>\n<ul>\n<li>Chinmaya Mishra&#8217;s thesis, I<em>ndian Institute of Information Technology <\/em>(IIIT), Sri City, Chittoor, Inde, defended on April 8, 2026 (<span style=\"color: #3366ff\">Reviewer<\/span>)<\/li>\n<li>Punjany Dharmen&#8217;s thesis, University of Saint-\u00c9tienne, to be defended on October 6, 2025 (<span style=\"color: #3366ff\">Reviewer)<\/span><\/li>\n<li>J\u00e9r\u00e9my Richard&#8217;s thesis, University of La Rochelle, defended on May 22, 2023 (<span style=\"color: #0000ff\">Examiner<\/span>)<\/li>\n<li>Juilian Eduardo Plaas Pemberthy&#8217;s thesis, University of Clermont, defended on October 13, 2022 (<span style=\"color: #0000ff\">Examiner<\/span>)<\/li>\n<li>J\u00e9r\u00e9my Riffet&#8217;s thesis, University of Grenoble Alpes, defended on December 17, 2021 (<span style=\"color: #0000ff\">President<\/span>)<\/li>\n<li>Cl\u00e9ment Moreau&#8217;s thesis, University of Tours, defended November 25, 2021 (<span style=\"color: #0000ff\">Reviewer<\/span>)<\/li>\n<li>Vincent Jaillot&#8217;s thesis, University of Lyon 2, defended on September 10, 2020 (<span style=\"color: #0000ff\">Reviewer and President)<\/span><\/li>\n<li>Muhammad Arslan&#8217;s thesis, University of Bourgogne Franche-Comt\u00e9, defended on February 12, 2020 (<span style=\"color: #0000ff\">Reviewer<\/span>)<\/li>\n<li>Kamaldeep Singh Oberoi&#8217;s PhD thesis, defended on November 18, 2019, University of Rouen Normandie (<span style=\"color: #0000ff\">President<span style=\"color: #000000\">)<\/span><\/span><\/li>\n<li>Laura Di Rocco&#8217;s PhD thesis, defended on March 14, 2019, University of Genoa, Italy (<span style=\"color: #0000ff\">Reviewer<\/span>)<\/li>\n<li>Thesis of Sa\u00efd Boularouk, defended on December 5, 2018, University of Avignon and Pays de Vaucluse (<span style=\"color: #0000ff\">President)<\/span><\/li>\n<li>Thesis of Mojdeh Soltan Mohammadi, defended on July 5, 2018, University of Montpellier (<span style=\"color: #0000ff\">Reviewer<\/span>)<br \/>\nThesis of Ba Huy Tran, defended on November 23, 2017, University of La Rochelle (<span style=\"color: #0000ff\">Reviewer<\/span>)<\/li>\n<li>Ricardo Almeida Silva&#8217;s thesis, defended on June 29, 2017, New University of Lisbon, Portugal (<span style=\"color: #0000ff\">Reviewer<\/span>)<\/li>\n<li>Mathieu Domingo&#8217;s thesis, defended on December 14, 2016, Universit\u00e9 de Bretagne Occidentale (<span style=\"color: #0000ff\">Reviewer<\/span>)<\/li>\n<li>Thesis of Jules Kouadio, defended on December 2, 2016, University of Avignon (<span style=\"color: #0000ff\">Examiner<\/span>)<\/li>\n<li>Thesis of Armen Inants, defended on April 25, 2016, University of Grenoble (<span style=\"color: #0000ff\">President<\/span>)<\/li>\n<li>Thesis of Mondi Ravi, defended on January 19, 2016, University of Grenoble (<span style=\"color: #0000ff\">President<\/span>)<\/li>\n<li>Thesis of Amin Mesmoudi, defended on December 3, 2015, University of Lyon 1 (<span style=\"color: #0000ff\">Examiner<\/span>)<\/li>\n<li>Sid Ali Selmane&#8217;s thesis, defended on May 11, 2015, University of Lyon 2 (Examiner)<\/li>\n<li>Rouaa Wannous&#8217; thesis, defended on October 20, 2014, University of La Rochelle (<span style=\"color: #0000ff\">Reviewer<\/span>)<\/li>\n<li>Thesis of M\u00e3d\u00e3lina Mitran, defended on July 15, 2014, University of Toulouse (<span style=\"color: #0000ff\">Reviewer<\/span>)<\/li>\n<li>Thesis of Rachid Aknouche, defended on April 26, 2014, University of Lyon 2 (<span style=\"color: #0000ff\">Examiner<\/span>)<\/li>\n<li>Thesis of Salma Najar, defended on April 11, 2014, University of Paris 1 Panth\u00e9on-Sorbonne (<span style=\"color: #0000ff\">Reviewer<\/span>)<\/li>\n<li>Thesis of Ily\u00e8s Boukhari, defended on January 14, 2014, University of Poitiers (<span style=\"color: #0000ff\">Reviewer<\/span>)<\/li>\n<li>Thesis of Julie Prud&#8217;homme, defended on October 25, 2013, University of Avignon (<span style=\"color: #0000ff\">President<\/span>)<\/li>\n<li>Wafa Mefteh&#8217;s thesis, defended on September 20, 2013, University of La Rochelle (<span style=\"color: #0000ff\">Reviewer<\/span>)<\/li>\n<li>Mondher Bouden&#8217;s thesis, defended on August 21, 2013, Universit\u00e9 Laval \u00e0 Qu\u00e9bec, Canada (<span style=\"color: #0000ff\">Reviewer<\/span>)<\/li>\n<li>Thesis of Carmen Brando-Escobar, defended on April 5, 2013, Universit\u00e9 Paris-Est Marne-La-Vall\u00e9e (<span style=\"color: #0000ff\">Reviewer<\/span>)<\/li>\n<li>Thesis of Asma Zoghlami, defended on March 8, 2013, Universit\u00e9 Paris 8 (<span style=\"color: #0000ff\">Reviewer<\/span>)<\/li>\n<li>Dorsaf Zekri&#8217;s thesis, defended on January 17, 2013, T\u00e9l\u00e9com SudParis and Universit\u00e9 Evry Val Essonne (<span style=\"color: #0000ff\">Reviewer<\/span>)<\/li>\n<li>Nathalie Abadie&#8217;s thesis, defended on November 20, 2012, Universit\u00e9 Paris-Est (<span style=\"color: #0000ff\">Examiner<\/span>)<\/li>\n<li>Kamal Boulil&#8217;s thesis, defended on October 26, 2012, Blaise Pascal University of Clermont-Ferrand (<span style=\"color: #0000ff\">Reviewer<\/span>)<\/li>\n<li>Thesis of Derdour Makhlouf, defended on February 12, 2012, Universit\u00e9 de Pau et des Pays de l&#8217;Adour and Universit\u00e9 Badji Mokhtar d&#8217;Annaba (<span style=\"color: #0000ff\">President<\/span>)<\/li>\n<li>Pierre Allard&#8217;s thesis, defended on December 12, 2011, University of Rennes (<span style=\"color: #0000ff\">Reviewer<\/span>)<\/li>\n<li>Thesis of G\u00e9raldine Del Mondo, defended on October 14, 2011, Conservatoire National des Arts et M\u00e9tiers de Paris and Ecole Navale de Brest (<span style=\"color: #0000ff\">Reviewer<\/span>)<\/li>\n<li>Thesis of Yazid Benazzouz, defended on August 26, 2011, Ecole Nationale Sup\u00e9rieure des Mines de Saint-Etienne (<span style=\"color: #0000ff\">President)<\/span><\/li>\n<li>Thesis of Chamseddine Zaki, defended on June 24, 2011, Ecole Centrale de Nantes (<span style=\"color: #0000ff\">President<\/span>)<\/li>\n<li>Eric Kergosien&#8217;s PhD thesis, defended on June 23, 2011, Universit\u00e9 de Pau et des Pays de l&#8217;Adour (<span style=\"color: #0000ff\">Reviewer<\/span>)<\/li>\n<li>Thesis of Kreshnik Musaraj, defended on December 14, 2010, Universit\u00e9 Claude Bernard, Lyon 1 (<span style=\"color: #0000ff\">Reviewer<\/span>)<\/li>\n<li>Thesis of Rami Harrathi, defended on September 29, 2010, University Claude Bernard Lyon 1 (<span style=\"color: #0000ff\">President)<\/span><\/li>\n<li>Mathieu Petit&#8217;s thesis, defended on June 14, 2010, Conservatoire National des Arts et M\u00e9tiers de Paris and Ecole Navale de Brest (<span style=\"color: #0000ff\">Reviewer<\/span>)<\/li>\n<li>Thesis of Eric Faurot, defended on March 24, 2010, University of Caen (<span style=\"color: #0000ff\">Reviewer)<\/span><\/li>\n<li>Vincent Ganneau&#8217;s thesis, defended on January 20, 2009, Joseph Fourier University (<span style=\"color: #0000ff\">President<\/span>)<\/li>\n<li>Rahee Ghurbhurn&#8217;s thesis, defended on May 27, 2008, Ecole Nationale Sup\u00e9rieure des Mines de Saint-Etienne (<span style=\"color: #0000ff\">Reviewer<\/span>)<\/li>\n<li>Tayeb Lemlouma&#8217;s thesis, defended on June 9, 2004, Institut National Polytechnique de Grenoble (<span style=\"color: #0000ff\">Examiner<\/span>)<\/li>\n<\/ul>\n<p><strong>HDR (Habilitation to Supervise Research) Juries<\/strong><\/p>\n<ul>\n<li>Habilitation to supervise research of John Samuel, defended on January 14, 2026, Universit\u00e9 Claude Bernard Lyon 1 (<\/li>\n<li>Habilitation to supervise research of S\u00e9bastien Laborie, defended August 29, 2024, Universit\u00e9 de Pau et des Pays de l&#8217;Adour <span style=\"color: #0000ff\">(Reviewer)<\/span><\/li>\n<li>Habilitation to supervise research of David Brosset, defended on September 13, 2022, University of Western Brittany <span style=\"color: #0000ff\">(Reviewer)<\/span><\/li>\n<li>Habilitation to supervise research of Marl\u00e8ne Villanova-Oliver, defended on November 20, 2018, Grenoble Alpes University (<span style=\"color: #0000ff\">Examiner<\/span>)<\/li>\n<li>Habilitation to supervise research of C\u00e9cile Capponi, defended on April 24, 2018, Aix Marseille University (<span style=\"color: #0000ff\">President)<\/span><\/li>\n<li>Habilitation to supervise research of Jean-Fran\u00e7ois Desconnets, defended on November 17, 2017, University of Montpellier (<span style=\"color: #0000ff\">Reviewer<\/span>)<\/li>\n<li>Habilitation to supervise research of Andr\u00e9 Miralles, defended on May 26, 2016, University of Montpellier (<span style=\"color: #0000ff\">Examiner<\/span>)<\/li>\n<li>Habilitation to supervise research of Anne Puissant, defended on December 10, 2014, University of Strasbourg (<span style=\"color: #0000ff\">Reviewer<\/span>)<\/li>\n<li>Habilitation to supervise research of Paule-Annick Davoine, defended on February 14, 2014, Institut National Polytechnique de Grenoble (<span style=\"color: #0000ff\">Examiner<\/span>)<\/li>\n<li>Habilitation to supervise research of Zoubida Kedad, defended on December 9, 2011, University of Saint Quentin en Yvelines (<span style=\"color: #0000ff\">Examiner<\/span>)<\/li>\n<li>Habilitation to supervise research of Amel Bouzeghoub, defended on June 7, 2010, Universit\u00e9 Pierre et Marie Curie (<span style=\"color: #0000ff\">Reviewer<\/span>)<\/li>\n<li>abilitation to supervise research of Fran\u00e7ois Pinet, defended on April 1st, 2010, Universit\u00e9 Blaise Pascal (<span style=\"color: #0000ff\">Examiner<\/span>)<\/li>\n<\/ul>\n<p><strong>Thesis Monitoring Committee<br \/>\n<\/strong><\/p>\n<ul>\n<li>from 2021 to 2025, Felix B\u00f6lz (LIRIS, Lyon)<\/li>\n<li>from 2017 to 2021, J\u00e9r\u00e9my Riffet (ACROE, Grenoble)<\/li>\n<\/ul>\n","protected":false},"excerpt":{"rendered":"<p>Theses Juries Chinmaya Mishra&#8217;s thesis, Indian Institute of Information Technology (IIIT), Sri City, Chittoor, Inde, defended on April 8, 2026 (Reviewer) Punjany Dharmen&#8217;s thesis, University of Saint-\u00c9tienne, to be defended on October 6, 2025 (Reviewer) J\u00e9r\u00e9my Richard&#8217;s thesis, University of &hellip; <a href=\"https:\/\/lig-membres.imag.fr\/gensel\/en\/research\/other-scientific-activities\/phd-theses-and-hdr-juries\/\">Continue reading <span class=\"meta-nav\">&rarr;<\/span><\/a><\/p>\n","protected":false},"author":86,"featured_media":0,"parent":1880,"menu_order":4,"comment_status":"closed","ping_status":"closed","template":"sidebar-page.php","meta":{"footnotes":""},"class_list":["post-1899","page","type-page","status-publish","hentry"],"_links":{"self":[{"href":"https:\/\/lig-membres.imag.fr\/gensel\/wp-json\/wp\/v2\/pages\/1899","targetHints":{"allow":["GET"]}}],"collection":[{"href":"https:\/\/lig-membres.imag.fr\/gensel\/wp-json\/wp\/v2\/pages"}],"about":[{"href":"https:\/\/lig-membres.imag.fr\/gensel\/wp-json\/wp\/v2\/types\/page"}],"author":[{"embeddable":true,"href":"https:\/\/lig-membres.imag.fr\/gensel\/wp-json\/wp\/v2\/users\/86"}],"replies":[{"embeddable":true,"href":"https:\/\/lig-membres.imag.fr\/gensel\/wp-json\/wp\/v2\/comments?post=1899"}],"version-history":[{"count":14,"href":"https:\/\/lig-membres.imag.fr\/gensel\/wp-json\/wp\/v2\/pages\/1899\/revisions"}],"predecessor-version":[{"id":2111,"href":"https:\/\/lig-membres.imag.fr\/gensel\/wp-json\/wp\/v2\/pages\/1899\/revisions\/2111"}],"up":[{"embeddable":true,"href":"https:\/\/lig-membres.imag.fr\/gensel\/wp-json\/wp\/v2\/pages\/1880"}],"wp:attachment":[{"href":"https:\/\/lig-membres.imag.fr\/gensel\/wp-json\/wp\/v2\/media?parent=1899"}],"curies":[{"name":"wp","href":"https:\/\/api.w.org\/{rel}","templated":true}]}}