{"id":191,"date":"2011-07-26T08:56:31","date_gmt":"2011-07-26T06:56:31","guid":{"rendered":"http:\/\/lig-membres.imag.fr\/gensel\/?page_id=191"},"modified":"2025-04-02T11:53:35","modified_gmt":"2025-04-02T10:53:35","slug":"encadrements-scientifiques","status":"publish","type":"page","link":"https:\/\/lig-membres.imag.fr\/gensel\/recherche\/encadrements-scientifiques\/","title":{"rendered":"Encadrements scientifiques"},"content":{"rendered":"<h5><a href=\"http:\/\/lig-membres.imag.fr\/gensel\/wordpress\/?page_id=193\">Encadrements de th\u00e8ses<\/a><\/h5>\n<h5><a href=\"http:\/\/lig-membres.imag.fr\/gensel\/wordpress\/?page_id=204\">Encadrements de masters 2R et DEA<\/a><\/h5>\n<h5><a href=\"http:\/\/lig-membres.imag.fr\/gensel\/wordpress\/?page_id=209\">Encadrements de m\u00e9moires d&#8217;ing\u00e9nieurs CNAM<\/a><\/h5>\n","protected":false},"excerpt":{"rendered":"<p>Encadrements de th\u00e8ses Encadrements de masters 2R et DEA Encadrements de m\u00e9moires d&#8217;ing\u00e9nieurs CNAM<\/p>\n","protected":false},"author":86,"featured_media":0,"parent":65,"menu_order":2,"comment_status":"closed","ping_status":"closed","template":"sidebar-page.php","meta":{"footnotes":""},"class_list":["post-191","page","type-page","status-publish","hentry"],"_links":{"self":[{"href":"https:\/\/lig-membres.imag.fr\/gensel\/wp-json\/wp\/v2\/pages\/191","targetHints":{"allow":["GET"]}}],"collection":[{"href":"https:\/\/lig-membres.imag.fr\/gensel\/wp-json\/wp\/v2\/pages"}],"about":[{"href":"https:\/\/lig-membres.imag.fr\/gensel\/wp-json\/wp\/v2\/types\/page"}],"author":[{"embeddable":true,"href":"https:\/\/lig-membres.imag.fr\/gensel\/wp-json\/wp\/v2\/users\/86"}],"replies":[{"embeddable":true,"href":"https:\/\/lig-membres.imag.fr\/gensel\/wp-json\/wp\/v2\/comments?post=191"}],"version-history":[{"count":4,"href":"https:\/\/lig-membres.imag.fr\/gensel\/wp-json\/wp\/v2\/pages\/191\/revisions"}],"predecessor-version":[{"id":1838,"href":"https:\/\/lig-membres.imag.fr\/gensel\/wp-json\/wp\/v2\/pages\/191\/revisions\/1838"}],"up":[{"embeddable":true,"href":"https:\/\/lig-membres.imag.fr\/gensel\/wp-json\/wp\/v2\/pages\/65"}],"wp:attachment":[{"href":"https:\/\/lig-membres.imag.fr\/gensel\/wp-json\/wp\/v2\/media?parent=191"}],"curies":[{"name":"wp","href":"https:\/\/api.w.org\/{rel}","templated":true}]}}