{"id":1970,"date":"2025-04-02T14:04:45","date_gmt":"2025-04-02T13:04:45","guid":{"rendered":"https:\/\/lig-membres.imag.fr\/gensel\/?page_id=1970"},"modified":"2025-04-02T14:04:45","modified_gmt":"2025-04-02T13:04:45","slug":"contact-information-faculty","status":"publish","type":"page","link":"https:\/\/lig-membres.imag.fr\/gensel\/en\/contact-information\/contact-information-faculty\/","title":{"rendered":"Contact Information @ Faculty"},"content":{"rendered":"<p style=\"padding-left: 60px\"><span style=\"color: #3366ff\">e-mail <\/span>: Jerome.Gensel@univ-grenoble-alpes.fr<span style=\"color: #3366ff\"><br \/>\nphone<\/span> : (+33)(0)4 76 82 59 14<span style=\"color: #3366ff\"><br \/>\nfax<\/span> : (+33)(0)4 76 82 56 65<span style=\"color: #3366ff\"><br \/>\nMail Address<\/span> :<\/p>\n<p style=\"padding-left: 90px\">Universit\u00e9 Grenoble Alpes<br \/>\nUFR Sciences de l\u2019Homme et de la Soci\u00e9t\u00e9<br \/>\nB\u00e2timent Michel Dubois<br \/>\n1251 avenue centrale<br \/>\n38 400 Saint-Martin-d\u2019H\u00e8res<br \/>\nFrance<\/p>\n<p style=\"padding-left: 60px\"><span style=\"color: #3366ff\">Localization<\/span> :<\/p>\n<p style=\"padding-left: 90px\">Office C14<br \/>\nBluiding Michel Dubois<br \/>\nGround floor, Aisle C<\/p>\n<p style=\"padding-left: 60px\"><span style=\"color: #3366ff\">GPS<\/span> :<\/p>\n<p style=\"padding-left: 90px\">Latitude : 45.1919473<br \/>\nLongitude : 5.774966800000016<\/p>\n","protected":false},"excerpt":{"rendered":"<p>e-mail : Jerome.Gensel@univ-grenoble-alpes.fr phone : (+33)(0)4 76 82 59 14 fax : (+33)(0)4 76 82 56 65 Mail Address : Universit\u00e9 Grenoble Alpes UFR Sciences de l\u2019Homme et de la Soci\u00e9t\u00e9 B\u00e2timent Michel Dubois 1251 avenue centrale 38 400 Saint-Martin-d\u2019H\u00e8res &hellip; <a href=\"https:\/\/lig-membres.imag.fr\/gensel\/en\/contact-information\/contact-information-faculty\/\">Continue reading <span class=\"meta-nav\">&rarr;<\/span><\/a><\/p>\n","protected":false},"author":86,"featured_media":0,"parent":1961,"menu_order":1,"comment_status":"closed","ping_status":"closed","template":"sidebar-page.php","meta":{"footnotes":""},"class_list":["post-1970","page","type-page","status-publish","hentry"],"_links":{"self":[{"href":"https:\/\/lig-membres.imag.fr\/gensel\/wp-json\/wp\/v2\/pages\/1970","targetHints":{"allow":["GET"]}}],"collection":[{"href":"https:\/\/lig-membres.imag.fr\/gensel\/wp-json\/wp\/v2\/pages"}],"about":[{"href":"https:\/\/lig-membres.imag.fr\/gensel\/wp-json\/wp\/v2\/types\/page"}],"author":[{"embeddable":true,"href":"https:\/\/lig-membres.imag.fr\/gensel\/wp-json\/wp\/v2\/users\/86"}],"replies":[{"embeddable":true,"href":"https:\/\/lig-membres.imag.fr\/gensel\/wp-json\/wp\/v2\/comments?post=1970"}],"version-history":[{"count":1,"href":"https:\/\/lig-membres.imag.fr\/gensel\/wp-json\/wp\/v2\/pages\/1970\/revisions"}],"predecessor-version":[{"id":1971,"href":"https:\/\/lig-membres.imag.fr\/gensel\/wp-json\/wp\/v2\/pages\/1970\/revisions\/1971"}],"up":[{"embeddable":true,"href":"https:\/\/lig-membres.imag.fr\/gensel\/wp-json\/wp\/v2\/pages\/1961"}],"wp:attachment":[{"href":"https:\/\/lig-membres.imag.fr\/gensel\/wp-json\/wp\/v2\/media?parent=1970"}],"curies":[{"name":"wp","href":"https:\/\/api.w.org\/{rel}","templated":true}]}}