{"id":204,"date":"2011-07-26T09:15:05","date_gmt":"2011-07-26T07:15:05","guid":{"rendered":"http:\/\/lig-membres.imag.fr\/gensel\/?page_id=204"},"modified":"2026-02-14T12:01:38","modified_gmt":"2026-02-14T11:01:38","slug":"encadrements-de-masters-2r-et-dea","status":"publish","type":"page","link":"https:\/\/lig-membres.imag.fr\/gensel\/recherche\/encadrements-scientifiques\/encadrements-de-masters-2r-et-dea\/","title":{"rendered":"Encadrements de masters"},"content":{"rendered":"<h5><\/h5>\n<ul>\n<li><span style=\"color: #0000ff\">Garance Malno\u00eb<\/span>, <em>Analyse de s\u00e9quences pour les trajectoires de vie\u00a0: comparaison des environnements R\/Python et int\u00e9gration de m\u00e9thodes d\u2019IA<\/em>,\u00a0Master MIASHS 2\u00e8me ann\u00e9e parcours Statistique et Science des Donn\u00e9es, 2026 (co-encadrement avec Caroline Bazzoli, TIMC, UGA).<\/li>\n<li><span style=\"color: #0000ff\">Ali Shahimi<\/span>, <em>Graph Neural Networks for SpatioTemporal Knowledge Graphs<\/em>, Master MOSIG 2\u00e8me ann\u00e9e, 2025 (co-encadrement avec Marl\u00e8ne Villanova, Stories, LIG)<\/li>\n<li><span style=\"color: #0000ff\">Marc-Arold Rosemond<\/span>, <em>Enriching Knowledge Graphs: approaches, methods, and application to Semantic Trajectories<\/em>, Master MIASHS 2\u00e8me ann\u00e9e parcours Double Comp\u00e9tence Informatique et Sciences Scoiales, 2025 (co-encadrement avec Camille Bernard,<\/li>\n<li><span style=\"color: #0000ff\">Alice Chevau<\/span>x, <em>Classification non supervis\u00e9es de trajectoires de vie. Formalisation du mod\u00e8le SaLTo et \u00e9tude de mesures de dissimilarit\u00e9<\/em>, Master MIASHS 1\u00e8re ann\u00e9e parcours Statistique et Science des Donn\u00e9es, 2023 (co-encadrement avec Caroline Bazzoli, TIMC, UGA).<\/li>\n<li><span style=\"color: #0000ff\">Julien Soufflet<\/span>, <em>Impl\u00e9mentation en Traminer d\u2019un sous-ensemble de l\u2019enqu\u00eate biographique 3B de l\u2019INED (1981)<\/em>, Master MIASHS 2\u00e8me ann\u00e9e parcours Statistique et Science des Donn\u00e9es, 2023 (co-encadrement avec Caroline Bazzoli, TIMC, UGA).<\/li>\n<li><span style=\"color: #0000ff\">Rabih Far\u00e8s<\/span>, <em>D\u00e9veloppement d\u2019une plateforme informatique d\u00e9di\u00e9e \u00e0 l\u2019observation et \u00e0 la caract\u00e9risation de l\u2019\u00e9volution de l\u2019occupation des sols \u00e0 l\u2019\u00e9chelle communale fran\u00e7aise<\/em>, Master MIASHS 2\u00e8me ann\u00e9e parcours Double Comp\u00e9tence Informatique et Sciences Sociales, co-encadrement avec Marl\u00e8ne Villanova-Oliver et Camille Bernard, soutenu en janvier 2022.<\/li>\n<li><span style=\"color: #0000ff\">Yacine Ouabba<\/span>, <em>Analyse et visualisation de donn\u00e9es de trajectoires de vie<\/em>, Stage fin d\u2019\u00e9tudes, Master MIASHS 2\u00e8me ann\u00e9e parcours Informatique et Cognition, co-encadrement avec Marl\u00e8ne Villanova-Oliver, soutenu en juin 2021.<\/li>\n<li><span style=\"color: #0000ff\">Thi Giang Thu Tran<\/span>, <em>Impl\u00e9mentation d\u2019un framework de gestion de trajectoires de vie<\/em>, Stage fin d\u2019\u00e9tudes, Master MIASHS 2\u00e8me ann\u00e9e parcours Double Comp\u00e9tence Informatique et Sciences Sociales, co-encadrement avec Marl\u00e8ne Villanova-Oliver, soutenu en septembre 2020.<\/li>\n<li><span style=\"color: #3366ff\">Sahar Mohammadi<\/span>, Repr\u00e9sentation et raisonnement spatio-temporels dans le LOD Cloud, Master Recherche 2\u00e8me ann\u00e9e en Informatique de l&#8217;Universit\u00e9 Joseph Fourier, co-encradrement avec Danielle Zi\u00e9belin et Philippe Genoud, soutenue en juin 2014.<\/li>\n<li><a href=\"http:\/\/www.cs.ubbcluj.ro\/~dia\/\" target=\"_blank\" rel=\"noopener noreferrer\"><span style=\"color: #3366ff\">Alina Dia Miron<\/span><\/a>, <em>Repr\u00e9sentation de Connaissances par Objets pour le Web s\u00e9mantique<\/em>, Master Recherche 2\u00e8me ann\u00e9e Syst\u00e8mes d&#8217;Information de l&#8217;Universit\u00e9 Joseph Fourier, soutenu en juin 2006.<\/li>\n<li><span style=\"color: #3366ff\">Ali A\u00eft-Bachir<\/span>, <em>Relation de composition et alg\u00e8bre de relations en AROM<\/em>, Master Recherche 2\u00e8me ann\u00e9e Syst\u00e8mes d&#8217;Information de l&#8217;Universit\u00e9 Joseph Fourier, soutenu en juin 2005, Co-encadrement\u00a0 avec Danielle Zi\u00e9belin, (projet Helix, INRIA Rh\u00f4ne-Alpes).<\/li>\n<li><span style=\"color: #3366ff\">C\u00e9line Lopez-V\u00e9lasco<\/span>, <em>Adaptabilit\u00e9 et Services Web<\/em>, Master Recherche 2\u00e8me ann\u00e9e Syst\u00e8mes d&#8217;Information de l&#8217;Universit\u00e9 Joseph Fourier,\u00a0 soutenu en juin 2004.<\/li>\n<li><span style=\"color: #3366ff\">Ba-Quan NGuyen<\/span>, <em>Adaptativit\u00e9 dans les Syst\u00e8mes d&#8217;Information sur le Web<\/em>, Master Recherche 2\u00e8me ann\u00e9e Syst\u00e8mes d&#8217;Information de l&#8217;Universit\u00e9 Joseph Fourier, soutenu en juin 2004. Co-encadrement\u00a0 avec Marl\u00e8ne Villanova-Oliver (\u00e9quipe Steamer, LIG).<\/li>\n<li><a href=\"http:\/\/www.lifl.fr\/~bilasco\/single_fonctions.html\" target=\"_blank\" rel=\"noopener noreferrer\"><span style=\"color: #3366ff\">Ioan-Marius Bilasco<\/span><\/a>, <em>Mod\u00e8les de Pr\u00e9sentations Multim\u00e9dias Adaptables<\/em>, DEA Informatique, Syst\u00e8me et Communication de l&#8217;Universit\u00e9 Joseph Fourier,\u00a0 soutenu en juin 2003. Co-encadrement\u00a0 avec Marl\u00e8ne Villanova-Oliver (\u00e9quipe Steamer, LIG).<\/li>\n<li><span style=\"color: #3366ff\">Bogdan Moisuc<\/span>, <em>Cartographie Dynamique Adaptable sur le Web<\/em>, DEA Informatique, Syst\u00e8me et Communication de l&#8217;Universit\u00e9 Joseph Fourier, soutenu en juin 2003.<\/li>\n<li><a href=\"http:\/\/www.mehdiadda.com\/\" target=\"_blank\" rel=\"noopener noreferrer\"><span style=\"color: #3366ff\">Mehdi Adda<\/span><\/a>, <em>Mod\u00e8les de S\u00e9curit\u00e9 pour les Syst\u00e8mes d&#8217;Information bas\u00e9s sur le Web<\/em>, DEA Informatique, Syst\u00e8me et Communication de l&#8217;Universit\u00e9 Joseph Fourier,\u00a0 soutenu en juin 2002. Co-encadrement\u00a0 avec Marl\u00e8ne Villanova-Oliver (\u00e9quipe Steamer, LIG).<\/li>\n<li><span style=\"color: #3366ff\">Oussama Laouamri<\/span>, <em>Mod\u00e9lisation Spatio-Temporelle de Syst\u00e8mes d&#8217;Information G\u00e9ographique sur le Web<\/em>, DEA Informatique, Syst\u00e8me et Communication de l&#8217;Universit\u00e9 Joseph Fourier, soutenu en juin 2002.\u00a0 Co-encadrement\u00a0 avec Paule-Annick Davoine (\u00e9quipe Steamer, LIG).<\/li>\n<li><span style=\"color: #3366ff\">Abdelmadjid Ketfi<\/span>, <em>Apports de la Repr\u00e9sentation de Connaissances par Objets pour la Mod\u00e9lisation et la Mise en \u0152uvre d&#8217;Applications Multim\u00e9dias<\/em>, DEA Informatique, Syst\u00e8me et Communication de l&#8217;Universit\u00e9 Joseph Fourier, soutenu en juin 2001.<\/li>\n<li><span style=\"color: #3366ff\">Vincent Thornary<span style=\"color: #000000\">,<\/span><\/span><em>Optimisation combinatoire et techniques de satisfaction de contraintes ensemblistes<\/em>, DEA de Recherche Op\u00e9rationnelle, Combinatoire et Optimisation de l&#8217;Institut National Polytechnique de Grenoble, soutenu en septembre 1997.<\/li>\n<\/ul>\n","protected":false},"excerpt":{"rendered":"<p>Garance Malno\u00eb, Analyse de s\u00e9quences pour les trajectoires de vie\u00a0: comparaison des environnements R\/Python et int\u00e9gration de m\u00e9thodes d\u2019IA,\u00a0Master MIASHS 2\u00e8me ann\u00e9e parcours Statistique et Science des Donn\u00e9es, 2026 (co-encadrement avec Caroline Bazzoli, TIMC, UGA). Ali Shahimi, Graph Neural Networks &hellip; <a href=\"https:\/\/lig-membres.imag.fr\/gensel\/recherche\/encadrements-scientifiques\/encadrements-de-masters-2r-et-dea\/\">Continue reading <span class=\"meta-nav\">&rarr;<\/span><\/a><\/p>\n","protected":false},"author":86,"featured_media":0,"parent":191,"menu_order":1,"comment_status":"closed","ping_status":"closed","template":"sidebar-page.php","meta":{"footnotes":""},"class_list":["post-204","page","type-page","status-publish","hentry"],"_links":{"self":[{"href":"https:\/\/lig-membres.imag.fr\/gensel\/wp-json\/wp\/v2\/pages\/204","targetHints":{"allow":["GET"]}}],"collection":[{"href":"https:\/\/lig-membres.imag.fr\/gensel\/wp-json\/wp\/v2\/pages"}],"about":[{"href":"https:\/\/lig-membres.imag.fr\/gensel\/wp-json\/wp\/v2\/types\/page"}],"author":[{"embeddable":true,"href":"https:\/\/lig-membres.imag.fr\/gensel\/wp-json\/wp\/v2\/users\/86"}],"replies":[{"embeddable":true,"href":"https:\/\/lig-membres.imag.fr\/gensel\/wp-json\/wp\/v2\/comments?post=204"}],"version-history":[{"count":16,"href":"https:\/\/lig-membres.imag.fr\/gensel\/wp-json\/wp\/v2\/pages\/204\/revisions"}],"predecessor-version":[{"id":2099,"href":"https:\/\/lig-membres.imag.fr\/gensel\/wp-json\/wp\/v2\/pages\/204\/revisions\/2099"}],"up":[{"embeddable":true,"href":"https:\/\/lig-membres.imag.fr\/gensel\/wp-json\/wp\/v2\/pages\/191"}],"wp:attachment":[{"href":"https:\/\/lig-membres.imag.fr\/gensel\/wp-json\/wp\/v2\/media?parent=204"}],"curies":[{"name":"wp","href":"https:\/\/api.w.org\/{rel}","templated":true}]}}