{"id":209,"date":"2011-07-26T09:21:57","date_gmt":"2011-07-26T07:21:57","guid":{"rendered":"http:\/\/lig-membres.imag.fr\/gensel\/?page_id=209"},"modified":"2025-04-02T12:02:15","modified_gmt":"2025-04-02T11:02:15","slug":"encradrements-de-memoires-dingenieur-cnam","status":"publish","type":"page","link":"https:\/\/lig-membres.imag.fr\/gensel\/recherche\/encadrements-scientifiques\/encradrements-de-memoires-dingenieur-cnam\/","title":{"rendered":"Encadrements de m\u00e9moires d&#8217;ing\u00e9nieur CNAM"},"content":{"rendered":"<ul>\n<li><span style=\"color: #3366ff\">Micha\u00ebl Tranchant<\/span>, <em>Couplage d\u2019un HyperCube SOLAP et d\u2019un outil de visualisation<\/em>, soutenu le 21 f\u00e9vrier 2013.<\/li>\n<li><span style=\"color: #3366ff\">Benjamin Brichet-Billet<\/span>, <em>GenGHIS-Web\u00a0: un portail collaboratif pour la cr\u00e9ation et le partage de Syst\u00e8mes d\u2019Information Spatio-Temporelle<\/em>, co-encradrement avec Philippe Genoud, soutenu le 19 d\u00e9cembre 2011.<\/li>\n<li><span style=\"color: #3366ff\">Beno\u00eet Le Rubrus<\/span>, <em>Cartographie et analyse territoriale multiscalaire \u2013 R\u00e9ing\u00e9nierie des logiciels Hyper Atlas et Hyper Admin<\/em>, soutenu le 7 avril 2010.<\/li>\n<li><span style=\"color: #3366ff\">Laurent Poulenard<\/span>, <em>Diffusion de l\u2019information g\u00e9ographique avec les services Web : Application au logiciel HyperAtlas<\/em>, soutenu le 7 avril 2010.<\/li>\n<li><span style=\"color: #3366ff\">Laurent Gayet<\/span>, <em>R\u00e9-ing\u00e9nierie d&#8217;un g\u00e9n\u00e9rateur d&#8217;applications de syst\u00e8me\u00a0 d&#8217;information spatio-temporelle : GenGHIS<\/em>, soutenu le 17 d\u00e9cembre 2009.<\/li>\n<li><span style=\"color: #3366ff\">Ga\u00ebl Bergeret<\/span>, <em>Une architecture sensible au contexte pour le d\u00e9veloppement de syst\u00e8mes d&#8217;administration pour l&#8217;enseignement<\/em>, soutenu le 16 d\u00e9cembre 2009.<\/li>\n<li><span style=\"color: #3366ff\">Rafa\u00ebl Thomas<\/span>, <em>Evolution d&#8217;outils d\u00e9di\u00e9s \u00e0 l&#8217;analyse territoriale et \u00e0 l&#8217;analyse spatiale dans le cadre du projet HyperCarte<\/em>, soutenu le 20 juin 2008.<\/li>\n<li><span style=\"color: #3366ff\">Christine Plumejeaud<\/span>, <em>Conception des logiciels HyperAdmin et HyperSmooth dans le cadre du projet HyperCarte<\/em>, soutenu le 28 juin 2007.<\/li>\n<li><span style=\"color: #3366ff\">Christophe Chabert<\/span>, <em>Conception du logiciel HyperAdmin dans le cadre du projet HyperCarte<\/em>, soutenu le 29 mars 2007.<\/li>\n<li><span style=\"color: #3366ff\">Olivier Cu\u00e9not<\/span>, <em>Conception du logiciel HyperAtlas pour l&#8217;analyse spatiale multi-scalaire de ph\u00e9nom\u00e8nes sociaux dans le cadre du projet HyperCarte<\/em>, soutenu en f\u00e9vrier 2005.<\/li>\n<li><span style=\"color: #3366ff\">Thierry Bissler<\/span>, <em>Composants logiciels pour la g\u00e9n\u00e9ration de Syst\u00e8mes d&#8217;Information G\u00e9ographique \u00e0 dimensions spatiales, temporelles et attributaires synchronis\u00e9es<\/em>, soutenu en juillet 2004.<\/li>\n<li><span style=\"color: #3366ff\">Philippe Martin<\/span>, <em>Conception d&#8217;un module pour l&#8217;analyse territoriale multi-scalaire<\/em>, soutenu en d\u00e9cembre 2004.<\/li>\n<li><span style=\"color: #3366ff\">V\u00e9ronique Chabanis<\/span>, <em>Conception d&#8217;un module de programmation par contraintes : couplage avec un outil d&#8217;aide \u00e0 la mod\u00e9lisation et \u00e0 la simulation<\/em>, soutenu en janvier 2000.<\/li>\n<\/ul>\n","protected":false},"excerpt":{"rendered":"<p>Micha\u00ebl Tranchant, Couplage d\u2019un HyperCube SOLAP et d\u2019un outil de visualisation, soutenu le 21 f\u00e9vrier 2013. Benjamin Brichet-Billet, GenGHIS-Web\u00a0: un portail collaboratif pour la cr\u00e9ation et le partage de Syst\u00e8mes d\u2019Information Spatio-Temporelle, co-encradrement avec Philippe Genoud, soutenu le 19 d\u00e9cembre &hellip; <a href=\"https:\/\/lig-membres.imag.fr\/gensel\/recherche\/encadrements-scientifiques\/encradrements-de-memoires-dingenieur-cnam\/\">Continue reading <span class=\"meta-nav\">&rarr;<\/span><\/a><\/p>\n","protected":false},"author":86,"featured_media":0,"parent":191,"menu_order":2,"comment_status":"closed","ping_status":"closed","template":"sidebar-page.php","meta":{"footnotes":""},"class_list":["post-209","page","type-page","status-publish","hentry"],"_links":{"self":[{"href":"https:\/\/lig-membres.imag.fr\/gensel\/wp-json\/wp\/v2\/pages\/209","targetHints":{"allow":["GET"]}}],"collection":[{"href":"https:\/\/lig-membres.imag.fr\/gensel\/wp-json\/wp\/v2\/pages"}],"about":[{"href":"https:\/\/lig-membres.imag.fr\/gensel\/wp-json\/wp\/v2\/types\/page"}],"author":[{"embeddable":true,"href":"https:\/\/lig-membres.imag.fr\/gensel\/wp-json\/wp\/v2\/users\/86"}],"replies":[{"embeddable":true,"href":"https:\/\/lig-membres.imag.fr\/gensel\/wp-json\/wp\/v2\/comments?post=209"}],"version-history":[{"count":9,"href":"https:\/\/lig-membres.imag.fr\/gensel\/wp-json\/wp\/v2\/pages\/209\/revisions"}],"predecessor-version":[{"id":1848,"href":"https:\/\/lig-membres.imag.fr\/gensel\/wp-json\/wp\/v2\/pages\/209\/revisions\/1848"}],"up":[{"embeddable":true,"href":"https:\/\/lig-membres.imag.fr\/gensel\/wp-json\/wp\/v2\/pages\/191"}],"wp:attachment":[{"href":"https:\/\/lig-membres.imag.fr\/gensel\/wp-json\/wp\/v2\/media?parent=209"}],"curies":[{"name":"wp","href":"https:\/\/api.w.org\/{rel}","templated":true}]}}