{"id":217,"date":"2011-07-26T14:13:07","date_gmt":"2011-07-26T12:13:07","guid":{"rendered":"http:\/\/lig-membres.imag.fr\/gensel\/?page_id=217"},"modified":"2025-04-02T12:16:54","modified_gmt":"2025-04-02T11:16:54","slug":"projets-internationaux","status":"publish","type":"page","link":"https:\/\/lig-membres.imag.fr\/gensel\/recherche\/projets-scientifiques\/projets-internationaux\/","title":{"rendered":"Projets internationaux"},"content":{"rendered":"<ul>\n<li style=\"list-style-type: none\">\n<ul>\n<li>de 2014 \u00e0 2015 : coordinateur fran\u00e7ais du <span style=\"color: #3366ff\">projet STIC-Amsud KIGB &#8220;Knowing and Interacting while Gaming for the Blind&#8221;<\/span> entre les Universit\u00e9s du Chili \u00e0 Santiago (Chili), PUCRS et UFRGS de Porto-Alegre (Br\u00e9sil), UFC de Fortalesa (Br\u00e9sil), et l\u2019\u00e9quipe STEAMER du LIG, sur le th\u00e8me <em>serious games for blind people<\/em><\/li>\n<li>de 2011 \u00e0 2012 : coordinateur fran\u00e7ais du <span style=\"color: #3366ff\">projet STIC-Amsud Learning While Moving<\/span> entre les Universit\u00e9s UNESP de Sao Paulo (Br\u00e9sil), UFRGS de Porto-Alegre (Br\u00e9sil), UFC de Fortalesa (Br\u00e9sil), Universit\u00e9 du Chili \u00e0 Santiago (Chili), et l\u2019\u00e9quipe STEAMER du LIG, sur le th\u00e8me <em>e-learning et mobilit\u00e9<\/em><\/li>\n<li>de 2008 \u00e0 2010 : coordinateur fran\u00e7ais du projet <span style=\"color: #3366ff\"><span style=\"color: #000000\">franco-br\u00e9silien<\/span> SEOWK69539<\/span>, financ\u00e9 par le <span style=\"color: #3366ff\">CNRS<\/span> et la <span style=\"color: #3366ff\">FAPESP<\/span> entre l\u2019universit\u00e9 UNESP Sao Paulo et l\u2019\u00e9quipe STEAMER, sur le th\u00e8me <em>d\u00e9veloppement d&#8217;applications mobiles pour l&#8217;administration des universit\u00e9s<\/em><\/li>\n<li>de 2000 \u00e0 2005 : membre du projet franco-br\u00e9silien <span style=\"color: #3366ff\">STIMULI<\/span> financ\u00e9 par la <span style=\"color: #3366ff\">CAPES-COFECUB<\/span> entre les universit\u00e9s UFRGS Porto Alegre, UNESP Sao Paulo et UFC Fortaleza, l&#8217;INT d&#8217;Evry et l&#8217;\u00e9quipe SIGMA, sur le th\u00e8me <em>multim\u00e9dia et syst\u00e8me d&#8217;information sur le Web pour l&#8217;apprentissage<\/em><\/li>\n<\/ul>\n<\/li>\n<\/ul>\n","protected":false},"excerpt":{"rendered":"<p>de 2014 \u00e0 2015 : coordinateur fran\u00e7ais du projet STIC-Amsud KIGB &#8220;Knowing and Interacting while Gaming for the Blind&#8221; entre les Universit\u00e9s du Chili \u00e0 Santiago (Chili), PUCRS et UFRGS de Porto-Alegre (Br\u00e9sil), UFC de Fortalesa (Br\u00e9sil), et l\u2019\u00e9quipe STEAMER &hellip; <a href=\"https:\/\/lig-membres.imag.fr\/gensel\/recherche\/projets-scientifiques\/projets-internationaux\/\">Continue reading <span class=\"meta-nav\">&rarr;<\/span><\/a><\/p>\n","protected":false},"author":86,"featured_media":0,"parent":213,"menu_order":0,"comment_status":"closed","ping_status":"closed","template":"sidebar-page.php","meta":{"footnotes":""},"class_list":["post-217","page","type-page","status-publish","hentry"],"_links":{"self":[{"href":"https:\/\/lig-membres.imag.fr\/gensel\/wp-json\/wp\/v2\/pages\/217","targetHints":{"allow":["GET"]}}],"collection":[{"href":"https:\/\/lig-membres.imag.fr\/gensel\/wp-json\/wp\/v2\/pages"}],"about":[{"href":"https:\/\/lig-membres.imag.fr\/gensel\/wp-json\/wp\/v2\/types\/page"}],"author":[{"embeddable":true,"href":"https:\/\/lig-membres.imag.fr\/gensel\/wp-json\/wp\/v2\/users\/86"}],"replies":[{"embeddable":true,"href":"https:\/\/lig-membres.imag.fr\/gensel\/wp-json\/wp\/v2\/comments?post=217"}],"version-history":[{"count":9,"href":"https:\/\/lig-membres.imag.fr\/gensel\/wp-json\/wp\/v2\/pages\/217\/revisions"}],"predecessor-version":[{"id":1858,"href":"https:\/\/lig-membres.imag.fr\/gensel\/wp-json\/wp\/v2\/pages\/217\/revisions\/1858"}],"up":[{"embeddable":true,"href":"https:\/\/lig-membres.imag.fr\/gensel\/wp-json\/wp\/v2\/pages\/213"}],"wp:attachment":[{"href":"https:\/\/lig-membres.imag.fr\/gensel\/wp-json\/wp\/v2\/media?parent=217"}],"curies":[{"name":"wp","href":"https:\/\/api.w.org\/{rel}","templated":true}]}}