{"id":231,"date":"2011-07-26T14:41:15","date_gmt":"2011-07-26T12:41:15","guid":{"rendered":"http:\/\/lig-membres.imag.fr\/gensel\/?page_id=231"},"modified":"2025-12-21T12:35:53","modified_gmt":"2025-12-21T11:35:53","slug":"projets-nationaux","status":"publish","type":"page","link":"https:\/\/lig-membres.imag.fr\/gensel\/recherche\/projets-scientifiques\/projets-nationaux\/","title":{"rendered":"Projets nationaux"},"content":{"rendered":"<ul>\n<li>De janvier 2026 \u00e0 d\u00e9cembre 2029, membre du <span style=\"color: #0000ff\">projet ANR TRAVERS\u00c9ES<\/span> (TRAjectoires de Vie : Enrichissement, Requ\u00eatage S\u00c9mantiques et Exploration Statistique) , financ\u00e9 dans le cadre de l\u2019<span style=\"color: #0000ff\">appel \u00e0 projets g\u00e9n\u00e9rique 2025 de l\u2019ANR<\/span> port\u00e9e par l\u2019\u00e9quipe STORIES (porteuse Marl\u00e8ne Villanova) du LIG. Co-responsable du lot de travail 4 \u00ab\u00a0Requ\u00eatage de Graphe de Connaissances de Trajectoires de vie S\u00e9mantiques en langue naturelle\u00a0\u00bb.<\/li>\n<li>De janvier 2026 \u00e0 juin 2029, membre du <span style=\"color: #0000ff\">projet ANR JCJC GEvoK<\/span> (Graphes de connaissances pour repr\u00e9senter et explorer l&#8217;\u00e9volution des territoires), financ\u00e9 dans le cadre de l\u2019<span style=\"color: #0000ff\">appel \u00e0 projets Jeune Chercheur\/Jeune Chercheuse 2025 de l\u2019ANR<\/span> port\u00e9e Camille Bernard de l\u2019\u00e9quipe STORIES du LIG.<\/li>\n<li>de d\u00e9cembre 2021 \u00e0 novembre 2025 : porteur et coordinateur du Projet <a href=\"https:\/\/traces-anr-fns.imag.fr\"><span style=\"color: #0000ff\">TRACES<\/span><\/a> obtenu dans le cadre de l\u2019appel \u00e0 projets g\u00e9n\u00e9rique <span style=\"color: #0000ff\">ANR PRI franco-suisse 2021<\/span> et financ\u00e9 pour 42 mois \u00e0 hauteur de 580k\u20ac. Les 4 partenaires de ce projet bi-national sont : l\u2019\u00e9quipe STeamer et le Laboratoire d\u2019Informatique de Bourgogne, l\u2019Institut des Sciences de l\u2019Environnement et le Centre Universitaire d\u2019informatique, tous deux de l\u2019Universit\u00e9 de Gen\u00e8ve. Ce projet a pour th\u00e8me la mod\u00e9lisation et l\u2019analyse de trajectoires s\u00e9mantiques environnementales de territoires (voir <a href=\"https:\/\/traces-anr-fns.imag.fr\/\">https:\/\/traces-anr-fns.imag.fr\/<\/a>).<\/li>\n<li>de 2017 \u00e0 2022 : membre du <span style=\"color: #0000ff\"><span style=\"color: #000000\">Projet<\/span> ANR CHOUCAS<\/span> obtenu dans le cadre de l\u2019appel \u00e0 projets g\u00e9n\u00e9rique 2016 \u00ab D\u00e9fi 7 : Soci\u00e9t\u00e9 de l\u2019information et de la communication \u00bb.<\/li>\n<li>de juillet 2016 \u00e0 d\u00e9cembre 2020 : membre du <span style=\"color: #0000ff\"><span style=\"color: #000000\">Projet<\/span> ANR ECLATS<\/span>, port\u00e9 par l\u2019\u00e9quipe STeamer et obtenu dans le cadre de l\u2019appel \u00e0 projets g\u00e9n\u00e9rique 2015 relatif aux \u00ab Grands D\u00e9fis Soci\u00e9taux \u00bb et au D\u00e9fi de tous les savoirs.<\/li>\n<li>en 2014 : membre du projet <span style=\"color: #0000ff\">MAPA Expertise<\/span> partag\u00e9e dans la ville ordinaire, financ\u00e9 par le <span style=\"color: #0000ff\">PUCA (Plan Urbanisme Construction Architecture)<\/span>.<\/li>\n<li>en 2013 : porteur et responsable du projet <span style=\"color: #0000ff\">HyperAtlas-Welfare<\/span>, <span style=\"color: #0000ff\">PEPS<\/span> (Appel Conjoint \u00e0 Projet Interdisciplinaire \u00ab PRES de Grenoble \u2013 CNRS 2013 \u00bb).<\/li>\n<li>en 2013 : membre du projet <span style=\"color: #0000ff\">CartoDialect<\/span>,<span style=\"color: #0000ff\"> PEPS<\/span> (Appel Conjoint \u00e0 Projet Interdisciplinaire \u2013 \u00ab PRES de Grenoble \u2013 CNRS 2013 \u00bb).<\/li>\n<li>en 2013 :membre du projet <span style=\"color: #0000ff\">FABTER<\/span>, projet <span style=\"color: #0000ff\">Inter \u2013 SFR<\/span> (Innovacs &amp; Territoires en r\u00e9seaux) de l\u2019Universit\u00e9 Pierre Mend\u00e8s France \u2013 \u00ab Vers un \u00abFablab Territoire\u00bb.<\/li>\n<li>de 2010 \u00e0 2014 : responsable des activit\u00e9s de l\u2019\u00e9quipe STeamer au sein du projet <span style=\"color: #0000ff\">MOANO<\/span> du programme <span style=\"color: #0000ff\">ANR CONTINT<\/span>, sur le th\u00e8me mobilit\u00e9 et applications nomades.<\/li>\n<li>de 2010 \u00e0 2015 : membre du projet <span style=\"color: #0000ff\">Biblindex<\/span> de l\u2019<span style=\"color: #0000ff\">ANR Blanc SHS<\/span>, sur le th\u00e8me gestion spatio-temporelle d\u2019\u00e9crits patristiques.<\/li>\n<li>de 2010 \u00e0 2015 : responsable pendant 2 ans puis membre du projet<span style=\"color: #0000ff\"> EPRI\/BDHI<\/span> (Base de donn\u00e9es historiques sur les inondations), financ\u00e9 par le <span style=\"color: #0000ff\">Minist\u00e8re de l&#8217;\u00c9cologie, de l&#8217;\u00c9nergie, du D\u00e9veloppement Durable et de la Mer<\/span>.<\/li>\n<li>de 2009 \u00e0 2014 : responsable du workpackage 1 du projet <span style=\"color: #3366ff\">URBASIS<\/span> de l\u2019<span style=\"color: #3366ff\">ANR Risk<\/span>, sur le th\u00e8me <em>\u00e9valuation de la vuln\u00e9rabilit\u00e9 au risque sismique du b\u00e2ti urbain <\/em><\/li>\n<li>de 2008 \u00e0 2009 : membre du projet <span style=\"color: #3366ff\">PEPS MobiQuot<\/span>, financ\u00e9 par le <span style=\"color: #3366ff\">CNRS<\/span>, sur le th\u00e8me <em>mobilit\u00e9 quatidienne et rythme des villes.<\/em><\/li>\n<li>de 2008 \u00e0 2009 : coordinateur pour l\u2019\u00e9quipe STEAMER du projet <span style=\"color: #3366ff\">PEPS MARSIG<\/span>, financ\u00e9 par le <span style=\"color: #3366ff\">CNRS<\/span>, sur le th\u00e8me <em>syst\u00e8mes d&#8217;information spatio-temporelle pour l&#8217;extraction de donn\u00e9es relatives \u00e0 la plan\u00e8te Mars.<\/em><\/li>\n<li>2008 : coordinateur pour l\u2019\u00e9quipe STEAMER du projet <span style=\"color: #3366ff\">PEPS HyperTerritory<\/span>, financ\u00e9 par le <span style=\"color: #3366ff\">CNRS<\/span>, sur le th\u00e8me <em>analyse territoriale multiscalaire discr\u00e8te et continue.<\/em><\/li>\n<li>de 2007 \u00e0 2009 : membre du projet\u00a0 <span style=\"color: #3366ff\">SIRSEG<\/span> financ\u00e9 par le <span style=\"color: #3366ff\">Minist\u00e8re de l\u2019Environnement et du D\u00e9veloppement Durable<\/span>, sur le th\u00e8me <em>vuln\u00e9rabilit\u00e9 sismique et \u00e9valuation \u00e9conomique li\u00e9e au risque sismique.<\/em><\/li>\n<li>de 2006 \u00e0 2009 : coordinateur pour l\u2019\u00e9quipe STEAMER du projet <span style=\"color: #3366ff\">OHMCV<\/span> (Observatoire Hydrom\u00e9t\u00e9orologique M\u00e9diterran\u00e9en C\u00e9vennes-Vivarais), financ\u00e9 par le <span style=\"color: #3366ff\">CNRS<\/span> et l&#8217;<span style=\"color: #3366ff\">INSU<\/span>, sur le th\u00e8me <em>syst\u00e8me d&#8217;information spatio-temporelle pour les crues c\u00e9venoles.<\/em><\/li>\n<li>de 2003 \u00e0 2009 : coordinateur pour l\u2019\u00e9quipe STEAMER du projet<span style=\"color: #3366ff\"> ISYMOD+<\/span>, <span style=\"color: #3366ff\">ACI IMPBio<\/span>, financ\u00e9 par le <span style=\"color: #3366ff\">Minist\u00e8re de la Recherche<\/span>, sur le th\u00e8me <em>repr\u00e9sentation de connaissances par objets et expressions de relations entre g\u00e8nes.<\/em><\/li>\n<li>de 2002 \u00e0 2005 : membre du projet <span style=\"color: #3366ff\">HyperCarte<\/span>, <span style=\"color: #3366ff\">ACI Masse de Donn\u00e9es<\/span>, financ\u00e9 par le <span style=\"color: #3366ff\">Minist\u00e8re de la Recherche<\/span>, sur le th\u00e8me <em>analyse territoriale multiscalaire discr\u00e8te.<\/em><\/li>\n<li>de 2002 \u00e0 2005 : membre du projet <span style=\"color: #3366ff\">SESAM<\/span>, financ\u00e9 par le <span style=\"color: #3366ff\">CNRS<span style=\"color: #000000\">, sur le th\u00e8me <\/span><\/span><em>conception et d\u00e9veloppement d&#8217;un environnement pour l&#8217;\u00e9tude des anthroposyst\u00e8mes.<\/em><\/li>\n<li>de 2003 \u00e0 2004 : coordinateur pour l\u2019\u00e9quipe STEAMER de l\u2019<span style=\"color: #3366ff\">Action Sp\u00e9cifique Donn\u00e9es Multim\u00e9dias<\/span>, financ\u00e9e par le <span style=\"color: #3366ff\">Minist\u00e8re de la Recherche<\/span>, sur le th\u00e8me <em>syst\u00e8mes d&#8217;information multim\u00e9dias et recherche d&#8217;information multim\u00e9dias.<\/em><\/li>\n<li>de 2001 \u00e0 2004 : membre du projet <span style=\"color: #3366ff\">SIDIRA<\/span> projet financ\u00e9 par le <span style=\"color: #3366ff\">Minist\u00e8re de l&#8217;Am\u00e9nagement du Territoire et de l&#8217;Environnement<\/span>, sur le th\u00e8me <em>pr\u00e9vention des risques d&#8217;avalanche.<\/em><\/li>\n<li>de 1999 \u00e0 2000 : membre du projet <span style=\"color: #3366ff\">G\u00e9nie<\/span>, partenariat entre l&#8217;action Romans de l&#8217;INRIA Rh\u00f4ne-Alpes et <span style=\"color: #3366ff\">Dassault Aviation<\/span>, sur le th\u00e8me <em>conception et d\u00e9veloppement d&#8217;une plate-forme d&#8217;assistance au choix de codes de calculs<\/em> <em>a\u00e9rodynamiques.<\/em><\/li>\n<\/ul>\n","protected":false},"excerpt":{"rendered":"<p>De janvier 2026 \u00e0 d\u00e9cembre 2029, membre du projet ANR TRAVERS\u00c9ES (TRAjectoires de Vie : Enrichissement, Requ\u00eatage S\u00c9mantiques et Exploration Statistique) , financ\u00e9 dans le cadre de l\u2019appel \u00e0 projets g\u00e9n\u00e9rique 2025 de l\u2019ANR port\u00e9e par l\u2019\u00e9quipe STORIES (porteuse Marl\u00e8ne &hellip; <a href=\"https:\/\/lig-membres.imag.fr\/gensel\/recherche\/projets-scientifiques\/projets-nationaux\/\">Continue reading <span class=\"meta-nav\">&rarr;<\/span><\/a><\/p>\n","protected":false},"author":86,"featured_media":0,"parent":213,"menu_order":3,"comment_status":"closed","ping_status":"closed","template":"sidebar-page.php","meta":{"footnotes":""},"class_list":["post-231","page","type-page","status-publish","hentry"],"_links":{"self":[{"href":"https:\/\/lig-membres.imag.fr\/gensel\/wp-json\/wp\/v2\/pages\/231","targetHints":{"allow":["GET"]}}],"collection":[{"href":"https:\/\/lig-membres.imag.fr\/gensel\/wp-json\/wp\/v2\/pages"}],"about":[{"href":"https:\/\/lig-membres.imag.fr\/gensel\/wp-json\/wp\/v2\/types\/page"}],"author":[{"embeddable":true,"href":"https:\/\/lig-membres.imag.fr\/gensel\/wp-json\/wp\/v2\/users\/86"}],"replies":[{"embeddable":true,"href":"https:\/\/lig-membres.imag.fr\/gensel\/wp-json\/wp\/v2\/comments?post=231"}],"version-history":[{"count":20,"href":"https:\/\/lig-membres.imag.fr\/gensel\/wp-json\/wp\/v2\/pages\/231\/revisions"}],"predecessor-version":[{"id":2077,"href":"https:\/\/lig-membres.imag.fr\/gensel\/wp-json\/wp\/v2\/pages\/231\/revisions\/2077"}],"up":[{"embeddable":true,"href":"https:\/\/lig-membres.imag.fr\/gensel\/wp-json\/wp\/v2\/pages\/213"}],"wp:attachment":[{"href":"https:\/\/lig-membres.imag.fr\/gensel\/wp-json\/wp\/v2\/media?parent=231"}],"curies":[{"name":"wp","href":"https:\/\/api.w.org\/{rel}","templated":true}]}}