{"id":237,"date":"2011-07-26T14:47:20","date_gmt":"2011-07-26T12:47:20","guid":{"rendered":"http:\/\/lig-membres.imag.fr\/gensel\/?page_id=237"},"modified":"2025-04-02T12:32:30","modified_gmt":"2025-04-02T11:32:30","slug":"projets-regionaux","status":"publish","type":"page","link":"https:\/\/lig-membres.imag.fr\/gensel\/recherche\/projets-scientifiques\/projets-regionaux\/","title":{"rendered":"Projets r\u00e9gionaux"},"content":{"rendered":"<ul>\n<li>en 2014 : membre du projet <span style=\"color: #3366ff\">R\u00e9sopri<\/span>, financ\u00e9 par le programme \u00ab Culture, Patrimoines, Soci\u00e9t\u00e9s Num\u00e9riques \u00bb de l\u2019<span style=\"color: #3366ff\">Universit\u00e9 d\u2019Avignon et des Pays du Vaucluse<\/span>, sur le th\u00e8me <em> Risques Naturels, Mobilit\u00e9 et R\u00e9seaux Sociaux <\/em> partenaires : UAPV (SFR Agorantic), IRSTEA Aix en Provence (2014)<\/li>\n<li>de 2006 \u00e0 2011 : co-responsable du sous-projet <span style=\"color: #3366ff\">Web et Contexte<\/span> du Projet <span style=\"color: #3366ff\">Web Intelligence<\/span> du <span style=\"color: #3366ff\">Cluster ISLE de la R\u00e9gion Rh\u00f4ne-Alpes<\/span>, sur le th\u00e8me <em>syst\u00e8mes et recherche d&#8217;information sur le Web sensibles au contexte<\/em><\/li>\n<li>de 2003 \u00e0 2006 : membre du projet <span style=\"color: #3366ff\">Vulneralp<\/span> financ\u00e9 par la <span style=\"color: #3366ff\">r\u00e9gion Rh\u00f4ne-Alpes<\/span>, sur le th\u00e8me <em>vuln\u00e9rabilit\u00e9 au risque sismique du b\u00e2ti urbain dans l&#8217;agglom\u00e9ration grenobloise<\/em><\/li>\n<li>de 2003 \u00e0 2006 : membre du projet <span style=\"color: #3366ff\">SIHREN<\/span> financ\u00e9 par la <span style=\"color: #3366ff\">r\u00e9gion Rh\u00f4ne-Alpes<\/span>, sur le th\u00e8me <em>syst\u00e8mes d&#8217;information historique sur les risques d&#8217;inondation<br \/>\n<\/em><\/li>\n<\/ul>\n","protected":false},"excerpt":{"rendered":"<p>en 2014 : membre du projet R\u00e9sopri, financ\u00e9 par le programme \u00ab Culture, Patrimoines, Soci\u00e9t\u00e9s Num\u00e9riques \u00bb de l\u2019Universit\u00e9 d\u2019Avignon et des Pays du Vaucluse, sur le th\u00e8me Risques Naturels, Mobilit\u00e9 et R\u00e9seaux Sociaux partenaires : UAPV (SFR Agorantic), IRSTEA &hellip; <a href=\"https:\/\/lig-membres.imag.fr\/gensel\/recherche\/projets-scientifiques\/projets-regionaux\/\">Continue reading <span class=\"meta-nav\">&rarr;<\/span><\/a><\/p>\n","protected":false},"author":86,"featured_media":0,"parent":213,"menu_order":4,"comment_status":"closed","ping_status":"closed","template":"sidebar-page.php","meta":{"footnotes":""},"class_list":["post-237","page","type-page","status-publish","hentry"],"_links":{"self":[{"href":"https:\/\/lig-membres.imag.fr\/gensel\/wp-json\/wp\/v2\/pages\/237","targetHints":{"allow":["GET"]}}],"collection":[{"href":"https:\/\/lig-membres.imag.fr\/gensel\/wp-json\/wp\/v2\/pages"}],"about":[{"href":"https:\/\/lig-membres.imag.fr\/gensel\/wp-json\/wp\/v2\/types\/page"}],"author":[{"embeddable":true,"href":"https:\/\/lig-membres.imag.fr\/gensel\/wp-json\/wp\/v2\/users\/86"}],"replies":[{"embeddable":true,"href":"https:\/\/lig-membres.imag.fr\/gensel\/wp-json\/wp\/v2\/comments?post=237"}],"version-history":[{"count":8,"href":"https:\/\/lig-membres.imag.fr\/gensel\/wp-json\/wp\/v2\/pages\/237\/revisions"}],"predecessor-version":[{"id":1875,"href":"https:\/\/lig-membres.imag.fr\/gensel\/wp-json\/wp\/v2\/pages\/237\/revisions\/1875"}],"up":[{"embeddable":true,"href":"https:\/\/lig-membres.imag.fr\/gensel\/wp-json\/wp\/v2\/pages\/213"}],"wp:attachment":[{"href":"https:\/\/lig-membres.imag.fr\/gensel\/wp-json\/wp\/v2\/media?parent=237"}],"curies":[{"name":"wp","href":"https:\/\/api.w.org\/{rel}","templated":true}]}}