{"id":242,"date":"2011-07-26T14:58:52","date_gmt":"2011-07-26T12:58:52","guid":{"rendered":"http:\/\/lig-membres.imag.fr\/gensel\/?page_id=242"},"modified":"2025-04-02T12:36:44","modified_gmt":"2025-04-02T11:36:44","slug":"autres-activites-scientifiques","status":"publish","type":"page","link":"https:\/\/lig-membres.imag.fr\/gensel\/recherche\/autres-activites-scientifiques\/","title":{"rendered":"Autres activit\u00e9s scientifiques"},"content":{"rendered":"<h5><a title=\"Animation scientifique\" href=\"http:\/\/lig-membres.imag.fr\/gensel\/recherche\/autres-activites-scientifiques\/animation-scientifique\/\"><span style=\"color: #0000ff\">Animation Scientifique<\/span><\/a><\/h5>\n<h5><span style=\"color: #0000ff\"><a style=\"color: #0000ff\" title=\"Comit\u00e9s d'organisation\" href=\"http:\/\/lig-membres.imag.fr\/gensel\/recherche\/autres-activites-scientifiques\/comites-dorganisation\/\">Organisations de conf\u00e9rences \/ workshops<\/a><\/span><\/h5>\n<h5><span style=\"color: #0000ff\"><a style=\"color: #0000ff\" href=\"http:\/\/lig-membres.imag.fr\/gensel\/recherche\/autres-activites-scientifiques\/comites-de-programme\/\">Activit\u00e9s \u00e9ditoriales et relectures<\/a><\/span><br \/>\n<span style=\"color: #0000ff\"><a style=\"color: #0000ff\" href=\"http:\/\/lig-membres.imag.fr\/gensel\/recherche\/autres-activites-scientifiques\/comites-de-programme\/\">Comit\u00e9s de programme<\/a><\/span><\/h5>\n<h5><span style=\"color: #0000ff\"><a style=\"color: #0000ff\" title=\"Jurys de th\u00e8ses et d'HDR\" href=\"http:\/\/lig-membres.imag.fr\/gensel\/recherche\/autres-activites-scientifiques\/jurys-de-theses-et-dhdr\/\">Jurys de Th\u00e8ses et d&#8217;HDR<\/a><\/span><\/h5>\n<h5><span style=\"color: #0000ff\"><a style=\"color: #0000ff\" title=\"Comit\u00e9s de s\u00e9lection et commissions de sp\u00e9cialistes\" href=\"http:\/\/lig-membres.imag.fr\/gensel\/recherche\/autres-activites-scientifiques\/comites-de-selection-et-commissions-de-specialistes\/\">Comit\u00e9s de S\u00e9lection, Commissions de Sp\u00e9cialistes, Concours<\/a><\/span><\/h5>\n<h5><span style=\"color: #0000ff\"><a style=\"color: #0000ff\" title=\"Expertises\" href=\"http:\/\/lig-membres.imag.fr\/gensel\/recherche\/autres-activites-scientifiques\/expertises\/\">\u00c9valuations et Expertises<\/a><\/span><\/h5>\n","protected":false},"excerpt":{"rendered":"<p>Animation Scientifique Organisations de conf\u00e9rences \/ workshops Activit\u00e9s \u00e9ditoriales et relectures Comit\u00e9s de programme Jurys de Th\u00e8ses et d&#8217;HDR Comit\u00e9s de S\u00e9lection, Commissions de Sp\u00e9cialistes, Concours \u00c9valuations et Expertises<\/p>\n","protected":false},"author":86,"featured_media":0,"parent":65,"menu_order":5,"comment_status":"closed","ping_status":"closed","template":"sidebar-page.php","meta":{"footnotes":""},"class_list":["post-242","page","type-page","status-publish","hentry"],"_links":{"self":[{"href":"https:\/\/lig-membres.imag.fr\/gensel\/wp-json\/wp\/v2\/pages\/242","targetHints":{"allow":["GET"]}}],"collection":[{"href":"https:\/\/lig-membres.imag.fr\/gensel\/wp-json\/wp\/v2\/pages"}],"about":[{"href":"https:\/\/lig-membres.imag.fr\/gensel\/wp-json\/wp\/v2\/types\/page"}],"author":[{"embeddable":true,"href":"https:\/\/lig-membres.imag.fr\/gensel\/wp-json\/wp\/v2\/users\/86"}],"replies":[{"embeddable":true,"href":"https:\/\/lig-membres.imag.fr\/gensel\/wp-json\/wp\/v2\/comments?post=242"}],"version-history":[{"count":15,"href":"https:\/\/lig-membres.imag.fr\/gensel\/wp-json\/wp\/v2\/pages\/242\/revisions"}],"predecessor-version":[{"id":1879,"href":"https:\/\/lig-membres.imag.fr\/gensel\/wp-json\/wp\/v2\/pages\/242\/revisions\/1879"}],"up":[{"embeddable":true,"href":"https:\/\/lig-membres.imag.fr\/gensel\/wp-json\/wp\/v2\/pages\/65"}],"wp:attachment":[{"href":"https:\/\/lig-membres.imag.fr\/gensel\/wp-json\/wp\/v2\/media?parent=242"}],"curies":[{"name":"wp","href":"https:\/\/api.w.org\/{rel}","templated":true}]}}