{"id":248,"date":"2011-07-26T15:13:28","date_gmt":"2011-07-26T13:13:28","guid":{"rendered":"http:\/\/lig-membres.imag.fr\/gensel\/?page_id=248"},"modified":"2025-12-21T12:37:02","modified_gmt":"2025-12-21T11:37:02","slug":"animation-scientifique","status":"publish","type":"page","link":"https:\/\/lig-membres.imag.fr\/gensel\/recherche\/autres-activites-scientifiques\/animation-scientifique\/","title":{"rendered":"Animation scientifique"},"content":{"rendered":"<ul>\n<li>Depuis le 1er janvier 2025, <span style=\"color: #3366ff\">responsable<\/span> de l\u2019<span style=\"color: #3366ff\">\u00e9quipe de recherche Stories<\/span> du Laboratoire d\u2019Informatique de Grenoble<\/li>\n<li>De 2023, \u00e0 2025 <span style=\"color: #3366ff\">membre du projet exploratoire PAR2VIE<\/span> (Parcours de Vie et Territoire \u2013 Analyse et Collecte) de la F\u00e9d\u00e9ration de Recherche <span style=\"color: #3366ff\">CIST (Coll\u00e8ge International des Sciences du Territoire) <\/span>qui rassemble l\u2019INED, le laboratoire ESO de l\u2019Universit\u00e9 Rennes 2, et l\u2019\u00e9quipe STeamer du Laboratoire d\u2019Informatique de Grenoble.<\/li>\n<li>de janvier 2013 \u00e0 d\u00e9cembre 2016 : <span style=\"color: #3366ff\">Directeur<\/span> du <a href=\"http:\/\/magis.ecole-navale.fr\/\"><span style=\"color: #3366ff\">GDR (Groupe de Recherche) MAGIS<\/span><\/a> (M\u00e9thodes et Applications pour la G\u00e9omatique et l\u2019Information Spatiale) CNRS 2340<\/li>\n<li>de novembre 2010 \u00e0 d\u00e9cembre 2014 : <span style=\"color: #3366ff\">responsable<\/span> de l\u2019<span style=\"color: #3366ff\">\u00e9quipe de recherche STEAMER<\/span> du Laboratoire d\u2019Informatique de Grenoble<\/li>\n<li>depuis 2013 : <span style=\"color: #3366ff\">mod\u00e9rateur<\/span> de la <span style=\"color: #3366ff\">mailing-list magis<\/span> (magis@univ-grenoble-alpes.fr), liste de diffusion des membres du GDR MAGIS.<\/li>\n<li>de 2005 \u00e0 2012 : <span style=\"color: #3366ff\">co-responsable<\/span> du <span style=\"color: #3366ff\">Groupe de Travail \u00ab\u00a0Cartactive\u00a0\u00bb du GdR MAGIS<\/span><\/li>\n<li>de 2006 \u00e0 2011 : <span style=\"color: #3366ff\">co-responsable<\/span> du sous-projet <span style=\"color: #3366ff\">Web et Contexte<\/span> du Projet Web Intelligence du Cluster ISLE de la R\u00e9gion Rh\u00f4ne-Alpes<\/li>\n<li>depuis 2002 : <span style=\"color: #3366ff\">mod\u00e9rateur<\/span> de la <span style=\"color: #3366ff\">gazette BD3<\/span> (gazettebd3@univ-grenoble-alpes.fr), liste de diffusion des communaut\u00e9s nationales Bases de Donn\u00e9es et Syst\u00e8mes d\u2019Information<\/li>\n<li>de 2001 \u00e0 2014 : <span style=\"color: #3366ff\">coordinateur<\/span> pour l\u2019<span style=\"color: #3366ff\">\u00e9quipe STEAMER<\/span> des activit\u00e9s de recherche men\u00e9es dans le <span style=\"color: #3366ff\">Groupe de Recherche HyperCarte <\/span>qui rassemblait autour de la conception et le d\u00e9veloppement de m\u00e9thodes et d\u2019outils d\u00e9di\u00e9s \u00e0 l\u2019analyse spatiale l\u2019UMS RIATE (CNRS et Universit\u00e9 Paris 7), le Laboratoire G\u00e9ographie-Cit\u00e9s du (CNRS et de l\u2019Universit\u00e9 Paris 1), l\u2019\u00e9quipe MESCAL du Laboratoire d\u2019Informatique de Grenoble et l\u2019\u00e9quipe STEAMER.<\/li>\n<\/ul>\n","protected":false},"excerpt":{"rendered":"<p>Depuis le 1er janvier 2025, responsable de l\u2019\u00e9quipe de recherche Stories du Laboratoire d\u2019Informatique de Grenoble De 2023, \u00e0 2025 membre du projet exploratoire PAR2VIE (Parcours de Vie et Territoire \u2013 Analyse et Collecte) de la F\u00e9d\u00e9ration de Recherche CIST &hellip; <a href=\"https:\/\/lig-membres.imag.fr\/gensel\/recherche\/autres-activites-scientifiques\/animation-scientifique\/\">Continue reading <span class=\"meta-nav\">&rarr;<\/span><\/a><\/p>\n","protected":false},"author":86,"featured_media":0,"parent":242,"menu_order":0,"comment_status":"closed","ping_status":"closed","template":"sidebar-page.php","meta":{"footnotes":""},"class_list":["post-248","page","type-page","status-publish","hentry"],"_links":{"self":[{"href":"https:\/\/lig-membres.imag.fr\/gensel\/wp-json\/wp\/v2\/pages\/248","targetHints":{"allow":["GET"]}}],"collection":[{"href":"https:\/\/lig-membres.imag.fr\/gensel\/wp-json\/wp\/v2\/pages"}],"about":[{"href":"https:\/\/lig-membres.imag.fr\/gensel\/wp-json\/wp\/v2\/types\/page"}],"author":[{"embeddable":true,"href":"https:\/\/lig-membres.imag.fr\/gensel\/wp-json\/wp\/v2\/users\/86"}],"replies":[{"embeddable":true,"href":"https:\/\/lig-membres.imag.fr\/gensel\/wp-json\/wp\/v2\/comments?post=248"}],"version-history":[{"count":11,"href":"https:\/\/lig-membres.imag.fr\/gensel\/wp-json\/wp\/v2\/pages\/248\/revisions"}],"predecessor-version":[{"id":2078,"href":"https:\/\/lig-membres.imag.fr\/gensel\/wp-json\/wp\/v2\/pages\/248\/revisions\/2078"}],"up":[{"embeddable":true,"href":"https:\/\/lig-membres.imag.fr\/gensel\/wp-json\/wp\/v2\/pages\/242"}],"wp:attachment":[{"href":"https:\/\/lig-membres.imag.fr\/gensel\/wp-json\/wp\/v2\/media?parent=248"}],"curies":[{"name":"wp","href":"https:\/\/api.w.org\/{rel}","templated":true}]}}