{"id":251,"date":"2011-07-26T15:14:52","date_gmt":"2011-07-26T13:14:52","guid":{"rendered":"http:\/\/lig-membres.imag.fr\/gensel\/?page_id=251"},"modified":"2025-12-21T12:25:29","modified_gmt":"2025-12-21T11:25:29","slug":"comites-de-programme","status":"publish","type":"page","link":"https:\/\/lig-membres.imag.fr\/gensel\/recherche\/autres-activites-scientifiques\/comites-de-programme\/","title":{"rendered":"Activit\u00e9s \u00e9ditoriales et relectures"},"content":{"rendered":"<p><u>Comit\u00e9 \u00e9ditorial de revue internationale<\/u><\/p>\n<ul>\n<li>Depuis juin 2025, je suis <span style=\"color: #3366ff\">membre du comit\u00e9 \u00e9ditorial<\/span> de la revue Information (MDPI)<\/li>\n<li>en 2024, j\u2019ai \u00e9t\u00e9 <span style=\"color: #0000ff\">co-\u00e9diteur<\/span> du <span style=\"color: #0000ff\">num\u00e9ro sp\u00e9cial &#8220;EGC 2024 Best Papers&#8221;<\/span> de la revue<span style=\"color: #0000ff\"> Data and Knowledge Engineering (DKE)<\/span>.<\/li>\n<li>en 2020-2021, <span style=\"color: #0000ff\">co\u00e9diteur<\/span> du num\u00e9ro sp\u00e9cial &#8220;<span style=\"color: #800080\">Spatio-Temporal Models and Geo-Technologies<\/span>&#8221; de la revue I<span style=\"color: #3366ff\">SPRS International Jounal of Geo-Information (IGJI)<\/span>.<\/li>\n<li>de 2006 \u00e0 2016 : <span style=\"color: #0000ff\">membre d<\/span>u comit\u00e9 \u00e9ditorial (editorial board) de la revue International <span style=\"color: #3366ff\">Journal of Metadata, Semantics and Ontologies<\/span>.<\/li>\n<\/ul>\n<p><u>Comit\u00e9 \u00e9ditorial de revue nationale<\/u><\/p>\n<ul>\n<li>depuis 2009 : <span style=\"color: #0000ff\">membre<\/span> du comit\u00e9 \u00e9ditorial de la <span style=\"color: #3366ff\">Revue Internationale de G\u00e9omatique<\/span>.<\/li>\n<\/ul>\n<p><u>Comit\u00e9 Scientifique de conf\u00e9rence internationale<\/u><\/p>\n<ul>\n<li>depuis 2016 : <span style=\"color: #0000ff\">membre<\/span> du comit\u00e9 scientifique de la conf\u00e9rence internationale <span style=\"color: #3366ff\">Web and Wireless Geographical Information System (W2GIS).<\/span><\/li>\n<\/ul>\n<p><u>Comit\u00e9 Scientifique de conf\u00e9rence nationale<\/u><\/p>\n<ul>\n<li>Depuis 2024, je suis <span style=\"color: #3366ff\">membre du Comit\u00e9 de Pilotage<\/span> de la Conf\u00e9rence <span style=\"color: #3366ff\">EGC<\/span> (Extraction et Gestion de Connaissances)<\/li>\n<li>depuis 2012 :<span style=\"color: #0000ff\">membre<\/span> du comit\u00e9 scientifique de la conf\u00e9rence nationale en g\u00e9omatique <span style=\"color: #3366ff\">SAGEO (Spatial Analysis and Geomatics)<\/span>.<\/li>\n<\/ul>\n<p><u>Relectures pour des revues internationales<\/u><\/p>\n<ul>\n<li>Depuis 2010, <span style=\"color: #0000ff\">relecteur r\u00e9gulier<\/span> pour <span style=\"color: #0000ff\">IJGIS (International Journal of Geographical Information Science)<\/span>,<span style=\"color: #0000ff\">ISPRS International Journal of Geo-Information (IGJI), Scientific Data (SDATA), Expert Systems With Applications (ESWA), Information Sciences (INS)<\/span>, <span style=\"color: #0000ff\">Technology in Society (TIS)<\/span>, <span style=\"color: #0000ff\">Transactions on Mobile Computing (TMC<\/span>), <span style=\"color: #0000ff\">International Journal of Cartography (IJC)<\/span>, <span style=\"color: #0000ff\">Pervasive and Mobile Computing (PMC)<\/span>, <span style=\"color: #0000ff\">Computers, Environment and Urban Systems (CEUS)<\/span>, <span style=\"color: #0000ff\">International Journal of Geographical Information Science (IJGIS), International Journal of Digital Earth (IJDE), et Multimedia Tools and Applications (MMTA), ISPRS International Jounal of Geo-Information (IGJI)<\/span>&#8230;<\/li>\n<\/ul>\n<p><u>Relectures pour des\u00a0 revues nationales<\/u><\/p>\n<ul>\n<li><span style=\"color: #0000ff\">relecteur<\/span> pour des num\u00e9ros sp\u00e9ciaux de la <span style=\"color: #0000ff\">Revue d\u2019Intelligence Artificielle (RIA)<\/span>, en 2008, 2013 et 2016, et pour des num\u00e9ros sp\u00e9ciaux de la <span style=\"color: #0000ff\">Revue Ing\u00e9nierie des Syst\u00e8mes d\u2019Information<\/span> en 2007, 2008, et 2009.<\/li>\n<\/ul>\n<p>[:en]<span style=\"text-decoration: underline\">International Journal Editorial Board<\/span><\/p>\n<ul>\n<li>in 2020-2021, <span style=\"color: #0000ff\">co-editor<\/span> of the special issue &#8220;<span style=\"color: #0000ff\">Spatio-Temporal Models and Geo-Technologies<\/span>&#8221; of the <span style=\"color: #0000ff\">ISPRS International Journal of Geo-Information (IGJI).<\/span><\/li>\n<li>From 2006 to 2016: <span style=\"color: #0000ff\">member<\/span> of the editorial board of the <span style=\"color: #0000ff\">International Journal of Metadata, Semantics and Ontologies<\/span>.<\/li>\n<\/ul>\n<p><span style=\"text-decoration: underline\">National Journal Editorial Board<\/span><\/p>\n<ul>\n<li>since 2009 : <span style=\"color: #0000ff\">member<\/span> of the editorial board of the <span style=\"color: #0000ff\">Revue Internationale de G\u00e9omatique.<\/span><\/li>\n<\/ul>\n<p><span style=\"text-decoration: underline\">International Conference Scientific Committee<\/span><\/p>\n<ul>\n<li>since 2016: <span style=\"color: #0000ff\">member<\/span> of the scientific committee of the<span style=\"color: #0000ff\"> international conference Web and Wireless Geographical Information System (W2GIS)<\/span>.<\/li>\n<\/ul>\n<p><span style=\"text-decoration: underline\">National Conference Scientific Committee<\/span><\/p>\n<ul>\n<li>since 2012 : <span style=\"color: #0000ff\">member<\/span> of the scientific committee of the <span style=\"color: #0000ff\">national geomatics conference SAGEO (Spatial Analysis and Geomatics).<\/span><\/li>\n<\/ul>\n<p><span style=\"text-decoration: underline\">Reviews for International Journals<\/span><\/p>\n<ul>\n<li>Since 2010, <span style=\"color: #0000ff\">regular reviewer<\/span> for <span style=\"color: #0000ff\">ISPRS International Jounal of Geo-Information (IGJI), Scientific Data (SDATA), Expert Systems With Applications (ESWA), Information Sciences (INS),<\/span> <span style=\"color: #0000ff\">Technology in Society (TIS), Transactions on Mobile Computing (TMC), International Journal of Cartography (IJC), Pervasive and Mobile Computing (PMC), Computers, Environment and Urban Systems (CEUS), International Journal of Geographical Information Science (IJGIS), International Journal of Digital Earth (IJDE), and Multimedia Tools and Applications (MMTA), ISPRS International Jounal of Geo-Information (IGJI)&#8230;<\/span><\/li>\n<\/ul>\n<p><span style=\"text-decoration: underline\">Reviews for National Journals<\/span><\/p>\n<ul>\n<li><span style=\"color: #0000ff\">Reviewer<\/span> for special issues of the\u00a0<span style=\"color: #0000ff\">Revue d\u2019Intelligence Artificielle (RIA<\/span>), in 2008, 2013 and 2016, and for special issues of the <span style=\"color: #0000ff\">Revue Ing\u00e9nierie des Syst\u00e8mes d\u2019Information <\/span>in 2007, 2008, and 2009.<\/li>\n<\/ul>\n<p>[:]<\/p>\n","protected":false},"excerpt":{"rendered":"<p>Comit\u00e9 \u00e9ditorial de revue internationale Depuis juin 2025, je suis membre du comit\u00e9 \u00e9ditorial de la revue Information (MDPI) en 2024, j\u2019ai \u00e9t\u00e9 co-\u00e9diteur du num\u00e9ro sp\u00e9cial &#8220;EGC 2024 Best Papers&#8221; de la revue Data and Knowledge Engineering (DKE). en &hellip; <a href=\"https:\/\/lig-membres.imag.fr\/gensel\/recherche\/autres-activites-scientifiques\/comites-de-programme\/\">Continue reading <span class=\"meta-nav\">&rarr;<\/span><\/a><\/p>\n","protected":false},"author":86,"featured_media":0,"parent":242,"menu_order":2,"comment_status":"closed","ping_status":"closed","template":"sidebar-page.php","meta":{"footnotes":""},"class_list":["post-251","page","type-page","status-publish","hentry"],"_links":{"self":[{"href":"https:\/\/lig-membres.imag.fr\/gensel\/wp-json\/wp\/v2\/pages\/251","targetHints":{"allow":["GET"]}}],"collection":[{"href":"https:\/\/lig-membres.imag.fr\/gensel\/wp-json\/wp\/v2\/pages"}],"about":[{"href":"https:\/\/lig-membres.imag.fr\/gensel\/wp-json\/wp\/v2\/types\/page"}],"author":[{"embeddable":true,"href":"https:\/\/lig-membres.imag.fr\/gensel\/wp-json\/wp\/v2\/users\/86"}],"replies":[{"embeddable":true,"href":"https:\/\/lig-membres.imag.fr\/gensel\/wp-json\/wp\/v2\/comments?post=251"}],"version-history":[{"count":14,"href":"https:\/\/lig-membres.imag.fr\/gensel\/wp-json\/wp\/v2\/pages\/251\/revisions"}],"predecessor-version":[{"id":2073,"href":"https:\/\/lig-membres.imag.fr\/gensel\/wp-json\/wp\/v2\/pages\/251\/revisions\/2073"}],"up":[{"embeddable":true,"href":"https:\/\/lig-membres.imag.fr\/gensel\/wp-json\/wp\/v2\/pages\/242"}],"wp:attachment":[{"href":"https:\/\/lig-membres.imag.fr\/gensel\/wp-json\/wp\/v2\/media?parent=251"}],"curies":[{"name":"wp","href":"https:\/\/api.w.org\/{rel}","templated":true}]}}