{"id":259,"date":"2011-07-26T15:19:31","date_gmt":"2011-07-26T13:19:31","guid":{"rendered":"http:\/\/lig-membres.imag.fr\/gensel\/?page_id=259"},"modified":"2026-04-08T12:14:51","modified_gmt":"2026-04-08T11:14:51","slug":"comites-de-selection-et-commissions-de-specialistes","status":"publish","type":"page","link":"https:\/\/lig-membres.imag.fr\/gensel\/recherche\/autres-activites-scientifiques\/comites-de-selection-et-commissions-de-specialistes\/","title":{"rendered":"Concours de l&#8217;Enseignement Sup\u00e9rieur et de la Recherche"},"content":{"rendered":"<p><span style=\"font-size: large\"><strong>Comit\u00e9s de s\u00e9lection<\/strong><\/span><\/p>\n<ul>\n<li>2026 : <span style=\"color: #0000ff\">pr\u00e9sident<\/span> du Comit\u00e9 de Promotion du poste de Professeur 260160, section 27, Universit\u00e9 de Bordeaux<\/li>\n<li>2025 : <span style=\"color: #0000ff\">membre<\/span> du Comit\u00e9 de Promotion (repyramidage) section 27, Universit\u00e9 de Lyon 1.<\/li>\n<li>2025 : membre du Comit\u00e9 de S\u00e9lection du poste de Ma\u00eetre de Conf\u00e9rences 251651, Universit\u00e9 de Lyon 2.<\/li>\n<li>2025 : <span style=\"color: #0000ff\">membre<\/span> du Comit\u00e9 de S\u00e9lection du poste de Professeur 252630, section 27, Universit\u00e9 Sorbonne Paris Nord.<\/li>\n<li>2024 : <span style=\"color: #0000ff\">membre<\/span> du Comit\u00e9 de Promotion (repyramidage) section 27, Universit\u00e9 de Tours<\/li>\n<li>2024 : <span style=\"color: #0000ff\">pr\u00e9sident<\/span> du Comit\u00e9 de S\u00e9lection du poste de Professeur 4559, Universit\u00e9 Sorbonne Paris Nord.<\/li>\n<li>2023 : <span style=\"color: #0000ff\">membre<\/span> du Comit\u00e9 de S\u00e9lection pour un poste Chaire de Professeur (Directeur de Recherche) Junior \u00e0 l\u2019IGN-ENSG, Universit\u00e9 Gustave Eiffel.<\/li>\n<li>2016 : <span style=\"color: #0000ff\">membre<\/span> du Comit\u00e9 de S\u00e9lection du poste de Ma\u00eetre de Conf\u00e9rences de AgroParisTech, 27\u00e8me section CNU.<\/li>\n<li>2015 : <span style=\"color: #0000ff\">membre<\/span> du Comit\u00e9 de S\u00e9lection du poste de Professeur 0513 de l\u2019Universit\u00e9 de Lyon 1, 27\u00e8me section CNU.<\/li>\n<li>2015 : <span style=\"color: #0000ff\">membre<\/span> du Comit\u00e9 de S\u00e9lection du poste de Professeur 0986 de l\u2019Universit\u00e9 de Montpellier 2, 27\u00e8me section CNU.<\/li>\n<li>2014 : <span style=\"color: #0000ff\">pr\u00e9sident<\/span> du Comit\u00e9 de S\u00e9lection du poste de Professeur 0798 de l\u2019Universit\u00e9\u00a0 Pierre Mend\u00e8s France (Grenoble 2), 27\u00e8me section CNU.<\/li>\n<li>2014 : <span style=\"color: #0000ff\">membre<\/span> du Comit\u00e9 de S\u00e9lection du poste de Professeur\u00a0 de l\u2019Universit\u00e9\u00a0 Stendhal, 27\u00e8me\u00a0 et 7<sup>\u00e8me<\/sup> sections CNU.<\/li>\n<li>2014 : <span style=\"color: #0000ff\">membre<\/span> du Comit\u00e9 de S\u00e9lection du poste de Ma\u00eetre de Conf\u00e9rences 0707 de l\u2019Universit\u00e9 de Tours, 27\u00e8me section CNU.<\/li>\n<li>2013 : <span style=\"color: #0000ff\">pr\u00e9sident<\/span> du Comit\u00e9 de S\u00e9lection du poste de Ma\u00eetre de Conf\u00e9rences 0348\u00a0 de l\u2019Universit\u00e9\u00a0 Pierre Mend\u00e8s France (Grenoble 2), 27\u00e8me section CNU (Informatique)<\/li>\n<li>2012 : <span style=\"color: #0000ff\">membre<\/span> du Comit\u00e9 de S\u00e9lection du poste de Professeur 0295 de l\u2019Universit\u00e9\u00a0 Stendhal, 27\u00e8me \u00a0et 7<sup>\u00e8me<\/sup> sections CNU (Informatique et Sciences du Langage)<\/li>\n<li>2012 : <span style=\"color: #0000ff\">membre<\/span> du Comit\u00e9 de S\u00e9lection du poste de ma\u00eetre de Conf\u00e9rence 0607 de l\u2019Universit\u00e9\u00a0 Joseph Fourier, 27\u00e8me section CNU (Informatique)<\/li>\n<li>2011 : <span style=\"color: #0000ff\">membre<\/span> du Comit\u00e9 de S\u00e9lection du poste de Professeur 0295 de l\u2019Universit\u00e9\u00a0 Stendhal, 27\u00e8me \u00a0et 7<sup>\u00e8me<\/sup> sections CNU (Informatique et Sciences du Langage)<\/li>\n<li>2011 : <span style=\"color: #0000ff\">membre<\/span> du Comit\u00e9 de S\u00e9lection du poste de Ma\u00eetre de Conf\u00e9rences 0711 de l\u2019INSA de Lyon, 27\u00e8me section CNU (Informatique)<\/li>\n<li>2011 : <span style=\"color: #0000ff\">membre<\/span> du Comit\u00e9 de S\u00e9lection du poste de Ma\u00eetre de Conf\u00e9rences 0261 de l\u2019Universit\u00e9 \u00a0Pierre Mend\u00e8s France (Grenoble 2), 71\u00e8me section CNU (Science de l&#8217;Information et de la Communication)<\/li>\n<li>2010 : <span style=\"color: #0000ff\">pr\u00e9sident<\/span> du Comit\u00e9 de S\u00e9lection du poste de Ma\u00eetre de Conf\u00e9rences 0617 de l\u2019Universit\u00e9\u00a0 de Grenoble I, 27\u00e8me section CNU (Informatique)<\/li>\n<li>2010 : <span style=\"color: #0000ff\">membre<\/span> du Comit\u00e9 de S\u00e9lection du poste de Ma\u00eetre de Conf\u00e9rences 0743 de l\u2019Universit\u00e9\u00a0 de Lyon I, 27\u00e8me section CNU (Informatique)<\/li>\n<li>2010 : <span style=\"color: #0000ff\">membre<\/span> du Comit\u00e9 de S\u00e9lection du poste de Ma\u00eetre de Conf\u00e9rences 0508 de l\u2019Universit\u00e9\u00a0 de Pau et des Pays de l\u2019Adour, 27\u00e8me section CNU (Informatique)<\/li>\n<li>2010 : <span style=\"color: #0000ff\">membre<\/span> du Comit\u00e9 de S\u00e9lection du poste de Ma\u00eetre de Conf\u00e9rences 0509 de l\u2019Universit\u00e9\u00a0 de Pau et des Pays de l\u2019Adour, 27\u00e8me section CNU (Informatique)<\/li>\n<li>2009 : <span style=\"color: #0000ff\">membre<\/span> du Comit\u00e9 de S\u00e9lection du poste de Ma\u00eetre de Conf\u00e9rences 0114 de l\u2019Universit\u00e9 Paris VII, 23 et 24\u00e8mes sections CNU (G\u00e9ographie)<\/li>\n<\/ul>\n<p><strong><span style=\"font-size: large\">Commissions de sp\u00e9cialistes<\/span><\/strong><\/p>\n<ul>\n<li>de 1999 \u00e0 2009 : <span style=\"color: #0000ff\">membre<\/span> de la Commission de Sp\u00e9cialistes pour la 27\u00e8me section CNU de l\u2019Universit\u00e9 Stendhal (Informatique)<\/li>\n<li>de 2006 \u00e0 2009 : <span style=\"color: #0000ff\">membre<\/span> de la Commission de Sp\u00e9cialistes pour la 27\u00e8me section CNU de l\u2019Universit\u00e9 du Sud Toulon-Var (Informatique)<\/li>\n<li>de 2000 \u00e0 2003 : <span style=\"color: #0000ff\">membre<\/span> de la Commission de Sp\u00e9cialistes pour la 27\u00e8me section CNU de l\u2019Universit\u00e9 Pierre Mend\u00e8s France (Informatique)<\/li>\n<\/ul>\n<p><strong>Jurys de concours de charg\u00e9 de recherche (CR) ou directeur de recherche (DR)<\/strong><\/p>\n<ul>\n<li>En 2024, j\u2019ai particip\u00e9 en tant que <span style=\"color: #0000ff\">personnalit\u00e9 scientifique ext\u00e9rieure<\/span> au <span style=\"color: #0000ff\">jury d\u2019admission du concours<\/span> de <span style=\"color: #0000ff\">charg\u00e9s de recherche et de directeurs de recherche<\/span> des \u00e9tablissements de recherche du <span style=\"color: #0000ff\">minist\u00e8re de l\u2019Environnement<\/span>.<\/li>\n<li>De 2015 \u00e0 2023, dans le cadre de ma participation \u00e0 la <span style=\"color: #0000ff\">Commission d\u2019\u00e9valuation (COMEVAL),<\/span> je suis membre nomm\u00e9 des jurys de concours de recrutement des charg\u00e9s de recherche et des directeurs de recherche du <span style=\"color: #0000ff\">Minist\u00e8re de la Transition \u00c9cologique (Minist\u00e8re de l\u2019Environnement)<\/span>. J\u2019ai particip\u00e9 \u00e0 <span style=\"color: #0000ff\">18 concours de recrutement d\u2019un Charg\u00e9 de Recherche<\/span> pour les \u00e9tablissements de recherche UGE-IFSTTAR, UGE-IGN, CEREMA, dont <span style=\"color: #0000ff\">14 en tant que pr\u00e9sident du jury<\/span>, et \u00e0 <span style=\"color: #0000ff\">13 concours de recrutement d\u2019un Directeur de Recherche<\/span> pour les \u00e9tablissements de recherche UGE-IFSTTAR, UGE-IGN, ENTPE, ENPC, dont <span style=\"color: #0000ff\">10 en tant que pr\u00e9sident du jury<\/span>.<\/li>\n<li>En 2012, <span style=\"color: #0000ff\">membre<\/span> du jury de concours pour un poste de Directeur de Recherche en Syst\u00e8mes d&#8217;Information Environnementale \u00e0 IRSTEA (aujourd\u2019hui INRAE).<\/li>\n<\/ul>\n","protected":false},"excerpt":{"rendered":"<p>Comit\u00e9s de s\u00e9lection 2026 : pr\u00e9sident du Comit\u00e9 de Promotion du poste de Professeur 260160, section 27, Universit\u00e9 de Bordeaux 2025 : membre du Comit\u00e9 de Promotion (repyramidage) section 27, Universit\u00e9 de Lyon 1. 2025 : membre du Comit\u00e9 de &hellip; <a href=\"https:\/\/lig-membres.imag.fr\/gensel\/recherche\/autres-activites-scientifiques\/comites-de-selection-et-commissions-de-specialistes\/\">Continue reading <span class=\"meta-nav\">&rarr;<\/span><\/a><\/p>\n","protected":false},"author":86,"featured_media":0,"parent":242,"menu_order":5,"comment_status":"closed","ping_status":"closed","template":"sidebar-page.php","meta":{"footnotes":""},"class_list":["post-259","page","type-page","status-publish","hentry"],"_links":{"self":[{"href":"https:\/\/lig-membres.imag.fr\/gensel\/wp-json\/wp\/v2\/pages\/259","targetHints":{"allow":["GET"]}}],"collection":[{"href":"https:\/\/lig-membres.imag.fr\/gensel\/wp-json\/wp\/v2\/pages"}],"about":[{"href":"https:\/\/lig-membres.imag.fr\/gensel\/wp-json\/wp\/v2\/types\/page"}],"author":[{"embeddable":true,"href":"https:\/\/lig-membres.imag.fr\/gensel\/wp-json\/wp\/v2\/users\/86"}],"replies":[{"embeddable":true,"href":"https:\/\/lig-membres.imag.fr\/gensel\/wp-json\/wp\/v2\/comments?post=259"}],"version-history":[{"count":21,"href":"https:\/\/lig-membres.imag.fr\/gensel\/wp-json\/wp\/v2\/pages\/259\/revisions"}],"predecessor-version":[{"id":2112,"href":"https:\/\/lig-membres.imag.fr\/gensel\/wp-json\/wp\/v2\/pages\/259\/revisions\/2112"}],"up":[{"embeddable":true,"href":"https:\/\/lig-membres.imag.fr\/gensel\/wp-json\/wp\/v2\/pages\/242"}],"wp:attachment":[{"href":"https:\/\/lig-membres.imag.fr\/gensel\/wp-json\/wp\/v2\/media?parent=259"}],"curies":[{"name":"wp","href":"https:\/\/api.w.org\/{rel}","templated":true}]}}