{"id":261,"date":"2011-07-26T15:20:16","date_gmt":"2011-07-26T13:20:16","guid":{"rendered":"http:\/\/lig-membres.imag.fr\/gensel\/?page_id=261"},"modified":"2025-12-21T12:19:17","modified_gmt":"2025-12-21T11:19:17","slug":"expertises","status":"publish","type":"page","link":"https:\/\/lig-membres.imag.fr\/gensel\/recherche\/autres-activites-scientifiques\/expertises\/","title":{"rendered":"Expertises et \u00c9valuations"},"content":{"rendered":"<p><strong><em>Organismes nationaux<\/em><\/strong><\/p>\n<p><u>Comit\u00e9s d\u2019\u00e9valuation<\/u><\/p>\n<ul>\n<li>Pour le <span style=\"color: #0000ff\">Hc\u00e9res<\/span> (Haut Conseil d\u2019\u00c9valuation de la Recherche et de l\u2019Enseignement Sup\u00e9rieur)\n<ul>\n<li><span style=\"color: #0000ff\">Pr\u00e9sident de 3 comit\u00e9s d\u2019experts<\/span> charg\u00e9s de l\u2019\u00e9valuation des \u00e9tablissements suivants\u00a0: INSA Rouen (vague B) en 2021, INSA Toulouse (vague A) en 2020, Universit\u00e9 du Littoral de la C\u00f4te d\u2019Opale (vague E) en 2019<\/li>\n<li><span style=\"color: #0000ff\">Membre de 3 comit\u00e9s d\u2019experts<\/span> charg\u00e9s de l\u2019\u00e9valuation des \u00e9tablissements suivants\u00a0: Universit\u00e9 Joseph Ki-Zerbo (UJKZ) de Ouagadougou (Burkina Faso) en 2023, Universit\u00e9 Paris13 (vague D) en 2018, ComUE HESAM (vague D) en 2017.<\/li>\n<\/ul>\n<\/li>\n<li>Pour l\u2019<span style=\"color: #0000ff\">ANR<\/span> (Agence d\u2019\u00c9valuation de la Recherche et de l\u2019Enseignement Sup\u00e9rieur)\n<ul>\n<li>en 2012 <span style=\"color: #0000ff\">membre du comit\u00e9 d\u2019experts<\/span> charg\u00e9 de l\u2019\u00e9valuation de 2 laboratoires de recherche : le Service de la Recherche de l\u2019Institut G\u00e9ographique National (IGN), et l\u2019Unit\u00e9 de Recherche Motive de l\u2019IRSTEA (ex Cemagref, devenu INRAE) \u00e0 Clermont-Ferrand<\/li>\n<\/ul>\n<\/li>\n<\/ul>\n<p><u>\u00c9valuations de projet<\/u><\/p>\n<ul>\n<li><span style=\"color: #0000ff\">\u00e9valuateur<\/span> pour l\u2019Universit\u00e9 C\u00f4te d\u2019Azur dans le cadre de l\u2019appel \u00e0 manifestation d\u2019int\u00e9r\u00eat \u00ab Id\u00e9es 2026 \u00bb de l\u2019Acad\u00e9mie d\u2019Excellence \u00ab R\u00e9seaux, Information et Soci\u00e9t\u00e9 num\u00e9rique, en 2025.<\/li>\n<li><span style=\"color: #0000ff\">\u00e9valuateur<\/span> pour le Conseil R\u00e9gional de Normandie : programme Winning Normandy (s\u00e9jours post-doctoraux de recherche de 2 ans) en 2022.<\/li>\n<li><span style=\"color: #0000ff\">\u00e9valuateur<\/span> de plusieurs projets candidats aux <span style=\"color: #0000ff\">appels \u00e0 projets<\/span> de l\u2019Agence Nationale de la Recherche (<span style=\"color: #0000ff\">ANR<\/span>) pour diff\u00e9rents programmes : <span style=\"color: #0000ff\">Jeunes Chercheurs Jeunes Chercheuses<\/span> en 2021, 2013 et 2009, <span style=\"color: #0000ff\">\u00c9mergence<\/span> en 2012, <span style=\"color: #0000ff\">Corpus<\/span> en 2011, <span style=\"color: #0000ff\">CONTINT<\/span> en 2011,<span style=\"color: #0000ff\"> blanc<\/span> en 2017.<\/li>\n<li>En 2014, <span style=\"color: #0000ff\">\u00e9valuateur<\/span> d&#8217; un <span style=\"color: #0000ff\">projet<\/span> candidat \u00e0 l\u2019appel \u00e0 projets &#8220;<span style=\"color: #0000ff\">Attractivit\u00e9 Idex 2014<\/span>&#8221; lanc\u00e9 par l\u2019<span style=\"color: #0000ff\">IDEX de Strasbourg<\/span>.<\/li>\n<li>En 2014, <span style=\"color: #0000ff\">\u00e9valuateur<\/span> d&#8217;un <span style=\"color: #0000ff\">projet<\/span> dans le cadre du <span style=\"color: #0000ff\">programme r\u00e9gional d\u2019aide \u00e0 la Recherche et au D\u00e9veloppement Technologique d&#8217;Aquitaine<\/span>.<\/li>\n<\/ul>\n<p><u>\u00c9valuations internes<\/u><\/p>\n<ul>\n<li>En 2021 et 2022, <span style=\"color: #0000ff\">\u00e9valuateur<\/span> pour la <span style=\"color: #0000ff\">Vice-pr\u00e9sidence de la Commission Recherche de l&#8217;Universit\u00e9 de Bretagne Occidentale<\/span> pour r\u00e9diger un rapport \u00e9crit sur le <span style=\"color: #0000ff\">dossier de candidature pour une inscription en HDR<\/span> de jeunes coll\u00e8gues MCF de la communaut\u00e9 nationale informatique et g\u00e9omatique.<\/li>\n<li>En 2013, <span style=\"color: #0000ff\">participation<\/span> \u00e0 l\u2019\u00e9valuation de l\u2019<span style=\"color: #0000ff\">activit\u00e9 de 4 agents<\/span> (ing\u00e9nieurs et chercheurs) de l\u2019Unit\u00e9 de Clermont-Ferrand \u00e0 la demande du Comit\u00e9 Scientifique de IRSTEA (aujourd\u2019hui <span style=\"color: #0000ff\">INRAE<\/span>).<\/li>\n<\/ul>\n<p><strong><em>Organismes internationaux<\/em><\/strong><\/p>\n<p><u>\u00c9valuations de projet<\/u><\/p>\n<ul>\n<li>En 2025, <span style=\"color: #0000ff\">\u00e9valuateur<\/span> de 12 candidatures \u00e0 une bourse de th\u00e8se dans la cadre du <span style=\"color: #0000ff\">programme CHORAL<\/span> (<em>Cultural Heritage Outreach in Romance Languages<\/em>), coordonn\u00e9 par l\u2019Universit\u00e9 de Pau et des Pays de l&#8217;Adour, et financ\u00e9 le <span style=\"color: #0000ff\">projet Horizon<\/span> de l\u2019Union Europ\u00e9enne dans le cadre des <span style=\"color: #0000ff\">actions Marie Sk\u0142odowska-Curie<\/span>.<\/li>\n<li>En 2024, <span style=\"color: #0000ff\">membre du comit\u00e9 d&#8217;experts<\/span> charg\u00e9s d&#8217;\u00e9valuer les projets candidats \u00e0 l\u2019appel \u00e0 projets <span style=\"color: #0000ff\">CHIST-ERA call 2023 <em>Evaluation Panel &#8211; Multidimensional Geographic Information Systems (MultiGIS)<\/em><\/span><\/li>\n<li>En 2023, <span style=\"color: #0000ff\">\u00e9valuateur<\/span> d&#8217;un <span style=\"color: #0000ff\">projet<\/span> candidat \u00e0 l\u2019appel \u00e0 projets lanc\u00e9 par le <span style=\"color: #0000ff\">Fonds de la Recherche Scientifique-FNRS<\/span>, agence de financement de la recherche pour la <span style=\"color: #0000ff\">Belgique<\/span>.<\/li>\n<li>En 2020, <span style=\"color: #0000ff\">\u00e9valuateur<\/span> d&#8217;un<span style=\"color: #0000ff\"> projet<\/span> candidat \u00e0 l\u2019appel du <span style=\"color: #0000ff\">Programme STIC-AmSud<\/span> (Minist\u00e8res MAEE et MESRI).<\/li>\n<li>En 2018,<span style=\"color: #0000ff\"> \u00e9valuateu<\/span>r d&#8217;un <span style=\"color: #0000ff\">projet<\/span> candidat \u00e0 l\u2019appel \u00e0 projets lanc\u00e9 par le <span style=\"color: #0000ff\">Fonds de la Recherche Scientifique-FNRS<\/span>, agence de financement de la recherche pour la <span style=\"color: #0000ff\">Belgique<\/span>.<\/li>\n<li>En 2016 et 2015, <span style=\"color: #0000ff\">\u00e9valuateur<\/span> de<span style=\"color: #0000ff\"> 2 demandes de subvention<\/span> d\u00e9pos\u00e9es aupr\u00e8s du <span style=\"color: #0000ff\">Conseil de recherches en sciences naturelles et en g\u00e9nie<\/span> (CRSNG) du <span style=\"color: #0000ff\">Canada.<\/span><\/li>\n<li>En 2013 et 2005, <span style=\"color: #0000ff\">\u00e9valuateur<\/span> de <span style=\"color: #0000ff\">2 projets<\/span> candidats \u00e0 un appel \u00e0 projets du <span style=\"color: #0000ff\">Fonds de Recherche sur la Nature et les Technologies du Qu\u00e9bec<\/span> (Canada).<\/li>\n<li>En 2012,\u00a0 <span style=\"color: #0000ff\">\u00e9valuateur<\/span> d&#8217;un <span style=\"color: #0000ff\">projet<\/span> candidat \u00e0 l&#8217;appel d&#8217;offres franco-mexicain du <span style=\"color: #0000ff\">Programme ECOS-Nord (<\/span>Minist\u00e8re MAEE).<\/li>\n<\/ul>\n<p><u>\u00c9valuations internes<\/u><\/p>\n<ul>\n<li>En 2021, <span style=\"color: #0000ff\">\u00e9valuateur<\/span> pour l\u2019<span style=\"color: #0000ff\">Universit\u00e9 Nationale de Sciences et Technologies<\/span> (NUST) du Pakistan pour un rapport sur la candidature \u00e0 une <span style=\"color: #0000ff\">position d\u2019enseignant-chercheur permanent (<em>tenure track<\/em>)<\/span> d\u2019un coll\u00e8gue de la communaut\u00e9 internationale informatique et g\u00e9omatique.<\/li>\n<\/ul>\n","protected":false},"excerpt":{"rendered":"<p>Organismes nationaux Comit\u00e9s d\u2019\u00e9valuation Pour le Hc\u00e9res (Haut Conseil d\u2019\u00c9valuation de la Recherche et de l\u2019Enseignement Sup\u00e9rieur) Pr\u00e9sident de 3 comit\u00e9s d\u2019experts charg\u00e9s de l\u2019\u00e9valuation des \u00e9tablissements suivants\u00a0: INSA Rouen (vague B) en 2021, INSA Toulouse (vague A) en 2020, &hellip; <a href=\"https:\/\/lig-membres.imag.fr\/gensel\/recherche\/autres-activites-scientifiques\/expertises\/\">Continue reading <span class=\"meta-nav\">&rarr;<\/span><\/a><\/p>\n","protected":false},"author":86,"featured_media":0,"parent":242,"menu_order":6,"comment_status":"closed","ping_status":"closed","template":"sidebar-page.php","meta":{"footnotes":""},"class_list":["post-261","page","type-page","status-publish","hentry"],"_links":{"self":[{"href":"https:\/\/lig-membres.imag.fr\/gensel\/wp-json\/wp\/v2\/pages\/261","targetHints":{"allow":["GET"]}}],"collection":[{"href":"https:\/\/lig-membres.imag.fr\/gensel\/wp-json\/wp\/v2\/pages"}],"about":[{"href":"https:\/\/lig-membres.imag.fr\/gensel\/wp-json\/wp\/v2\/types\/page"}],"author":[{"embeddable":true,"href":"https:\/\/lig-membres.imag.fr\/gensel\/wp-json\/wp\/v2\/users\/86"}],"replies":[{"embeddable":true,"href":"https:\/\/lig-membres.imag.fr\/gensel\/wp-json\/wp\/v2\/comments?post=261"}],"version-history":[{"count":29,"href":"https:\/\/lig-membres.imag.fr\/gensel\/wp-json\/wp\/v2\/pages\/261\/revisions"}],"predecessor-version":[{"id":2069,"href":"https:\/\/lig-membres.imag.fr\/gensel\/wp-json\/wp\/v2\/pages\/261\/revisions\/2069"}],"up":[{"embeddable":true,"href":"https:\/\/lig-membres.imag.fr\/gensel\/wp-json\/wp\/v2\/pages\/242"}],"wp:attachment":[{"href":"https:\/\/lig-membres.imag.fr\/gensel\/wp-json\/wp\/v2\/media?parent=261"}],"curies":[{"name":"wp","href":"https:\/\/api.w.org\/{rel}","templated":true}]}}