{"id":315,"date":"2011-07-28T20:13:09","date_gmt":"2011-07-28T18:13:09","guid":{"rendered":"http:\/\/lig-membres.imag.fr\/gensel\/?page_id=315"},"modified":"2025-12-21T11:47:49","modified_gmt":"2025-12-21T10:47:49","slug":"enseignements-a-lu-f-r-shs","status":"publish","type":"page","link":"https:\/\/lig-membres.imag.fr\/gensel\/enseignement\/enseignements-a-lu-f-r-shs\/","title":{"rendered":"Liste des enseignements"},"content":{"rendered":"<table>\n<tbody>\n<tr>\n<td width=\"56\">\n<p style=\"text-align: center\"><strong>Ann\u00e9e<\/strong><\/p>\n<\/td>\n<td width=\"64\"><strong>Niveau<\/strong><\/td>\n<td width=\"118\"><strong>Dipl\u00f4me<\/strong><\/td>\n<td width=\"118\"><strong>Intitul\u00e9<\/strong><\/td>\n<td width=\"80\"><strong>Type de formation<br \/>\n<\/strong><\/td>\n<td width=\"98\"><strong>Nature<br \/>\n<\/strong><\/td>\n<td width=\"67\"><strong>Effectifs<\/strong><\/td>\n<td width=\"69\"><strong>Volume horaire annuel<\/strong><\/td>\n<\/tr>\n<tr>\n<td width=\"56\">de 2021 \u00e0 2023<\/td>\n<td width=\"64\">Bac+3<\/td>\n<td width=\"118\">Licence Pro. ESSIG<\/td>\n<td width=\"118\">Bases de Donn\u00e9es<\/td>\n<td width=\"80\">FI\/FP<\/td>\n<td width=\"98\">Cours\/TD\/TP<\/td>\n<td width=\"67\">10<\/td>\n<td width=\"69\">18<\/td>\n<\/tr>\n<tr>\n<td width=\"56\">de 2021 \u00e0 2023<\/td>\n<td width=\"64\">Bac+5<\/td>\n<td width=\"118\">Master DCISS<\/td>\n<td width=\"118\">Informatique D\u00e9cisionnelle<\/td>\n<td width=\"80\">FI\/FP<\/td>\n<td width=\"98\">Cours\/TD\/TP<\/td>\n<td width=\"67\">25<\/td>\n<td width=\"69\">30<\/td>\n<\/tr>\n<tr>\n<td width=\"56\">depuis 2021<\/td>\n<td width=\"64\">Bac+4<\/td>\n<td width=\"118\">Master IC<\/td>\n<td width=\"118\">Repr\u00e9sentation des Donn\u00e9es et des Connaissances 1<\/td>\n<td width=\"80\">FI<\/td>\n<td width=\"98\">Cours\/TD\/TP<\/td>\n<td width=\"67\">25<\/td>\n<td width=\"69\">30<\/td>\n<\/tr>\n<tr>\n<td width=\"56\">depuis 2021<\/td>\n<td width=\"64\">Bac+5<\/td>\n<td width=\"118\">Master IC<\/td>\n<td width=\"118\">Repr\u00e9sentation des Donn\u00e9es et des Connaissances 2<\/td>\n<td width=\"80\">FI\/FP<\/td>\n<td width=\"98\">Cours\/TD\/TP<\/td>\n<td width=\"67\">25<\/td>\n<td width=\"69\">30<\/td>\n<\/tr>\n<tr>\n<td width=\"56\">depuis 2021<\/td>\n<td width=\"64\">Bac+4 et Bac+5<\/td>\n<td width=\"118\">Master DCISS<\/td>\n<td width=\"118\">Algorithmique<\/td>\n<td width=\"80\">FI\/FC<\/td>\n<td width=\"98\">Cours\/TD<\/td>\n<td width=\"67\">25<\/td>\n<td width=\"69\">58<\/td>\n<\/tr>\n<tr>\n<td width=\"56\">depuis 2021<\/td>\n<td width=\"64\">Bac+4 et Bac+5<\/td>\n<td width=\"118\">Master DCISS<\/td>\n<td width=\"118\">Algorithmique Avanc\u00e9e<\/td>\n<td width=\"80\">FI\/FC<\/td>\n<td width=\"98\">Cours\/TD<\/td>\n<td width=\"67\">25<\/td>\n<td width=\"69\">34<\/td>\n<\/tr>\n<tr>\n<td width=\"56\">2019 &#8211; 2020<\/td>\n<td width=\"64\">Bac+1<\/td>\n<td width=\"118\">Licence MIASHS<\/td>\n<td width=\"118\">Programmation fonctionnelle<\/td>\n<td width=\"80\">FI<\/td>\n<td width=\"98\">TD\/TP<\/td>\n<td width=\"67\">105<\/td>\n<td width=\"69\">60<\/td>\n<\/tr>\n<tr>\n<td width=\"56\">2019- 2020 et depuis 2022<\/td>\n<td width=\"64\">Bac+2<\/td>\n<td width=\"118\">Licence MIASHS<\/td>\n<td width=\"118\">Langages Formels et Calculabilit\u00e9<\/td>\n<td width=\"80\">FI<\/td>\n<td width=\"98\">Cours<\/td>\n<td width=\"67\">80<\/td>\n<td width=\"69\">30<\/td>\n<\/tr>\n<tr>\n<td width=\"56\">2011- 2014<\/td>\n<td width=\"64\">Bac+2<\/td>\n<td width=\"118\">Licence MASS<\/td>\n<td width=\"118\">Java<\/td>\n<td width=\"80\">FI<\/td>\n<td width=\"98\">TD<\/td>\n<td width=\"67\">30<\/td>\n<td width=\"69\">20<\/td>\n<\/tr>\n<tr>\n<td width=\"56\">2011-2014<\/td>\n<td width=\"64\">Bac+1<\/td>\n<td width=\"118\">Licence MASS<\/td>\n<td width=\"118\">Langage Scheme<\/td>\n<td width=\"80\">FI<\/td>\n<td width=\"98\">TD<\/td>\n<td width=\"67\">30<\/td>\n<td width=\"69\">10<\/td>\n<\/tr>\n<tr>\n<td width=\"56\">2004-2005<\/td>\n<td width=\"64\">Bac+2<\/td>\n<td width=\"118\">Licence MASS<\/td>\n<td width=\"118\">Langages du Web et PHP<\/td>\n<td width=\"80\">FI<\/td>\n<td width=\"98\">Cours\/TP<\/td>\n<td width=\"67\">90\/30<\/td>\n<td width=\"69\">48<\/td>\n<\/tr>\n<tr>\n<td width=\"56\">2009-2016<\/td>\n<td width=\"64\">Bac+3<\/td>\n<td width=\"118\">Licence Pro. ESSIG<\/td>\n<td width=\"118\">Bases de Donn\u00e9es<\/td>\n<td width=\"80\">FI\/FP<\/td>\n<td width=\"98\">Cours\/TD\/TP<\/td>\n<td width=\"67\">15<\/td>\n<td width=\"69\">24<\/td>\n<\/tr>\n<tr>\n<td width=\"56\">2009-2016<\/td>\n<td width=\"64\">Bac+3<\/td>\n<td width=\"118\">Licence Pro. ESSIG<\/td>\n<td width=\"118\">XML<\/td>\n<td width=\"80\">FI\/FP<\/td>\n<td width=\"98\">Cours\/TD\/TP<\/td>\n<td width=\"67\">15<\/td>\n<td width=\"69\">12<\/td>\n<\/tr>\n<tr>\n<td width=\"56\">2009-2016<\/td>\n<td width=\"64\">Bac+3<\/td>\n<td width=\"118\">Licence Pro. ESSIG<\/td>\n<td width=\"118\">Services Web G\u00e9ographiques<\/td>\n<td width=\"80\">FI\/FP<\/td>\n<td width=\"98\">Cours\/TD\/TP<\/td>\n<td width=\"67\">15<\/td>\n<td width=\"69\">10<\/td>\n<\/tr>\n<tr>\n<td width=\"56\">2009-2011<\/td>\n<td width=\"64\">Bac+3<\/td>\n<td width=\"118\">Licence Pro. ESSIG<\/td>\n<td width=\"118\">Initiation algorithmique<\/td>\n<td width=\"80\">FI\/FP<\/td>\n<td width=\"98\">Cours\/TD\/TP<\/td>\n<td width=\"67\">15<\/td>\n<td width=\"69\">12<\/td>\n<\/tr>\n<tr>\n<td width=\"56\">2003-2004<\/td>\n<td width=\"64\">Bac+2<\/td>\n<td width=\"118\">DEUG MASS<\/td>\n<td width=\"118\">Java<\/td>\n<td width=\"80\">FI\/FC<\/td>\n<td width=\"98\">TD\/TP<\/td>\n<td width=\"67\">30<\/td>\n<td width=\"69\">25<\/td>\n<\/tr>\n<tr>\n<td width=\"56\">1996-1999<\/td>\n<td width=\"64\">Bac+1<\/td>\n<td width=\"118\">DEUG MASS<\/td>\n<td width=\"118\">Algorithmique<\/td>\n<td width=\"80\">FI\/FC<\/td>\n<td width=\"98\">Cours<\/td>\n<td width=\"67\">90<\/td>\n<td width=\"69\">25<\/td>\n<\/tr>\n<tr>\n<td width=\"56\">2019-2020<\/td>\n<td width=\"64\">Bac+4 et Bac+5<\/td>\n<td width=\"118\">Master DCISS<\/td>\n<td width=\"118\">Algorithmique Avanc\u00e9e<\/td>\n<td width=\"80\">FI\/FC<\/td>\n<td width=\"98\">Cours\/TD<\/td>\n<td width=\"67\">40\/20<\/td>\n<td width=\"69\">30<\/td>\n<\/tr>\n<tr>\n<td width=\"56\">2011-2014<\/td>\n<td width=\"64\">Bac+4 et Bac+5<\/td>\n<td width=\"118\">Master DCISS<\/td>\n<td width=\"118\">Bases de Donn\u00e9es Avanc\u00e9es<\/td>\n<td width=\"80\">FI\/FC<\/td>\n<td width=\"98\">Cours\/TD\/TP<\/td>\n<td width=\"67\">40\/20<\/td>\n<td width=\"69\">24<\/td>\n<\/tr>\n<tr>\n<td width=\"56\">2007-2014<\/td>\n<td width=\"64\">Bac+4 et Bac+5<\/td>\n<td width=\"118\">Master DCISS<\/td>\n<td width=\"118\">Bases de Donn\u00e9es<\/td>\n<td width=\"80\">FI\/FC<\/td>\n<td width=\"98\">Cours\/TD\/TP<\/td>\n<td width=\"67\">40\/20<\/td>\n<td width=\"69\">24<\/td>\n<\/tr>\n<tr>\n<td width=\"56\">2007-2014<\/td>\n<td width=\"64\">Bac+4 et Bac+5<\/td>\n<td width=\"118\">Master DCISS<\/td>\n<td width=\"118\">Algorithmique Avanc\u00e9e<\/td>\n<td width=\"80\">FI\/FC<\/td>\n<td width=\"98\">Cours\/TD<\/td>\n<td width=\"67\">40\/20<\/td>\n<td width=\"69\">24<\/td>\n<\/tr>\n<tr>\n<td width=\"56\">2007-2014<\/td>\n<td width=\"64\">Bac+4 et Bac+5<\/td>\n<td width=\"118\">Master DCISS<\/td>\n<td width=\"118\">Projet de G\u00e9nie Logiciel<\/td>\n<td width=\"80\">FI\/FC<\/td>\n<td width=\"98\">TP<\/td>\n<td width=\"67\">40<\/td>\n<td width=\"69\">12<\/td>\n<\/tr>\n<tr>\n<td width=\"56\">2007-2009<\/td>\n<td width=\"64\">M1\/M2<\/td>\n<td width=\"118\">Master DCISS<\/td>\n<td width=\"118\">Math\u00e9matiques pour l\u2019Informatique<\/td>\n<td width=\"80\">FI\/FC<\/td>\n<td width=\"98\">Cours\/TD<\/td>\n<td width=\"67\">40\/20<\/td>\n<td width=\"69\">48<\/td>\n<\/tr>\n<tr>\n<td width=\"56\">2011-2013<\/td>\n<td width=\"64\">Bac+5<\/td>\n<td width=\"118\">Master WIC<\/td>\n<td width=\"118\">XML<\/td>\n<td width=\"80\">FI<\/td>\n<td width=\"98\">Cours\/TP<\/td>\n<td width=\"67\">30\/15<\/td>\n<td width=\"69\">25<\/td>\n<\/tr>\n<tr>\n<td width=\"56\">2007-2011<\/td>\n<td width=\"64\">Bac+5<\/td>\n<td width=\"118\">Master ICPS<\/td>\n<td width=\"118\">XML<\/td>\n<td width=\"80\">FI<\/td>\n<td width=\"98\">Cours\/TP<\/td>\n<td width=\"67\">30\/15<\/td>\n<td width=\"69\">25<\/td>\n<\/tr>\n<tr>\n<td width=\"56\">2004-2005<\/td>\n<td width=\"64\">Bac+5<\/td>\n<td width=\"118\">Master ICPS<\/td>\n<td width=\"118\">XML<\/td>\n<td width=\"80\">FI<\/td>\n<td width=\"98\">Cours\/TP<\/td>\n<td width=\"67\">30\/15<\/td>\n<td width=\"69\">25<\/td>\n<\/tr>\n<tr>\n<td width=\"56\">2004-2005<\/td>\n<td width=\"64\">Bac+4<\/td>\n<td width=\"118\">Master ICPS<\/td>\n<td width=\"118\">Logique et R\u00e9solution de Probl\u00e8mes<\/td>\n<td width=\"80\">FI<\/td>\n<td width=\"98\">Cours<\/td>\n<td width=\"67\">30\/15<\/td>\n<td width=\"69\">25<\/td>\n<\/tr>\n<tr>\n<td width=\"56\">2009-2011<\/td>\n<td width=\"64\">Bac+5<\/td>\n<td width=\"118\">Master 2R Informatique<\/td>\n<td width=\"118\">Ontologies spatio-temporelles et services g\u00e9olocalis\u00e9s<\/td>\n<td width=\"80\">FI<\/td>\n<td width=\"98\">Cours<\/td>\n<td width=\"67\">20<\/td>\n<td width=\"69\">6<\/td>\n<\/tr>\n<tr>\n<td width=\"56\">2005-2011<\/td>\n<td width=\"64\">Bac+5<\/td>\n<td width=\"118\">Master 2R Informatique<\/td>\n<td width=\"118\">Repr\u00e9sentation de Connaissances<\/td>\n<td width=\"80\">FI<\/td>\n<td width=\"98\">Cours<\/td>\n<td width=\"67\">20<\/td>\n<td width=\"69\">12<\/td>\n<\/tr>\n<tr>\n<td width=\"56\">2003-2004<\/td>\n<td width=\"64\">Bac+5<\/td>\n<td width=\"118\">DEA Informatique, Syst\u00e8mes et Communication<\/td>\n<td width=\"118\">Repr\u00e9sentation de Connaissances<\/td>\n<td width=\"80\">FI<\/td>\n<td width=\"98\">Cours<\/td>\n<td width=\"67\">20<\/td>\n<td width=\"69\">6<\/td>\n<\/tr>\n<tr>\n<td width=\"56\">1996-2003<\/td>\n<td width=\"64\">Bac+4<\/td>\n<td width=\"118\">Ma\u00eetrise MASS<\/td>\n<td width=\"118\">Intelligence Artificielle<\/td>\n<td width=\"80\">FI<\/td>\n<td width=\"98\">Cours<\/td>\n<td width=\"67\">40<\/td>\n<td width=\"69\">50<\/td>\n<\/tr>\n<tr>\n<td width=\"56\">2000-2003<\/td>\n<td width=\"64\">Bac+5<\/td>\n<td width=\"118\">DESS DCISS<\/td>\n<td width=\"118\">XML<\/td>\n<td width=\"80\">FI\/FC<\/td>\n<td width=\"98\">Cours\/TP<\/td>\n<td width=\"67\">40<\/td>\n<td width=\"69\">10<\/td>\n<\/tr>\n<tr>\n<td width=\"56\">1996-2003<\/td>\n<td width=\"64\">Bac+5<\/td>\n<td width=\"118\">DESS DCISS<\/td>\n<td width=\"118\">Algorithmique<\/td>\n<td width=\"80\">FI\/FC<\/td>\n<td width=\"98\">Cours<\/td>\n<td width=\"67\">40<\/td>\n<td width=\"69\">75<\/td>\n<\/tr>\n<tr>\n<td width=\"56\">1996-2003<\/td>\n<td width=\"64\">Bac+5<\/td>\n<td width=\"118\">DESS DCISS<\/td>\n<td width=\"118\">Repr\u00e9sentation de Connaissances<\/td>\n<td width=\"80\">FI\/FC<\/td>\n<td width=\"98\">Cours<\/td>\n<td width=\"67\">40<\/td>\n<td width=\"69\">12<\/td>\n<\/tr>\n<tr>\n<td width=\"56\">1999-2000<\/td>\n<td width=\"64\">Bac+5<\/td>\n<td width=\"118\">DESS DCISS<\/td>\n<td width=\"118\">Stage Programmation Java<\/td>\n<td width=\"80\">FI\/FC<\/td>\n<td width=\"98\">TP<\/td>\n<td width=\"67\">20<\/td>\n<td width=\"69\">20<\/td>\n<\/tr>\n<tr>\n<td width=\"56\">1998-1999<\/td>\n<td width=\"64\">Bac+5<\/td>\n<td width=\"118\">DESS DCISS<\/td>\n<td width=\"118\">Syst\u00e8mes Interactifs d\u2019Aide \u00e0 la D\u00e9cision<\/td>\n<td width=\"80\">FI\/FC<\/td>\n<td width=\"98\">Cours<\/td>\n<td width=\"67\">20<\/td>\n<td width=\"69\">40<\/td>\n<\/tr>\n<tr>\n<td width=\"56\">1997-1999<\/td>\n<td width=\"64\">Bac+5<\/td>\n<td width=\"118\">DESS IDC<\/td>\n<td width=\"118\">M\u00e9thodes de R\u00e9solution en Intelligence Artificielle<\/td>\n<td width=\"80\">FI\/FC<\/td>\n<td width=\"98\">Cours<\/td>\n<td width=\"67\">40<\/td>\n<td width=\"69\">28<\/td>\n<\/tr>\n<tr>\n<td width=\"56\">1996-1999<\/td>\n<td width=\"64\">Bac+5<\/td>\n<td width=\"118\">DEA Recherche Op\u00e9rationnelle<\/td>\n<td width=\"118\">Programmation par Contraintes<\/td>\n<td width=\"80\">FI<\/td>\n<td width=\"98\">Cours<\/td>\n<td width=\"67\">20<\/td>\n<td width=\"69\">12<\/td>\n<\/tr>\n<tr>\n<td width=\"56\">1996-2013<\/td>\n<td width=\"64\">Bac+5<\/td>\n<td width=\"118\">Ing\u00e9nieurs CNAM<\/td>\n<td width=\"118\">Programmation par Contraintes<\/td>\n<td width=\"80\">FC<\/td>\n<td width=\"98\">Cours<\/td>\n<td width=\"67\">30<\/td>\n<td width=\"69\">18<\/td>\n<\/tr>\n<tr>\n<td width=\"56\">2001-2009<\/td>\n<td width=\"64\">Bac+5<\/td>\n<td width=\"118\">3<sup>\u00e8me<\/sup> ann\u00e9e Ing\u00e9nieurs ENSIMAG<\/td>\n<td width=\"118\">Mod\u00e9lisation et Programmation par Contraintes<\/td>\n<td width=\"80\">FI<\/td>\n<td width=\"98\">Cours<\/td>\n<td width=\"67\">30<\/td>\n<td width=\"69\">21<\/td>\n<\/tr>\n<tr>\n<td width=\"56\">1996-2001<\/td>\n<td width=\"64\">Bac+5<\/td>\n<td width=\"118\">3<sup>\u00e8me<\/sup> ann\u00e9e Ing\u00e9nieurs ENSIMAG<\/td>\n<td width=\"118\">Syst\u00e8mes \u00e0 Bases de Connaissances<\/td>\n<td width=\"80\">FI<\/td>\n<td width=\"98\">Cours<\/td>\n<td width=\"67\">30<\/td>\n<td width=\"69\">12<\/td>\n<\/tr>\n<\/tbody>\n<\/table>\n<p><u>Liste des sigles et des affiliations de formation utilis\u00e9s\u00a0dans le tableau ci-dessus<\/u> :<\/p>\n<ul>\n<li>Licence MIASHS (Math\u00e9matiques et Informatique Appliqu\u00e9es aux Sciences Humaines et Sociales), Universit\u00e9 Grenoble Alpes.<\/li>\n<li>Master IC : parcours \u00ab Ing\u00e9nierie et Cognition \u00bb du Master MIASHS (Math\u00e9matiques et Informatique Appliqu\u00e9es aux Sciences Humaines et Sociales \u2013 anciennement Ing\u00e9nierie de la Cr\u00e9ation, de la Cognition et des Apprentissages), Universit\u00e9 Grenoble Alpes).<\/li>\n<li>Master DCISS\u00a0: parcours \u00ab\u00a0Double Comp\u00e9tence\u00a0: Informatique et Sciences Sociales\u00a0\u00bb du Master MIASHS (Math\u00e9matiques et Informatique Appliqu\u00e9es aux Sciences Humaines et Sociales \u2013 anciennement Ing\u00e9nierie de la Cr\u00e9ation, de la Cognition et des Apprentissages), Universit\u00e9 Grenoble Alpes).<\/li>\n<li>DESS DCISS\u00a0(Double Comp\u00e9tence Informatique et Sciences Sociales), Universit\u00e9 Pierre Mend\u00e8s France.<\/li>\n<li>Master WIC\u00a0: sp\u00e9cialit\u00e9 \u00ab\u00a0Web, Informatique et Connaissances\u00a0\u00bb du Master Ing\u00e9nierie de la Cr\u00e9ation, de la Cognition et des Apprentissages, Universit\u00e9 Pierre Mend\u00e8s France.<\/li>\n<li>Master ICPS\u00a0: sp\u00e9cialit\u00e9 \u00ab\u00a0Ing\u00e9nierie de la Communication Personne-Syst\u00e8me\u00a0\u00bb du Master Ing\u00e9nierie de la Cr\u00e9ation, de la Cognition et des Apprentissages, Universit\u00e9 Pierre Mend\u00e8s France<\/li>\n<li>Ma\u00eetrise MASS (Math\u00e9matiques Appliqu\u00e9es pour les Sciences Sociales), Universit\u00e9 Pierre Mend\u00e8s France<\/li>\n<li>Licence MASS (Math\u00e9matiques Appliqu\u00e9es pour les Sciences Sociales), Universit\u00e9 Pierre Mend\u00e8s France<\/li>\n<li>Deug MASS (Math\u00e9matiques Appliqu\u00e9es pour les Sciences Sociales), Universit\u00e9 Pierre Mend\u00e8s France<\/li>\n<li>Licence Pro. ESSIG (Licence Professionnelle Etudes Statistiques et Syst\u00e8mes d\u2019Information G\u00e9ographique), Universit\u00e9 Grenoble Alpes<\/li>\n<li>Master 2R\u00a0: Master Recherche Informatique, Universit\u00e9 Joseph Fourier<\/li>\n<li>DEA Informatique, Syst\u00e8mes et Communication, Universit\u00e9 Joseph Fourier<\/li>\n<li>DESS IDC (Informatique Double Comp\u00e9tence), Universit\u00e9 Joseph Fourier<\/li>\n<li>DEA de Recherche Op\u00e9rationnelle, Universit\u00e9 Joseph Fourier<\/li>\n<li>Centre d&#8217;Enseignement du CNAM, Cycle Ing\u00e9nieur en Informatique<\/li>\n<li>ENSIMAG (Ecole Nationale Sup\u00e9rieur d\u2019Informatique et de Math\u00e9matiques Appliqu\u00e9es de Grenoble), Institut National Polytechnique de Grenoble<\/li>\n<\/ul>\n","protected":false},"excerpt":{"rendered":"<p>Ann\u00e9e Niveau Dipl\u00f4me Intitul\u00e9 Type de formation Nature Effectifs Volume horaire annuel de 2021 \u00e0 2023 Bac+3 Licence Pro. ESSIG Bases de Donn\u00e9es FI\/FP Cours\/TD\/TP 10 18 de 2021 \u00e0 2023 Bac+5 Master DCISS Informatique D\u00e9cisionnelle FI\/FP Cours\/TD\/TP 25 30 &hellip; <a href=\"https:\/\/lig-membres.imag.fr\/gensel\/enseignement\/enseignements-a-lu-f-r-shs\/\">Continue reading <span class=\"meta-nav\">&rarr;<\/span><\/a><\/p>\n","protected":false},"author":86,"featured_media":0,"parent":293,"menu_order":1,"comment_status":"closed","ping_status":"closed","template":"sidebar-page.php","meta":{"footnotes":""},"class_list":["post-315","page","type-page","status-publish","hentry"],"_links":{"self":[{"href":"https:\/\/lig-membres.imag.fr\/gensel\/wp-json\/wp\/v2\/pages\/315","targetHints":{"allow":["GET"]}}],"collection":[{"href":"https:\/\/lig-membres.imag.fr\/gensel\/wp-json\/wp\/v2\/pages"}],"about":[{"href":"https:\/\/lig-membres.imag.fr\/gensel\/wp-json\/wp\/v2\/types\/page"}],"author":[{"embeddable":true,"href":"https:\/\/lig-membres.imag.fr\/gensel\/wp-json\/wp\/v2\/users\/86"}],"replies":[{"embeddable":true,"href":"https:\/\/lig-membres.imag.fr\/gensel\/wp-json\/wp\/v2\/comments?post=315"}],"version-history":[{"count":16,"href":"https:\/\/lig-membres.imag.fr\/gensel\/wp-json\/wp\/v2\/pages\/315\/revisions"}],"predecessor-version":[{"id":2054,"href":"https:\/\/lig-membres.imag.fr\/gensel\/wp-json\/wp\/v2\/pages\/315\/revisions\/2054"}],"up":[{"embeddable":true,"href":"https:\/\/lig-membres.imag.fr\/gensel\/wp-json\/wp\/v2\/pages\/293"}],"wp:attachment":[{"href":"https:\/\/lig-membres.imag.fr\/gensel\/wp-json\/wp\/v2\/media?parent=315"}],"curies":[{"name":"wp","href":"https:\/\/api.w.org\/{rel}","templated":true}]}}