{"id":320,"date":"2011-07-28T20:15:33","date_gmt":"2011-07-28T18:15:33","guid":{"rendered":"http:\/\/lig-membres.imag.fr\/gensel\/?page_id=320"},"modified":"2025-04-02T13:48:00","modified_gmt":"2025-04-02T12:48:00","slug":"mandats-electifs","status":"publish","type":"page","link":"https:\/\/lig-membres.imag.fr\/gensel\/mandats-electifs\/","title":{"rendered":"Mandats"},"content":{"rendered":"<p><a href=\"http:\/\/lig-membres.imag.fr\/gensel\/mandats-electifs\/responsabilites-administratives\/\"><span style=\"color: #0000ff\">Responsabilit\u00e9s administratives<\/span><\/a><br \/>\n<a href=\"http:\/\/lig-membres.imag.fr\/gensel\/mandats-electifs\/responsabilites-et-mandats-internationaux-ou-nationaux\/\"><span style=\"color: #0000ff\">Responsabilit\u00e9s et mandats internationaux ou nationaux<\/span><\/a><br \/>\n<a href=\"http:\/\/lig-membres.imag.fr\/gensel\/mandats-electifs\/responsabilites-et-mandats-regionaux-ou-locaux\/\"><span style=\"color: #0000ff\">Responsabilit\u00e9s et mandats r\u00e9gionaux ou locaux<\/span><\/a><\/p>\n","protected":false},"excerpt":{"rendered":"<p>Responsabilit\u00e9s administratives Responsabilit\u00e9s et mandats internationaux ou nationaux Responsabilit\u00e9s et mandats r\u00e9gionaux ou locaux<\/p>\n","protected":false},"author":86,"featured_media":0,"parent":0,"menu_order":4,"comment_status":"closed","ping_status":"closed","template":"sidebar-page.php","meta":{"footnotes":""},"class_list":["post-320","page","type-page","status-publish","hentry"],"_links":{"self":[{"href":"https:\/\/lig-membres.imag.fr\/gensel\/wp-json\/wp\/v2\/pages\/320","targetHints":{"allow":["GET"]}}],"collection":[{"href":"https:\/\/lig-membres.imag.fr\/gensel\/wp-json\/wp\/v2\/pages"}],"about":[{"href":"https:\/\/lig-membres.imag.fr\/gensel\/wp-json\/wp\/v2\/types\/page"}],"author":[{"embeddable":true,"href":"https:\/\/lig-membres.imag.fr\/gensel\/wp-json\/wp\/v2\/users\/86"}],"replies":[{"embeddable":true,"href":"https:\/\/lig-membres.imag.fr\/gensel\/wp-json\/wp\/v2\/comments?post=320"}],"version-history":[{"count":19,"href":"https:\/\/lig-membres.imag.fr\/gensel\/wp-json\/wp\/v2\/pages\/320\/revisions"}],"predecessor-version":[{"id":1945,"href":"https:\/\/lig-membres.imag.fr\/gensel\/wp-json\/wp\/v2\/pages\/320\/revisions\/1945"}],"wp:attachment":[{"href":"https:\/\/lig-membres.imag.fr\/gensel\/wp-json\/wp\/v2\/media?parent=320"}],"curies":[{"name":"wp","href":"https:\/\/api.w.org\/{rel}","templated":true}]}}