{"id":360,"date":"2011-08-05T08:45:47","date_gmt":"2011-08-05T06:45:47","guid":{"rendered":"http:\/\/lig-membres.imag.fr\/gensel\/?page_id=360"},"modified":"2025-04-02T14:02:09","modified_gmt":"2025-04-02T13:02:09","slug":"coordonnees-recherche","status":"publish","type":"page","link":"https:\/\/lig-membres.imag.fr\/gensel\/contacts\/coordonnees-recherche\/","title":{"rendered":"Coordonn\u00e9es recherche"},"content":{"rendered":"<p style=\"padding-left: 60px\"><span style=\"color: #3366ff\">e-mail<\/span> : Jerome.Gensel@imag.fr<span style=\"color: #3366ff\"><br \/>\nt\u00e9l\u00e9phone <span style=\"color: #000000\">: (+33)(0)4 57 42 15 02<\/span><\/span><br \/>\n<span style=\"color: #3366ff\">Adresse postale<\/span> :<\/p>\n<p style=\"padding-left: 90px\">Laboratoire d&#8217;Informatique de Grenoble<br \/>\nCS 40700<\/p>\n<p style=\"padding-left: 90px\">38058 Grenoble cedex 9<br \/>\nFrance<\/p>\n<p style=\"padding-left: 60px\"><span style=\"color: #3366ff\">Localisation<\/span> :<\/p>\n<p style=\"padding-left: 90px\">Bureau 376<br \/>\n3\u00e8me \u00e9tage<br \/>\nB\u00e2timent IMAG<br \/>\n150 place du Torrent<br \/>\nDomaine universitaire<br \/>\n38401 Saint-Martin d&#8217;H\u00e8res<\/p>\n<p style=\"padding-left: 60px\"><span style=\"color: #3366ff\">Coordonn\u00e9es GPS<\/span> :<\/p>\n<p style=\"padding-left: 90px\">Latitude :<br \/>\nLongitude :<\/p>\n","protected":false},"excerpt":{"rendered":"<p>e-mail : Jerome.Gensel@imag.fr t\u00e9l\u00e9phone : (+33)(0)4 57 42 15 02 Adresse postale : Laboratoire d&#8217;Informatique de Grenoble CS 40700 38058 Grenoble cedex 9 France Localisation : Bureau 376 3\u00e8me \u00e9tage B\u00e2timent IMAG 150 place du Torrent Domaine universitaire 38401 Saint-Martin &hellip; <a href=\"https:\/\/lig-membres.imag.fr\/gensel\/contacts\/coordonnees-recherche\/\">Continue reading <span class=\"meta-nav\">&rarr;<\/span><\/a><\/p>\n","protected":false},"author":86,"featured_media":0,"parent":300,"menu_order":0,"comment_status":"closed","ping_status":"closed","template":"sidebar-page.php","meta":{"footnotes":""},"class_list":["post-360","page","type-page","status-publish","hentry"],"_links":{"self":[{"href":"https:\/\/lig-membres.imag.fr\/gensel\/wp-json\/wp\/v2\/pages\/360","targetHints":{"allow":["GET"]}}],"collection":[{"href":"https:\/\/lig-membres.imag.fr\/gensel\/wp-json\/wp\/v2\/pages"}],"about":[{"href":"https:\/\/lig-membres.imag.fr\/gensel\/wp-json\/wp\/v2\/types\/page"}],"author":[{"embeddable":true,"href":"https:\/\/lig-membres.imag.fr\/gensel\/wp-json\/wp\/v2\/users\/86"}],"replies":[{"embeddable":true,"href":"https:\/\/lig-membres.imag.fr\/gensel\/wp-json\/wp\/v2\/comments?post=360"}],"version-history":[{"count":8,"href":"https:\/\/lig-membres.imag.fr\/gensel\/wp-json\/wp\/v2\/pages\/360\/revisions"}],"predecessor-version":[{"id":1964,"href":"https:\/\/lig-membres.imag.fr\/gensel\/wp-json\/wp\/v2\/pages\/360\/revisions\/1964"}],"up":[{"embeddable":true,"href":"https:\/\/lig-membres.imag.fr\/gensel\/wp-json\/wp\/v2\/pages\/300"}],"wp:attachment":[{"href":"https:\/\/lig-membres.imag.fr\/gensel\/wp-json\/wp\/v2\/media?parent=360"}],"curies":[{"name":"wp","href":"https:\/\/api.w.org\/{rel}","templated":true}]}}