{"id":362,"date":"2011-08-05T08:47:04","date_gmt":"2011-08-05T06:47:04","guid":{"rendered":"http:\/\/lig-membres.imag.fr\/gensel\/?page_id=362"},"modified":"2025-04-02T14:03:51","modified_gmt":"2025-04-02T13:03:51","slug":"coordonnees-enseignement","status":"publish","type":"page","link":"https:\/\/lig-membres.imag.fr\/gensel\/contacts\/coordonnees-enseignement\/","title":{"rendered":"Coordonn\u00e9es enseignement"},"content":{"rendered":"<p style=\"padding-left: 60px\"><span style=\"color: #3366ff\">e-mail <\/span>: Jerome.Gensel@univ-grenoble-alpes.fr<span style=\"color: #3366ff\"><br \/>\nt\u00e9l\u00e9phone<\/span> : (+33)(0)4 76 74 83 18<span style=\"color: #3366ff\"><br \/>\nfax<\/span> : (+33)(0)4 76 82 56 65<span style=\"color: #3366ff\"><br \/>\nAdresse postale<\/span> :<\/p>\n<p style=\"padding-left: 90px\">Universit\u00e9 Grenoble Alpes<br \/>\nUFR Sciences de l\u2019Homme et de la Soci\u00e9t\u00e9<br \/>\nB\u00e2timent Michel Dubois<br \/>\n1251 avenue centrale<br \/>\n38 400 Saint-Martin-d\u2019H\u00e8res<br \/>\nFrance<\/p>\n<p style=\"padding-left: 60px\"><span style=\"color: #3366ff\">Localisation<\/span> :<\/p>\n<p style=\"padding-left: 90px\">Bureau C14<br \/>\nB\u00e2timent Michel Dubois<br \/>\nRez de Chauss\u00e9e, Aile C<\/p>\n<p style=\"padding-left: 60px\"><span style=\"color: #3366ff\">Coordonn\u00e9es GPS<\/span> :<\/p>\n<p style=\"padding-left: 90px\">Latitude : 45.1919473<br \/>\nLongitude : 5.774966800000016<\/p>\n","protected":false},"excerpt":{"rendered":"<p>e-mail : Jerome.Gensel@univ-grenoble-alpes.fr t\u00e9l\u00e9phone : (+33)(0)4 76 74 83 18 fax : (+33)(0)4 76 82 56 65 Adresse postale : Universit\u00e9 Grenoble Alpes UFR Sciences de l\u2019Homme et de la Soci\u00e9t\u00e9 B\u00e2timent Michel Dubois 1251 avenue centrale 38 400 Saint-Martin-d\u2019H\u00e8res &hellip; <a href=\"https:\/\/lig-membres.imag.fr\/gensel\/contacts\/coordonnees-enseignement\/\">Continue reading <span class=\"meta-nav\">&rarr;<\/span><\/a><\/p>\n","protected":false},"author":86,"featured_media":0,"parent":300,"menu_order":1,"comment_status":"closed","ping_status":"closed","template":"sidebar-page.php","meta":{"footnotes":""},"class_list":["post-362","page","type-page","status-publish","hentry"],"_links":{"self":[{"href":"https:\/\/lig-membres.imag.fr\/gensel\/wp-json\/wp\/v2\/pages\/362","targetHints":{"allow":["GET"]}}],"collection":[{"href":"https:\/\/lig-membres.imag.fr\/gensel\/wp-json\/wp\/v2\/pages"}],"about":[{"href":"https:\/\/lig-membres.imag.fr\/gensel\/wp-json\/wp\/v2\/types\/page"}],"author":[{"embeddable":true,"href":"https:\/\/lig-membres.imag.fr\/gensel\/wp-json\/wp\/v2\/users\/86"}],"replies":[{"embeddable":true,"href":"https:\/\/lig-membres.imag.fr\/gensel\/wp-json\/wp\/v2\/comments?post=362"}],"version-history":[{"count":9,"href":"https:\/\/lig-membres.imag.fr\/gensel\/wp-json\/wp\/v2\/pages\/362\/revisions"}],"predecessor-version":[{"id":1969,"href":"https:\/\/lig-membres.imag.fr\/gensel\/wp-json\/wp\/v2\/pages\/362\/revisions\/1969"}],"up":[{"embeddable":true,"href":"https:\/\/lig-membres.imag.fr\/gensel\/wp-json\/wp\/v2\/pages\/300"}],"wp:attachment":[{"href":"https:\/\/lig-membres.imag.fr\/gensel\/wp-json\/wp\/v2\/media?parent=362"}],"curies":[{"name":"wp","href":"https:\/\/api.w.org\/{rel}","templated":true}]}}