{"id":768,"date":"2014-03-14T18:28:23","date_gmt":"2014-03-14T17:28:23","guid":{"rendered":"http:\/\/lig-membres.imag.fr\/gensel\/?page_id=768"},"modified":"2025-08-12T14:41:00","modified_gmt":"2025-08-12T13:41:00","slug":"talks-et-seminaires","status":"publish","type":"page","link":"https:\/\/lig-membres.imag.fr\/gensel\/recherche\/autres-activites-scientifiques\/talks-et-seminaires\/","title":{"rendered":"Talks, s\u00e9minaires, tables rondes &#8211; invit\u00e9"},"content":{"rendered":"<p><strong>\u00c0 l\u2019international<\/strong><\/p>\n<ul>\n<li>En juillet 2025, s\u00e9minaire <em>on line<\/em> \u00ab\u00a0Semantic Life Trajectories\u00a0\u00bb dans le cadre des s\u00e9minaires avanc\u00e9s pour \u00e9tudiants en doctorat organis\u00e9 par le Centre Interdisciplinaire des Nouvelles Technologies de l\u2019\u00c9ducation, UFRGS, Br\u00e9sil.<\/li>\n<li>En 2021, <em>Keynote Speaker<\/em> (Conf\u00e9rencier Invit\u00e9) sur le th\u00e8me \u00ab\u00a0A multi-viewpoint digital model to represent and analyze life trajectories\u00a0\u00bb, conf\u00e9rence CINTED 2021, UFRGS, Br\u00e9sil.<\/li>\n<li>En 2015, <em>Keynote Speaker<\/em> (Conf\u00e9rencier Invit\u00e9<u>)<\/u> sur le th\u00e8me &#8220;Discovering the Surroundings with Mobile Applications using Augmented Reality, 3D Models and the LOD Cloud, 20<sup>\u00e8me<\/sup> conf\u00e9rence internationale sur l\u2019informatique \u00e9ducative, TISE 2015, Santiago du Chili, Chili.<\/li>\n<li>En 2011, <em>Keynote Speaker<\/em> (Conf\u00e9rencier Invit\u00e9) sur le th\u00e8me \u00ab\u00a0What so spatial (and also temporal) about context-aware applications?, XVII WebMedia National Conference, Brazilian Computer Society, Floranopolis, Br\u00e9sil<\/li>\n<li>En 2009, invit\u00e9 \u00e0 l\u2019UNESP (Universit\u00e9 Nationale de l\u2019Etat de S\u00e3o Paulo), S\u00e3o Paulo, Br\u00e9sil, pour une pr\u00e9sentation des activit\u00e9s de l\u2019\u00e9quipe Steamer.<\/li>\n<li>En 2008, invit\u00e9 \u00e0 l\u2019INPE (Institut National Br\u00e9silien de Recherches Spatiales) pour une pr\u00e9sentation du LIG et des activit\u00e9s de l\u2019\u00e9quipe STeamer, S\u00e3o Jos\u00e9 dos Campos, Br\u00e9sil.<\/li>\n<li>En 2005, s\u00e9minaire invit\u00e9 sur les recherches en syst\u00e8mes multim\u00e9dias men\u00e9es au laboratoire LSR-IMAG dans le cadre des 25 ans de collaboration entre l&#8217;Institut d&#8217;Informatique de l&#8217;UFRGS et la France, Porto Alegre (Br\u00e9sil).<\/li>\n<\/ul>\n<p><strong>En France<\/strong><\/p>\n<ul>\n<li>En 2024, s\u00e9minaire invit\u00e9 au laboratoire L3i de La Rochelle sur le th\u00e8me\u00a0: \u00ab\u00a0Trajectoires de vie et trajectoires de territoire : vers d\u2019autres types de trajectoires s\u00e9mantiques\u2026\u00a0\u00bb.<\/li>\n<li>En 2022, s\u00e9minaire invit\u00e9 lors des Rencontres de Statistique Appliqu\u00e9e de l\u2019Institut National des \u00c9tudes D\u00e9mographiques sur le th\u00e8me \u00ab Mobiliser une approche informatique pour l&#8217;exploration de donn\u00e9es biographiques \u00bb.<\/li>\n<li>En 2021, intervenant lors de la table ronde\/d\u00e9bat sur le th\u00e8me \u00ab\u00a0l\u2019IA\u00a0: quelles comp\u00e9tences et information g\u00e9ographique et comment les acqu\u00e9rir\u00a0?\u00a0\u00bb aux GeoData Days 2021 (\u00e9v\u00e9nement rassemblant les acteurs du domaine de l\u2019information g\u00e9ographique).<\/li>\n<li>En 2021, s\u00e9minaire invit\u00e9 au Laboratoire d\u2019Informatique de l\u2019Universit\u00e9 de Pau et des Pays de l\u2019Adour sur le th\u00e8me \u00ab\u00a0Un mod\u00e8le multi points de vue pour repr\u00e9senter les trajectoires de vie\u00a0\u00bb,<\/li>\n<li>En 2015, conf\u00e9rencier Invit\u00e9 sur le th\u00e8me \u00ab\u00a0La recherche et ses interactions avec la communaut\u00e9 g\u00e9omatique (technologies et informatique)\u00a0\u00bb, 3\u00e8me colloque national \u00ab M\u00e9tiers et comp\u00e9tences en g\u00e9omatique : de la recherche \u00e0 la formation professionnelle \u00bb.<\/li>\n<li>En 2015, intervenant lors du s\u00e9minaire &#8220;Quelle importance les chercheurs accordent-ils aux initiatives citoyennes ?&#8221;. Les r\u00e9seaux sociaux et les Smartphones comme outils d&#8217;alerte face aux inondations &#8211; Enjeux et perspectives. &#8220;, organis\u00e9 par la SFR Agorantic, Universit\u00e9 d\u2019Avignon et des Pays de Vaucluse.<\/li>\n<li>En 2014, intervenant lors du s\u00e9minaire &#8220;Apports des applications mobiles, des infrastructures de donn\u00e9es spatiales et des analyses multi-scalaires pour l&#8217;am\u00e9nagement du territoire&#8221;, organis\u00e9 par la SFR Agorantic, Universit\u00e9 d\u2019Avignon et des Pays de Vaucluse.<\/li>\n<li>En 2013, intervenant lors du D\u00e9bat-Rencontre avec les chercheurs (pr\u00e9sentation du GDR MAGIS), Rencontres de SIG-la-Lettre \u00e0 Marne-la-Vall\u00e9e.<\/li>\n<li>En 2005, s\u00e9minaire sur les activit\u00e9s en g\u00e9omatique du laboratoire LSR-IMAG, seconde journ\u00e9e d&#8217;\u00e9changes et de r\u00e9flexion autour de la G\u00e9omatique en Rh\u00f4ne-Alpes, \u00e0 Villefontaine.<\/li>\n<\/ul>\n","protected":false},"excerpt":{"rendered":"<p>\u00c0 l\u2019international En juillet 2025, s\u00e9minaire on line \u00ab\u00a0Semantic Life Trajectories\u00a0\u00bb dans le cadre des s\u00e9minaires avanc\u00e9s pour \u00e9tudiants en doctorat organis\u00e9 par le Centre Interdisciplinaire des Nouvelles Technologies de l\u2019\u00c9ducation, UFRGS, Br\u00e9sil. En 2021, Keynote Speaker (Conf\u00e9rencier Invit\u00e9) sur &hellip; <a href=\"https:\/\/lig-membres.imag.fr\/gensel\/recherche\/autres-activites-scientifiques\/talks-et-seminaires\/\">Continue reading <span class=\"meta-nav\">&rarr;<\/span><\/a><\/p>\n","protected":false},"author":86,"featured_media":0,"parent":242,"menu_order":7,"comment_status":"closed","ping_status":"closed","template":"sidebar-page.php","meta":{"footnotes":""},"class_list":["post-768","page","type-page","status-publish","hentry"],"_links":{"self":[{"href":"https:\/\/lig-membres.imag.fr\/gensel\/wp-json\/wp\/v2\/pages\/768","targetHints":{"allow":["GET"]}}],"collection":[{"href":"https:\/\/lig-membres.imag.fr\/gensel\/wp-json\/wp\/v2\/pages"}],"about":[{"href":"https:\/\/lig-membres.imag.fr\/gensel\/wp-json\/wp\/v2\/types\/page"}],"author":[{"embeddable":true,"href":"https:\/\/lig-membres.imag.fr\/gensel\/wp-json\/wp\/v2\/users\/86"}],"replies":[{"embeddable":true,"href":"https:\/\/lig-membres.imag.fr\/gensel\/wp-json\/wp\/v2\/comments?post=768"}],"version-history":[{"count":12,"href":"https:\/\/lig-membres.imag.fr\/gensel\/wp-json\/wp\/v2\/pages\/768\/revisions"}],"predecessor-version":[{"id":2027,"href":"https:\/\/lig-membres.imag.fr\/gensel\/wp-json\/wp\/v2\/pages\/768\/revisions\/2027"}],"up":[{"embeddable":true,"href":"https:\/\/lig-membres.imag.fr\/gensel\/wp-json\/wp\/v2\/pages\/242"}],"wp:attachment":[{"href":"https:\/\/lig-membres.imag.fr\/gensel\/wp-json\/wp\/v2\/media?parent=768"}],"curies":[{"name":"wp","href":"https:\/\/api.w.org\/{rel}","templated":true}]}}